{"id":3600,"date":"2026-04-17T20:13:52","date_gmt":"2026-04-17T20:13:52","guid":{"rendered":"https:\/\/psocan.marketaccess.ca\/ressources\/outils\/"},"modified":"2026-04-20T13:38:40","modified_gmt":"2026-04-20T13:38:40","slug":"outils","status":"publish","type":"page","link":"https:\/\/psoriasiscanada.ca\/fr\/ressources\/outils\/","title":{"rendered":"Outils"},"content":{"rendered":"\t\t<div data-elementor-type=\"wp-page\" data-elementor-id=\"3600\" class=\"elementor elementor-3600 elementor-3521\" data-elementor-post-type=\"page\">\n\t\t\t\t<div class=\"elementor-element elementor-element-6533b73d e-flex e-con-boxed e-con e-parent\" data-id=\"6533b73d\" data-element_type=\"container\" data-e-type=\"container\">\n\t\t\t\t\t<div class=\"e-con-inner\">\n\t\t\t\t<div class=\"elementor-element elementor-element-14c1256 elementor-widget elementor-widget-heading\" data-id=\"14c1256\" data-element_type=\"widget\" data-e-type=\"widget\" data-widget_type=\"heading.default\">\n\t\t\t\t\t<h2 class=\"elementor-heading-title elementor-size-default\">Ressources<\/h2>\t\t\t\t<\/div>\n\t\t\t\t<div class=\"elementor-element elementor-element-52cb5bfd elementor-widget elementor-widget-text-editor\" data-id=\"52cb5bfd\" data-element_type=\"widget\" data-e-type=\"widget\" data-widget_type=\"text-editor.default\">\n\t\t\t\t\t\t\t\t\t<h3>Outils<\/h3><ul><li><a href=\"https:\/\/apropeau.ca\/mon-ordonnance-est-elle-couverte\">Mon ordonnance est-elle rembours\u00e9e <\/a>? Un outil interactif de recherche de couverture des m\u00e9dicaments par l&#8217;Alliance canadienne des patients en dermatologie pour vous aider \u00e0 d\u00e9terminer si vous \u00eates couvert pour l&#8217;ordonnance que vous avez re\u00e7ue.<\/li><li><a href=\"https:\/\/dermatologue.ca\/patients-et-grand-public\/ressources\/la-dermatologie\/trouver-un-dermatologue\/\">Trouver un dermatologue : <\/a>Un outil de l&#8217;Association canadienne de dermatologie pour vous aider \u00e0 trouver un dermatologue dans votre r\u00e9gion. <\/li><li><a href=\"https:\/\/psoriasiscanada.ca\/~documents\/route%3A\/download\/34\/\">La liste de contr\u00f4le GoodCare : <\/a>Un guide pratique de l&#8217;IFPA pour vous aider \u00e0 pr\u00e9parer vos rendez-vous, \u00e0 suivre vos sympt\u00f4mes et \u00e0 tirer le meilleur parti de vos soins pour le rhumatisme psoriasique (RP). (Disponible seulement en anglais)<\/li><\/ul>\t\t\t\t\t\t\t\t<\/div>\n\t\t\t\t\t<\/div>\n\t\t\t\t<\/div>\n\t\t\t\t<\/div>\n\t\t","protected":false},"excerpt":{"rendered":"<p>Ressources Outils Mon ordonnance est-elle rembours\u00e9e ? Un outil interactif de recherche de couverture des m\u00e9dicaments par l&#8217;Alliance canadienne des patients en dermatologie pour vous aider \u00e0 d\u00e9terminer si vous \u00eates couvert pour l&#8217;ordonnance que vous avez re\u00e7ue. Trouver un dermatologue : Un outil de l&#8217;Association canadienne de dermatologie pour vous aider \u00e0 trouver un [&hellip;]<\/p>\n","protected":false},"author":1,"featured_media":0,"parent":2285,"menu_order":0,"comment_status":"closed","ping_status":"closed","template":"","meta":{"website_toolbox_forum_postUrl":"","website_toolbox_forum_category":"","website_toolbox_publish_on_forum":"","footnotes":""},"class_list":["post-3600","page","type-page","status-publish","hentry"],"yoast_head":"<!-- This site is optimized with the Yoast SEO plugin v27.4 - https:\/\/yoast.com\/product\/yoast-seo-wordpress\/ -->\n<title>Outils - Psoriasis Canada<\/title>\n<meta name=\"robots\" content=\"index, follow, max-snippet:-1, max-image-preview:large, max-video-preview:-1\" \/>\n<link rel=\"canonical\" href=\"https:\/\/psoriasiscanada.ca\/fr\/ressources\/outils\/\" \/>\n<meta property=\"og:locale\" content=\"fr_FR\" \/>\n<meta property=\"og:type\" content=\"article\" \/>\n<meta property=\"og:title\" content=\"Outils - Psoriasis Canada\" \/>\n<meta property=\"og:description\" content=\"Ressources Outils Mon ordonnance est-elle rembours\u00e9e ? Un outil interactif de recherche de couverture des m\u00e9dicaments par l&#8217;Alliance canadienne des patients en dermatologie pour vous aider \u00e0 d\u00e9terminer si vous \u00eates couvert pour l&#8217;ordonnance que vous avez re\u00e7ue. Trouver un dermatologue : Un outil de l&#8217;Association canadienne de dermatologie pour vous aider \u00e0 trouver un [&hellip;]\" \/>\n<meta property=\"og:url\" content=\"https:\/\/psoriasiscanada.ca\/fr\/ressources\/outils\/\" \/>\n<meta property=\"og:site_name\" content=\"Psoriasis Canada\" \/>\n<meta property=\"article:publisher\" content=\"https:\/\/www.facebook.com\/PsoriasisCan1\" \/>\n<meta property=\"article:modified_time\" content=\"2026-04-20T13:38:40+00:00\" \/>\n<meta name=\"twitter:card\" content=\"summary_large_image\" \/>\n<script type=\"application\/ld+json\" class=\"yoast-schema-graph\">{\"@context\":\"https:\\\/\\\/schema.org\",\"@graph\":[{\"@type\":\"WebPage\",\"@id\":\"https:\\\/\\\/psoriasiscanada.ca\\\/fr\\\/ressources\\\/outils\\\/\",\"url\":\"https:\\\/\\\/psoriasiscanada.ca\\\/fr\\\/ressources\\\/outils\\\/\",\"name\":\"Outils - Psoriasis Canada\",\"isPartOf\":{\"@id\":\"https:\\\/\\\/psoriasiscanada.ca\\\/#website\"},\"datePublished\":\"2026-04-17T20:13:52+00:00\",\"dateModified\":\"2026-04-20T13:38:40+00:00\",\"breadcrumb\":{\"@id\":\"https:\\\/\\\/psoriasiscanada.ca\\\/fr\\\/ressources\\\/outils\\\/#breadcrumb\"},\"inLanguage\":\"fr-FR\",\"potentialAction\":[{\"@type\":\"ReadAction\",\"target\":[\"https:\\\/\\\/psoriasiscanada.ca\\\/fr\\\/ressources\\\/outils\\\/\"]}]},{\"@type\":\"BreadcrumbList\",\"@id\":\"https:\\\/\\\/psoriasiscanada.ca\\\/fr\\\/ressources\\\/outils\\\/#breadcrumb\",\"itemListElement\":[{\"@type\":\"ListItem\",\"position\":1,\"name\":\"Home\",\"item\":\"https:\\\/\\\/psoriasiscanada.ca\\\/fr\\\/home\\\/\"},{\"@type\":\"ListItem\",\"position\":2,\"name\":\"Ressources\",\"item\":\"https:\\\/\\\/psoriasiscanada.ca\\\/fr\\\/ressources\\\/\"},{\"@type\":\"ListItem\",\"position\":3,\"name\":\"Outils\"}]},{\"@type\":\"WebSite\",\"@id\":\"https:\\\/\\\/psoriasiscanada.ca\\\/#website\",\"url\":\"https:\\\/\\\/psoriasiscanada.ca\\\/\",\"name\":\"Psoriasis Canada\",\"description\":\"Psoriasis Canada\",\"publisher\":{\"@id\":\"https:\\\/\\\/psoriasiscanada.ca\\\/#organization\"},\"potentialAction\":[{\"@type\":\"SearchAction\",\"target\":{\"@type\":\"EntryPoint\",\"urlTemplate\":\"https:\\\/\\\/psoriasiscanada.ca\\\/?s={search_term_string}\"},\"query-input\":{\"@type\":\"PropertyValueSpecification\",\"valueRequired\":true,\"valueName\":\"search_term_string\"}}],\"inLanguage\":\"fr-FR\"},{\"@type\":\"Organization\",\"@id\":\"https:\\\/\\\/psoriasiscanada.ca\\\/#organization\",\"name\":\"Psoriasis Canada\",\"url\":\"https:\\\/\\\/psoriasiscanada.ca\\\/\",\"logo\":{\"@type\":\"ImageObject\",\"inLanguage\":\"fr-FR\",\"@id\":\"https:\\\/\\\/psoriasiscanada.ca\\\/#\\\/schema\\\/logo\\\/image\\\/\",\"url\":\"https:\\\/\\\/psoriasiscanada.ca\\\/wp-content\\\/uploads\\\/2025\\\/11\\\/logo.png\",\"contentUrl\":\"https:\\\/\\\/psoriasiscanada.ca\\\/wp-content\\\/uploads\\\/2025\\\/11\\\/logo.png\",\"width\":222,\"height\":73,\"caption\":\"Psoriasis Canada\"},\"image\":{\"@id\":\"https:\\\/\\\/psoriasiscanada.ca\\\/#\\\/schema\\\/logo\\\/image\\\/\"},\"sameAs\":[\"https:\\\/\\\/www.facebook.com\\\/PsoriasisCan1\",\"https:\\\/\\\/www.linkedin.com\\\/in\\\/psoriasiscan1\",\"https:\\\/\\\/www.youtube.com\\\/@PsoriasisCan1\"]}]}<\/script>\n<!-- \/ Yoast SEO plugin. -->","yoast_head_json":{"title":"Outils - Psoriasis Canada","robots":{"index":"index","follow":"follow","max-snippet":"max-snippet:-1","max-image-preview":"max-image-preview:large","max-video-preview":"max-video-preview:-1"},"canonical":"https:\/\/psoriasiscanada.ca\/fr\/ressources\/outils\/","og_locale":"fr_FR","og_type":"article","og_title":"Outils - Psoriasis Canada","og_description":"Ressources Outils Mon ordonnance est-elle rembours\u00e9e ? Un outil interactif de recherche de couverture des m\u00e9dicaments par l&#8217;Alliance canadienne des patients en dermatologie pour vous aider \u00e0 d\u00e9terminer si vous \u00eates couvert pour l&#8217;ordonnance que vous avez re\u00e7ue. Trouver un dermatologue : Un outil de l&#8217;Association canadienne de dermatologie pour vous aider \u00e0 trouver un [&hellip;]","og_url":"https:\/\/psoriasiscanada.ca\/fr\/ressources\/outils\/","og_site_name":"Psoriasis Canada","article_publisher":"https:\/\/www.facebook.com\/PsoriasisCan1","article_modified_time":"2026-04-20T13:38:40+00:00","twitter_card":"summary_large_image","schema":{"@context":"https:\/\/schema.org","@graph":[{"@type":"WebPage","@id":"https:\/\/psoriasiscanada.ca\/fr\/ressources\/outils\/","url":"https:\/\/psoriasiscanada.ca\/fr\/ressources\/outils\/","name":"Outils - Psoriasis Canada","isPartOf":{"@id":"https:\/\/psoriasiscanada.ca\/#website"},"datePublished":"2026-04-17T20:13:52+00:00","dateModified":"2026-04-20T13:38:40+00:00","breadcrumb":{"@id":"https:\/\/psoriasiscanada.ca\/fr\/ressources\/outils\/#breadcrumb"},"inLanguage":"fr-FR","potentialAction":[{"@type":"ReadAction","target":["https:\/\/psoriasiscanada.ca\/fr\/ressources\/outils\/"]}]},{"@type":"BreadcrumbList","@id":"https:\/\/psoriasiscanada.ca\/fr\/ressources\/outils\/#breadcrumb","itemListElement":[{"@type":"ListItem","position":1,"name":"Home","item":"https:\/\/psoriasiscanada.ca\/fr\/home\/"},{"@type":"ListItem","position":2,"name":"Ressources","item":"https:\/\/psoriasiscanada.ca\/fr\/ressources\/"},{"@type":"ListItem","position":3,"name":"Outils"}]},{"@type":"WebSite","@id":"https:\/\/psoriasiscanada.ca\/#website","url":"https:\/\/psoriasiscanada.ca\/","name":"Psoriasis Canada","description":"Psoriasis Canada","publisher":{"@id":"https:\/\/psoriasiscanada.ca\/#organization"},"potentialAction":[{"@type":"SearchAction","target":{"@type":"EntryPoint","urlTemplate":"https:\/\/psoriasiscanada.ca\/?s={search_term_string}"},"query-input":{"@type":"PropertyValueSpecification","valueRequired":true,"valueName":"search_term_string"}}],"inLanguage":"fr-FR"},{"@type":"Organization","@id":"https:\/\/psoriasiscanada.ca\/#organization","name":"Psoriasis Canada","url":"https:\/\/psoriasiscanada.ca\/","logo":{"@type":"ImageObject","inLanguage":"fr-FR","@id":"https:\/\/psoriasiscanada.ca\/#\/schema\/logo\/image\/","url":"https:\/\/psoriasiscanada.ca\/wp-content\/uploads\/2025\/11\/logo.png","contentUrl":"https:\/\/psoriasiscanada.ca\/wp-content\/uploads\/2025\/11\/logo.png","width":222,"height":73,"caption":"Psoriasis Canada"},"image":{"@id":"https:\/\/psoriasiscanada.ca\/#\/schema\/logo\/image\/"},"sameAs":["https:\/\/www.facebook.com\/PsoriasisCan1","https:\/\/www.linkedin.com\/in\/psoriasiscan1","https:\/\/www.youtube.com\/@PsoriasisCan1"]}]}},"_links":{"self":[{"href":"https:\/\/psoriasiscanada.ca\/fr\/wp-json\/wp\/v2\/pages\/3600","targetHints":{"allow":["GET"]}}],"collection":[{"href":"https:\/\/psoriasiscanada.ca\/fr\/wp-json\/wp\/v2\/pages"}],"about":[{"href":"https:\/\/psoriasiscanada.ca\/fr\/wp-json\/wp\/v2\/types\/page"}],"author":[{"embeddable":true,"href":"https:\/\/psoriasiscanada.ca\/fr\/wp-json\/wp\/v2\/users\/1"}],"replies":[{"embeddable":true,"href":"https:\/\/psoriasiscanada.ca\/fr\/wp-json\/wp\/v2\/comments?post=3600"}],"version-history":[{"count":3,"href":"https:\/\/psoriasiscanada.ca\/fr\/wp-json\/wp\/v2\/pages\/3600\/revisions"}],"predecessor-version":[{"id":3628,"href":"https:\/\/psoriasiscanada.ca\/fr\/wp-json\/wp\/v2\/pages\/3600\/revisions\/3628"}],"up":[{"embeddable":true,"href":"https:\/\/psoriasiscanada.ca\/fr\/wp-json\/wp\/v2\/pages\/2285"}],"wp:attachment":[{"href":"https:\/\/psoriasiscanada.ca\/fr\/wp-json\/wp\/v2\/media?parent=3600"}],"curies":[{"name":"wp","href":"https:\/\/api.w.org\/{rel}","templated":true}]}}