{"id":3099,"date":"2026-03-04T15:07:37","date_gmt":"2026-03-04T15:07:37","guid":{"rendered":"https:\/\/psocan.marketaccess.ca\/programmes-de-soutien-en-ligne\/"},"modified":"2026-03-25T13:39:57","modified_gmt":"2026-03-25T13:39:57","slug":"programmes-de-soutien-en-ligne","status":"publish","type":"page","link":"https:\/\/psoriasiscanada.ca\/fr\/programmes-de-soutien-en-ligne\/","title":{"rendered":"Programmes de soutien en ligne"},"content":{"rendered":"\t\t<div data-elementor-type=\"wp-page\" data-elementor-id=\"3099\" class=\"elementor elementor-3099 elementor-2309\" data-elementor-post-type=\"page\">\n\t\t\t\t<div class=\"elementor-element elementor-element-fc2b5d8 e-flex e-con-boxed e-con e-parent\" data-id=\"fc2b5d8\" data-element_type=\"container\" data-e-type=\"container\">\n\t\t\t\t\t<div class=\"e-con-inner\">\n\t\t\t\t<div class=\"elementor-element elementor-element-43d0bb6 elementor-widget elementor-widget-heading\" data-id=\"43d0bb6\" data-element_type=\"widget\" data-e-type=\"widget\" data-widget_type=\"heading.default\">\n\t\t\t\t\t<h2 class=\"elementor-heading-title elementor-size-default\">Programme de soutien en ligne<\/h2>\t\t\t\t<\/div>\n\t\t\t\t\t<\/div>\n\t\t\t\t<\/div>\n\t\t<div class=\"elementor-element elementor-element-40315ff e-flex e-con-boxed e-con e-parent\" data-id=\"40315ff\" data-element_type=\"container\" data-e-type=\"container\">\n\t\t\t\t\t<div class=\"e-con-inner\">\n\t\t<div class=\"elementor-element elementor-element-a0216c2 e-con-full e-flex e-con e-child\" data-id=\"a0216c2\" data-element_type=\"container\" data-e-type=\"container\">\n\t\t\t\t<div class=\"elementor-element elementor-element-b69164c elementor-widget elementor-widget-text-editor\" data-id=\"b69164c\" data-element_type=\"widget\" data-e-type=\"widget\" data-widget_type=\"text-editor.default\">\n\t\t\t\t\t\t\t\t\t<p>Bienvenue dans notre programme de soutien en ligne pour les personnes atteintes de psoriasis et de rhumatisme psoriasique.<\/p><p>Vous \u00eates \u00e0 la recherche d&#8217;un espace de soutien pour vous connecter, partager vos exp\u00e9riences et acqu\u00e9rir des connaissances pr\u00e9cieuses sur la vie avec le psoriasis et l&#8217;arthrite psoriasique (maladie psoriasique) ?<\/p><h3>Vous n&#8217;\u00eates pas seul.<\/h3><p>Rejoignez notre groupe de soutien en ligne, sans jugement, o\u00f9 vous pourrez partager vos exp\u00e9riences, poser des questions et entrer en contact avec d&#8217;autres personnes qui comprennent vraiment ce que vous vivez. Que vous veniez d&#8217;\u00eatre diagnostiqu\u00e9 ou que vous g\u00e9riez votre psoriasis depuis des ann\u00e9es, vous trouverez ici un espace s\u00fbr o\u00f9 vous pourrez trouver soutien, encouragement et conseils pratiques. <\/p><h3>Tous sont les bienvenus. Rejoignez-nous et faites partie d&#8217;une communaut\u00e9 qui se soucie des autres. <\/h3><p>D\u00e9tails importants :<\/p><ul><li>Le nombre de participants est limit\u00e9 \u00e0 20 par session afin de garantir une exp\u00e9rience personnelle et significative.<\/li><li>Nous commen\u00e7ons \u00e0 petite \u00e9chelle avec l&#8217;espoir de nous d\u00e9velopper si l&#8217;int\u00e9r\u00eat est l\u00e0.<\/li><li>Inscrivez-vous rapidement pour garantir votre place &#8211; les places se remplissent vite !<\/li><li>Cette session se d\u00e9roulera en anglais<\/li><li>Chacun s&#8217;engage \u00e0 respecter les <a href=\"https:\/\/psoriasiscanada.ca\/~documents\/route%3A\/download\/15\/\">conditions de participation<\/a>.<\/li><\/ul><h3>Prochaines sessions :<\/h3><p>En vous inscrivant \u00e0 cette session, vous reconnaissez avoir lu et accept\u00e9 notre <a href=\"https:\/\/psoriasiscanada.ca\/~documents\/route%3A\/download\/13\/\">politique de confidentialit\u00e9<\/a>, nos <a href=\"https:\/\/psoriasiscanada.ca\/~documents\/route%3A\/download\/15\/\">conditions de participation<\/a> et nos <a href=\"https:\/\/psoriasiscanada.ca\/~documents\/route%3A\/download\/12\/\">conditions d&#8217;utilisation<\/a>.<\/p><h4>Prochaine session d&#8217;anglais :<\/h4><ul><li><strong>Date : 29 avril <\/strong> 2026<\/li><li><strong>Heure :<\/strong> 19:00 &#8211; 20:00 HNE<\/li><li><a href=\"https:\/\/us06web.zoom.us\/meeting\/register\/YmXNc7QHRjmHwL9Fzsb6pQ\"><strong>Inscrivez-vous ici<\/strong><\/a><\/li><\/ul><p><strong>R\u00e9servez la date :<\/strong><\/p><ul><li>27 mai 2026 19h EST<\/li><\/ul><h4>Prochaine session de fran\u00e7ais<\/h4><ul><li><strong>Date d&#8217;entr\u00e9e en vigueur<\/strong>: 31 mars 2025<\/li><li><strong>Heure :<\/strong> 19h00 &#8211; 20h00 EST<\/li><li><strong><a href=\"https:\/\/us06web.zoom.us\/meeting\/register\/wGw6YoMXT8WNX1rA4gu3Jg\">Inscrivez-vous ici<\/a><\/strong><\/li><\/ul><p>Ne manquez pas cette occasion de rejoindre une communaut\u00e9 solidaire &#8211; inscrivez-vous d\u00e8s maintenant pour r\u00e9server votre place !<\/p><h4>Nous nous r\u00e9jouissons de vous y rencontrer et de construire ensemble un r\u00e9seau de soutien.<\/h4><p>N&#8217;oubliez pas de nous suivre sur tous les canaux sociaux @PsoriasisCan1 pour conna\u00eetre les prochaines sessions au fur et \u00e0 mesure qu&#8217;elles sont programm\u00e9es.<\/p>\t\t\t\t\t\t\t\t<\/div>\n\t\t\t\t<\/div>\n\t\t\t\t\t<\/div>\n\t\t\t\t<\/div>\n\t\t<div class=\"elementor-element elementor-element-c5b83ba e-flex e-con-boxed e-con e-parent\" data-id=\"c5b83ba\" data-element_type=\"container\" data-e-type=\"container\">\n\t\t\t\t\t<div class=\"e-con-inner\">\n\t\t\t\t\t<\/div>\n\t\t\t\t<\/div>\n\t\t\t\t<\/div>\n\t\t","protected":false},"excerpt":{"rendered":"<p>Programme de soutien en ligne Bienvenue dans notre programme de soutien en ligne pour les personnes atteintes de psoriasis et de rhumatisme psoriasique. Vous \u00eates \u00e0 la recherche d&#8217;un espace de soutien pour vous connecter, partager vos exp\u00e9riences et acqu\u00e9rir des connaissances pr\u00e9cieuses sur la vie avec le psoriasis et l&#8217;arthrite psoriasique (maladie psoriasique) ? [&hellip;]<\/p>\n","protected":false},"author":1,"featured_media":0,"parent":0,"menu_order":0,"comment_status":"closed","ping_status":"closed","template":"","meta":{"website_toolbox_forum_postUrl":"","website_toolbox_forum_category":"","website_toolbox_publish_on_forum":"","footnotes":""},"class_list":["post-3099","page","type-page","status-publish","hentry"],"yoast_head":"<!-- This site is optimized with the Yoast SEO plugin v27.4 - https:\/\/yoast.com\/product\/yoast-seo-wordpress\/ -->\n<title>Programmes de soutien en ligne - Psoriasis Canada<\/title>\n<meta name=\"robots\" content=\"index, follow, max-snippet:-1, max-image-preview:large, max-video-preview:-1\" \/>\n<link rel=\"canonical\" href=\"https:\/\/psoriasiscanada.ca\/fr\/programmes-de-soutien-en-ligne\/\" \/>\n<meta property=\"og:locale\" content=\"fr_FR\" \/>\n<meta property=\"og:type\" content=\"article\" \/>\n<meta property=\"og:title\" content=\"Programmes de soutien en ligne - Psoriasis Canada\" \/>\n<meta property=\"og:description\" content=\"Programme de soutien en ligne Bienvenue dans notre programme de soutien en ligne pour les personnes atteintes de psoriasis et de rhumatisme psoriasique. Vous \u00eates \u00e0 la recherche d&#8217;un espace de soutien pour vous connecter, partager vos exp\u00e9riences et acqu\u00e9rir des connaissances pr\u00e9cieuses sur la vie avec le psoriasis et l&#8217;arthrite psoriasique (maladie psoriasique) ? [&hellip;]\" \/>\n<meta property=\"og:url\" content=\"https:\/\/psoriasiscanada.ca\/fr\/programmes-de-soutien-en-ligne\/\" \/>\n<meta property=\"og:site_name\" content=\"Psoriasis Canada\" \/>\n<meta property=\"article:publisher\" content=\"https:\/\/www.facebook.com\/PsoriasisCan1\" \/>\n<meta property=\"article:modified_time\" content=\"2026-03-25T13:39:57+00:00\" \/>\n<meta name=\"twitter:card\" content=\"summary_large_image\" \/>\n<meta name=\"twitter:label1\" content=\"Dur\u00e9e de lecture estim\u00e9e\" \/>\n\t<meta name=\"twitter:data1\" content=\"2 minutes\" \/>\n<script type=\"application\/ld+json\" class=\"yoast-schema-graph\">{\"@context\":\"https:\\\/\\\/schema.org\",\"@graph\":[{\"@type\":\"WebPage\",\"@id\":\"https:\\\/\\\/psoriasiscanada.ca\\\/fr\\\/programmes-de-soutien-en-ligne\\\/\",\"url\":\"https:\\\/\\\/psoriasiscanada.ca\\\/fr\\\/programmes-de-soutien-en-ligne\\\/\",\"name\":\"Programmes de soutien en ligne - Psoriasis Canada\",\"isPartOf\":{\"@id\":\"https:\\\/\\\/psoriasiscanada.ca\\\/#website\"},\"datePublished\":\"2026-03-04T15:07:37+00:00\",\"dateModified\":\"2026-03-25T13:39:57+00:00\",\"breadcrumb\":{\"@id\":\"https:\\\/\\\/psoriasiscanada.ca\\\/fr\\\/programmes-de-soutien-en-ligne\\\/#breadcrumb\"},\"inLanguage\":\"fr-FR\",\"potentialAction\":[{\"@type\":\"ReadAction\",\"target\":[\"https:\\\/\\\/psoriasiscanada.ca\\\/fr\\\/programmes-de-soutien-en-ligne\\\/\"]}]},{\"@type\":\"BreadcrumbList\",\"@id\":\"https:\\\/\\\/psoriasiscanada.ca\\\/fr\\\/programmes-de-soutien-en-ligne\\\/#breadcrumb\",\"itemListElement\":[{\"@type\":\"ListItem\",\"position\":1,\"name\":\"Home\",\"item\":\"https:\\\/\\\/psoriasiscanada.ca\\\/fr\\\/home\\\/\"},{\"@type\":\"ListItem\",\"position\":2,\"name\":\"Programmes de soutien en ligne\"}]},{\"@type\":\"WebSite\",\"@id\":\"https:\\\/\\\/psoriasiscanada.ca\\\/#website\",\"url\":\"https:\\\/\\\/psoriasiscanada.ca\\\/\",\"name\":\"Psoriasis Canada\",\"description\":\"Psoriasis Canada\",\"publisher\":{\"@id\":\"https:\\\/\\\/psoriasiscanada.ca\\\/#organization\"},\"potentialAction\":[{\"@type\":\"SearchAction\",\"target\":{\"@type\":\"EntryPoint\",\"urlTemplate\":\"https:\\\/\\\/psoriasiscanada.ca\\\/?s={search_term_string}\"},\"query-input\":{\"@type\":\"PropertyValueSpecification\",\"valueRequired\":true,\"valueName\":\"search_term_string\"}}],\"inLanguage\":\"fr-FR\"},{\"@type\":\"Organization\",\"@id\":\"https:\\\/\\\/psoriasiscanada.ca\\\/#organization\",\"name\":\"Psoriasis Canada\",\"url\":\"https:\\\/\\\/psoriasiscanada.ca\\\/\",\"logo\":{\"@type\":\"ImageObject\",\"inLanguage\":\"fr-FR\",\"@id\":\"https:\\\/\\\/psoriasiscanada.ca\\\/#\\\/schema\\\/logo\\\/image\\\/\",\"url\":\"https:\\\/\\\/psoriasiscanada.ca\\\/wp-content\\\/uploads\\\/2025\\\/11\\\/logo.png\",\"contentUrl\":\"https:\\\/\\\/psoriasiscanada.ca\\\/wp-content\\\/uploads\\\/2025\\\/11\\\/logo.png\",\"width\":222,\"height\":73,\"caption\":\"Psoriasis Canada\"},\"image\":{\"@id\":\"https:\\\/\\\/psoriasiscanada.ca\\\/#\\\/schema\\\/logo\\\/image\\\/\"},\"sameAs\":[\"https:\\\/\\\/www.facebook.com\\\/PsoriasisCan1\",\"https:\\\/\\\/www.linkedin.com\\\/in\\\/psoriasiscan1\",\"https:\\\/\\\/www.youtube.com\\\/@PsoriasisCan1\"]}]}<\/script>\n<!-- \/ Yoast SEO plugin. -->","yoast_head_json":{"title":"Programmes de soutien en ligne - Psoriasis Canada","robots":{"index":"index","follow":"follow","max-snippet":"max-snippet:-1","max-image-preview":"max-image-preview:large","max-video-preview":"max-video-preview:-1"},"canonical":"https:\/\/psoriasiscanada.ca\/fr\/programmes-de-soutien-en-ligne\/","og_locale":"fr_FR","og_type":"article","og_title":"Programmes de soutien en ligne - Psoriasis Canada","og_description":"Programme de soutien en ligne Bienvenue dans notre programme de soutien en ligne pour les personnes atteintes de psoriasis et de rhumatisme psoriasique. Vous \u00eates \u00e0 la recherche d&#8217;un espace de soutien pour vous connecter, partager vos exp\u00e9riences et acqu\u00e9rir des connaissances pr\u00e9cieuses sur la vie avec le psoriasis et l&#8217;arthrite psoriasique (maladie psoriasique) ? [&hellip;]","og_url":"https:\/\/psoriasiscanada.ca\/fr\/programmes-de-soutien-en-ligne\/","og_site_name":"Psoriasis Canada","article_publisher":"https:\/\/www.facebook.com\/PsoriasisCan1","article_modified_time":"2026-03-25T13:39:57+00:00","twitter_card":"summary_large_image","twitter_misc":{"Dur\u00e9e de lecture estim\u00e9e":"2 minutes"},"schema":{"@context":"https:\/\/schema.org","@graph":[{"@type":"WebPage","@id":"https:\/\/psoriasiscanada.ca\/fr\/programmes-de-soutien-en-ligne\/","url":"https:\/\/psoriasiscanada.ca\/fr\/programmes-de-soutien-en-ligne\/","name":"Programmes de soutien en ligne - Psoriasis Canada","isPartOf":{"@id":"https:\/\/psoriasiscanada.ca\/#website"},"datePublished":"2026-03-04T15:07:37+00:00","dateModified":"2026-03-25T13:39:57+00:00","breadcrumb":{"@id":"https:\/\/psoriasiscanada.ca\/fr\/programmes-de-soutien-en-ligne\/#breadcrumb"},"inLanguage":"fr-FR","potentialAction":[{"@type":"ReadAction","target":["https:\/\/psoriasiscanada.ca\/fr\/programmes-de-soutien-en-ligne\/"]}]},{"@type":"BreadcrumbList","@id":"https:\/\/psoriasiscanada.ca\/fr\/programmes-de-soutien-en-ligne\/#breadcrumb","itemListElement":[{"@type":"ListItem","position":1,"name":"Home","item":"https:\/\/psoriasiscanada.ca\/fr\/home\/"},{"@type":"ListItem","position":2,"name":"Programmes de soutien en ligne"}]},{"@type":"WebSite","@id":"https:\/\/psoriasiscanada.ca\/#website","url":"https:\/\/psoriasiscanada.ca\/","name":"Psoriasis Canada","description":"Psoriasis Canada","publisher":{"@id":"https:\/\/psoriasiscanada.ca\/#organization"},"potentialAction":[{"@type":"SearchAction","target":{"@type":"EntryPoint","urlTemplate":"https:\/\/psoriasiscanada.ca\/?s={search_term_string}"},"query-input":{"@type":"PropertyValueSpecification","valueRequired":true,"valueName":"search_term_string"}}],"inLanguage":"fr-FR"},{"@type":"Organization","@id":"https:\/\/psoriasiscanada.ca\/#organization","name":"Psoriasis Canada","url":"https:\/\/psoriasiscanada.ca\/","logo":{"@type":"ImageObject","inLanguage":"fr-FR","@id":"https:\/\/psoriasiscanada.ca\/#\/schema\/logo\/image\/","url":"https:\/\/psoriasiscanada.ca\/wp-content\/uploads\/2025\/11\/logo.png","contentUrl":"https:\/\/psoriasiscanada.ca\/wp-content\/uploads\/2025\/11\/logo.png","width":222,"height":73,"caption":"Psoriasis Canada"},"image":{"@id":"https:\/\/psoriasiscanada.ca\/#\/schema\/logo\/image\/"},"sameAs":["https:\/\/www.facebook.com\/PsoriasisCan1","https:\/\/www.linkedin.com\/in\/psoriasiscan1","https:\/\/www.youtube.com\/@PsoriasisCan1"]}]}},"_links":{"self":[{"href":"https:\/\/psoriasiscanada.ca\/fr\/wp-json\/wp\/v2\/pages\/3099","targetHints":{"allow":["GET"]}}],"collection":[{"href":"https:\/\/psoriasiscanada.ca\/fr\/wp-json\/wp\/v2\/pages"}],"about":[{"href":"https:\/\/psoriasiscanada.ca\/fr\/wp-json\/wp\/v2\/types\/page"}],"author":[{"embeddable":true,"href":"https:\/\/psoriasiscanada.ca\/fr\/wp-json\/wp\/v2\/users\/1"}],"replies":[{"embeddable":true,"href":"https:\/\/psoriasiscanada.ca\/fr\/wp-json\/wp\/v2\/comments?post=3099"}],"version-history":[{"count":1,"href":"https:\/\/psoriasiscanada.ca\/fr\/wp-json\/wp\/v2\/pages\/3099\/revisions"}],"predecessor-version":[{"id":3100,"href":"https:\/\/psoriasiscanada.ca\/fr\/wp-json\/wp\/v2\/pages\/3099\/revisions\/3100"}],"wp:attachment":[{"href":"https:\/\/psoriasiscanada.ca\/fr\/wp-json\/wp\/v2\/media?parent=3099"}],"curies":[{"name":"wp","href":"https:\/\/api.w.org\/{rel}","templated":true}]}}