{"id":2888,"date":"2026-03-23T19:26:03","date_gmt":"2026-03-23T19:26:03","guid":{"rendered":"https:\/\/psocan.marketaccess.ca\/recherche\/bourses-detudes\/"},"modified":"2026-03-23T19:42:04","modified_gmt":"2026-03-23T19:42:04","slug":"bourses-detudes","status":"publish","type":"page","link":"https:\/\/psoriasiscanada.ca\/fr\/recherche\/bourses-detudes\/","title":{"rendered":"Bourses d&#8217;\u00e9tudes"},"content":{"rendered":"\t\t<div data-elementor-type=\"wp-page\" data-elementor-id=\"2888\" class=\"elementor elementor-2888 elementor-2847\" data-elementor-post-type=\"page\">\n\t\t\t\t<div class=\"elementor-element elementor-element-dc1fd59 e-flex e-con-boxed e-con e-parent\" data-id=\"dc1fd59\" data-element_type=\"container\" data-e-type=\"container\">\n\t\t\t\t\t<div class=\"e-con-inner\">\n\t\t<div class=\"elementor-element elementor-element-4b3f12a7 e-con-full e-flex e-con e-child\" data-id=\"4b3f12a7\" data-element_type=\"container\" data-e-type=\"container\">\n\t\t\t\t<div class=\"elementor-element elementor-element-185daba elementor-widget elementor-widget-heading\" data-id=\"185daba\" data-element_type=\"widget\" data-e-type=\"widget\" data-widget_type=\"heading.default\">\n\t\t\t\t\t<h2 class=\"elementor-heading-title elementor-size-default\">Recherche<\/h2>\t\t\t\t<\/div>\n\t\t\t\t<div class=\"elementor-element elementor-element-c0a5b8c elementor-widget elementor-widget-text-editor\" data-id=\"c0a5b8c\" data-element_type=\"widget\" data-e-type=\"widget\" data-widget_type=\"text-editor.default\">\n\t\t\t\t\t\t\t\t\t<h3>Bourses d&#8217;\u00e9tudes<\/h3><p>Le programme de bourses d&#8217;\u00e9tudes PsoCan sur la maladie psoriasique offre un financement aux \u00e9tudiants de premier cycle et aux professionnels de la sant\u00e9 pour qu&#8217;ils puissent mener \u00e0 bien des projets de recherche d&#8217;\u00e9t\u00e9 sur les maladies psoriasiques sous la supervision de chercheurs \u00e9tablis. Ce programme encourage l&#8217;int\u00e9r\u00eat pour les maladies psoriasiques chez les chercheurs en d\u00e9but de carri\u00e8re, soutient un environnement qui offre un mentorat solide et contribue aux connaissances g\u00e9n\u00e9rales sur les maladies psoriasiques. <\/p><p>Les candidatures sont attendues en f\u00e9vrier de chaque ann\u00e9e pour les projets de recherche qui se d\u00e9rouleront au cours de l&#8217;\u00e9t\u00e9 suivant. Nous encourageons les candidatures de tout le Canada qui refl\u00e8tent les quatre piliers de la recherche en sant\u00e9 : biom\u00e9dical, clinique, syst\u00e8mes et services de sant\u00e9 et sant\u00e9 des populations. <\/p><p style=\"text-align: center;\">***  <\/p><p style=\"text-align: center;\">Le processus de candidature pour 2026 est clos.  <br>Nous annoncerons les laur\u00e9ats de l&#8217;\u00e9dition 2026 le 15 avril.  <\/p><p style=\"text-align: center;\">***<\/p>\t\t\t\t\t\t\t\t<\/div>\n\t\t\t\t<\/div>\n\t\t\t\t\t<\/div>\n\t\t\t\t<\/div>\n\t\t\t\t<\/div>\n\t\t","protected":false},"excerpt":{"rendered":"<p>Recherche Bourses d&#8217;\u00e9tudes Le programme de bourses d&#8217;\u00e9tudes PsoCan sur la maladie psoriasique offre un financement aux \u00e9tudiants de premier cycle et aux professionnels de la sant\u00e9 pour qu&#8217;ils puissent mener \u00e0 bien des projets de recherche d&#8217;\u00e9t\u00e9 sur les maladies psoriasiques sous la supervision de chercheurs \u00e9tablis. Ce programme encourage l&#8217;int\u00e9r\u00eat pour les maladies [&hellip;]<\/p>\n","protected":false},"author":1,"featured_media":0,"parent":2299,"menu_order":0,"comment_status":"closed","ping_status":"closed","template":"","meta":{"website_toolbox_forum_postUrl":"","website_toolbox_forum_category":"","website_toolbox_publish_on_forum":"","footnotes":""},"class_list":["post-2888","page","type-page","status-publish","hentry"],"yoast_head":"<!-- This site is optimized with the Yoast SEO plugin v27.4 - https:\/\/yoast.com\/product\/yoast-seo-wordpress\/ -->\n<title>Bourses d&#039;\u00e9tudes - Psoriasis Canada<\/title>\n<meta name=\"robots\" content=\"index, follow, max-snippet:-1, max-image-preview:large, max-video-preview:-1\" \/>\n<link rel=\"canonical\" href=\"https:\/\/psoriasiscanada.ca\/fr\/recherche\/bourses-detudes\/\" \/>\n<meta property=\"og:locale\" content=\"fr_FR\" \/>\n<meta property=\"og:type\" content=\"article\" \/>\n<meta property=\"og:title\" content=\"Bourses d&#039;\u00e9tudes - Psoriasis Canada\" \/>\n<meta property=\"og:description\" content=\"Recherche Bourses d&#8217;\u00e9tudes Le programme de bourses d&#8217;\u00e9tudes PsoCan sur la maladie psoriasique offre un financement aux \u00e9tudiants de premier cycle et aux professionnels de la sant\u00e9 pour qu&#8217;ils puissent mener \u00e0 bien des projets de recherche d&#8217;\u00e9t\u00e9 sur les maladies psoriasiques sous la supervision de chercheurs \u00e9tablis. Ce programme encourage l&#8217;int\u00e9r\u00eat pour les maladies [&hellip;]\" \/>\n<meta property=\"og:url\" content=\"https:\/\/psoriasiscanada.ca\/fr\/recherche\/bourses-detudes\/\" \/>\n<meta property=\"og:site_name\" content=\"Psoriasis Canada\" \/>\n<meta property=\"article:publisher\" content=\"https:\/\/www.facebook.com\/PsoriasisCan1\" \/>\n<meta property=\"article:modified_time\" content=\"2026-03-23T19:42:04+00:00\" \/>\n<meta name=\"twitter:card\" content=\"summary_large_image\" \/>\n<meta name=\"twitter:label1\" content=\"Dur\u00e9e de lecture estim\u00e9e\" \/>\n\t<meta name=\"twitter:data1\" content=\"1 minute\" \/>\n<script type=\"application\/ld+json\" class=\"yoast-schema-graph\">{\"@context\":\"https:\\\/\\\/schema.org\",\"@graph\":[{\"@type\":\"WebPage\",\"@id\":\"https:\\\/\\\/psoriasiscanada.ca\\\/fr\\\/recherche\\\/bourses-detudes\\\/\",\"url\":\"https:\\\/\\\/psoriasiscanada.ca\\\/fr\\\/recherche\\\/bourses-detudes\\\/\",\"name\":\"Bourses d'\u00e9tudes - Psoriasis Canada\",\"isPartOf\":{\"@id\":\"https:\\\/\\\/psoriasiscanada.ca\\\/#website\"},\"datePublished\":\"2026-03-23T19:26:03+00:00\",\"dateModified\":\"2026-03-23T19:42:04+00:00\",\"breadcrumb\":{\"@id\":\"https:\\\/\\\/psoriasiscanada.ca\\\/fr\\\/recherche\\\/bourses-detudes\\\/#breadcrumb\"},\"inLanguage\":\"fr-FR\",\"potentialAction\":[{\"@type\":\"ReadAction\",\"target\":[\"https:\\\/\\\/psoriasiscanada.ca\\\/fr\\\/recherche\\\/bourses-detudes\\\/\"]}]},{\"@type\":\"BreadcrumbList\",\"@id\":\"https:\\\/\\\/psoriasiscanada.ca\\\/fr\\\/recherche\\\/bourses-detudes\\\/#breadcrumb\",\"itemListElement\":[{\"@type\":\"ListItem\",\"position\":1,\"name\":\"Home\",\"item\":\"https:\\\/\\\/psoriasiscanada.ca\\\/fr\\\/home\\\/\"},{\"@type\":\"ListItem\",\"position\":2,\"name\":\"Recherche\",\"item\":\"https:\\\/\\\/psoriasiscanada.ca\\\/fr\\\/recherche\\\/\"},{\"@type\":\"ListItem\",\"position\":3,\"name\":\"Bourses d&#8217;\u00e9tudes\"}]},{\"@type\":\"WebSite\",\"@id\":\"https:\\\/\\\/psoriasiscanada.ca\\\/#website\",\"url\":\"https:\\\/\\\/psoriasiscanada.ca\\\/\",\"name\":\"Psoriasis Canada\",\"description\":\"Psoriasis Canada\",\"publisher\":{\"@id\":\"https:\\\/\\\/psoriasiscanada.ca\\\/#organization\"},\"potentialAction\":[{\"@type\":\"SearchAction\",\"target\":{\"@type\":\"EntryPoint\",\"urlTemplate\":\"https:\\\/\\\/psoriasiscanada.ca\\\/?s={search_term_string}\"},\"query-input\":{\"@type\":\"PropertyValueSpecification\",\"valueRequired\":true,\"valueName\":\"search_term_string\"}}],\"inLanguage\":\"fr-FR\"},{\"@type\":\"Organization\",\"@id\":\"https:\\\/\\\/psoriasiscanada.ca\\\/#organization\",\"name\":\"Psoriasis Canada\",\"url\":\"https:\\\/\\\/psoriasiscanada.ca\\\/\",\"logo\":{\"@type\":\"ImageObject\",\"inLanguage\":\"fr-FR\",\"@id\":\"https:\\\/\\\/psoriasiscanada.ca\\\/#\\\/schema\\\/logo\\\/image\\\/\",\"url\":\"https:\\\/\\\/psoriasiscanada.ca\\\/wp-content\\\/uploads\\\/2025\\\/11\\\/logo.png\",\"contentUrl\":\"https:\\\/\\\/psoriasiscanada.ca\\\/wp-content\\\/uploads\\\/2025\\\/11\\\/logo.png\",\"width\":222,\"height\":73,\"caption\":\"Psoriasis Canada\"},\"image\":{\"@id\":\"https:\\\/\\\/psoriasiscanada.ca\\\/#\\\/schema\\\/logo\\\/image\\\/\"},\"sameAs\":[\"https:\\\/\\\/www.facebook.com\\\/PsoriasisCan1\",\"https:\\\/\\\/www.linkedin.com\\\/in\\\/psoriasiscan1\",\"https:\\\/\\\/www.youtube.com\\\/@PsoriasisCan1\"]}]}<\/script>\n<!-- \/ Yoast SEO plugin. -->","yoast_head_json":{"title":"Bourses d'\u00e9tudes - Psoriasis Canada","robots":{"index":"index","follow":"follow","max-snippet":"max-snippet:-1","max-image-preview":"max-image-preview:large","max-video-preview":"max-video-preview:-1"},"canonical":"https:\/\/psoriasiscanada.ca\/fr\/recherche\/bourses-detudes\/","og_locale":"fr_FR","og_type":"article","og_title":"Bourses d'\u00e9tudes - Psoriasis Canada","og_description":"Recherche Bourses d&#8217;\u00e9tudes Le programme de bourses d&#8217;\u00e9tudes PsoCan sur la maladie psoriasique offre un financement aux \u00e9tudiants de premier cycle et aux professionnels de la sant\u00e9 pour qu&#8217;ils puissent mener \u00e0 bien des projets de recherche d&#8217;\u00e9t\u00e9 sur les maladies psoriasiques sous la supervision de chercheurs \u00e9tablis. Ce programme encourage l&#8217;int\u00e9r\u00eat pour les maladies [&hellip;]","og_url":"https:\/\/psoriasiscanada.ca\/fr\/recherche\/bourses-detudes\/","og_site_name":"Psoriasis Canada","article_publisher":"https:\/\/www.facebook.com\/PsoriasisCan1","article_modified_time":"2026-03-23T19:42:04+00:00","twitter_card":"summary_large_image","twitter_misc":{"Dur\u00e9e de lecture estim\u00e9e":"1 minute"},"schema":{"@context":"https:\/\/schema.org","@graph":[{"@type":"WebPage","@id":"https:\/\/psoriasiscanada.ca\/fr\/recherche\/bourses-detudes\/","url":"https:\/\/psoriasiscanada.ca\/fr\/recherche\/bourses-detudes\/","name":"Bourses d'\u00e9tudes - Psoriasis Canada","isPartOf":{"@id":"https:\/\/psoriasiscanada.ca\/#website"},"datePublished":"2026-03-23T19:26:03+00:00","dateModified":"2026-03-23T19:42:04+00:00","breadcrumb":{"@id":"https:\/\/psoriasiscanada.ca\/fr\/recherche\/bourses-detudes\/#breadcrumb"},"inLanguage":"fr-FR","potentialAction":[{"@type":"ReadAction","target":["https:\/\/psoriasiscanada.ca\/fr\/recherche\/bourses-detudes\/"]}]},{"@type":"BreadcrumbList","@id":"https:\/\/psoriasiscanada.ca\/fr\/recherche\/bourses-detudes\/#breadcrumb","itemListElement":[{"@type":"ListItem","position":1,"name":"Home","item":"https:\/\/psoriasiscanada.ca\/fr\/home\/"},{"@type":"ListItem","position":2,"name":"Recherche","item":"https:\/\/psoriasiscanada.ca\/fr\/recherche\/"},{"@type":"ListItem","position":3,"name":"Bourses d&#8217;\u00e9tudes"}]},{"@type":"WebSite","@id":"https:\/\/psoriasiscanada.ca\/#website","url":"https:\/\/psoriasiscanada.ca\/","name":"Psoriasis Canada","description":"Psoriasis Canada","publisher":{"@id":"https:\/\/psoriasiscanada.ca\/#organization"},"potentialAction":[{"@type":"SearchAction","target":{"@type":"EntryPoint","urlTemplate":"https:\/\/psoriasiscanada.ca\/?s={search_term_string}"},"query-input":{"@type":"PropertyValueSpecification","valueRequired":true,"valueName":"search_term_string"}}],"inLanguage":"fr-FR"},{"@type":"Organization","@id":"https:\/\/psoriasiscanada.ca\/#organization","name":"Psoriasis Canada","url":"https:\/\/psoriasiscanada.ca\/","logo":{"@type":"ImageObject","inLanguage":"fr-FR","@id":"https:\/\/psoriasiscanada.ca\/#\/schema\/logo\/image\/","url":"https:\/\/psoriasiscanada.ca\/wp-content\/uploads\/2025\/11\/logo.png","contentUrl":"https:\/\/psoriasiscanada.ca\/wp-content\/uploads\/2025\/11\/logo.png","width":222,"height":73,"caption":"Psoriasis Canada"},"image":{"@id":"https:\/\/psoriasiscanada.ca\/#\/schema\/logo\/image\/"},"sameAs":["https:\/\/www.facebook.com\/PsoriasisCan1","https:\/\/www.linkedin.com\/in\/psoriasiscan1","https:\/\/www.youtube.com\/@PsoriasisCan1"]}]}},"_links":{"self":[{"href":"https:\/\/psoriasiscanada.ca\/fr\/wp-json\/wp\/v2\/pages\/2888","targetHints":{"allow":["GET"]}}],"collection":[{"href":"https:\/\/psoriasiscanada.ca\/fr\/wp-json\/wp\/v2\/pages"}],"about":[{"href":"https:\/\/psoriasiscanada.ca\/fr\/wp-json\/wp\/v2\/types\/page"}],"author":[{"embeddable":true,"href":"https:\/\/psoriasiscanada.ca\/fr\/wp-json\/wp\/v2\/users\/1"}],"replies":[{"embeddable":true,"href":"https:\/\/psoriasiscanada.ca\/fr\/wp-json\/wp\/v2\/comments?post=2888"}],"version-history":[{"count":3,"href":"https:\/\/psoriasiscanada.ca\/fr\/wp-json\/wp\/v2\/pages\/2888\/revisions"}],"predecessor-version":[{"id":2894,"href":"https:\/\/psoriasiscanada.ca\/fr\/wp-json\/wp\/v2\/pages\/2888\/revisions\/2894"}],"up":[{"embeddable":true,"href":"https:\/\/psoriasiscanada.ca\/fr\/wp-json\/wp\/v2\/pages\/2299"}],"wp:attachment":[{"href":"https:\/\/psoriasiscanada.ca\/fr\/wp-json\/wp\/v2\/media?parent=2888"}],"curies":[{"name":"wp","href":"https:\/\/api.w.org\/{rel}","templated":true}]}}