{"id":2884,"date":"2026-03-23T19:25:52","date_gmt":"2026-03-23T19:25:52","guid":{"rendered":"https:\/\/psocan.marketaccess.ca\/recherche\/skin-canada\/"},"modified":"2026-03-23T19:42:04","modified_gmt":"2026-03-23T19:42:04","slug":"skin-canada","status":"publish","type":"page","link":"https:\/\/psoriasiscanada.ca\/fr\/recherche\/skin-canada\/","title":{"rendered":"SkIN Canada"},"content":{"rendered":"\t\t<div data-elementor-type=\"wp-page\" data-elementor-id=\"2884\" class=\"elementor elementor-2884 elementor-2846\" data-elementor-post-type=\"page\">\n\t\t\t\t<div class=\"elementor-element elementor-element-21b2a697 e-flex e-con-boxed e-con e-parent\" data-id=\"21b2a697\" data-element_type=\"container\" data-e-type=\"container\">\n\t\t\t\t\t<div class=\"e-con-inner\">\n\t\t\t\t<div class=\"elementor-element elementor-element-16c6e56 elementor-widget elementor-widget-heading\" data-id=\"16c6e56\" data-element_type=\"widget\" data-e-type=\"widget\" data-widget_type=\"heading.default\">\n\t\t\t\t\t<h1 class=\"elementor-heading-title elementor-size-default\">Recherche<\/h1>\t\t\t\t<\/div>\n\t\t\t\t<div class=\"elementor-element elementor-element-8dadba4 elementor-widget elementor-widget-text-editor\" data-id=\"8dadba4\" data-element_type=\"widget\" data-e-type=\"widget\" data-widget_type=\"text-editor.default\">\n\t\t\t\t\t\t\t\t\t<h3>SkIN Canada<\/h3><p>La communaut\u00e9 des patients atteints de psoriasis au Canada a collabor\u00e9 avec des chercheurs et des fournisseurs de soins de sant\u00e9 pour dresser la liste des dix principales questions de recherche auxquelles sont confront\u00e9es leurs communaut\u00e9s de patients atteints de psoriasis. L&#8217;ACPP a collabor\u00e9 avec le Skin Investigation Network of Canada (SkIN Canada) et d&#8217;autres organisations de patients pour rejoindre les patients et les soignants touch\u00e9s par le psoriasis afin qu&#8217;ils puissent nous dire quelles \u00e9taient, selon eux, les questions les plus importantes auxquelles la recherche devait r\u00e9pondre. <\/p>\t\t\t\t\t\t\t\t<\/div>\n\t\t\t\t<div class=\"elementor-element elementor-element-3a67b1f elementor-widget elementor-widget-image\" data-id=\"3a67b1f\" data-element_type=\"widget\" data-e-type=\"widget\" data-widget_type=\"image.default\">\n\t\t\t\t\t\t\t\t\t\t\t\t\t\t\t<img fetchpriority=\"high\" decoding=\"async\" width=\"580\" height=\"1024\" src=\"https:\/\/psoriasiscanada.ca\/wp-content\/uploads\/2026\/03\/psoriasisFR-01-580x1024.webp\" class=\"attachment-large size-large wp-image-2843\" alt=\"\" srcset=\"https:\/\/psoriasiscanada.ca\/wp-content\/uploads\/2026\/03\/psoriasisFR-01-580x1024.webp 580w, https:\/\/psoriasiscanada.ca\/wp-content\/uploads\/2026\/03\/psoriasisFR-01-170x300.webp 170w, https:\/\/psoriasiscanada.ca\/wp-content\/uploads\/2026\/03\/psoriasisFR-01-768x1355.webp 768w, https:\/\/psoriasiscanada.ca\/wp-content\/uploads\/2026\/03\/psoriasisFR-01-870x1536.png 870w, https:\/\/psoriasiscanada.ca\/wp-content\/uploads\/2026\/03\/psoriasisFR-01-1161x2048.png 1161w, https:\/\/psoriasiscanada.ca\/wp-content\/uploads\/2026\/03\/psoriasisFR-01.png 1275w\" sizes=\"(max-width: 580px) 100vw, 580px\" \/>\t\t\t\t\t\t\t\t\t\t\t\t\t\t\t<\/div>\n\t\t\t\t\t<\/div>\n\t\t\t\t<\/div>\n\t\t\t\t<\/div>\n\t\t","protected":false},"excerpt":{"rendered":"<p>Recherche SkIN Canada La communaut\u00e9 des patients atteints de psoriasis au Canada a collabor\u00e9 avec des chercheurs et des fournisseurs de soins de sant\u00e9 pour dresser la liste des dix principales questions de recherche auxquelles sont confront\u00e9es leurs communaut\u00e9s de patients atteints de psoriasis. L&#8217;ACPP a collabor\u00e9 avec le Skin Investigation Network of Canada (SkIN [&hellip;]<\/p>\n","protected":false},"author":1,"featured_media":0,"parent":2299,"menu_order":0,"comment_status":"closed","ping_status":"closed","template":"","meta":{"website_toolbox_forum_postUrl":"","website_toolbox_forum_category":"","website_toolbox_publish_on_forum":"","footnotes":""},"class_list":["post-2884","page","type-page","status-publish","hentry"],"yoast_head":"<!-- This site is optimized with the Yoast SEO plugin v27.4 - https:\/\/yoast.com\/product\/yoast-seo-wordpress\/ -->\n<title>SkIN Canada - Psoriasis Canada<\/title>\n<meta name=\"robots\" content=\"index, follow, max-snippet:-1, max-image-preview:large, max-video-preview:-1\" \/>\n<link rel=\"canonical\" href=\"https:\/\/psoriasiscanada.ca\/fr\/recherche\/skin-canada\/\" \/>\n<meta property=\"og:locale\" content=\"fr_FR\" \/>\n<meta property=\"og:type\" content=\"article\" \/>\n<meta property=\"og:title\" content=\"SkIN Canada - Psoriasis Canada\" \/>\n<meta property=\"og:description\" content=\"Recherche SkIN Canada La communaut\u00e9 des patients atteints de psoriasis au Canada a collabor\u00e9 avec des chercheurs et des fournisseurs de soins de sant\u00e9 pour dresser la liste des dix principales questions de recherche auxquelles sont confront\u00e9es leurs communaut\u00e9s de patients atteints de psoriasis. L&#8217;ACPP a collabor\u00e9 avec le Skin Investigation Network of Canada (SkIN [&hellip;]\" \/>\n<meta property=\"og:url\" content=\"https:\/\/psoriasiscanada.ca\/fr\/recherche\/skin-canada\/\" \/>\n<meta property=\"og:site_name\" content=\"Psoriasis Canada\" \/>\n<meta property=\"article:publisher\" content=\"https:\/\/www.facebook.com\/PsoriasisCan1\" \/>\n<meta property=\"article:modified_time\" content=\"2026-03-23T19:42:04+00:00\" \/>\n<meta property=\"og:image\" content=\"https:\/\/psoriasiscanada.ca\/wp-content\/uploads\/2026\/03\/psoriasisEN-01.png\" \/>\n\t<meta property=\"og:image:width\" content=\"1275\" \/>\n\t<meta property=\"og:image:height\" content=\"2250\" \/>\n\t<meta property=\"og:image:type\" content=\"image\/webp\" \/>\n<meta name=\"twitter:card\" content=\"summary_large_image\" \/>\n<script type=\"application\/ld+json\" class=\"yoast-schema-graph\">{\"@context\":\"https:\\\/\\\/schema.org\",\"@graph\":[{\"@type\":\"WebPage\",\"@id\":\"https:\\\/\\\/psoriasiscanada.ca\\\/fr\\\/recherche\\\/skin-canada\\\/\",\"url\":\"https:\\\/\\\/psoriasiscanada.ca\\\/fr\\\/recherche\\\/skin-canada\\\/\",\"name\":\"SkIN Canada - Psoriasis Canada\",\"isPartOf\":{\"@id\":\"https:\\\/\\\/psoriasiscanada.ca\\\/#website\"},\"primaryImageOfPage\":{\"@id\":\"https:\\\/\\\/psoriasiscanada.ca\\\/fr\\\/recherche\\\/skin-canada\\\/#primaryimage\"},\"image\":{\"@id\":\"https:\\\/\\\/psoriasiscanada.ca\\\/fr\\\/recherche\\\/skin-canada\\\/#primaryimage\"},\"thumbnailUrl\":\"https:\\\/\\\/psoriasiscanada.ca\\\/wp-content\\\/uploads\\\/2026\\\/03\\\/psoriasisEN-01-580x1024.webp\",\"datePublished\":\"2026-03-23T19:25:52+00:00\",\"dateModified\":\"2026-03-23T19:42:04+00:00\",\"breadcrumb\":{\"@id\":\"https:\\\/\\\/psoriasiscanada.ca\\\/fr\\\/recherche\\\/skin-canada\\\/#breadcrumb\"},\"inLanguage\":\"fr-FR\",\"potentialAction\":[{\"@type\":\"ReadAction\",\"target\":[\"https:\\\/\\\/psoriasiscanada.ca\\\/fr\\\/recherche\\\/skin-canada\\\/\"]}]},{\"@type\":\"ImageObject\",\"inLanguage\":\"fr-FR\",\"@id\":\"https:\\\/\\\/psoriasiscanada.ca\\\/fr\\\/recherche\\\/skin-canada\\\/#primaryimage\",\"url\":\"https:\\\/\\\/psoriasiscanada.ca\\\/wp-content\\\/uploads\\\/2026\\\/03\\\/psoriasisEN-01-580x1024.webp\",\"contentUrl\":\"https:\\\/\\\/psoriasiscanada.ca\\\/wp-content\\\/uploads\\\/2026\\\/03\\\/psoriasisEN-01-580x1024.webp\"},{\"@type\":\"BreadcrumbList\",\"@id\":\"https:\\\/\\\/psoriasiscanada.ca\\\/fr\\\/recherche\\\/skin-canada\\\/#breadcrumb\",\"itemListElement\":[{\"@type\":\"ListItem\",\"position\":1,\"name\":\"Home\",\"item\":\"https:\\\/\\\/psoriasiscanada.ca\\\/fr\\\/home\\\/\"},{\"@type\":\"ListItem\",\"position\":2,\"name\":\"Recherche\",\"item\":\"https:\\\/\\\/psoriasiscanada.ca\\\/fr\\\/recherche\\\/\"},{\"@type\":\"ListItem\",\"position\":3,\"name\":\"SkIN Canada\"}]},{\"@type\":\"WebSite\",\"@id\":\"https:\\\/\\\/psoriasiscanada.ca\\\/#website\",\"url\":\"https:\\\/\\\/psoriasiscanada.ca\\\/\",\"name\":\"Psoriasis Canada\",\"description\":\"Psoriasis Canada\",\"publisher\":{\"@id\":\"https:\\\/\\\/psoriasiscanada.ca\\\/#organization\"},\"potentialAction\":[{\"@type\":\"SearchAction\",\"target\":{\"@type\":\"EntryPoint\",\"urlTemplate\":\"https:\\\/\\\/psoriasiscanada.ca\\\/?s={search_term_string}\"},\"query-input\":{\"@type\":\"PropertyValueSpecification\",\"valueRequired\":true,\"valueName\":\"search_term_string\"}}],\"inLanguage\":\"fr-FR\"},{\"@type\":\"Organization\",\"@id\":\"https:\\\/\\\/psoriasiscanada.ca\\\/#organization\",\"name\":\"Psoriasis Canada\",\"url\":\"https:\\\/\\\/psoriasiscanada.ca\\\/\",\"logo\":{\"@type\":\"ImageObject\",\"inLanguage\":\"fr-FR\",\"@id\":\"https:\\\/\\\/psoriasiscanada.ca\\\/#\\\/schema\\\/logo\\\/image\\\/\",\"url\":\"https:\\\/\\\/psoriasiscanada.ca\\\/wp-content\\\/uploads\\\/2025\\\/11\\\/logo.png\",\"contentUrl\":\"https:\\\/\\\/psoriasiscanada.ca\\\/wp-content\\\/uploads\\\/2025\\\/11\\\/logo.png\",\"width\":222,\"height\":73,\"caption\":\"Psoriasis Canada\"},\"image\":{\"@id\":\"https:\\\/\\\/psoriasiscanada.ca\\\/#\\\/schema\\\/logo\\\/image\\\/\"},\"sameAs\":[\"https:\\\/\\\/www.facebook.com\\\/PsoriasisCan1\",\"https:\\\/\\\/www.linkedin.com\\\/in\\\/psoriasiscan1\",\"https:\\\/\\\/www.youtube.com\\\/@PsoriasisCan1\"]}]}<\/script>\n<!-- \/ Yoast SEO plugin. -->","yoast_head_json":{"title":"SkIN Canada - Psoriasis Canada","robots":{"index":"index","follow":"follow","max-snippet":"max-snippet:-1","max-image-preview":"max-image-preview:large","max-video-preview":"max-video-preview:-1"},"canonical":"https:\/\/psoriasiscanada.ca\/fr\/recherche\/skin-canada\/","og_locale":"fr_FR","og_type":"article","og_title":"SkIN Canada - Psoriasis Canada","og_description":"Recherche SkIN Canada La communaut\u00e9 des patients atteints de psoriasis au Canada a collabor\u00e9 avec des chercheurs et des fournisseurs de soins de sant\u00e9 pour dresser la liste des dix principales questions de recherche auxquelles sont confront\u00e9es leurs communaut\u00e9s de patients atteints de psoriasis. L&#8217;ACPP a collabor\u00e9 avec le Skin Investigation Network of Canada (SkIN [&hellip;]","og_url":"https:\/\/psoriasiscanada.ca\/fr\/recherche\/skin-canada\/","og_site_name":"Psoriasis Canada","article_publisher":"https:\/\/www.facebook.com\/PsoriasisCan1","article_modified_time":"2026-03-23T19:42:04+00:00","og_image":[{"width":1275,"height":2250,"url":"https:\/\/psoriasiscanada.ca\/wp-content\/uploads\/2026\/03\/psoriasisEN-01.png","type":"image\/webp"}],"twitter_card":"summary_large_image","schema":{"@context":"https:\/\/schema.org","@graph":[{"@type":"WebPage","@id":"https:\/\/psoriasiscanada.ca\/fr\/recherche\/skin-canada\/","url":"https:\/\/psoriasiscanada.ca\/fr\/recherche\/skin-canada\/","name":"SkIN Canada - Psoriasis Canada","isPartOf":{"@id":"https:\/\/psoriasiscanada.ca\/#website"},"primaryImageOfPage":{"@id":"https:\/\/psoriasiscanada.ca\/fr\/recherche\/skin-canada\/#primaryimage"},"image":{"@id":"https:\/\/psoriasiscanada.ca\/fr\/recherche\/skin-canada\/#primaryimage"},"thumbnailUrl":"https:\/\/psoriasiscanada.ca\/wp-content\/uploads\/2026\/03\/psoriasisEN-01-580x1024.webp","datePublished":"2026-03-23T19:25:52+00:00","dateModified":"2026-03-23T19:42:04+00:00","breadcrumb":{"@id":"https:\/\/psoriasiscanada.ca\/fr\/recherche\/skin-canada\/#breadcrumb"},"inLanguage":"fr-FR","potentialAction":[{"@type":"ReadAction","target":["https:\/\/psoriasiscanada.ca\/fr\/recherche\/skin-canada\/"]}]},{"@type":"ImageObject","inLanguage":"fr-FR","@id":"https:\/\/psoriasiscanada.ca\/fr\/recherche\/skin-canada\/#primaryimage","url":"https:\/\/psoriasiscanada.ca\/wp-content\/uploads\/2026\/03\/psoriasisEN-01-580x1024.webp","contentUrl":"https:\/\/psoriasiscanada.ca\/wp-content\/uploads\/2026\/03\/psoriasisEN-01-580x1024.webp"},{"@type":"BreadcrumbList","@id":"https:\/\/psoriasiscanada.ca\/fr\/recherche\/skin-canada\/#breadcrumb","itemListElement":[{"@type":"ListItem","position":1,"name":"Home","item":"https:\/\/psoriasiscanada.ca\/fr\/home\/"},{"@type":"ListItem","position":2,"name":"Recherche","item":"https:\/\/psoriasiscanada.ca\/fr\/recherche\/"},{"@type":"ListItem","position":3,"name":"SkIN Canada"}]},{"@type":"WebSite","@id":"https:\/\/psoriasiscanada.ca\/#website","url":"https:\/\/psoriasiscanada.ca\/","name":"Psoriasis Canada","description":"Psoriasis Canada","publisher":{"@id":"https:\/\/psoriasiscanada.ca\/#organization"},"potentialAction":[{"@type":"SearchAction","target":{"@type":"EntryPoint","urlTemplate":"https:\/\/psoriasiscanada.ca\/?s={search_term_string}"},"query-input":{"@type":"PropertyValueSpecification","valueRequired":true,"valueName":"search_term_string"}}],"inLanguage":"fr-FR"},{"@type":"Organization","@id":"https:\/\/psoriasiscanada.ca\/#organization","name":"Psoriasis Canada","url":"https:\/\/psoriasiscanada.ca\/","logo":{"@type":"ImageObject","inLanguage":"fr-FR","@id":"https:\/\/psoriasiscanada.ca\/#\/schema\/logo\/image\/","url":"https:\/\/psoriasiscanada.ca\/wp-content\/uploads\/2025\/11\/logo.png","contentUrl":"https:\/\/psoriasiscanada.ca\/wp-content\/uploads\/2025\/11\/logo.png","width":222,"height":73,"caption":"Psoriasis Canada"},"image":{"@id":"https:\/\/psoriasiscanada.ca\/#\/schema\/logo\/image\/"},"sameAs":["https:\/\/www.facebook.com\/PsoriasisCan1","https:\/\/www.linkedin.com\/in\/psoriasiscan1","https:\/\/www.youtube.com\/@PsoriasisCan1"]}]}},"_links":{"self":[{"href":"https:\/\/psoriasiscanada.ca\/fr\/wp-json\/wp\/v2\/pages\/2884","targetHints":{"allow":["GET"]}}],"collection":[{"href":"https:\/\/psoriasiscanada.ca\/fr\/wp-json\/wp\/v2\/pages"}],"about":[{"href":"https:\/\/psoriasiscanada.ca\/fr\/wp-json\/wp\/v2\/types\/page"}],"author":[{"embeddable":true,"href":"https:\/\/psoriasiscanada.ca\/fr\/wp-json\/wp\/v2\/users\/1"}],"replies":[{"embeddable":true,"href":"https:\/\/psoriasiscanada.ca\/fr\/wp-json\/wp\/v2\/comments?post=2884"}],"version-history":[{"count":3,"href":"https:\/\/psoriasiscanada.ca\/fr\/wp-json\/wp\/v2\/pages\/2884\/revisions"}],"predecessor-version":[{"id":2893,"href":"https:\/\/psoriasiscanada.ca\/fr\/wp-json\/wp\/v2\/pages\/2884\/revisions\/2893"}],"up":[{"embeddable":true,"href":"https:\/\/psoriasiscanada.ca\/fr\/wp-json\/wp\/v2\/pages\/2299"}],"wp:attachment":[{"href":"https:\/\/psoriasiscanada.ca\/fr\/wp-json\/wp\/v2\/media?parent=2884"}],"curies":[{"name":"wp","href":"https:\/\/api.w.org\/{rel}","templated":true}]}}