{"id":2750,"date":"2026-03-19T18:56:19","date_gmt":"2026-03-19T18:56:19","guid":{"rendered":"https:\/\/psocan.marketaccess.ca\/apercu\/"},"modified":"2026-04-20T14:56:38","modified_gmt":"2026-04-20T14:56:38","slug":"apercu","status":"publish","type":"page","link":"https:\/\/psoriasiscanada.ca\/fr\/apercu\/","title":{"rendered":"Aper\u00e7u"},"content":{"rendered":"\t\t<div data-elementor-type=\"wp-page\" data-elementor-id=\"2750\" class=\"elementor elementor-2750 elementor-2740\" data-elementor-post-type=\"page\">\n\t\t\t\t<div class=\"elementor-element elementor-element-610e84e e-flex e-con-boxed e-con e-parent\" data-id=\"610e84e\" data-element_type=\"container\" data-e-type=\"container\">\n\t\t\t\t\t<div class=\"e-con-inner\">\n\t\t\t\t<div class=\"elementor-element elementor-element-2268309 elementor-widget elementor-widget-heading\" data-id=\"2268309\" data-element_type=\"widget\" data-e-type=\"widget\" data-widget_type=\"heading.default\">\n\t\t\t\t\t<h1 class=\"elementor-heading-title elementor-size-default\">Aper\u00e7u<\/h1>\t\t\t\t<\/div>\n\t\t\t\t<div class=\"elementor-element elementor-element-a7b40c1 elementor-widget elementor-widget-text-editor\" data-id=\"a7b40c1\" data-element_type=\"widget\" data-e-type=\"widget\" data-widget_type=\"text-editor.default\">\n\t\t\t\t\t\t\t\t\t<p>Psoriasis Canada (PsoCan) est un organisme canadien \u00e0 but non lucratif cr\u00e9\u00e9 en mai 2024 et dirig\u00e9 par un conseil d&#8217;administration compos\u00e9 de personnes ayant une exp\u00e9rience v\u00e9cue de la maladie psoriasique et de ceux qui les soignent. PsoCan r\u00e9unit 26 ans d&#8217;expertise combin\u00e9e de ses deux organisations fondatrices, le R\u00e9seau canadien du psoriasis et l&#8217;Association canadienne des patients atteints de psoriasis.<\/p><h2>La vision<\/h2><p>Les personnes touch\u00e9es par la maladie psoriasique au Canada vivent pleinement pendant que nous nous effor\u00e7ons ensemble de trouver un rem\u00e8de.<\/p><h2>La mission<\/h2><p>Nous sommes les experts canadiens de confiance en mati\u00e8re de maladie psoriasique, offrant une communaut\u00e9, des ressources et l&#8217;espoir d&#8217;un avenir meilleur aux personnes touch\u00e9es et \u00e0 celles qui les soignent.<\/p><h2>Plan strat\u00e9gique 2025-2028<\/h2><p>Reconnaissant cette base solide \u00e0 partir de laquelle PsoCan est form\u00e9, l&#8217;objectif g\u00e9n\u00e9ral du plan strat\u00e9gique inaugural de PsoCan est d&#8217;\u00e9valuer, d&#8217;am\u00e9liorer et d&#8217;unifier ses forces et ses atouts, en cr\u00e9ant une base durable pour r\u00e9pondre \u00e0 notre vision et \u00e0 notre mission.<\/p><ul><li><a href=\"https:\/\/psoriasiscanada.ca\/~documents\/route%3A\/download\/7\/\" target=\"_blank\" rel=\"noopener\">Lisez notre plan strat\u00e9gique<\/a><\/li><\/ul><h2>Rapport annuel d&#8217;impact 2025<\/h2><ul><li><a href=\"https:\/\/psoriasiscanada.ca\/~documents\/route%3A\/download\/8\/\" target=\"_blank\" rel=\"noopener\">Lisez notre rapport d&#8217;impact 2025<\/a><\/li><\/ul>\t\t\t\t\t\t\t\t<\/div>\n\t\t\t\t\t<\/div>\n\t\t\t\t<\/div>\n\t\t\t\t<\/div>\n\t\t","protected":false},"excerpt":{"rendered":"<p>Aper\u00e7u Psoriasis Canada (PsoCan) est un organisme canadien \u00e0 but non lucratif cr\u00e9\u00e9 en mai 2024 et dirig\u00e9 par un conseil d&#8217;administration compos\u00e9 de personnes ayant une exp\u00e9rience v\u00e9cue de la maladie psoriasique et de ceux qui les soignent. PsoCan r\u00e9unit 26 ans d&#8217;expertise combin\u00e9e de ses deux organisations fondatrices, le R\u00e9seau canadien du psoriasis [&hellip;]<\/p>\n","protected":false},"author":1,"featured_media":0,"parent":0,"menu_order":0,"comment_status":"closed","ping_status":"closed","template":"","meta":{"website_toolbox_forum_postUrl":"","website_toolbox_forum_category":"","website_toolbox_publish_on_forum":"","footnotes":""},"class_list":["post-2750","page","type-page","status-publish","hentry"],"yoast_head":"<!-- This site is optimized with the Yoast SEO plugin v27.4 - https:\/\/yoast.com\/product\/yoast-seo-wordpress\/ -->\n<title>Aper\u00e7u - Psoriasis Canada<\/title>\n<meta name=\"robots\" content=\"index, follow, max-snippet:-1, max-image-preview:large, max-video-preview:-1\" \/>\n<link rel=\"canonical\" href=\"https:\/\/psoriasiscanada.ca\/overview\/\" \/>\n<meta property=\"og:locale\" content=\"fr_FR\" \/>\n<meta property=\"og:type\" content=\"article\" \/>\n<meta property=\"og:title\" content=\"Aper\u00e7u - Psoriasis Canada\" \/>\n<meta property=\"og:description\" content=\"Aper\u00e7u Psoriasis Canada (PsoCan) est un organisme canadien \u00e0 but non lucratif cr\u00e9\u00e9 en mai 2024 et dirig\u00e9 par un conseil d&#8217;administration compos\u00e9 de personnes ayant une exp\u00e9rience v\u00e9cue de la maladie psoriasique et de ceux qui les soignent. PsoCan r\u00e9unit 26 ans d&#8217;expertise combin\u00e9e de ses deux organisations fondatrices, le R\u00e9seau canadien du psoriasis [&hellip;]\" \/>\n<meta property=\"og:url\" content=\"https:\/\/psoriasiscanada.ca\/overview\/\" \/>\n<meta property=\"og:site_name\" content=\"Psoriasis Canada\" \/>\n<meta property=\"article:publisher\" content=\"https:\/\/www.facebook.com\/PsoriasisCan1\" \/>\n<meta property=\"article:modified_time\" content=\"2026-04-20T14:56:38+00:00\" \/>\n<meta name=\"twitter:card\" content=\"summary_large_image\" \/>\n<meta name=\"twitter:label1\" content=\"Dur\u00e9e de lecture estim\u00e9e\" \/>\n\t<meta name=\"twitter:data1\" content=\"1 minute\" \/>\n<script type=\"application\/ld+json\" class=\"yoast-schema-graph\">{\"@context\":\"https:\\\/\\\/schema.org\",\"@graph\":[{\"@type\":\"WebPage\",\"@id\":\"https:\\\/\\\/psoriasiscanada.ca\\\/overview\\\/\",\"url\":\"https:\\\/\\\/psoriasiscanada.ca\\\/overview\\\/\",\"name\":\"Aper\u00e7u - Psoriasis Canada\",\"isPartOf\":{\"@id\":\"https:\\\/\\\/psoriasiscanada.ca\\\/#website\"},\"datePublished\":\"2026-03-19T18:56:19+00:00\",\"dateModified\":\"2026-04-20T14:56:38+00:00\",\"breadcrumb\":{\"@id\":\"https:\\\/\\\/psoriasiscanada.ca\\\/overview\\\/#breadcrumb\"},\"inLanguage\":\"fr-FR\",\"potentialAction\":[{\"@type\":\"ReadAction\",\"target\":[\"https:\\\/\\\/psoriasiscanada.ca\\\/overview\\\/\"]}]},{\"@type\":\"BreadcrumbList\",\"@id\":\"https:\\\/\\\/psoriasiscanada.ca\\\/overview\\\/#breadcrumb\",\"itemListElement\":[{\"@type\":\"ListItem\",\"position\":1,\"name\":\"Home\",\"item\":\"https:\\\/\\\/psoriasiscanada.ca\\\/fr\\\/home\\\/\"},{\"@type\":\"ListItem\",\"position\":2,\"name\":\"Aper\u00e7u\"}]},{\"@type\":\"WebSite\",\"@id\":\"https:\\\/\\\/psoriasiscanada.ca\\\/#website\",\"url\":\"https:\\\/\\\/psoriasiscanada.ca\\\/\",\"name\":\"Psoriasis Canada\",\"description\":\"Psoriasis Canada\",\"publisher\":{\"@id\":\"https:\\\/\\\/psoriasiscanada.ca\\\/#organization\"},\"potentialAction\":[{\"@type\":\"SearchAction\",\"target\":{\"@type\":\"EntryPoint\",\"urlTemplate\":\"https:\\\/\\\/psoriasiscanada.ca\\\/?s={search_term_string}\"},\"query-input\":{\"@type\":\"PropertyValueSpecification\",\"valueRequired\":true,\"valueName\":\"search_term_string\"}}],\"inLanguage\":\"fr-FR\"},{\"@type\":\"Organization\",\"@id\":\"https:\\\/\\\/psoriasiscanada.ca\\\/#organization\",\"name\":\"Psoriasis Canada\",\"url\":\"https:\\\/\\\/psoriasiscanada.ca\\\/\",\"logo\":{\"@type\":\"ImageObject\",\"inLanguage\":\"fr-FR\",\"@id\":\"https:\\\/\\\/psoriasiscanada.ca\\\/#\\\/schema\\\/logo\\\/image\\\/\",\"url\":\"https:\\\/\\\/psoriasiscanada.ca\\\/wp-content\\\/uploads\\\/2025\\\/11\\\/logo.png\",\"contentUrl\":\"https:\\\/\\\/psoriasiscanada.ca\\\/wp-content\\\/uploads\\\/2025\\\/11\\\/logo.png\",\"width\":222,\"height\":73,\"caption\":\"Psoriasis Canada\"},\"image\":{\"@id\":\"https:\\\/\\\/psoriasiscanada.ca\\\/#\\\/schema\\\/logo\\\/image\\\/\"},\"sameAs\":[\"https:\\\/\\\/www.facebook.com\\\/PsoriasisCan1\",\"https:\\\/\\\/www.linkedin.com\\\/in\\\/psoriasiscan1\",\"https:\\\/\\\/www.youtube.com\\\/@PsoriasisCan1\"]}]}<\/script>\n<!-- \/ Yoast SEO plugin. -->","yoast_head_json":{"title":"Aper\u00e7u - Psoriasis Canada","robots":{"index":"index","follow":"follow","max-snippet":"max-snippet:-1","max-image-preview":"max-image-preview:large","max-video-preview":"max-video-preview:-1"},"canonical":"https:\/\/psoriasiscanada.ca\/overview\/","og_locale":"fr_FR","og_type":"article","og_title":"Aper\u00e7u - Psoriasis Canada","og_description":"Aper\u00e7u Psoriasis Canada (PsoCan) est un organisme canadien \u00e0 but non lucratif cr\u00e9\u00e9 en mai 2024 et dirig\u00e9 par un conseil d&#8217;administration compos\u00e9 de personnes ayant une exp\u00e9rience v\u00e9cue de la maladie psoriasique et de ceux qui les soignent. PsoCan r\u00e9unit 26 ans d&#8217;expertise combin\u00e9e de ses deux organisations fondatrices, le R\u00e9seau canadien du psoriasis [&hellip;]","og_url":"https:\/\/psoriasiscanada.ca\/overview\/","og_site_name":"Psoriasis Canada","article_publisher":"https:\/\/www.facebook.com\/PsoriasisCan1","article_modified_time":"2026-04-20T14:56:38+00:00","twitter_card":"summary_large_image","twitter_misc":{"Dur\u00e9e de lecture estim\u00e9e":"1 minute"},"schema":{"@context":"https:\/\/schema.org","@graph":[{"@type":"WebPage","@id":"https:\/\/psoriasiscanada.ca\/overview\/","url":"https:\/\/psoriasiscanada.ca\/overview\/","name":"Aper\u00e7u - Psoriasis Canada","isPartOf":{"@id":"https:\/\/psoriasiscanada.ca\/#website"},"datePublished":"2026-03-19T18:56:19+00:00","dateModified":"2026-04-20T14:56:38+00:00","breadcrumb":{"@id":"https:\/\/psoriasiscanada.ca\/overview\/#breadcrumb"},"inLanguage":"fr-FR","potentialAction":[{"@type":"ReadAction","target":["https:\/\/psoriasiscanada.ca\/overview\/"]}]},{"@type":"BreadcrumbList","@id":"https:\/\/psoriasiscanada.ca\/overview\/#breadcrumb","itemListElement":[{"@type":"ListItem","position":1,"name":"Home","item":"https:\/\/psoriasiscanada.ca\/fr\/home\/"},{"@type":"ListItem","position":2,"name":"Aper\u00e7u"}]},{"@type":"WebSite","@id":"https:\/\/psoriasiscanada.ca\/#website","url":"https:\/\/psoriasiscanada.ca\/","name":"Psoriasis Canada","description":"Psoriasis Canada","publisher":{"@id":"https:\/\/psoriasiscanada.ca\/#organization"},"potentialAction":[{"@type":"SearchAction","target":{"@type":"EntryPoint","urlTemplate":"https:\/\/psoriasiscanada.ca\/?s={search_term_string}"},"query-input":{"@type":"PropertyValueSpecification","valueRequired":true,"valueName":"search_term_string"}}],"inLanguage":"fr-FR"},{"@type":"Organization","@id":"https:\/\/psoriasiscanada.ca\/#organization","name":"Psoriasis Canada","url":"https:\/\/psoriasiscanada.ca\/","logo":{"@type":"ImageObject","inLanguage":"fr-FR","@id":"https:\/\/psoriasiscanada.ca\/#\/schema\/logo\/image\/","url":"https:\/\/psoriasiscanada.ca\/wp-content\/uploads\/2025\/11\/logo.png","contentUrl":"https:\/\/psoriasiscanada.ca\/wp-content\/uploads\/2025\/11\/logo.png","width":222,"height":73,"caption":"Psoriasis Canada"},"image":{"@id":"https:\/\/psoriasiscanada.ca\/#\/schema\/logo\/image\/"},"sameAs":["https:\/\/www.facebook.com\/PsoriasisCan1","https:\/\/www.linkedin.com\/in\/psoriasiscan1","https:\/\/www.youtube.com\/@PsoriasisCan1"]}]}},"_links":{"self":[{"href":"https:\/\/psoriasiscanada.ca\/fr\/wp-json\/wp\/v2\/pages\/2750","targetHints":{"allow":["GET"]}}],"collection":[{"href":"https:\/\/psoriasiscanada.ca\/fr\/wp-json\/wp\/v2\/pages"}],"about":[{"href":"https:\/\/psoriasiscanada.ca\/fr\/wp-json\/wp\/v2\/types\/page"}],"author":[{"embeddable":true,"href":"https:\/\/psoriasiscanada.ca\/fr\/wp-json\/wp\/v2\/users\/1"}],"replies":[{"embeddable":true,"href":"https:\/\/psoriasiscanada.ca\/fr\/wp-json\/wp\/v2\/comments?post=2750"}],"version-history":[{"count":13,"href":"https:\/\/psoriasiscanada.ca\/fr\/wp-json\/wp\/v2\/pages\/2750\/revisions"}],"predecessor-version":[{"id":3654,"href":"https:\/\/psoriasiscanada.ca\/fr\/wp-json\/wp\/v2\/pages\/2750\/revisions\/3654"}],"wp:attachment":[{"href":"https:\/\/psoriasiscanada.ca\/fr\/wp-json\/wp\/v2\/media?parent=2750"}],"curies":[{"name":"wp","href":"https:\/\/api.w.org\/{rel}","templated":true}]}}