{"id":2305,"date":"2025-12-01T12:31:03","date_gmt":"2025-12-01T12:31:03","guid":{"rendered":"https:\/\/psocan.marketaccess.ca\/faire-un-don\/"},"modified":"2026-03-25T13:34:55","modified_gmt":"2026-03-25T13:34:55","slug":"faire-un-don","status":"publish","type":"page","link":"https:\/\/psoriasiscanada.ca\/fr\/faire-un-don\/","title":{"rendered":"Faire un don"},"content":{"rendered":"\t\t<div data-elementor-type=\"wp-page\" data-elementor-id=\"2305\" class=\"elementor elementor-2305 elementor-272\" data-elementor-post-type=\"page\">\n\t\t\t\t<div class=\"elementor-element elementor-element-5e96c21e e-flex e-con-boxed e-con e-parent\" data-id=\"5e96c21e\" data-element_type=\"container\" data-e-type=\"container\">\n\t\t\t\t\t<div class=\"e-con-inner\">\n\t\t\t\t<div class=\"elementor-element elementor-element-ce2713b elementor-widget elementor-widget-heading\" data-id=\"ce2713b\" data-element_type=\"widget\" data-e-type=\"widget\" data-widget_type=\"heading.default\">\n\t\t\t\t\t<h2 class=\"elementor-heading-title elementor-size-default\">Faire un don<\/h2>\t\t\t\t<\/div>\n\t\t\t\t<div class=\"elementor-element elementor-element-68d29fbe elementor-widget elementor-widget-text-editor\" data-id=\"68d29fbe\" data-element_type=\"widget\" data-e-type=\"widget\" data-widget_type=\"text-editor.default\">\n\t\t\t\t\t\t\t\t\t\n<h2><span lang=\"en-US\">Merci pour votre soutien<\/span><\/h2>\n<p><span lang=\"en-US\">Nous appr\u00e9cions sinc\u00e8rement votre g\u00e9n\u00e9rosit\u00e9. Votre don nous aide \u00e0 poursuivre notre travail et \u00e0 avoir un impact significatif sur les communaut\u00e9s que nous servons. Chaque contribution, quel qu&#8217;en soit le montant, joue un r\u00f4le important dans le soutien de notre mission.  <\/span><\/p>\n<p><span lang=\"en-US\">Veuillez noter que bien que nous soyons une <\/span><strong><span lang=\"en-US\">une organisation \u00e0 but non lucratif enregistr\u00e9e au niveau f\u00e9d\u00e9ral<\/span><\/strong><span lang=\"en-US\">nous ne sommes pas <\/span><strong><span lang=\"en-US\">pas un organisme de bienfaisance enregistr\u00e9<\/span><\/strong><span lang=\"en-US\">. Par cons\u00e9quent, nous <\/span><span lang=\"en-US\">de <strong>d\u00e9livrer des re\u00e7us fiscaux pour les dons<\/strong><\/span><span lang=\"en-US\"><strong> pour les dons<\/strong>.<\/span><\/p>\n<p><span lang=\"en-US\">Nous vous remercions de votre soutien et de votre appartenance \u00e0 notre communaut\u00e9. Merci de nous aider \u00e0 poursuivre ce travail important. <\/span><\/p>\n\t\t\t\t\t\t\t\t<\/div>\n\t\t\t\t\t<\/div>\n\t\t\t\t<\/div>\n\t\t<div class=\"elementor-element elementor-element-2bc2359 e-flex e-con-boxed e-con e-parent\" data-id=\"2bc2359\" data-element_type=\"container\" data-e-type=\"container\">\n\t\t\t\t\t<div class=\"e-con-inner\">\n\t\t\t\t<div class=\"elementor-element elementor-element-4dc788a elementor-widget elementor-widget-html\" data-id=\"4dc788a\" data-element_type=\"widget\" data-e-type=\"widget\" data-widget_type=\"html.default\">\n\t\t\t\t\t<form action=\"https:\/\/www.paypal.com\/donate\" method=\"post\" target=\"_blank\">\n  <input type=\"hidden\" name=\"hosted_button_id\" value=\"UP3EC6AWR9UHL\">\n  <input type=\"image\" src=\"https:\/\/www.paypalobjects.com\/fr_FR\/i\/btn\/btn_donate_LG.gif\" border=\"0\" name=\"submit\" title=\"PayPal - Le moyen le plus s\u00fbr et le plus simple de payer en ligne !\" alt=\"Faites un don avec le bouton PayPal\">\n  <img decoding=\"async\" alt=\"\" border=\"0\" src=\"https:\/\/www.paypal.com\/en_CA\/i\/scr\/pixel.gif\" width=\"1\" height=\"1\">\n<\/form>\t\t\t\t<\/div>\n\t\t\t\t\t<\/div>\n\t\t\t\t<\/div>\n\t\t\t\t<\/div>\n\t\t","protected":false},"excerpt":{"rendered":"<p>Faire un don Merci pour votre soutien Nous appr\u00e9cions sinc\u00e8rement votre g\u00e9n\u00e9rosit\u00e9. Votre don nous aide \u00e0 poursuivre notre travail et \u00e0 avoir un impact significatif sur les communaut\u00e9s que nous servons. Chaque contribution, quel qu&#8217;en soit le montant, joue un r\u00f4le important dans le soutien de notre mission. Veuillez noter que bien que nous [&hellip;]<\/p>\n","protected":false},"author":3,"featured_media":0,"parent":0,"menu_order":0,"comment_status":"closed","ping_status":"closed","template":"","meta":{"website_toolbox_forum_postUrl":"","website_toolbox_forum_category":"","website_toolbox_publish_on_forum":"","footnotes":""},"class_list":["post-2305","page","type-page","status-publish","hentry"],"yoast_head":"<!-- This site is optimized with the Yoast SEO plugin v27.4 - https:\/\/yoast.com\/product\/yoast-seo-wordpress\/ -->\n<title>Faire un don - Psoriasis Canada<\/title>\n<meta name=\"robots\" content=\"index, follow, max-snippet:-1, max-image-preview:large, max-video-preview:-1\" \/>\n<link rel=\"canonical\" href=\"https:\/\/psoriasiscanada.ca\/fr\/faire-un-don\/\" \/>\n<meta property=\"og:locale\" content=\"fr_FR\" \/>\n<meta property=\"og:type\" content=\"article\" \/>\n<meta property=\"og:title\" content=\"Faire un don - Psoriasis Canada\" \/>\n<meta property=\"og:description\" content=\"Faire un don Merci pour votre soutien Nous appr\u00e9cions sinc\u00e8rement votre g\u00e9n\u00e9rosit\u00e9. Votre don nous aide \u00e0 poursuivre notre travail et \u00e0 avoir un impact significatif sur les communaut\u00e9s que nous servons. Chaque contribution, quel qu&#8217;en soit le montant, joue un r\u00f4le important dans le soutien de notre mission. Veuillez noter que bien que nous [&hellip;]\" \/>\n<meta property=\"og:url\" content=\"https:\/\/psoriasiscanada.ca\/fr\/faire-un-don\/\" \/>\n<meta property=\"og:site_name\" content=\"Psoriasis Canada\" \/>\n<meta property=\"article:publisher\" content=\"https:\/\/www.facebook.com\/PsoriasisCan1\" \/>\n<meta property=\"article:modified_time\" content=\"2026-03-25T13:34:55+00:00\" \/>\n<meta property=\"og:image\" content=\"https:\/\/www.paypal.com\/en_CA\/i\/scr\/pixel.gif\" \/>\n<meta name=\"twitter:card\" content=\"summary_large_image\" \/>\n<meta name=\"twitter:label1\" content=\"Dur\u00e9e de lecture estim\u00e9e\" \/>\n\t<meta name=\"twitter:data1\" content=\"1 minute\" \/>\n<script type=\"application\/ld+json\" class=\"yoast-schema-graph\">{\"@context\":\"https:\\\/\\\/schema.org\",\"@graph\":[{\"@type\":\"WebPage\",\"@id\":\"https:\\\/\\\/psoriasiscanada.ca\\\/fr\\\/faire-un-don\\\/\",\"url\":\"https:\\\/\\\/psoriasiscanada.ca\\\/fr\\\/faire-un-don\\\/\",\"name\":\"Faire un don - Psoriasis Canada\",\"isPartOf\":{\"@id\":\"https:\\\/\\\/psoriasiscanada.ca\\\/#website\"},\"primaryImageOfPage\":{\"@id\":\"https:\\\/\\\/psoriasiscanada.ca\\\/fr\\\/faire-un-don\\\/#primaryimage\"},\"image\":{\"@id\":\"https:\\\/\\\/psoriasiscanada.ca\\\/fr\\\/faire-un-don\\\/#primaryimage\"},\"thumbnailUrl\":\"https:\\\/\\\/www.paypal.com\\\/en_CA\\\/i\\\/scr\\\/pixel.gif\",\"datePublished\":\"2025-12-01T12:31:03+00:00\",\"dateModified\":\"2026-03-25T13:34:55+00:00\",\"breadcrumb\":{\"@id\":\"https:\\\/\\\/psoriasiscanada.ca\\\/fr\\\/faire-un-don\\\/#breadcrumb\"},\"inLanguage\":\"fr-FR\",\"potentialAction\":[{\"@type\":\"ReadAction\",\"target\":[\"https:\\\/\\\/psoriasiscanada.ca\\\/fr\\\/faire-un-don\\\/\"]}]},{\"@type\":\"ImageObject\",\"inLanguage\":\"fr-FR\",\"@id\":\"https:\\\/\\\/psoriasiscanada.ca\\\/fr\\\/faire-un-don\\\/#primaryimage\",\"url\":\"https:\\\/\\\/www.paypal.com\\\/en_CA\\\/i\\\/scr\\\/pixel.gif\",\"contentUrl\":\"https:\\\/\\\/www.paypal.com\\\/en_CA\\\/i\\\/scr\\\/pixel.gif\"},{\"@type\":\"BreadcrumbList\",\"@id\":\"https:\\\/\\\/psoriasiscanada.ca\\\/fr\\\/faire-un-don\\\/#breadcrumb\",\"itemListElement\":[{\"@type\":\"ListItem\",\"position\":1,\"name\":\"Home\",\"item\":\"https:\\\/\\\/psoriasiscanada.ca\\\/fr\\\/home\\\/\"},{\"@type\":\"ListItem\",\"position\":2,\"name\":\"Faire un don\"}]},{\"@type\":\"WebSite\",\"@id\":\"https:\\\/\\\/psoriasiscanada.ca\\\/#website\",\"url\":\"https:\\\/\\\/psoriasiscanada.ca\\\/\",\"name\":\"Psoriasis Canada\",\"description\":\"Psoriasis Canada\",\"publisher\":{\"@id\":\"https:\\\/\\\/psoriasiscanada.ca\\\/#organization\"},\"potentialAction\":[{\"@type\":\"SearchAction\",\"target\":{\"@type\":\"EntryPoint\",\"urlTemplate\":\"https:\\\/\\\/psoriasiscanada.ca\\\/?s={search_term_string}\"},\"query-input\":{\"@type\":\"PropertyValueSpecification\",\"valueRequired\":true,\"valueName\":\"search_term_string\"}}],\"inLanguage\":\"fr-FR\"},{\"@type\":\"Organization\",\"@id\":\"https:\\\/\\\/psoriasiscanada.ca\\\/#organization\",\"name\":\"Psoriasis Canada\",\"url\":\"https:\\\/\\\/psoriasiscanada.ca\\\/\",\"logo\":{\"@type\":\"ImageObject\",\"inLanguage\":\"fr-FR\",\"@id\":\"https:\\\/\\\/psoriasiscanada.ca\\\/#\\\/schema\\\/logo\\\/image\\\/\",\"url\":\"https:\\\/\\\/psoriasiscanada.ca\\\/wp-content\\\/uploads\\\/2025\\\/11\\\/logo.png\",\"contentUrl\":\"https:\\\/\\\/psoriasiscanada.ca\\\/wp-content\\\/uploads\\\/2025\\\/11\\\/logo.png\",\"width\":222,\"height\":73,\"caption\":\"Psoriasis Canada\"},\"image\":{\"@id\":\"https:\\\/\\\/psoriasiscanada.ca\\\/#\\\/schema\\\/logo\\\/image\\\/\"},\"sameAs\":[\"https:\\\/\\\/www.facebook.com\\\/PsoriasisCan1\",\"https:\\\/\\\/www.linkedin.com\\\/in\\\/psoriasiscan1\",\"https:\\\/\\\/www.youtube.com\\\/@PsoriasisCan1\"]}]}<\/script>\n<!-- \/ Yoast SEO plugin. -->","yoast_head_json":{"title":"Faire un don - Psoriasis Canada","robots":{"index":"index","follow":"follow","max-snippet":"max-snippet:-1","max-image-preview":"max-image-preview:large","max-video-preview":"max-video-preview:-1"},"canonical":"https:\/\/psoriasiscanada.ca\/fr\/faire-un-don\/","og_locale":"fr_FR","og_type":"article","og_title":"Faire un don - Psoriasis Canada","og_description":"Faire un don Merci pour votre soutien Nous appr\u00e9cions sinc\u00e8rement votre g\u00e9n\u00e9rosit\u00e9. Votre don nous aide \u00e0 poursuivre notre travail et \u00e0 avoir un impact significatif sur les communaut\u00e9s que nous servons. Chaque contribution, quel qu&#8217;en soit le montant, joue un r\u00f4le important dans le soutien de notre mission. Veuillez noter que bien que nous [&hellip;]","og_url":"https:\/\/psoriasiscanada.ca\/fr\/faire-un-don\/","og_site_name":"Psoriasis Canada","article_publisher":"https:\/\/www.facebook.com\/PsoriasisCan1","article_modified_time":"2026-03-25T13:34:55+00:00","og_image":[{"url":"https:\/\/www.paypal.com\/en_CA\/i\/scr\/pixel.gif","type":"","width":"","height":""}],"twitter_card":"summary_large_image","twitter_misc":{"Dur\u00e9e de lecture estim\u00e9e":"1 minute"},"schema":{"@context":"https:\/\/schema.org","@graph":[{"@type":"WebPage","@id":"https:\/\/psoriasiscanada.ca\/fr\/faire-un-don\/","url":"https:\/\/psoriasiscanada.ca\/fr\/faire-un-don\/","name":"Faire un don - Psoriasis Canada","isPartOf":{"@id":"https:\/\/psoriasiscanada.ca\/#website"},"primaryImageOfPage":{"@id":"https:\/\/psoriasiscanada.ca\/fr\/faire-un-don\/#primaryimage"},"image":{"@id":"https:\/\/psoriasiscanada.ca\/fr\/faire-un-don\/#primaryimage"},"thumbnailUrl":"https:\/\/www.paypal.com\/en_CA\/i\/scr\/pixel.gif","datePublished":"2025-12-01T12:31:03+00:00","dateModified":"2026-03-25T13:34:55+00:00","breadcrumb":{"@id":"https:\/\/psoriasiscanada.ca\/fr\/faire-un-don\/#breadcrumb"},"inLanguage":"fr-FR","potentialAction":[{"@type":"ReadAction","target":["https:\/\/psoriasiscanada.ca\/fr\/faire-un-don\/"]}]},{"@type":"ImageObject","inLanguage":"fr-FR","@id":"https:\/\/psoriasiscanada.ca\/fr\/faire-un-don\/#primaryimage","url":"https:\/\/www.paypal.com\/en_CA\/i\/scr\/pixel.gif","contentUrl":"https:\/\/www.paypal.com\/en_CA\/i\/scr\/pixel.gif"},{"@type":"BreadcrumbList","@id":"https:\/\/psoriasiscanada.ca\/fr\/faire-un-don\/#breadcrumb","itemListElement":[{"@type":"ListItem","position":1,"name":"Home","item":"https:\/\/psoriasiscanada.ca\/fr\/home\/"},{"@type":"ListItem","position":2,"name":"Faire un don"}]},{"@type":"WebSite","@id":"https:\/\/psoriasiscanada.ca\/#website","url":"https:\/\/psoriasiscanada.ca\/","name":"Psoriasis Canada","description":"Psoriasis Canada","publisher":{"@id":"https:\/\/psoriasiscanada.ca\/#organization"},"potentialAction":[{"@type":"SearchAction","target":{"@type":"EntryPoint","urlTemplate":"https:\/\/psoriasiscanada.ca\/?s={search_term_string}"},"query-input":{"@type":"PropertyValueSpecification","valueRequired":true,"valueName":"search_term_string"}}],"inLanguage":"fr-FR"},{"@type":"Organization","@id":"https:\/\/psoriasiscanada.ca\/#organization","name":"Psoriasis Canada","url":"https:\/\/psoriasiscanada.ca\/","logo":{"@type":"ImageObject","inLanguage":"fr-FR","@id":"https:\/\/psoriasiscanada.ca\/#\/schema\/logo\/image\/","url":"https:\/\/psoriasiscanada.ca\/wp-content\/uploads\/2025\/11\/logo.png","contentUrl":"https:\/\/psoriasiscanada.ca\/wp-content\/uploads\/2025\/11\/logo.png","width":222,"height":73,"caption":"Psoriasis Canada"},"image":{"@id":"https:\/\/psoriasiscanada.ca\/#\/schema\/logo\/image\/"},"sameAs":["https:\/\/www.facebook.com\/PsoriasisCan1","https:\/\/www.linkedin.com\/in\/psoriasiscan1","https:\/\/www.youtube.com\/@PsoriasisCan1"]}]}},"_links":{"self":[{"href":"https:\/\/psoriasiscanada.ca\/fr\/wp-json\/wp\/v2\/pages\/2305","targetHints":{"allow":["GET"]}}],"collection":[{"href":"https:\/\/psoriasiscanada.ca\/fr\/wp-json\/wp\/v2\/pages"}],"about":[{"href":"https:\/\/psoriasiscanada.ca\/fr\/wp-json\/wp\/v2\/types\/page"}],"author":[{"embeddable":true,"href":"https:\/\/psoriasiscanada.ca\/fr\/wp-json\/wp\/v2\/users\/3"}],"replies":[{"embeddable":true,"href":"https:\/\/psoriasiscanada.ca\/fr\/wp-json\/wp\/v2\/comments?post=2305"}],"version-history":[{"count":4,"href":"https:\/\/psoriasiscanada.ca\/fr\/wp-json\/wp\/v2\/pages\/2305\/revisions"}],"predecessor-version":[{"id":3098,"href":"https:\/\/psoriasiscanada.ca\/fr\/wp-json\/wp\/v2\/pages\/2305\/revisions\/3098"}],"wp:attachment":[{"href":"https:\/\/psoriasiscanada.ca\/fr\/wp-json\/wp\/v2\/media?parent=2305"}],"curies":[{"name":"wp","href":"https:\/\/api.w.org\/{rel}","templated":true}]}}