{"id":1784,"date":"2026-02-17T19:12:24","date_gmt":"2026-02-17T19:12:24","guid":{"rendered":"https:\/\/psocan.marketaccess.ca\/decisions-de-traitement-vue-densemble\/peser-vos-decisions-en-matiere-de-traitement\/"},"modified":"2026-02-26T06:24:32","modified_gmt":"2026-02-26T06:24:32","slug":"peser-vos-decisions-en-matiere-de-traitement","status":"publish","type":"page","link":"https:\/\/psoriasiscanada.ca\/fr\/decisions-de-traitement-vue-densemble\/peser-vos-decisions-en-matiere-de-traitement\/","title":{"rendered":"Peser vos d\u00e9cisions en mati\u00e8re de traitement"},"content":{"rendered":"\t\t<div data-elementor-type=\"wp-page\" data-elementor-id=\"1784\" class=\"elementor elementor-1784 elementor-1690\" data-elementor-post-type=\"page\">\n\t\t\t\t<div class=\"elementor-element elementor-element-10557271 e-flex e-con-boxed e-con e-parent\" data-id=\"10557271\" data-element_type=\"container\" data-e-type=\"container\">\n\t\t\t\t\t<div class=\"e-con-inner\">\n\t\t\t\t<div class=\"elementor-element elementor-element-a861396 elementor-widget elementor-widget-heading\" data-id=\"a861396\" data-element_type=\"widget\" data-e-type=\"widget\" data-widget_type=\"heading.default\">\n\t\t\t\t\t<h1 class=\"elementor-heading-title elementor-size-default\">Peser vos d\u00e9cisions en mati\u00e8re de traitement<\/h1>\t\t\t\t<\/div>\n\t\t\t\t\t<\/div>\n\t\t\t\t<\/div>\n\t\t<div class=\"elementor-element elementor-element-30b8c80 e-flex e-con-boxed e-con e-parent\" data-id=\"30b8c80\" data-element_type=\"container\" data-e-type=\"container\">\n\t\t\t\t\t<div class=\"e-con-inner\">\n\t\t\t\t<div class=\"elementor-element elementor-element-afc795e elementor-widget elementor-widget-text-editor\" data-id=\"afc795e\" data-element_type=\"widget\" data-e-type=\"widget\" data-widget_type=\"text-editor.default\">\n\t\t\t\t\t\t\t\t\t<p>Maintenant que vous avez \u00e9valu\u00e9 vos options de traitement, comment d\u00e9cider de ce qui vous convient le mieux ?<\/p>\t\t\t\t\t\t\t\t<\/div>\n\t\t\t\t<div class=\"elementor-element elementor-element-c356052 elementor-widget elementor-widget-heading\" data-id=\"c356052\" data-element_type=\"widget\" data-e-type=\"widget\" data-widget_type=\"heading.default\">\n\t\t\t\t\t<h3 class=\"elementor-heading-title elementor-size-default\">Effets positifs<\/h3>\t\t\t\t<\/div>\n\t\t<div class=\"elementor-element elementor-element-96f7a11 e-con-full e-flex e-con e-child\" data-id=\"96f7a11\" data-element_type=\"container\" data-e-type=\"container\">\n\t\t\t\t<div class=\"elementor-element elementor-element-a2e69fa elementor-widget elementor-widget-text-editor\" data-id=\"a2e69fa\" data-element_type=\"widget\" data-e-type=\"widget\" data-widget_type=\"text-editor.default\">\n\t\t\t\t\t\t\t\t\t<p class=\"et_pb_toggle_title\"><span style=\"font-size: 16px;\">Revenez \u00e0 vos objectifs. En r\u00e9fl\u00e9chissant \u00e0 vos objectifs, d\u00e9terminez deux ou trois <\/span>effets positifs <span style=\"font-size: 16px;\">possibles <\/span>du traitement qui sont<span style=\"font-size: 16px;\"> les plus importants pour vous pour chaque traitement que vous envisagez.<\/span><\/p><div class=\"et_pb_toggle_content clearfix\"><p>Ensuite, pour chaque traitement, d\u00e9terminez le classement des deux ou trois effets positifs les plus importants.<\/p><\/div>\t\t\t\t\t\t\t\t<\/div>\n\t\t\t\t<\/div>\n\t\t\t\t\t<\/div>\n\t\t\t\t<\/div>\n\t\t<div class=\"elementor-element elementor-element-384d8f8 e-flex e-con-boxed e-con e-parent\" data-id=\"384d8f8\" data-element_type=\"container\" data-e-type=\"container\">\n\t\t\t\t\t<div class=\"e-con-inner\">\n\t\t<div class=\"elementor-element elementor-element-8d04b7c e-con-full e-flex e-con e-child\" data-id=\"8d04b7c\" data-element_type=\"container\" data-e-type=\"container\">\n\t\t\t\t<div class=\"elementor-element elementor-element-4a35e90 elementor-widget elementor-widget-text-editor\" data-id=\"4a35e90\" data-element_type=\"widget\" data-e-type=\"widget\" data-widget_type=\"text-editor.default\">\n\t\t\t\t\t\t\t\t\t<p style=\"text-align: center;\"><strong>Option de traitement n\u00b0 1<\/strong><\/p><p style=\"text-align: center;\">Meilleur effet positif<br>Deuxi\u00e8me meilleur effet positif<br>Effet positif le moins important<\/p>\t\t\t\t\t\t\t\t<\/div>\n\t\t\t\t<\/div>\n\t\t<div class=\"elementor-element elementor-element-5351b64 e-con-full e-flex e-con e-child\" data-id=\"5351b64\" data-element_type=\"container\" data-e-type=\"container\">\n\t\t\t\t<div class=\"elementor-element elementor-element-ee68204 elementor-widget elementor-widget-text-editor\" data-id=\"ee68204\" data-element_type=\"widget\" data-e-type=\"widget\" data-widget_type=\"text-editor.default\">\n\t\t\t\t\t\t\t\t\t<p style=\"text-align: center;\"><strong>Option de traitement n\u00b02<\/strong><\/p><p style=\"text-align: center;\">Meilleur effet positif<br>Deuxi\u00e8me meilleur effet positif<br>Effet positif le moins important<\/p>\t\t\t\t\t\t\t\t<\/div>\n\t\t\t\t<\/div>\n\t\t<div class=\"elementor-element elementor-element-c6c869f e-con-full e-flex e-con e-child\" data-id=\"c6c869f\" data-element_type=\"container\" data-e-type=\"container\">\n\t\t\t\t<div class=\"elementor-element elementor-element-41722d5 elementor-widget elementor-widget-text-editor\" data-id=\"41722d5\" data-element_type=\"widget\" data-e-type=\"widget\" data-widget_type=\"text-editor.default\">\n\t\t\t\t\t\t\t\t\t<p style=\"text-align: center;\"><strong>Option de traitement n\u00b0 3<\/strong><\/p><p style=\"text-align: center;\">Meilleur effet positif<br>Deuxi\u00e8me meilleur effet positif<br>Effet positif le moins important<\/p>\t\t\t\t\t\t\t\t<\/div>\n\t\t\t\t<\/div>\n\t\t<div class=\"elementor-element elementor-element-18cfb8a e-con-full e-flex e-con e-child\" data-id=\"18cfb8a\" data-element_type=\"container\" data-e-type=\"container\">\n\t\t\t\t<div class=\"elementor-element elementor-element-17211ea elementor-widget elementor-widget-text-editor\" data-id=\"17211ea\" data-element_type=\"widget\" data-e-type=\"widget\" data-widget_type=\"text-editor.default\">\n\t\t\t\t\t\t\t\t\t<p style=\"text-align: center;\"><strong>Option de traitement n\u00b04<\/strong><\/p><p style=\"text-align: center;\">Meilleur effet positif<br>Deuxi\u00e8me meilleur effet positif<br>Effet positif le moins important<\/p>\t\t\t\t\t\t\t\t<\/div>\n\t\t\t\t<\/div>\n\t\t\t\t\t<\/div>\n\t\t\t\t<\/div>\n\t\t<div class=\"elementor-element elementor-element-0b93c9a e-flex e-con-boxed e-con e-parent\" data-id=\"0b93c9a\" data-element_type=\"container\" data-e-type=\"container\">\n\t\t\t\t\t<div class=\"e-con-inner\">\n\t\t\t\t<div class=\"elementor-element elementor-element-4b35713 elementor-widget elementor-widget-text-editor\" data-id=\"4b35713\" data-element_type=\"widget\" data-e-type=\"widget\" data-widget_type=\"text-editor.default\">\n\t\t\t\t\t\t\t\t\t<p><strong>R\u00e9fl\u00e9chissez maintenant \u00e0 ces questions :<\/strong><\/p><ul><li>Quelles sont les options th\u00e9rapeutiques que je peux exclure ? Pourquoi ? <\/li><li>Quelle(s) option(s) de traitement est (sont) la(les) plus susceptible(s) d&#8217;atteindre mes principaux objectifs ?<\/li><li>Quelle(s) option(s) de traitement me semble(nt) la plus s\u00fbre(s) ?<\/li><\/ul>\t\t\t\t\t\t\t\t<\/div>\n\t\t\t\t\t<\/div>\n\t\t\t\t<\/div>\n\t\t<div class=\"elementor-element elementor-element-43538d3 e-flex e-con-boxed e-con e-parent\" data-id=\"43538d3\" data-element_type=\"container\" data-e-type=\"container\">\n\t\t\t\t\t<div class=\"e-con-inner\">\n\t\t\t\t<div class=\"elementor-element elementor-element-ff84348 elementor-widget elementor-widget-text-editor\" data-id=\"ff84348\" data-element_type=\"widget\" data-e-type=\"widget\" data-widget_type=\"text-editor.default\">\n\t\t\t\t\t\t\t\t\t<p>Maintenant que vous avez \u00e9valu\u00e9 vos options de traitement, comment d\u00e9cider de ce qui vous convient le mieux ?<\/p>\t\t\t\t\t\t\t\t<\/div>\n\t\t\t\t<div class=\"elementor-element elementor-element-7022a29 elementor-widget elementor-widget-heading\" data-id=\"7022a29\" data-element_type=\"widget\" data-e-type=\"widget\" data-widget_type=\"heading.default\">\n\t\t\t\t\t<h3 class=\"elementor-heading-title elementor-size-default\">Effets n\u00e9gatifs<\/h3>\t\t\t\t<\/div>\n\t\t<div class=\"elementor-element elementor-element-150668b e-con-full e-flex e-con e-child\" data-id=\"150668b\" data-element_type=\"container\" data-e-type=\"container\">\n\t\t\t\t<div class=\"elementor-element elementor-element-4a64464 elementor-widget elementor-widget-text-editor\" data-id=\"4a64464\" data-element_type=\"widget\" data-e-type=\"widget\" data-widget_type=\"text-editor.default\">\n\t\t\t\t\t\t\t\t\t<p class=\"et_pb_toggle_title\"><span style=\"font-size: 16px;\">En r\u00e9fl\u00e9chissant \u00e0 vos objectifs, choisissez deux ou trois effets n\u00e9gatifs possibles du traitement. <\/span><strong style=\"font-size: 16px;\">effets n\u00e9gatifs possibles du traitement<\/strong><span style=\"font-size: 16px;\"> qui sont les plus importants pour vous pour chaque traitement envisag\u00e9. Pour chaque traitement, d\u00e9terminez son classement par rapport \u00e0 vos deux ou trois effets n\u00e9gatifs les plus importants.<\/span><\/p>\t\t\t\t\t\t\t\t<\/div>\n\t\t<div class=\"elementor-element elementor-element-be2eec9 e-con-full e-flex e-con e-child\" data-id=\"be2eec9\" data-element_type=\"container\" data-e-type=\"container\">\n\t\t<div class=\"elementor-element elementor-element-a573d4a e-con-full e-flex e-con e-child\" data-id=\"a573d4a\" data-element_type=\"container\" data-e-type=\"container\">\n\t\t\t\t<div class=\"elementor-element elementor-element-c18dd1d elementor-widget elementor-widget-text-editor\" data-id=\"c18dd1d\" data-element_type=\"widget\" data-e-type=\"widget\" data-widget_type=\"text-editor.default\">\n\t\t\t\t\t\t\t\t\t<p style=\"text-align: center;\"><strong>Option de traitement n\u00b0 1<\/strong><\/p><p style=\"text-align: center;\">Effet n\u00e9gatif le plus grave<br>Effet n\u00e9gatif suivant<br>Effet positif le moins important<\/p>\t\t\t\t\t\t\t\t<\/div>\n\t\t\t\t<\/div>\n\t\t<div class=\"elementor-element elementor-element-450543b e-con-full e-flex e-con e-child\" data-id=\"450543b\" data-element_type=\"container\" data-e-type=\"container\">\n\t\t\t\t<div class=\"elementor-element elementor-element-2acadec elementor-widget elementor-widget-text-editor\" data-id=\"2acadec\" data-element_type=\"widget\" data-e-type=\"widget\" data-widget_type=\"text-editor.default\">\n\t\t\t\t\t\t\t\t\t<p style=\"text-align: center;\"><strong>Option de traitement n\u00b02<\/strong><\/p><p style=\"text-align: center;\">Effet n\u00e9gatif le plus grave<br>Effet n\u00e9gatif suivant<br>Effet positif le moins important<\/p>\t\t\t\t\t\t\t\t<\/div>\n\t\t\t\t<\/div>\n\t\t<div class=\"elementor-element elementor-element-8f88da6 e-con-full e-flex e-con e-child\" data-id=\"8f88da6\" data-element_type=\"container\" data-e-type=\"container\">\n\t\t\t\t<div class=\"elementor-element elementor-element-86c34bb elementor-widget elementor-widget-text-editor\" data-id=\"86c34bb\" data-element_type=\"widget\" data-e-type=\"widget\" data-widget_type=\"text-editor.default\">\n\t\t\t\t\t\t\t\t\t<p style=\"text-align: center;\"><strong>Option de traitement n\u00b0 3<\/strong><\/p><p style=\"text-align: center;\">Effet n\u00e9gatif le plus grave<br>Effet n\u00e9gatif suivant<br>Effet positif le moins important<\/p>\t\t\t\t\t\t\t\t<\/div>\n\t\t\t\t<\/div>\n\t\t<div class=\"elementor-element elementor-element-74f400f e-con-full e-flex e-con e-child\" data-id=\"74f400f\" data-element_type=\"container\" data-e-type=\"container\">\n\t\t\t\t<div class=\"elementor-element elementor-element-09a08fd elementor-widget elementor-widget-text-editor\" data-id=\"09a08fd\" data-element_type=\"widget\" data-e-type=\"widget\" data-widget_type=\"text-editor.default\">\n\t\t\t\t\t\t\t\t\t<p style=\"text-align: center;\"><strong>Option de traitement n\u00b04<\/strong><\/p><p style=\"text-align: center;\">Effet n\u00e9gatif le plus grave<br>Effet n\u00e9gatif suivant<br>Effet positif le moins important<\/p>\t\t\t\t\t\t\t\t<\/div>\n\t\t\t\t<\/div>\n\t\t\t\t<\/div>\n\t\t\t\t<\/div>\n\t\t\t\t\t<\/div>\n\t\t\t\t<\/div>\n\t\t<div class=\"elementor-element elementor-element-4837aae e-flex e-con-boxed e-con e-parent\" data-id=\"4837aae\" data-element_type=\"container\" data-e-type=\"container\">\n\t\t\t\t\t<div class=\"e-con-inner\">\n\t\t\t\t<div class=\"elementor-element elementor-element-58ab125 elementor-widget elementor-widget-text-editor\" data-id=\"58ab125\" data-element_type=\"widget\" data-e-type=\"widget\" data-widget_type=\"text-editor.default\">\n\t\t\t\t\t\t\t\t\t<p><strong>R\u00e9fl\u00e9chissez maintenant \u00e0 ces questions :<\/strong><\/p><ul><li>Quelles sont les options th\u00e9rapeutiques que je peux exclure ? Pourquoi ? <\/li><li>Quelle(s) option(s) de traitement est (sont) la(les) plus susceptible(s) d&#8217;atteindre mes principaux objectifs ?<\/li><li>Quelle(s) option(s) de traitement me semble(nt) la plus s\u00fbre(s) ?<\/li><\/ul>\t\t\t\t\t\t\t\t<\/div>\n\t\t\t\t\t<\/div>\n\t\t\t\t<\/div>\n\t\t<div class=\"elementor-element elementor-element-3fcfb2a e-flex e-con-boxed e-con e-parent\" data-id=\"3fcfb2a\" data-element_type=\"container\" data-e-type=\"container\">\n\t\t\t\t\t<div class=\"e-con-inner\">\n\t\t\t\t<div class=\"elementor-element elementor-element-a6f955a elementor-widget elementor-widget-text-editor\" data-id=\"a6f955a\" data-element_type=\"widget\" data-e-type=\"widget\" data-widget_type=\"text-editor.default\">\n\t\t\t\t\t\t\t\t\t<h3 class=\"et_pb_toggle_title\">L&#8217;impact de vos choix<\/h3><div class=\"et_pb_toggle_content clearfix\"><p>Enfin, tenez compte des incertitudes et de l&#8217;impact de vos choix :<\/p><ul><li>Que pensez-vous des incertitudes li\u00e9es \u00e0 l&#8217;avis des experts sur le(s) traitement(s) envisag\u00e9(s) ? Comment cela affecte-t-il mon niveau de confort pour chaque traitement ? <\/li><li>Que pensez-vous des autres types d&#8217;impacts sur moi ou sur mes proches si je suis ce traitement <em>(par exemple, n\u00e9cessit\u00e9 de voyager, impact sur les finances)<\/em>? Quelles sont les cons\u00e9quences les plus importantes pour <em>moi<\/em>? Puis-je les \u00e9num\u00e9rer dans l&#8217;ordre, du plus important au moins important ? Comment s&#8217;appliquent-ils aux options de traitement que je privil\u00e9gie ?   <\/li><li>Puis-je identifier les options de traitement pour lesquelles je me sens le plus en confiance et pourquoi ?<\/li><\/ul><\/div>\t\t\t\t\t\t\t\t<\/div>\n\t\t\t\t\t<\/div>\n\t\t\t\t<\/div>\n\t\t<div class=\"elementor-element elementor-element-d768b61 e-flex e-con-boxed e-con e-parent\" data-id=\"d768b61\" data-element_type=\"container\" data-e-type=\"container\">\n\t\t\t\t\t<div class=\"e-con-inner\">\n\t\t\t\t<div class=\"elementor-element elementor-element-40958b6 elementor-widget elementor-widget-text-editor\" data-id=\"40958b6\" data-element_type=\"widget\" data-e-type=\"widget\" data-widget_type=\"text-editor.default\">\n\t\t\t\t\t\t\t\t\t<h3 class=\"et_pb_toggle_title\">Revoyez votre fa\u00e7on de penser<\/h3><div class=\"et_pb_toggle_content clearfix\"><p>Enfin, v\u00e9rifiez \u00e0 nouveau votre raisonnement. Qu&#8217;est-ce qui a pu &#8211; \u00e0 tort ou \u00e0 raison &#8211; influencer votre r\u00e9flexion et vos d\u00e9cisions ? Par exemple :  <\/p><ul><li>Mes \u00e9motions : peur, espoir, sentiment de frustration ou de d\u00e9sespoir.<\/li><li>Ce que ressentent les personnes qui me sont ch\u00e8res.<\/li><li>Mes hypoth\u00e8ses &#8211; ou celles d&#8217;autres personnes &#8211; sur les traitements ou sur d&#8217;autres aspects li\u00e9s \u00e0 ma maladie psoriasique. Ces hypoth\u00e8ses sont-elles raisonnables ? Sont-elles toujours valables compte tenu de ce que je sais aujourd&#8217;hui ?  <\/li><\/ul><\/div>\t\t\t\t\t\t\t\t<\/div>\n\t\t\t\t\t<\/div>\n\t\t\t\t<\/div>\n\t\t<div class=\"elementor-element elementor-element-3eb20d6 e-flex e-con-boxed e-con e-parent\" data-id=\"3eb20d6\" data-element_type=\"container\" data-e-type=\"container\">\n\t\t\t\t\t<div class=\"e-con-inner\">\n\t\t\t\t<div class=\"elementor-element elementor-element-6f41b20 elementor-widget elementor-widget-text-editor\" data-id=\"6f41b20\" data-element_type=\"widget\" data-e-type=\"widget\" data-widget_type=\"text-editor.default\">\n\t\t\t\t\t\t\t\t\t<p class=\"et_pb_toggle_title\"><strong>\u00c0 ce stade de votre d\u00e9marche, vous avez soigneusement \u00e9valu\u00e9 et pes\u00e9 vos options. Vous les avez r\u00e9duites. Vous \u00eates pr\u00eat \u00e0 choisir les options de traitement qui, selon vous, ont de bonnes chances de vous aider \u00e0 atteindre votre\/vos objectif(s).  <\/strong><\/p>\t\t\t\t\t\t\t\t<\/div>\n\t\t\t\t\t<\/div>\n\t\t\t\t<\/div>\n\t\t\t\t<\/div>\n\t\t","protected":false},"excerpt":{"rendered":"<p>Peser vos d\u00e9cisions en mati\u00e8re de traitement Maintenant que vous avez \u00e9valu\u00e9 vos options de traitement, comment d\u00e9cider de ce qui vous convient le mieux ? Effets positifs Revenez \u00e0 vos objectifs. En r\u00e9fl\u00e9chissant \u00e0 vos objectifs, d\u00e9terminez deux ou trois effets positifs possibles du traitement qui sont les plus importants pour vous pour chaque [&hellip;]<\/p>\n","protected":false},"author":1,"featured_media":0,"parent":1764,"menu_order":0,"comment_status":"closed","ping_status":"closed","template":"","meta":{"website_toolbox_forum_postUrl":"","website_toolbox_forum_category":"","website_toolbox_publish_on_forum":"","footnotes":""},"class_list":["post-1784","page","type-page","status-publish","hentry"],"yoast_head":"<!-- This site is optimized with the Yoast SEO plugin v27.4 - https:\/\/yoast.com\/product\/yoast-seo-wordpress\/ -->\n<title>Peser vos d\u00e9cisions en mati\u00e8re de traitement - Psoriasis Canada<\/title>\n<meta name=\"robots\" content=\"index, follow, max-snippet:-1, max-image-preview:large, max-video-preview:-1\" \/>\n<link rel=\"canonical\" href=\"https:\/\/psoriasiscanada.ca\/fr\/decisions-de-traitement-vue-densemble\/peser-vos-decisions-en-matiere-de-traitement\/\" \/>\n<meta property=\"og:locale\" content=\"fr_FR\" \/>\n<meta property=\"og:type\" content=\"article\" \/>\n<meta property=\"og:title\" content=\"Peser vos d\u00e9cisions en mati\u00e8re de traitement - Psoriasis Canada\" \/>\n<meta property=\"og:description\" content=\"Peser vos d\u00e9cisions en mati\u00e8re de traitement Maintenant que vous avez \u00e9valu\u00e9 vos options de traitement, comment d\u00e9cider de ce qui vous convient le mieux ? Effets positifs Revenez \u00e0 vos objectifs. En r\u00e9fl\u00e9chissant \u00e0 vos objectifs, d\u00e9terminez deux ou trois effets positifs possibles du traitement qui sont les plus importants pour vous pour chaque [&hellip;]\" \/>\n<meta property=\"og:url\" content=\"https:\/\/psoriasiscanada.ca\/fr\/decisions-de-traitement-vue-densemble\/peser-vos-decisions-en-matiere-de-traitement\/\" \/>\n<meta property=\"og:site_name\" content=\"Psoriasis Canada\" \/>\n<meta property=\"article:publisher\" content=\"https:\/\/www.facebook.com\/PsoriasisCan1\" \/>\n<meta property=\"article:modified_time\" content=\"2026-02-26T06:24:32+00:00\" \/>\n<meta name=\"twitter:card\" content=\"summary_large_image\" \/>\n<meta name=\"twitter:label1\" content=\"Dur\u00e9e de lecture estim\u00e9e\" \/>\n\t<meta name=\"twitter:data1\" content=\"3 minutes\" \/>\n<script type=\"application\/ld+json\" class=\"yoast-schema-graph\">{\"@context\":\"https:\\\/\\\/schema.org\",\"@graph\":[{\"@type\":\"WebPage\",\"@id\":\"https:\\\/\\\/psoriasiscanada.ca\\\/fr\\\/decisions-de-traitement-vue-densemble\\\/peser-vos-decisions-en-matiere-de-traitement\\\/\",\"url\":\"https:\\\/\\\/psoriasiscanada.ca\\\/fr\\\/decisions-de-traitement-vue-densemble\\\/peser-vos-decisions-en-matiere-de-traitement\\\/\",\"name\":\"Peser vos d\u00e9cisions en mati\u00e8re de traitement - Psoriasis Canada\",\"isPartOf\":{\"@id\":\"https:\\\/\\\/psoriasiscanada.ca\\\/#website\"},\"datePublished\":\"2026-02-17T19:12:24+00:00\",\"dateModified\":\"2026-02-26T06:24:32+00:00\",\"breadcrumb\":{\"@id\":\"https:\\\/\\\/psoriasiscanada.ca\\\/fr\\\/decisions-de-traitement-vue-densemble\\\/peser-vos-decisions-en-matiere-de-traitement\\\/#breadcrumb\"},\"inLanguage\":\"fr-FR\",\"potentialAction\":[{\"@type\":\"ReadAction\",\"target\":[\"https:\\\/\\\/psoriasiscanada.ca\\\/fr\\\/decisions-de-traitement-vue-densemble\\\/peser-vos-decisions-en-matiere-de-traitement\\\/\"]}]},{\"@type\":\"BreadcrumbList\",\"@id\":\"https:\\\/\\\/psoriasiscanada.ca\\\/fr\\\/decisions-de-traitement-vue-densemble\\\/peser-vos-decisions-en-matiere-de-traitement\\\/#breadcrumb\",\"itemListElement\":[{\"@type\":\"ListItem\",\"position\":1,\"name\":\"Home\",\"item\":\"https:\\\/\\\/psoriasiscanada.ca\\\/fr\\\/home\\\/\"},{\"@type\":\"ListItem\",\"position\":2,\"name\":\"D\u00e9cisions de traitement &#8211; Vue d&#8217;ensemble\",\"item\":\"https:\\\/\\\/psoriasiscanada.ca\\\/fr\\\/decisions-de-traitement-vue-densemble\\\/\"},{\"@type\":\"ListItem\",\"position\":3,\"name\":\"Peser vos d\u00e9cisions en mati\u00e8re de traitement\"}]},{\"@type\":\"WebSite\",\"@id\":\"https:\\\/\\\/psoriasiscanada.ca\\\/#website\",\"url\":\"https:\\\/\\\/psoriasiscanada.ca\\\/\",\"name\":\"Psoriasis Canada\",\"description\":\"Psoriasis Canada\",\"publisher\":{\"@id\":\"https:\\\/\\\/psoriasiscanada.ca\\\/#organization\"},\"potentialAction\":[{\"@type\":\"SearchAction\",\"target\":{\"@type\":\"EntryPoint\",\"urlTemplate\":\"https:\\\/\\\/psoriasiscanada.ca\\\/?s={search_term_string}\"},\"query-input\":{\"@type\":\"PropertyValueSpecification\",\"valueRequired\":true,\"valueName\":\"search_term_string\"}}],\"inLanguage\":\"fr-FR\"},{\"@type\":\"Organization\",\"@id\":\"https:\\\/\\\/psoriasiscanada.ca\\\/#organization\",\"name\":\"Psoriasis Canada\",\"url\":\"https:\\\/\\\/psoriasiscanada.ca\\\/\",\"logo\":{\"@type\":\"ImageObject\",\"inLanguage\":\"fr-FR\",\"@id\":\"https:\\\/\\\/psoriasiscanada.ca\\\/#\\\/schema\\\/logo\\\/image\\\/\",\"url\":\"https:\\\/\\\/psoriasiscanada.ca\\\/wp-content\\\/uploads\\\/2025\\\/11\\\/logo.png\",\"contentUrl\":\"https:\\\/\\\/psoriasiscanada.ca\\\/wp-content\\\/uploads\\\/2025\\\/11\\\/logo.png\",\"width\":222,\"height\":73,\"caption\":\"Psoriasis Canada\"},\"image\":{\"@id\":\"https:\\\/\\\/psoriasiscanada.ca\\\/#\\\/schema\\\/logo\\\/image\\\/\"},\"sameAs\":[\"https:\\\/\\\/www.facebook.com\\\/PsoriasisCan1\",\"https:\\\/\\\/www.linkedin.com\\\/in\\\/psoriasiscan1\",\"https:\\\/\\\/www.youtube.com\\\/@PsoriasisCan1\"]}]}<\/script>\n<!-- \/ Yoast SEO plugin. -->","yoast_head_json":{"title":"Peser vos d\u00e9cisions en mati\u00e8re de traitement - Psoriasis Canada","robots":{"index":"index","follow":"follow","max-snippet":"max-snippet:-1","max-image-preview":"max-image-preview:large","max-video-preview":"max-video-preview:-1"},"canonical":"https:\/\/psoriasiscanada.ca\/fr\/decisions-de-traitement-vue-densemble\/peser-vos-decisions-en-matiere-de-traitement\/","og_locale":"fr_FR","og_type":"article","og_title":"Peser vos d\u00e9cisions en mati\u00e8re de traitement - Psoriasis Canada","og_description":"Peser vos d\u00e9cisions en mati\u00e8re de traitement Maintenant que vous avez \u00e9valu\u00e9 vos options de traitement, comment d\u00e9cider de ce qui vous convient le mieux ? Effets positifs Revenez \u00e0 vos objectifs. En r\u00e9fl\u00e9chissant \u00e0 vos objectifs, d\u00e9terminez deux ou trois effets positifs possibles du traitement qui sont les plus importants pour vous pour chaque [&hellip;]","og_url":"https:\/\/psoriasiscanada.ca\/fr\/decisions-de-traitement-vue-densemble\/peser-vos-decisions-en-matiere-de-traitement\/","og_site_name":"Psoriasis Canada","article_publisher":"https:\/\/www.facebook.com\/PsoriasisCan1","article_modified_time":"2026-02-26T06:24:32+00:00","twitter_card":"summary_large_image","twitter_misc":{"Dur\u00e9e de lecture estim\u00e9e":"3 minutes"},"schema":{"@context":"https:\/\/schema.org","@graph":[{"@type":"WebPage","@id":"https:\/\/psoriasiscanada.ca\/fr\/decisions-de-traitement-vue-densemble\/peser-vos-decisions-en-matiere-de-traitement\/","url":"https:\/\/psoriasiscanada.ca\/fr\/decisions-de-traitement-vue-densemble\/peser-vos-decisions-en-matiere-de-traitement\/","name":"Peser vos d\u00e9cisions en mati\u00e8re de traitement - Psoriasis Canada","isPartOf":{"@id":"https:\/\/psoriasiscanada.ca\/#website"},"datePublished":"2026-02-17T19:12:24+00:00","dateModified":"2026-02-26T06:24:32+00:00","breadcrumb":{"@id":"https:\/\/psoriasiscanada.ca\/fr\/decisions-de-traitement-vue-densemble\/peser-vos-decisions-en-matiere-de-traitement\/#breadcrumb"},"inLanguage":"fr-FR","potentialAction":[{"@type":"ReadAction","target":["https:\/\/psoriasiscanada.ca\/fr\/decisions-de-traitement-vue-densemble\/peser-vos-decisions-en-matiere-de-traitement\/"]}]},{"@type":"BreadcrumbList","@id":"https:\/\/psoriasiscanada.ca\/fr\/decisions-de-traitement-vue-densemble\/peser-vos-decisions-en-matiere-de-traitement\/#breadcrumb","itemListElement":[{"@type":"ListItem","position":1,"name":"Home","item":"https:\/\/psoriasiscanada.ca\/fr\/home\/"},{"@type":"ListItem","position":2,"name":"D\u00e9cisions de traitement &#8211; Vue d&#8217;ensemble","item":"https:\/\/psoriasiscanada.ca\/fr\/decisions-de-traitement-vue-densemble\/"},{"@type":"ListItem","position":3,"name":"Peser vos d\u00e9cisions en mati\u00e8re de traitement"}]},{"@type":"WebSite","@id":"https:\/\/psoriasiscanada.ca\/#website","url":"https:\/\/psoriasiscanada.ca\/","name":"Psoriasis Canada","description":"Psoriasis Canada","publisher":{"@id":"https:\/\/psoriasiscanada.ca\/#organization"},"potentialAction":[{"@type":"SearchAction","target":{"@type":"EntryPoint","urlTemplate":"https:\/\/psoriasiscanada.ca\/?s={search_term_string}"},"query-input":{"@type":"PropertyValueSpecification","valueRequired":true,"valueName":"search_term_string"}}],"inLanguage":"fr-FR"},{"@type":"Organization","@id":"https:\/\/psoriasiscanada.ca\/#organization","name":"Psoriasis Canada","url":"https:\/\/psoriasiscanada.ca\/","logo":{"@type":"ImageObject","inLanguage":"fr-FR","@id":"https:\/\/psoriasiscanada.ca\/#\/schema\/logo\/image\/","url":"https:\/\/psoriasiscanada.ca\/wp-content\/uploads\/2025\/11\/logo.png","contentUrl":"https:\/\/psoriasiscanada.ca\/wp-content\/uploads\/2025\/11\/logo.png","width":222,"height":73,"caption":"Psoriasis Canada"},"image":{"@id":"https:\/\/psoriasiscanada.ca\/#\/schema\/logo\/image\/"},"sameAs":["https:\/\/www.facebook.com\/PsoriasisCan1","https:\/\/www.linkedin.com\/in\/psoriasiscan1","https:\/\/www.youtube.com\/@PsoriasisCan1"]}]}},"_links":{"self":[{"href":"https:\/\/psoriasiscanada.ca\/fr\/wp-json\/wp\/v2\/pages\/1784","targetHints":{"allow":["GET"]}}],"collection":[{"href":"https:\/\/psoriasiscanada.ca\/fr\/wp-json\/wp\/v2\/pages"}],"about":[{"href":"https:\/\/psoriasiscanada.ca\/fr\/wp-json\/wp\/v2\/types\/page"}],"author":[{"embeddable":true,"href":"https:\/\/psoriasiscanada.ca\/fr\/wp-json\/wp\/v2\/users\/1"}],"replies":[{"embeddable":true,"href":"https:\/\/psoriasiscanada.ca\/fr\/wp-json\/wp\/v2\/comments?post=1784"}],"version-history":[{"count":4,"href":"https:\/\/psoriasiscanada.ca\/fr\/wp-json\/wp\/v2\/pages\/1784\/revisions"}],"predecessor-version":[{"id":2268,"href":"https:\/\/psoriasiscanada.ca\/fr\/wp-json\/wp\/v2\/pages\/1784\/revisions\/2268"}],"up":[{"embeddable":true,"href":"https:\/\/psoriasiscanada.ca\/fr\/wp-json\/wp\/v2\/pages\/1764"}],"wp:attachment":[{"href":"https:\/\/psoriasiscanada.ca\/fr\/wp-json\/wp\/v2\/media?parent=1784"}],"curies":[{"name":"wp","href":"https:\/\/api.w.org\/{rel}","templated":true}]}}