{"id":1773,"date":"2026-02-17T19:36:07","date_gmt":"2026-02-17T19:36:07","guid":{"rendered":"https:\/\/psocan.marketaccess.ca\/decisions-de-traitement-vue-densemble\/dernieres-reflexions\/"},"modified":"2026-02-26T06:30:48","modified_gmt":"2026-02-26T06:30:48","slug":"dernieres-reflexions","status":"publish","type":"page","link":"https:\/\/psoriasiscanada.ca\/fr\/decisions-de-traitement-vue-densemble\/dernieres-reflexions\/","title":{"rendered":"Derni\u00e8res r\u00e9flexions"},"content":{"rendered":"\t\t<div data-elementor-type=\"wp-page\" data-elementor-id=\"1773\" class=\"elementor elementor-1773 elementor-1708\" data-elementor-post-type=\"page\">\n\t\t\t\t<div class=\"elementor-element elementor-element-10557271 e-flex e-con-boxed e-con e-parent\" data-id=\"10557271\" data-element_type=\"container\" data-e-type=\"container\">\n\t\t\t\t\t<div class=\"e-con-inner\">\n\t\t\t\t<div class=\"elementor-element elementor-element-a861396 elementor-widget elementor-widget-heading\" data-id=\"a861396\" data-element_type=\"widget\" data-e-type=\"widget\" data-widget_type=\"heading.default\">\n\t\t\t\t\t<h1 class=\"elementor-heading-title elementor-size-default\">Derni\u00e8res r\u00e9flexions<\/h1>\t\t\t\t<\/div>\n\t\t\t\t\t<\/div>\n\t\t\t\t<\/div>\n\t\t<div class=\"elementor-element elementor-element-50e6c68 e-flex e-con-boxed e-con e-parent\" data-id=\"50e6c68\" data-element_type=\"container\" data-e-type=\"container\">\n\t\t\t\t\t<div class=\"e-con-inner\">\n\t\t\t\t<div class=\"elementor-element elementor-element-ebcb40a elementor-widget elementor-widget-text-editor\" data-id=\"ebcb40a\" data-element_type=\"widget\" data-e-type=\"widget\" data-widget_type=\"text-editor.default\">\n\t\t\t\t\t\t\t\t\t<p>N&#8217;oubliez pas de suivre ce processus <strong>au moins une fois par an<\/strong>, ou \u00e0 chaque fois qu&#8217;un changement dans votre vie vous fait prendre conscience de la n\u00e9cessit\u00e9 de revoir vos objectifs ou vos options de traitement.<\/p><p>Enfin, n&#8217;oubliez pas qu&#8217;il est tr\u00e8s important que vous<strong> parliez \u00e0 votre \u00e9quipe soignante de vos exp\u00e9riences<\/strong> avec votre\/vos traitement(s).<\/p><p><strong>En particulier, faites-leur savoir si<\/strong><\/p><ul><li>vous r\u00e9pondez bien au traitement qu&#8217;ils vous ont recommand\u00e9 et qu&#8217;il vous aide \u00e0 atteindre votre\/vos objectif(s) ;<\/li><li>vous ne r\u00e9pondez pas au traitement ;<\/li><li>le traitement cesse d&#8217;\u00eatre efficace pour vous ou devient moins efficace avec le temps ;<\/li><li>vous ressentez des effets n\u00e9gatifs du traitement ;<\/li><li>vous subissez des effets n\u00e9gatifs lors de l&#8217;introduction d&#8217;un nouveau traitement et de sa combinaison avec d&#8217;autres traitements ; ou<\/li><li>tout autre \u00e9l\u00e9ment affectant votre capacit\u00e9 \u00e0 suivre votre traitement.<\/li><\/ul>\t\t\t\t\t\t\t\t<\/div>\n\t\t\t\t\t<\/div>\n\t\t\t\t<\/div>\n\t\t\t\t<\/div>\n\t\t","protected":false},"excerpt":{"rendered":"<p>Derni\u00e8res r\u00e9flexions N&#8217;oubliez pas de suivre ce processus au moins une fois par an, ou \u00e0 chaque fois qu&#8217;un changement dans votre vie vous fait prendre conscience de la n\u00e9cessit\u00e9 de revoir vos objectifs ou vos options de traitement. Enfin, n&#8217;oubliez pas qu&#8217;il est tr\u00e8s important que vous parliez \u00e0 votre \u00e9quipe soignante de vos [&hellip;]<\/p>\n","protected":false},"author":1,"featured_media":0,"parent":1764,"menu_order":0,"comment_status":"closed","ping_status":"closed","template":"","meta":{"website_toolbox_forum_postUrl":"","website_toolbox_forum_category":"","website_toolbox_publish_on_forum":"","footnotes":""},"class_list":["post-1773","page","type-page","status-publish","hentry"],"yoast_head":"<!-- This site is optimized with the Yoast SEO plugin v27.4 - https:\/\/yoast.com\/product\/yoast-seo-wordpress\/ -->\n<title>Derni\u00e8res r\u00e9flexions - Psoriasis Canada<\/title>\n<meta name=\"robots\" content=\"index, follow, max-snippet:-1, max-image-preview:large, max-video-preview:-1\" \/>\n<link rel=\"canonical\" href=\"https:\/\/psoriasiscanada.ca\/fr\/decisions-de-traitement-vue-densemble\/dernieres-reflexions\/\" \/>\n<meta property=\"og:locale\" content=\"fr_FR\" \/>\n<meta property=\"og:type\" content=\"article\" \/>\n<meta property=\"og:title\" content=\"Derni\u00e8res r\u00e9flexions - Psoriasis Canada\" \/>\n<meta property=\"og:description\" content=\"Derni\u00e8res r\u00e9flexions N&#8217;oubliez pas de suivre ce processus au moins une fois par an, ou \u00e0 chaque fois qu&#8217;un changement dans votre vie vous fait prendre conscience de la n\u00e9cessit\u00e9 de revoir vos objectifs ou vos options de traitement. Enfin, n&#8217;oubliez pas qu&#8217;il est tr\u00e8s important que vous parliez \u00e0 votre \u00e9quipe soignante de vos [&hellip;]\" \/>\n<meta property=\"og:url\" content=\"https:\/\/psoriasiscanada.ca\/fr\/decisions-de-traitement-vue-densemble\/dernieres-reflexions\/\" \/>\n<meta property=\"og:site_name\" content=\"Psoriasis Canada\" \/>\n<meta property=\"article:publisher\" content=\"https:\/\/www.facebook.com\/PsoriasisCan1\" \/>\n<meta property=\"article:modified_time\" content=\"2026-02-26T06:30:48+00:00\" \/>\n<meta name=\"twitter:card\" content=\"summary_large_image\" \/>\n<meta name=\"twitter:label1\" content=\"Dur\u00e9e de lecture estim\u00e9e\" \/>\n\t<meta name=\"twitter:data1\" content=\"1 minute\" \/>\n<script type=\"application\/ld+json\" class=\"yoast-schema-graph\">{\"@context\":\"https:\\\/\\\/schema.org\",\"@graph\":[{\"@type\":\"WebPage\",\"@id\":\"https:\\\/\\\/psoriasiscanada.ca\\\/fr\\\/decisions-de-traitement-vue-densemble\\\/dernieres-reflexions\\\/\",\"url\":\"https:\\\/\\\/psoriasiscanada.ca\\\/fr\\\/decisions-de-traitement-vue-densemble\\\/dernieres-reflexions\\\/\",\"name\":\"Derni\u00e8res r\u00e9flexions - Psoriasis Canada\",\"isPartOf\":{\"@id\":\"https:\\\/\\\/psoriasiscanada.ca\\\/#website\"},\"datePublished\":\"2026-02-17T19:36:07+00:00\",\"dateModified\":\"2026-02-26T06:30:48+00:00\",\"breadcrumb\":{\"@id\":\"https:\\\/\\\/psoriasiscanada.ca\\\/fr\\\/decisions-de-traitement-vue-densemble\\\/dernieres-reflexions\\\/#breadcrumb\"},\"inLanguage\":\"fr-FR\",\"potentialAction\":[{\"@type\":\"ReadAction\",\"target\":[\"https:\\\/\\\/psoriasiscanada.ca\\\/fr\\\/decisions-de-traitement-vue-densemble\\\/dernieres-reflexions\\\/\"]}]},{\"@type\":\"BreadcrumbList\",\"@id\":\"https:\\\/\\\/psoriasiscanada.ca\\\/fr\\\/decisions-de-traitement-vue-densemble\\\/dernieres-reflexions\\\/#breadcrumb\",\"itemListElement\":[{\"@type\":\"ListItem\",\"position\":1,\"name\":\"Home\",\"item\":\"https:\\\/\\\/psoriasiscanada.ca\\\/fr\\\/home\\\/\"},{\"@type\":\"ListItem\",\"position\":2,\"name\":\"D\u00e9cisions de traitement &#8211; Vue d&#8217;ensemble\",\"item\":\"https:\\\/\\\/psoriasiscanada.ca\\\/fr\\\/decisions-de-traitement-vue-densemble\\\/\"},{\"@type\":\"ListItem\",\"position\":3,\"name\":\"Derni\u00e8res r\u00e9flexions\"}]},{\"@type\":\"WebSite\",\"@id\":\"https:\\\/\\\/psoriasiscanada.ca\\\/#website\",\"url\":\"https:\\\/\\\/psoriasiscanada.ca\\\/\",\"name\":\"Psoriasis Canada\",\"description\":\"Psoriasis Canada\",\"publisher\":{\"@id\":\"https:\\\/\\\/psoriasiscanada.ca\\\/#organization\"},\"potentialAction\":[{\"@type\":\"SearchAction\",\"target\":{\"@type\":\"EntryPoint\",\"urlTemplate\":\"https:\\\/\\\/psoriasiscanada.ca\\\/?s={search_term_string}\"},\"query-input\":{\"@type\":\"PropertyValueSpecification\",\"valueRequired\":true,\"valueName\":\"search_term_string\"}}],\"inLanguage\":\"fr-FR\"},{\"@type\":\"Organization\",\"@id\":\"https:\\\/\\\/psoriasiscanada.ca\\\/#organization\",\"name\":\"Psoriasis Canada\",\"url\":\"https:\\\/\\\/psoriasiscanada.ca\\\/\",\"logo\":{\"@type\":\"ImageObject\",\"inLanguage\":\"fr-FR\",\"@id\":\"https:\\\/\\\/psoriasiscanada.ca\\\/#\\\/schema\\\/logo\\\/image\\\/\",\"url\":\"https:\\\/\\\/psoriasiscanada.ca\\\/wp-content\\\/uploads\\\/2025\\\/11\\\/logo.png\",\"contentUrl\":\"https:\\\/\\\/psoriasiscanada.ca\\\/wp-content\\\/uploads\\\/2025\\\/11\\\/logo.png\",\"width\":222,\"height\":73,\"caption\":\"Psoriasis Canada\"},\"image\":{\"@id\":\"https:\\\/\\\/psoriasiscanada.ca\\\/#\\\/schema\\\/logo\\\/image\\\/\"},\"sameAs\":[\"https:\\\/\\\/www.facebook.com\\\/PsoriasisCan1\",\"https:\\\/\\\/www.linkedin.com\\\/in\\\/psoriasiscan1\",\"https:\\\/\\\/www.youtube.com\\\/@PsoriasisCan1\"]}]}<\/script>\n<!-- \/ Yoast SEO plugin. -->","yoast_head_json":{"title":"Derni\u00e8res r\u00e9flexions - Psoriasis Canada","robots":{"index":"index","follow":"follow","max-snippet":"max-snippet:-1","max-image-preview":"max-image-preview:large","max-video-preview":"max-video-preview:-1"},"canonical":"https:\/\/psoriasiscanada.ca\/fr\/decisions-de-traitement-vue-densemble\/dernieres-reflexions\/","og_locale":"fr_FR","og_type":"article","og_title":"Derni\u00e8res r\u00e9flexions - Psoriasis Canada","og_description":"Derni\u00e8res r\u00e9flexions N&#8217;oubliez pas de suivre ce processus au moins une fois par an, ou \u00e0 chaque fois qu&#8217;un changement dans votre vie vous fait prendre conscience de la n\u00e9cessit\u00e9 de revoir vos objectifs ou vos options de traitement. Enfin, n&#8217;oubliez pas qu&#8217;il est tr\u00e8s important que vous parliez \u00e0 votre \u00e9quipe soignante de vos [&hellip;]","og_url":"https:\/\/psoriasiscanada.ca\/fr\/decisions-de-traitement-vue-densemble\/dernieres-reflexions\/","og_site_name":"Psoriasis Canada","article_publisher":"https:\/\/www.facebook.com\/PsoriasisCan1","article_modified_time":"2026-02-26T06:30:48+00:00","twitter_card":"summary_large_image","twitter_misc":{"Dur\u00e9e de lecture estim\u00e9e":"1 minute"},"schema":{"@context":"https:\/\/schema.org","@graph":[{"@type":"WebPage","@id":"https:\/\/psoriasiscanada.ca\/fr\/decisions-de-traitement-vue-densemble\/dernieres-reflexions\/","url":"https:\/\/psoriasiscanada.ca\/fr\/decisions-de-traitement-vue-densemble\/dernieres-reflexions\/","name":"Derni\u00e8res r\u00e9flexions - Psoriasis Canada","isPartOf":{"@id":"https:\/\/psoriasiscanada.ca\/#website"},"datePublished":"2026-02-17T19:36:07+00:00","dateModified":"2026-02-26T06:30:48+00:00","breadcrumb":{"@id":"https:\/\/psoriasiscanada.ca\/fr\/decisions-de-traitement-vue-densemble\/dernieres-reflexions\/#breadcrumb"},"inLanguage":"fr-FR","potentialAction":[{"@type":"ReadAction","target":["https:\/\/psoriasiscanada.ca\/fr\/decisions-de-traitement-vue-densemble\/dernieres-reflexions\/"]}]},{"@type":"BreadcrumbList","@id":"https:\/\/psoriasiscanada.ca\/fr\/decisions-de-traitement-vue-densemble\/dernieres-reflexions\/#breadcrumb","itemListElement":[{"@type":"ListItem","position":1,"name":"Home","item":"https:\/\/psoriasiscanada.ca\/fr\/home\/"},{"@type":"ListItem","position":2,"name":"D\u00e9cisions de traitement &#8211; Vue d&#8217;ensemble","item":"https:\/\/psoriasiscanada.ca\/fr\/decisions-de-traitement-vue-densemble\/"},{"@type":"ListItem","position":3,"name":"Derni\u00e8res r\u00e9flexions"}]},{"@type":"WebSite","@id":"https:\/\/psoriasiscanada.ca\/#website","url":"https:\/\/psoriasiscanada.ca\/","name":"Psoriasis Canada","description":"Psoriasis Canada","publisher":{"@id":"https:\/\/psoriasiscanada.ca\/#organization"},"potentialAction":[{"@type":"SearchAction","target":{"@type":"EntryPoint","urlTemplate":"https:\/\/psoriasiscanada.ca\/?s={search_term_string}"},"query-input":{"@type":"PropertyValueSpecification","valueRequired":true,"valueName":"search_term_string"}}],"inLanguage":"fr-FR"},{"@type":"Organization","@id":"https:\/\/psoriasiscanada.ca\/#organization","name":"Psoriasis Canada","url":"https:\/\/psoriasiscanada.ca\/","logo":{"@type":"ImageObject","inLanguage":"fr-FR","@id":"https:\/\/psoriasiscanada.ca\/#\/schema\/logo\/image\/","url":"https:\/\/psoriasiscanada.ca\/wp-content\/uploads\/2025\/11\/logo.png","contentUrl":"https:\/\/psoriasiscanada.ca\/wp-content\/uploads\/2025\/11\/logo.png","width":222,"height":73,"caption":"Psoriasis Canada"},"image":{"@id":"https:\/\/psoriasiscanada.ca\/#\/schema\/logo\/image\/"},"sameAs":["https:\/\/www.facebook.com\/PsoriasisCan1","https:\/\/www.linkedin.com\/in\/psoriasiscan1","https:\/\/www.youtube.com\/@PsoriasisCan1"]}]}},"_links":{"self":[{"href":"https:\/\/psoriasiscanada.ca\/fr\/wp-json\/wp\/v2\/pages\/1773","targetHints":{"allow":["GET"]}}],"collection":[{"href":"https:\/\/psoriasiscanada.ca\/fr\/wp-json\/wp\/v2\/pages"}],"about":[{"href":"https:\/\/psoriasiscanada.ca\/fr\/wp-json\/wp\/v2\/types\/page"}],"author":[{"embeddable":true,"href":"https:\/\/psoriasiscanada.ca\/fr\/wp-json\/wp\/v2\/users\/1"}],"replies":[{"embeddable":true,"href":"https:\/\/psoriasiscanada.ca\/fr\/wp-json\/wp\/v2\/comments?post=1773"}],"version-history":[{"count":3,"href":"https:\/\/psoriasiscanada.ca\/fr\/wp-json\/wp\/v2\/pages\/1773\/revisions"}],"predecessor-version":[{"id":2278,"href":"https:\/\/psoriasiscanada.ca\/fr\/wp-json\/wp\/v2\/pages\/1773\/revisions\/2278"}],"up":[{"embeddable":true,"href":"https:\/\/psoriasiscanada.ca\/fr\/wp-json\/wp\/v2\/pages\/1764"}],"wp:attachment":[{"href":"https:\/\/psoriasiscanada.ca\/fr\/wp-json\/wp\/v2\/media?parent=1773"}],"curies":[{"name":"wp","href":"https:\/\/api.w.org\/{rel}","templated":true}]}}