{"id":1770,"date":"2026-02-17T18:55:38","date_gmt":"2026-02-17T18:55:38","guid":{"rendered":"https:\/\/psocan.marketaccess.ca\/decisions-de-traitement-vue-densemble\/en-savoir-plus-sur-votre-facon-de-penser\/"},"modified":"2026-02-26T06:15:12","modified_gmt":"2026-02-26T06:15:12","slug":"en-savoir-plus-sur-votre-facon-de-penser","status":"publish","type":"page","link":"https:\/\/psoriasiscanada.ca\/fr\/decisions-de-traitement-vue-densemble\/en-savoir-plus-sur-votre-facon-de-penser\/","title":{"rendered":"En savoir plus sur votre fa\u00e7on de penser"},"content":{"rendered":"\t\t<div data-elementor-type=\"wp-page\" data-elementor-id=\"1770\" class=\"elementor elementor-1770 elementor-1677\" data-elementor-post-type=\"page\">\n\t\t\t\t<div class=\"elementor-element elementor-element-10557271 e-flex e-con-boxed e-con e-parent\" data-id=\"10557271\" data-element_type=\"container\" data-e-type=\"container\">\n\t\t\t\t\t<div class=\"e-con-inner\">\n\t\t\t\t<div class=\"elementor-element elementor-element-a861396 elementor-widget elementor-widget-heading\" data-id=\"a861396\" data-element_type=\"widget\" data-e-type=\"widget\" data-widget_type=\"heading.default\">\n\t\t\t\t\t<h1 class=\"elementor-heading-title elementor-size-default\">En savoir plus sur votre fa\u00e7on de penser<\/h1>\t\t\t\t<\/div>\n\t\t\t\t<div class=\"elementor-element elementor-element-6aaf577 elementor-widget elementor-widget-text-editor\" data-id=\"6aaf577\" data-element_type=\"widget\" data-e-type=\"widget\" data-widget_type=\"text-editor.default\">\n\t\t\t\t\t\t\t\t\t<p>De nombreux facteurs influencent votre fa\u00e7on de penser et de prendre des d\u00e9cisions. Votre personnalit\u00e9 (par exemple, intuitif\/logique, histoires\/chiffres, preneur de risque\/aversion au risque), votre \u00e2ge et votre stade de vie (par exemple, enfant\/jeune\/adulte\/senior, parent, enceinte\/en qu\u00eate de grossesse, retrait\u00e9), votre sexe et votre genre (par exemple, homme cis, femme cis, intersexe, trans), votre sant\u00e9 physique et mentale, vos \u00e9motions, les normes culturelles, votre situation sociale, y compris votre lieu de r\u00e9sidence, ce que vous avez fait et ce que vous faites, homme cis, femme cis, intersexe, trans), votre sant\u00e9 physique et mentale, vos \u00e9motions, les normes culturelles, votre situation sociale, y compris votre lieu de r\u00e9sidence, votre travail, le soutien de vos amis ou de votre famille, sont autant d&#8217;exemples de facteurs qui influencent votre fa\u00e7on de penser et de prendre des d\u00e9cisions. <\/p><p>D&#8217;autres facteurs, tels que la <strong>gravit\u00e9 de vos sympt\u00f4mes<\/strong>, vos <strong>ant\u00e9c\u00e9dents m\u00e9dicaux<\/strong>, votre <strong>exp\u00e9rience des traitements ant\u00e9rieurs<\/strong>, votre <strong>constitution physiologique<\/strong>, peuvent \u00e9galement d\u00e9terminer les traitements les mieux adapt\u00e9s \u00e0 votre cas.<\/p>\t\t\t\t\t\t\t\t<\/div>\n\t\t\t\t<div class=\"elementor-element elementor-element-27eef0f elementor-widget elementor-widget-text-editor\" data-id=\"27eef0f\" data-element_type=\"widget\" data-e-type=\"widget\" data-widget_type=\"text-editor.default\">\n\t\t\t\t\t\t\t\t\t<h3 class=\"et_pb_toggle_title\">Voici quelques questions \u00e0 m\u00e9diter pour vous aider \u00e0 mieux comprendre votre fa\u00e7on de penser :<\/h3>\n<div class=\"et_pb_toggle_content clearfix\">\n<ul>\n \t<li>Lorsque je pense aux facteurs \u00e9num\u00e9r\u00e9s ci-dessus, quels sont ceux qui ont le plus de sens et qui sont les plus importants pour moi ? Pourquoi ? <\/li>\n \t<li>Sur la base des facteurs qui influencent ma capacit\u00e9 et ma volont\u00e9 de r\u00e9fl\u00e9chir et de prendre des d\u00e9cisions en mati\u00e8re de traitement aujourd&#8217;hui, de quel type de soutien ai-je besoin pour m&#8217;aider \u00e0 avoir une vue d&#8217;ensemble afin de pouvoir peser le pour et le contre des options de traitement et d&#8217;envisager les implications sur mes objectifs \u00e0 court, moyen et long terme ?<\/li>\n \t<li>\u00c0 qui dois-je me fier lorsque je dois prendre une d\u00e9cision ? Pourquoi ? Ces personnes me comprennent-elles et ont-elles \u00e0 c\u0153ur de d\u00e9fendre mes int\u00e9r\u00eats ?  <\/li>\n \t<li>Ma fa\u00e7on de penser ou ma situation personnelle ont-elles chang\u00e9 au point que je doive reconsid\u00e9rer une d\u00e9cision de traitement que j&#8217;avais prise auparavant ?<\/li>\n<\/ul>\n<\/div>\t\t\t\t\t\t\t\t<\/div>\n\t\t\t\t<div class=\"elementor-element elementor-element-82b6bee elementor-widget elementor-widget-text-editor\" data-id=\"82b6bee\" data-element_type=\"widget\" data-e-type=\"widget\" data-widget_type=\"text-editor.default\">\n\t\t\t\t\t\t\t\t\t<p>Derni\u00e8re mise \u00e0 jour : novembre 2021<\/p>\t\t\t\t\t\t\t\t<\/div>\n\t\t\t\t\t<\/div>\n\t\t\t\t<\/div>\n\t\t<div class=\"elementor-element elementor-element-e6a32a5 e-flex e-con-boxed e-con e-parent\" data-id=\"e6a32a5\" data-element_type=\"container\" data-e-type=\"container\">\n\t\t\t\t\t<div class=\"e-con-inner\">\n\t\t\t\t\t<\/div>\n\t\t\t\t<\/div>\n\t\t\t\t<\/div>\n\t\t","protected":false},"excerpt":{"rendered":"<p>En savoir plus sur votre fa\u00e7on de penser De nombreux facteurs influencent votre fa\u00e7on de penser et de prendre des d\u00e9cisions. Votre personnalit\u00e9 (par exemple, intuitif\/logique, histoires\/chiffres, preneur de risque\/aversion au risque), votre \u00e2ge et votre stade de vie (par exemple, enfant\/jeune\/adulte\/senior, parent, enceinte\/en qu\u00eate de grossesse, retrait\u00e9), votre sexe et votre genre (par exemple, [&hellip;]<\/p>\n","protected":false},"author":1,"featured_media":0,"parent":1764,"menu_order":0,"comment_status":"closed","ping_status":"closed","template":"","meta":{"website_toolbox_forum_postUrl":"","website_toolbox_forum_category":"","website_toolbox_publish_on_forum":"","footnotes":""},"class_list":["post-1770","page","type-page","status-publish","hentry"],"yoast_head":"<!-- This site is optimized with the Yoast SEO plugin v27.4 - https:\/\/yoast.com\/product\/yoast-seo-wordpress\/ -->\n<title>En savoir plus sur votre fa\u00e7on de penser - Psoriasis Canada<\/title>\n<meta name=\"robots\" content=\"index, follow, max-snippet:-1, max-image-preview:large, max-video-preview:-1\" \/>\n<link rel=\"canonical\" href=\"https:\/\/psoriasiscanada.ca\/fr\/decisions-de-traitement-vue-densemble\/en-savoir-plus-sur-votre-facon-de-penser\/\" \/>\n<meta property=\"og:locale\" content=\"fr_FR\" \/>\n<meta property=\"og:type\" content=\"article\" \/>\n<meta property=\"og:title\" content=\"En savoir plus sur votre fa\u00e7on de penser - Psoriasis Canada\" \/>\n<meta property=\"og:description\" content=\"En savoir plus sur votre fa\u00e7on de penser De nombreux facteurs influencent votre fa\u00e7on de penser et de prendre des d\u00e9cisions. Votre personnalit\u00e9 (par exemple, intuitif\/logique, histoires\/chiffres, preneur de risque\/aversion au risque), votre \u00e2ge et votre stade de vie (par exemple, enfant\/jeune\/adulte\/senior, parent, enceinte\/en qu\u00eate de grossesse, retrait\u00e9), votre sexe et votre genre (par exemple, [&hellip;]\" \/>\n<meta property=\"og:url\" content=\"https:\/\/psoriasiscanada.ca\/fr\/decisions-de-traitement-vue-densemble\/en-savoir-plus-sur-votre-facon-de-penser\/\" \/>\n<meta property=\"og:site_name\" content=\"Psoriasis Canada\" \/>\n<meta property=\"article:publisher\" content=\"https:\/\/www.facebook.com\/PsoriasisCan1\" \/>\n<meta property=\"article:modified_time\" content=\"2026-02-26T06:15:12+00:00\" \/>\n<meta name=\"twitter:card\" content=\"summary_large_image\" \/>\n<meta name=\"twitter:label1\" content=\"Dur\u00e9e de lecture estim\u00e9e\" \/>\n\t<meta name=\"twitter:data1\" content=\"2 minutes\" \/>\n<script type=\"application\/ld+json\" class=\"yoast-schema-graph\">{\"@context\":\"https:\\\/\\\/schema.org\",\"@graph\":[{\"@type\":\"WebPage\",\"@id\":\"https:\\\/\\\/psoriasiscanada.ca\\\/fr\\\/decisions-de-traitement-vue-densemble\\\/en-savoir-plus-sur-votre-facon-de-penser\\\/\",\"url\":\"https:\\\/\\\/psoriasiscanada.ca\\\/fr\\\/decisions-de-traitement-vue-densemble\\\/en-savoir-plus-sur-votre-facon-de-penser\\\/\",\"name\":\"En savoir plus sur votre fa\u00e7on de penser - Psoriasis Canada\",\"isPartOf\":{\"@id\":\"https:\\\/\\\/psoriasiscanada.ca\\\/#website\"},\"datePublished\":\"2026-02-17T18:55:38+00:00\",\"dateModified\":\"2026-02-26T06:15:12+00:00\",\"breadcrumb\":{\"@id\":\"https:\\\/\\\/psoriasiscanada.ca\\\/fr\\\/decisions-de-traitement-vue-densemble\\\/en-savoir-plus-sur-votre-facon-de-penser\\\/#breadcrumb\"},\"inLanguage\":\"fr-FR\",\"potentialAction\":[{\"@type\":\"ReadAction\",\"target\":[\"https:\\\/\\\/psoriasiscanada.ca\\\/fr\\\/decisions-de-traitement-vue-densemble\\\/en-savoir-plus-sur-votre-facon-de-penser\\\/\"]}]},{\"@type\":\"BreadcrumbList\",\"@id\":\"https:\\\/\\\/psoriasiscanada.ca\\\/fr\\\/decisions-de-traitement-vue-densemble\\\/en-savoir-plus-sur-votre-facon-de-penser\\\/#breadcrumb\",\"itemListElement\":[{\"@type\":\"ListItem\",\"position\":1,\"name\":\"Home\",\"item\":\"https:\\\/\\\/psoriasiscanada.ca\\\/fr\\\/home\\\/\"},{\"@type\":\"ListItem\",\"position\":2,\"name\":\"D\u00e9cisions de traitement &#8211; Vue d&#8217;ensemble\",\"item\":\"https:\\\/\\\/psoriasiscanada.ca\\\/fr\\\/decisions-de-traitement-vue-densemble\\\/\"},{\"@type\":\"ListItem\",\"position\":3,\"name\":\"En savoir plus sur votre fa\u00e7on de penser\"}]},{\"@type\":\"WebSite\",\"@id\":\"https:\\\/\\\/psoriasiscanada.ca\\\/#website\",\"url\":\"https:\\\/\\\/psoriasiscanada.ca\\\/\",\"name\":\"Psoriasis Canada\",\"description\":\"Psoriasis Canada\",\"publisher\":{\"@id\":\"https:\\\/\\\/psoriasiscanada.ca\\\/#organization\"},\"potentialAction\":[{\"@type\":\"SearchAction\",\"target\":{\"@type\":\"EntryPoint\",\"urlTemplate\":\"https:\\\/\\\/psoriasiscanada.ca\\\/?s={search_term_string}\"},\"query-input\":{\"@type\":\"PropertyValueSpecification\",\"valueRequired\":true,\"valueName\":\"search_term_string\"}}],\"inLanguage\":\"fr-FR\"},{\"@type\":\"Organization\",\"@id\":\"https:\\\/\\\/psoriasiscanada.ca\\\/#organization\",\"name\":\"Psoriasis Canada\",\"url\":\"https:\\\/\\\/psoriasiscanada.ca\\\/\",\"logo\":{\"@type\":\"ImageObject\",\"inLanguage\":\"fr-FR\",\"@id\":\"https:\\\/\\\/psoriasiscanada.ca\\\/#\\\/schema\\\/logo\\\/image\\\/\",\"url\":\"https:\\\/\\\/psoriasiscanada.ca\\\/wp-content\\\/uploads\\\/2025\\\/11\\\/logo.png\",\"contentUrl\":\"https:\\\/\\\/psoriasiscanada.ca\\\/wp-content\\\/uploads\\\/2025\\\/11\\\/logo.png\",\"width\":222,\"height\":73,\"caption\":\"Psoriasis Canada\"},\"image\":{\"@id\":\"https:\\\/\\\/psoriasiscanada.ca\\\/#\\\/schema\\\/logo\\\/image\\\/\"},\"sameAs\":[\"https:\\\/\\\/www.facebook.com\\\/PsoriasisCan1\",\"https:\\\/\\\/www.linkedin.com\\\/in\\\/psoriasiscan1\",\"https:\\\/\\\/www.youtube.com\\\/@PsoriasisCan1\"]}]}<\/script>\n<!-- \/ Yoast SEO plugin. -->","yoast_head_json":{"title":"En savoir plus sur votre fa\u00e7on de penser - Psoriasis Canada","robots":{"index":"index","follow":"follow","max-snippet":"max-snippet:-1","max-image-preview":"max-image-preview:large","max-video-preview":"max-video-preview:-1"},"canonical":"https:\/\/psoriasiscanada.ca\/fr\/decisions-de-traitement-vue-densemble\/en-savoir-plus-sur-votre-facon-de-penser\/","og_locale":"fr_FR","og_type":"article","og_title":"En savoir plus sur votre fa\u00e7on de penser - Psoriasis Canada","og_description":"En savoir plus sur votre fa\u00e7on de penser De nombreux facteurs influencent votre fa\u00e7on de penser et de prendre des d\u00e9cisions. Votre personnalit\u00e9 (par exemple, intuitif\/logique, histoires\/chiffres, preneur de risque\/aversion au risque), votre \u00e2ge et votre stade de vie (par exemple, enfant\/jeune\/adulte\/senior, parent, enceinte\/en qu\u00eate de grossesse, retrait\u00e9), votre sexe et votre genre (par exemple, [&hellip;]","og_url":"https:\/\/psoriasiscanada.ca\/fr\/decisions-de-traitement-vue-densemble\/en-savoir-plus-sur-votre-facon-de-penser\/","og_site_name":"Psoriasis Canada","article_publisher":"https:\/\/www.facebook.com\/PsoriasisCan1","article_modified_time":"2026-02-26T06:15:12+00:00","twitter_card":"summary_large_image","twitter_misc":{"Dur\u00e9e de lecture estim\u00e9e":"2 minutes"},"schema":{"@context":"https:\/\/schema.org","@graph":[{"@type":"WebPage","@id":"https:\/\/psoriasiscanada.ca\/fr\/decisions-de-traitement-vue-densemble\/en-savoir-plus-sur-votre-facon-de-penser\/","url":"https:\/\/psoriasiscanada.ca\/fr\/decisions-de-traitement-vue-densemble\/en-savoir-plus-sur-votre-facon-de-penser\/","name":"En savoir plus sur votre fa\u00e7on de penser - Psoriasis Canada","isPartOf":{"@id":"https:\/\/psoriasiscanada.ca\/#website"},"datePublished":"2026-02-17T18:55:38+00:00","dateModified":"2026-02-26T06:15:12+00:00","breadcrumb":{"@id":"https:\/\/psoriasiscanada.ca\/fr\/decisions-de-traitement-vue-densemble\/en-savoir-plus-sur-votre-facon-de-penser\/#breadcrumb"},"inLanguage":"fr-FR","potentialAction":[{"@type":"ReadAction","target":["https:\/\/psoriasiscanada.ca\/fr\/decisions-de-traitement-vue-densemble\/en-savoir-plus-sur-votre-facon-de-penser\/"]}]},{"@type":"BreadcrumbList","@id":"https:\/\/psoriasiscanada.ca\/fr\/decisions-de-traitement-vue-densemble\/en-savoir-plus-sur-votre-facon-de-penser\/#breadcrumb","itemListElement":[{"@type":"ListItem","position":1,"name":"Home","item":"https:\/\/psoriasiscanada.ca\/fr\/home\/"},{"@type":"ListItem","position":2,"name":"D\u00e9cisions de traitement &#8211; Vue d&#8217;ensemble","item":"https:\/\/psoriasiscanada.ca\/fr\/decisions-de-traitement-vue-densemble\/"},{"@type":"ListItem","position":3,"name":"En savoir plus sur votre fa\u00e7on de penser"}]},{"@type":"WebSite","@id":"https:\/\/psoriasiscanada.ca\/#website","url":"https:\/\/psoriasiscanada.ca\/","name":"Psoriasis Canada","description":"Psoriasis Canada","publisher":{"@id":"https:\/\/psoriasiscanada.ca\/#organization"},"potentialAction":[{"@type":"SearchAction","target":{"@type":"EntryPoint","urlTemplate":"https:\/\/psoriasiscanada.ca\/?s={search_term_string}"},"query-input":{"@type":"PropertyValueSpecification","valueRequired":true,"valueName":"search_term_string"}}],"inLanguage":"fr-FR"},{"@type":"Organization","@id":"https:\/\/psoriasiscanada.ca\/#organization","name":"Psoriasis Canada","url":"https:\/\/psoriasiscanada.ca\/","logo":{"@type":"ImageObject","inLanguage":"fr-FR","@id":"https:\/\/psoriasiscanada.ca\/#\/schema\/logo\/image\/","url":"https:\/\/psoriasiscanada.ca\/wp-content\/uploads\/2025\/11\/logo.png","contentUrl":"https:\/\/psoriasiscanada.ca\/wp-content\/uploads\/2025\/11\/logo.png","width":222,"height":73,"caption":"Psoriasis Canada"},"image":{"@id":"https:\/\/psoriasiscanada.ca\/#\/schema\/logo\/image\/"},"sameAs":["https:\/\/www.facebook.com\/PsoriasisCan1","https:\/\/www.linkedin.com\/in\/psoriasiscan1","https:\/\/www.youtube.com\/@PsoriasisCan1"]}]}},"_links":{"self":[{"href":"https:\/\/psoriasiscanada.ca\/fr\/wp-json\/wp\/v2\/pages\/1770","targetHints":{"allow":["GET"]}}],"collection":[{"href":"https:\/\/psoriasiscanada.ca\/fr\/wp-json\/wp\/v2\/pages"}],"about":[{"href":"https:\/\/psoriasiscanada.ca\/fr\/wp-json\/wp\/v2\/types\/page"}],"author":[{"embeddable":true,"href":"https:\/\/psoriasiscanada.ca\/fr\/wp-json\/wp\/v2\/users\/1"}],"replies":[{"embeddable":true,"href":"https:\/\/psoriasiscanada.ca\/fr\/wp-json\/wp\/v2\/comments?post=1770"}],"version-history":[{"count":3,"href":"https:\/\/psoriasiscanada.ca\/fr\/wp-json\/wp\/v2\/pages\/1770\/revisions"}],"predecessor-version":[{"id":2258,"href":"https:\/\/psoriasiscanada.ca\/fr\/wp-json\/wp\/v2\/pages\/1770\/revisions\/2258"}],"up":[{"embeddable":true,"href":"https:\/\/psoriasiscanada.ca\/fr\/wp-json\/wp\/v2\/pages\/1764"}],"wp:attachment":[{"href":"https:\/\/psoriasiscanada.ca\/fr\/wp-json\/wp\/v2\/media?parent=1770"}],"curies":[{"name":"wp","href":"https:\/\/api.w.org\/{rel}","templated":true}]}}