{"id":1476,"date":"2026-01-19T15:54:59","date_gmt":"2026-01-19T15:54:59","guid":{"rendered":"https:\/\/psocan.marketaccess.ca\/vivre-avec-la-maladie-psoriasique\/psoriasis-et-vieillissement\/"},"modified":"2026-01-28T20:10:20","modified_gmt":"2026-01-28T20:10:20","slug":"psoriasis-et-vieillissement","status":"publish","type":"page","link":"https:\/\/psoriasiscanada.ca\/fr\/vivre-avec-la-maladie-psoriasique\/psoriasis-et-vieillissement\/","title":{"rendered":"Psoriasis et vieillissement"},"content":{"rendered":"\t\t<div data-elementor-type=\"wp-page\" data-elementor-id=\"1476\" class=\"elementor elementor-1476 elementor-640\" data-elementor-post-type=\"page\">\n\t\t\t\t<div class=\"elementor-element elementor-element-a8dd39c e-flex e-con-boxed e-con e-parent\" data-id=\"a8dd39c\" data-element_type=\"container\" data-e-type=\"container\">\n\t\t\t\t\t<div class=\"e-con-inner\">\n\t\t\t\t<div class=\"elementor-element elementor-element-03ddbf4 elementor-widget elementor-widget-heading\" data-id=\"03ddbf4\" data-element_type=\"widget\" data-e-type=\"widget\" data-widget_type=\"heading.default\">\n\t\t\t\t\t<h2 class=\"elementor-heading-title elementor-size-default\">L'APs et le vieillissement<\/h2>\t\t\t\t<\/div>\n\t\t\t\t<div class=\"elementor-element elementor-element-4768463 elementor-widget elementor-widget-text-editor\" data-id=\"4768463\" data-element_type=\"widget\" data-e-type=\"widget\" data-widget_type=\"text-editor.default\">\n\t\t\t\t\t\t\t\t\t<p>Le psoriasis est une affection cutan\u00e9e inflammatoire chronique qui touche un million de Canadiennes et Canadiens et cette maladie peut se manifester tout au long de la vie d\u2019une personne. Le plus souvent, le psoriasis se manifeste de fa\u00e7on pr\u00e9coce (entre 16 et 20 ans) ou tardive (entre 57 et 60 ans). Bien que la maladie ne s\u2019aggrave pas avec l\u2019\u00e2ge, le psoriasis a \u00e9t\u00e9 associ\u00e9 \u00e0 plusieurs probl\u00e8mes de sant\u00e9 qui peuvent survenir durant le processus naturel de vieillissement de la peau. Avec l\u2019augmentation de l\u2019esp\u00e9rance de vie, la pr\u00e9valence du psoriasis devrait augmenter au cours de la prochaine d\u00e9cennie. Il est donc important de comprendre comment la peau vieillit et de tenir compte des facteurs li\u00e9s \u00e0 l\u2019\u00e2ge pour g\u00e9rer et traiter efficacement le psoriasis.    <\/p><p><strong>1. Choisir une routine ad\u00e9quate de soin de la peau<\/strong><\/p><p>En vieillissant, l\u2019organisme produit moins d\u2019agents hydratants protecteurs\u2009; la peau devient plus fine, plus s\u00e8che et moins \u00e9lastique. D\u2019autres facteurs, comme la g\u00e9n\u00e9tique et l\u2019exposition au soleil, augmentent le risque d\u2019endommager davantage la peau des personnes atteintes de psoriasis. Il est donc important pour les personnes \u00e2g\u00e9es de s\u2019hydrater afin d\u2019adoucir la peau et d\u2019aider \u00e0 la desquamation, et d\u2019appliquer r\u00e9guli\u00e8rement un \u00e9cran solaire pour se prot\u00e9ger des dommages caus\u00e9s par le soleil.  <\/p><p>Les produits contenant des c\u00e9ramides, de l\u2019acide hyaluronique et des lipides peuvent remplacer avantageusement les agents hydratants naturels de l\u2019organisme. Par ailleurs, les produits \u00e0 base d\u2019alcool favorisent le dess\u00e8chement de la peau et ils doivent \u00eatre \u00e9vit\u00e9s. Les cr\u00e8mes contenant des r\u00e9tino\u00efdes sont consid\u00e9r\u00e9es comme le produit par excellence contre le vieillissement. Cependant, les r\u00e9tino\u00efdes favorisent l\u2019amincissement de la peau et ils doivent \u00eatre introduits lentement chez les personnes atteintes de psoriasis. De m\u00eame, certaines proc\u00e9dures anti-\u00e2ge, comme les exfoliations chimiques, le resurfa\u00e7age au laser et la dermabrasion, peuvent provoquer l\u2019apparition de plaques ou de l\u00e9sions de psoriasis. C\u2019est ce qu\u2019on appelle le ph\u00e9nom\u00e8ne d\u2019isomorphie, o\u00f9 une blessure de la peau peut d\u00e9clencher de nouvelles l\u00e9sions psoriasiques. Discutez toujours avec votre dermatologue de l\u2019utilisation s\u00e9curitaire des produits hydratants et des cr\u00e8mes contenant des r\u00e9tino\u00efdes ainsi que des proc\u00e9dures anti-\u00e2ge.      <\/p><p><strong>2. Restez en contr\u00f4le de votre traitement actuel<\/strong><\/p><p>La prise en charge du psoriasis chez les personnes \u00e2g\u00e9es pr\u00e9sente plusieurs d\u00e9fis et doit \u00eatre soigneusement \u00e9valu\u00e9e dans le contexte de tous les autres <a href=\"https:\/\/www.canadianpsoriasis.ca\/fr\/traitements\/traiter-le-psoriasis\">traitements<\/a> en cours. Premi\u00e8rement, certains m\u00e9dicaments peuvent augmenter le risque d\u2019infections ou de cancer, tandis que les m\u00e9dicaments utilis\u00e9s en m\u00eame temps pour traiter d\u2019autres affections (comme l\u2019hypertension art\u00e9rielle, le diab\u00e8te et les maladies cardiovasculaires) peuvent avoir des effets secondaires qui aggravent les sympt\u00f4mes du psoriasis (Di Caprio, 2020)1. Deuxi\u00e8mement, la pr\u00e9sence d\u2019autres affections plus dangereuses pour la vie peut modifier les priorit\u00e9s des traitements et occasionner un traitement insuffisant des sympt\u00f4mes du psoriasis. Troisi\u00e8mement, les modifications des syst\u00e8mes immunitaire et excr\u00e9teur qui sont li\u00e9es \u00e0 l\u2019\u00e2ge peuvent entra\u00eener une plus grande sensibilit\u00e9 aux infections et une diminution de l\u2019\u00e9limination des m\u00e9dicaments\u2009; ceci met en \u00e9vidence l\u2019importance d\u2019une posologie appropri\u00e9e. Ces effets sont aggrav\u00e9s par le manque de donn\u00e9es sur les options th\u00e9rapeutiques pour les personnes \u00e2g\u00e9es atteintes de psoriasis, ce qui ajoute des obstacles suppl\u00e9mentaires \u00e0 la gestion de la maladie. Pour ces raisons, la prise en charge appropri\u00e9e du psoriasis n\u00e9cessite un suivi minutieux et r\u00e9gulier par votre m\u00e9decin. Ce suivi devrait tenir compte de la fonction r\u00e9nale, de la pr\u00e9sence d\u2019autres pathologies et des interactions m\u00e9dicamenteuses.     <\/p><p>Les m\u00e9dicaments topiques sont souvent utilis\u00e9s pour traiter les personnes plus \u00e2g\u00e9es, car ils peuvent \u00eatre appliqu\u00e9s localement et occasionnent des effets secondaires minimes comparativement \u00e0 la plupart des m\u00e9dicaments oraux. Bien que les cr\u00e8mes topiques puissent \u00eatre une option plus s\u00fbre, l\u2019amincissement de la peau avec l\u2019\u00e2ge augmente l\u2019absorption des m\u00e9dicaments et peut accro\u00eetre le risque d\u2019effets secondaires. Ce risque est \u00e9galement pr\u00e9sent avec les m\u00e9dicaments oraux, tels que le m\u00e9thotrexate et la cyclosporine, qui doivent \u00eatre utilis\u00e9s avec prudence chez les individus plus \u00e2g\u00e9s. Pour les personnes qui ne parviennent pas \u00e0 ma\u00eetriser leur psoriasis avec des agents topiques ou oraux, la phototh\u00e9rapie peut \u00eatre une bonne option. R\u00e9cemment, de nouveaux m\u00e9dicaments qui ciblent les processus inflammatoires de l\u2019organisme se sont r\u00e9v\u00e9l\u00e9s prometteurs comme option s\u00fbre \u00e0 long terme. Ces m\u00e9dicaments sont appel\u00e9s des biologiques. Jusqu\u2019\u00e0 r\u00e9cemment, les personnes atteintes de psoriasis \u00e2g\u00e9es de plus de 65 ans n\u2019\u00e9taient pas incluses dans les essais cliniques des m\u00e9dicaments. Les \u00e9tudes \u00e0 venir permettront d\u2019\u00e9clairer le potentiel de ces traitements et d\u2019autres th\u00e9rapies pour une utilisation s\u00fbre et efficace chez les personnes de ce groupe d\u2019\u00e2ge. Malgr\u00e9 la raret\u00e9 relative des donn\u00e9es issues d\u2019essais cliniques, les produits biologiques sont utilis\u00e9s au besoin chez les personnes plus \u00e2g\u00e9es, et les donn\u00e9es rassurantes sont obtenues d\u2019exp\u00e9rience dans le monde r\u00e9el.       <\/p><p><strong>3. Prot\u00e9ger votre cuir chevelu<\/strong><\/p><p>De nombreuses personnes choisissent de colorer leurs cheveux grisonnants avec des teintures qui peuvent irriter la peau amincie. Pour pr\u00e9venir les pouss\u00e9es de <a href=\"https:\/\/www.canadianpsoriasis.ca\/fr\/psoriasis-fr\/les-types-de-psoriasis\/psoriasis-du-cuir-chevelu\">psoriasis sur le cuir chevelu<\/a>, il est souhaitable d\u2019\u00e9viter de laver vos cheveux deux jours avant de les teindre. Votre cuir chevelu aura ainsi le temps d\u2019accumuler des huiles protectrices naturelles qui pr\u00e9viendront les irritations. Si vous souffrez d\u2019une pouss\u00e9e de psoriasis sur votre cuir chevelu, vous pouvez opter pour des m\u00e8ches ou des reflets au lieu d\u2019une teinture compl\u00e8te. Ces approches emp\u00eachent le produit de teinture d\u2019entrer en contact direct avec le cuir chevelu et elles permettront de limiter l\u2019irritation, et d\u2019\u00e9viter une pouss\u00e9e de psoriasis.    <\/p><p><strong>4. Maintenir un mode de vie sain<\/strong><\/p><p>Le psoriasis est une maladie inflammatoire dont les sympt\u00f4mes peuvent fluctuer. Maintenir un mode de <a href=\"https:\/\/www.canadianpsoriasis.ca\/fr\/rhumatisme-psoriasique\/vivre-avec-l-aps\/mode-de-vie\">vie sain<\/a> tout au long du vieillissement peut r\u00e9duire le nombre d\u2019\u00e9v\u00e9nements inflammatoires de la peau et aider \u00e0 g\u00e9rer le psoriasis. Tout d\u2019abord, il est important de se nourrir sainement et de mani\u00e8re \u00e9quilibr\u00e9e avec des aliments faibles en sucres transform\u00e9s et en graisses satur\u00e9es. Vous pouvez consulter une di\u00e9t\u00e9ticienne pour adapter votre alimentation si n\u00e9cessaire. Deuxi\u00e8mement, un programme d\u2019exercice r\u00e9gulier peut aider \u00e0 conserver une bonne sant\u00e9 g\u00e9n\u00e9rale et \u00e0 g\u00e9rer efficacement le psoriasis tout au long de la vie. Troisi\u00e8mement, envisagez de r\u00e9duire ou d\u2019arr\u00eater votre consommation de <a href=\"https:\/\/www.canadianpsoriasis.ca\/fr\/psoriasis-fr\/vivre-avec-psoriasis\/mode-de-vie\/tabagisme\">tabac<\/a> et <a href=\"https:\/\/www.canadianpsoriasis.ca\/fr\/psoriasis-fr\/vivre-avec-psoriasis\/psoriasis-et-vieillissement\/110-french\/living-with\/164-limiter-sa-consommation-d-alcool\">d\u2019alcool<\/a>, car ses habitudes peuvent toutes deux interf\u00e9rer avec le traitement et aggraver les sympt\u00f4mes cutan\u00e9s. Un mode de vie sain peut contribuer \u00e0 r\u00e9duire l\u2019inflammation et \u00e0 maintenir un poids sant\u00e9. Ceci aidera \u00e0 soulager les sympt\u00f4mes du psoriasis et \u00e0 r\u00e9duire le risque d\u2019autres complications (par exemple, le diab\u00e8te de type 2 et les maladies cardiaques).      <\/p><p><strong>5. \u00catre attentif aux autres maladies<\/strong><\/p><p>\u00c9tant donn\u00e9 la nature chronique du psoriasis, les personnes qui en sont atteintes ont un risque accru de d\u00e9velopper d\u2019autres affections. Une attention soutenue \u00e0 votre sant\u00e9 et votre bien-\u00eatre est essentielle pour identifier et traiter les complications potentielles lorsqu\u2019elles apparaissaient. <\/p><p>Par exemple, environ 30 % des personnes atteintes de psoriasis d\u00e9veloppent un <a href=\"https:\/\/www.canadianpsoriasis.ca\/fr\/rhumatisme-psoriasique\">rhumatisme psoriasique<\/a>, qui se manifeste par des douleurs articulaires, une raideur et un gonflement, et qui peut entraver de mani\u00e8re significative les fonctions quotidiennes. Un traitement pr\u00e9coce de l&#8217;arthrite psoriasique peut r\u00e9duire le risque de dommages irr\u00e9versibles aux articulations. En outre, un certain nombre d&#8217;\u00e9tudes \u00e9tablissent un lien entre le psoriasis et le syndrome m\u00e9tabolique, qui comprend l&#8217;hypertension art\u00e9rielle, l&#8217;hypercholest\u00e9rol\u00e9mie, le diab\u00e8te de type 2, l&#8217;ob\u00e9sit\u00e9 abdominale et les maladies cardiaques<sup>2,3<\/sup>.  <\/p><p>Le psoriasis a \u00e9galement \u00e9t\u00e9 associ\u00e9 \u00e0 la d\u00e9pression qui peut s\u2019aggraver dans la population vieillissante. Les personnes souffrant de d\u00e9pression connaissent souvent des p\u00e9riodes de baisse d\u2019humeur, une perte d\u2019int\u00e9r\u00eat pour les loisirs et les activit\u00e9s quotidiennes, des difficult\u00e9s \u00e0 dormir ou \u00e0 se concentrer, et des changements d\u2019app\u00e9tit. Il est important de consulter votre m\u00e9decin traitant si vous pr\u00e9sentez l\u2019un de ces sympt\u00f4mes.   <\/p><p><strong>6. Consulter votre \u00e9quipe de soins de sant\u00e9 rapidement et souvent<\/strong><\/p><p>Le psoriasis est une maladie chronique qui n\u00e9cessite un traitement continu qui est susceptible d\u2019\u00eatre modifi\u00e9 au cours de la maladie, notamment si d\u2019autres sympt\u00f4mes ou complications apparaissent. Veillez \u00e0 rencontrer et \u00e0 consulter r\u00e9guli\u00e8rement votre m\u00e9decin traitant et votre dermatologue pour discuter de toute modification \u00e0 votre peau et votre \u00e9tat de sant\u00e9 en g\u00e9n\u00e9ral. Ceci est particuli\u00e8rement important si vous envisagez de modifier votre traitement ou votre routine de soins de la peau.  <\/p>\t\t\t\t\t\t\t\t<\/div>\n\t\t\t\t<div class=\"elementor-element elementor-element-8bdb295 elementor-widget elementor-widget-n-accordion\" data-id=\"8bdb295\" data-element_type=\"widget\" data-e-type=\"widget\" data-settings=\"{&quot;default_state&quot;:&quot;all_collapsed&quot;,&quot;max_items_expended&quot;:&quot;one&quot;,&quot;n_accordion_animation_duration&quot;:{&quot;unit&quot;:&quot;ms&quot;,&quot;size&quot;:400,&quot;sizes&quot;:[]}}\" data-widget_type=\"nested-accordion.default\">\n\t\t\t\t\t\t\t<div class=\"e-n-accordion\" aria-label=\"Accordion. Open links with Enter or Space, close with Escape, and navigate with Arrow Keys\">\n\t\t\t\t\t\t<details id=\"e-n-accordion-item-1460\" class=\"e-n-accordion-item\" >\n\t\t\t\t<summary class=\"e-n-accordion-item-title\" data-accordion-index=\"1\" tabindex=\"0\" aria-expanded=\"false\" aria-controls=\"e-n-accordion-item-1460\" >\n\t\t\t\t\t<span class='e-n-accordion-item-title-header'><div class=\"e-n-accordion-item-title-text\"> R\u00e9f\u00e9rences <\/div><\/span>\n\t\t\t\t\t\t\t<span class='e-n-accordion-item-title-icon'>\n\t\t\t<span class='e-opened' ><svg aria-hidden=\"true\" class=\"e-font-icon-svg e-fas-minus\" viewBox=\"0 0 448 512\" xmlns=\"http:\/\/www.w3.org\/2000\/svg\"><path d=\"M416 208H32c-17.67 0-32 14.33-32 32v32c0 17.67 14.33 32 32 32h384c17.67 0 32-14.33 32-32v-32c0-17.67-14.33-32-32-32z\"><\/path><\/svg><\/span>\n\t\t\t<span class='e-closed'><svg aria-hidden=\"true\" class=\"e-font-icon-svg e-fas-plus\" viewBox=\"0 0 448 512\" xmlns=\"http:\/\/www.w3.org\/2000\/svg\"><path d=\"M416 208H272V64c0-17.67-14.33-32-32-32h-32c-17.67 0-32 14.33-32 32v144H32c-17.67 0-32 14.33-32 32v32c0 17.67 14.33 32 32 32h144v144c0 17.67 14.33 32 32 32h32c17.67 0 32-14.33 32-32V304h144c17.67 0 32-14.33 32-32v-32c0-17.67-14.33-32-32-32z\"><\/path><\/svg><\/span>\n\t\t<\/span>\n\n\t\t\t\t\t\t<\/summary>\n\t\t\t\t<div role=\"region\" aria-labelledby=\"e-n-accordion-item-1460\" class=\"elementor-element elementor-element-13c85db e-con-full e-flex e-con e-child\" data-id=\"13c85db\" data-element_type=\"container\" data-e-type=\"container\">\n\t\t<div role=\"region\" aria-labelledby=\"e-n-accordion-item-1460\" class=\"elementor-element elementor-element-2a11e20 e-flex e-con-boxed e-con e-child\" data-id=\"2a11e20\" data-element_type=\"container\" data-e-type=\"container\">\n\t\t\t\t\t<div class=\"e-con-inner\">\n\t\t\t\t<div class=\"elementor-element elementor-element-a208809 elementor-widget elementor-widget-text-editor\" data-id=\"a208809\" data-element_type=\"widget\" data-e-type=\"widget\" data-widget_type=\"text-editor.default\">\n\t\t\t\t\t\t\t\t\t<div>1 DiCaprio R, Caiazzo G, Cacciapuoti S, Fabbrocini G, Scala E, Balato A. <em>Safety concerns with current treatments for psoriasis in the elderly<\/em>. Expert Opin Drug Saf. 2020 Apr;19(4):523-531. doi: 10.1080\/14740338.2020.1728253. Epub 2020 Feb 14. PMID: 32056449.     <\/div><div><sup>2<\/sup> Gisondi P, Fostini AC, Foss\u00e0 I, Girolomoni G, Targher G. <em>Psoriasis and the metabolic syndrome<\/em>. Clin Dermatol. 2018 Jan-Feb;36(1):21-28. doi: 10.1016\/j.clindermatol.2017.09.005. Epub 2017 Sep 8. PMID: 29241748.     <\/div><div><sup>3 <\/sup>Tune JD, Goodwill AG, Sassoon DJ, Mather KJ<em>. Cardiovascular consequences of metabolic syndrome<\/em>. <em>Transl Res<\/em>. 2017;183:57-70. doi:10.1016\/j.trsl.2017.01.001  <\/div><div><strong>R\u00e9dig\u00e9 par:<\/strong><\/div><div>Yuliya Lytvyn, PhD, Facult\u00e9 de m\u00e9decine Temerty, Universit\u00e9 de Toronto<br>Richie Jeremian, PhD, Facult\u00e9 de m\u00e9decine et des sciences de la sant\u00e9, Universit\u00e9 McGill<\/div><div><strong>R\u00e9vis\u00e9 par: <\/strong><\/div><div>Dr. David Adam, April 2021<\/div>\t\t\t\t\t\t\t\t<\/div>\n\t\t\t\t\t<\/div>\n\t\t\t\t<\/div>\n\t\t\t\t<\/div>\n\t\t\t\t\t<\/details>\n\t\t\t\t\t<\/div>\n\t\t\t\t\t\t<\/div>\n\t\t\t\t\t<\/div>\n\t\t\t\t<\/div>\n\t\t\t\t<\/div>\n\t\t","protected":false},"excerpt":{"rendered":"<p>L&#8217;APs et le vieillissement Le psoriasis est une affection cutan\u00e9e inflammatoire chronique qui touche un million de Canadiennes et Canadiens et cette maladie peut se manifester tout au long de la vie d\u2019une personne. Le plus souvent, le psoriasis se manifeste de fa\u00e7on pr\u00e9coce (entre 16 et 20 ans) ou tardive (entre 57 et 60 [&hellip;]<\/p>\n","protected":false},"author":1,"featured_media":0,"parent":1456,"menu_order":0,"comment_status":"closed","ping_status":"closed","template":"","meta":{"website_toolbox_forum_postUrl":"","website_toolbox_forum_category":"","website_toolbox_publish_on_forum":"","footnotes":""},"class_list":["post-1476","page","type-page","status-publish","hentry"],"yoast_head":"<!-- This site is optimized with the Yoast SEO plugin v27.4 - https:\/\/yoast.com\/product\/yoast-seo-wordpress\/ -->\n<title>Psoriasis et vieillissement - Psoriasis Canada<\/title>\n<meta name=\"robots\" content=\"index, follow, max-snippet:-1, max-image-preview:large, max-video-preview:-1\" \/>\n<link rel=\"canonical\" href=\"https:\/\/psoriasiscanada.ca\/fr\/vivre-avec-la-maladie-psoriasique\/psoriasis-et-vieillissement\/\" \/>\n<meta property=\"og:locale\" content=\"fr_FR\" \/>\n<meta property=\"og:type\" content=\"article\" \/>\n<meta property=\"og:title\" content=\"Psoriasis et vieillissement - Psoriasis Canada\" \/>\n<meta property=\"og:description\" content=\"L&#8217;APs et le vieillissement Le psoriasis est une affection cutan\u00e9e inflammatoire chronique qui touche un million de Canadiennes et Canadiens et cette maladie peut se manifester tout au long de la vie d\u2019une personne. Le plus souvent, le psoriasis se manifeste de fa\u00e7on pr\u00e9coce (entre 16 et 20 ans) ou tardive (entre 57 et 60 [&hellip;]\" \/>\n<meta property=\"og:url\" content=\"https:\/\/psoriasiscanada.ca\/fr\/vivre-avec-la-maladie-psoriasique\/psoriasis-et-vieillissement\/\" \/>\n<meta property=\"og:site_name\" content=\"Psoriasis Canada\" \/>\n<meta property=\"article:publisher\" content=\"https:\/\/www.facebook.com\/PsoriasisCan1\" \/>\n<meta property=\"article:modified_time\" content=\"2026-01-28T20:10:20+00:00\" \/>\n<meta name=\"twitter:card\" content=\"summary_large_image\" \/>\n<meta name=\"twitter:label1\" content=\"Dur\u00e9e de lecture estim\u00e9e\" \/>\n\t<meta name=\"twitter:data1\" content=\"9 minutes\" \/>\n<script type=\"application\/ld+json\" class=\"yoast-schema-graph\">{\"@context\":\"https:\\\/\\\/schema.org\",\"@graph\":[{\"@type\":\"WebPage\",\"@id\":\"https:\\\/\\\/psoriasiscanada.ca\\\/fr\\\/vivre-avec-la-maladie-psoriasique\\\/psoriasis-et-vieillissement\\\/\",\"url\":\"https:\\\/\\\/psoriasiscanada.ca\\\/fr\\\/vivre-avec-la-maladie-psoriasique\\\/psoriasis-et-vieillissement\\\/\",\"name\":\"Psoriasis et vieillissement - Psoriasis Canada\",\"isPartOf\":{\"@id\":\"https:\\\/\\\/psoriasiscanada.ca\\\/#website\"},\"datePublished\":\"2026-01-19T15:54:59+00:00\",\"dateModified\":\"2026-01-28T20:10:20+00:00\",\"breadcrumb\":{\"@id\":\"https:\\\/\\\/psoriasiscanada.ca\\\/fr\\\/vivre-avec-la-maladie-psoriasique\\\/psoriasis-et-vieillissement\\\/#breadcrumb\"},\"inLanguage\":\"fr-FR\",\"potentialAction\":[{\"@type\":\"ReadAction\",\"target\":[\"https:\\\/\\\/psoriasiscanada.ca\\\/fr\\\/vivre-avec-la-maladie-psoriasique\\\/psoriasis-et-vieillissement\\\/\"]}]},{\"@type\":\"BreadcrumbList\",\"@id\":\"https:\\\/\\\/psoriasiscanada.ca\\\/fr\\\/vivre-avec-la-maladie-psoriasique\\\/psoriasis-et-vieillissement\\\/#breadcrumb\",\"itemListElement\":[{\"@type\":\"ListItem\",\"position\":1,\"name\":\"Home\",\"item\":\"https:\\\/\\\/psoriasiscanada.ca\\\/fr\\\/home\\\/\"},{\"@type\":\"ListItem\",\"position\":2,\"name\":\"Vivre avec la maladie psoriasique\",\"item\":\"https:\\\/\\\/psoriasiscanada.ca\\\/fr\\\/vivre-avec-la-maladie-psoriasique\\\/\"},{\"@type\":\"ListItem\",\"position\":3,\"name\":\"Psoriasis et vieillissement\"}]},{\"@type\":\"WebSite\",\"@id\":\"https:\\\/\\\/psoriasiscanada.ca\\\/#website\",\"url\":\"https:\\\/\\\/psoriasiscanada.ca\\\/\",\"name\":\"Psoriasis Canada\",\"description\":\"Psoriasis Canada\",\"publisher\":{\"@id\":\"https:\\\/\\\/psoriasiscanada.ca\\\/#organization\"},\"potentialAction\":[{\"@type\":\"SearchAction\",\"target\":{\"@type\":\"EntryPoint\",\"urlTemplate\":\"https:\\\/\\\/psoriasiscanada.ca\\\/?s={search_term_string}\"},\"query-input\":{\"@type\":\"PropertyValueSpecification\",\"valueRequired\":true,\"valueName\":\"search_term_string\"}}],\"inLanguage\":\"fr-FR\"},{\"@type\":\"Organization\",\"@id\":\"https:\\\/\\\/psoriasiscanada.ca\\\/#organization\",\"name\":\"Psoriasis Canada\",\"url\":\"https:\\\/\\\/psoriasiscanada.ca\\\/\",\"logo\":{\"@type\":\"ImageObject\",\"inLanguage\":\"fr-FR\",\"@id\":\"https:\\\/\\\/psoriasiscanada.ca\\\/#\\\/schema\\\/logo\\\/image\\\/\",\"url\":\"https:\\\/\\\/psoriasiscanada.ca\\\/wp-content\\\/uploads\\\/2025\\\/11\\\/logo.png\",\"contentUrl\":\"https:\\\/\\\/psoriasiscanada.ca\\\/wp-content\\\/uploads\\\/2025\\\/11\\\/logo.png\",\"width\":222,\"height\":73,\"caption\":\"Psoriasis Canada\"},\"image\":{\"@id\":\"https:\\\/\\\/psoriasiscanada.ca\\\/#\\\/schema\\\/logo\\\/image\\\/\"},\"sameAs\":[\"https:\\\/\\\/www.facebook.com\\\/PsoriasisCan1\",\"https:\\\/\\\/www.linkedin.com\\\/in\\\/psoriasiscan1\",\"https:\\\/\\\/www.youtube.com\\\/@PsoriasisCan1\"]}]}<\/script>\n<!-- \/ Yoast SEO plugin. -->","yoast_head_json":{"title":"Psoriasis et vieillissement - Psoriasis Canada","robots":{"index":"index","follow":"follow","max-snippet":"max-snippet:-1","max-image-preview":"max-image-preview:large","max-video-preview":"max-video-preview:-1"},"canonical":"https:\/\/psoriasiscanada.ca\/fr\/vivre-avec-la-maladie-psoriasique\/psoriasis-et-vieillissement\/","og_locale":"fr_FR","og_type":"article","og_title":"Psoriasis et vieillissement - Psoriasis Canada","og_description":"L&#8217;APs et le vieillissement Le psoriasis est une affection cutan\u00e9e inflammatoire chronique qui touche un million de Canadiennes et Canadiens et cette maladie peut se manifester tout au long de la vie d\u2019une personne. Le plus souvent, le psoriasis se manifeste de fa\u00e7on pr\u00e9coce (entre 16 et 20 ans) ou tardive (entre 57 et 60 [&hellip;]","og_url":"https:\/\/psoriasiscanada.ca\/fr\/vivre-avec-la-maladie-psoriasique\/psoriasis-et-vieillissement\/","og_site_name":"Psoriasis Canada","article_publisher":"https:\/\/www.facebook.com\/PsoriasisCan1","article_modified_time":"2026-01-28T20:10:20+00:00","twitter_card":"summary_large_image","twitter_misc":{"Dur\u00e9e de lecture estim\u00e9e":"9 minutes"},"schema":{"@context":"https:\/\/schema.org","@graph":[{"@type":"WebPage","@id":"https:\/\/psoriasiscanada.ca\/fr\/vivre-avec-la-maladie-psoriasique\/psoriasis-et-vieillissement\/","url":"https:\/\/psoriasiscanada.ca\/fr\/vivre-avec-la-maladie-psoriasique\/psoriasis-et-vieillissement\/","name":"Psoriasis et vieillissement - Psoriasis Canada","isPartOf":{"@id":"https:\/\/psoriasiscanada.ca\/#website"},"datePublished":"2026-01-19T15:54:59+00:00","dateModified":"2026-01-28T20:10:20+00:00","breadcrumb":{"@id":"https:\/\/psoriasiscanada.ca\/fr\/vivre-avec-la-maladie-psoriasique\/psoriasis-et-vieillissement\/#breadcrumb"},"inLanguage":"fr-FR","potentialAction":[{"@type":"ReadAction","target":["https:\/\/psoriasiscanada.ca\/fr\/vivre-avec-la-maladie-psoriasique\/psoriasis-et-vieillissement\/"]}]},{"@type":"BreadcrumbList","@id":"https:\/\/psoriasiscanada.ca\/fr\/vivre-avec-la-maladie-psoriasique\/psoriasis-et-vieillissement\/#breadcrumb","itemListElement":[{"@type":"ListItem","position":1,"name":"Home","item":"https:\/\/psoriasiscanada.ca\/fr\/home\/"},{"@type":"ListItem","position":2,"name":"Vivre avec la maladie psoriasique","item":"https:\/\/psoriasiscanada.ca\/fr\/vivre-avec-la-maladie-psoriasique\/"},{"@type":"ListItem","position":3,"name":"Psoriasis et vieillissement"}]},{"@type":"WebSite","@id":"https:\/\/psoriasiscanada.ca\/#website","url":"https:\/\/psoriasiscanada.ca\/","name":"Psoriasis Canada","description":"Psoriasis Canada","publisher":{"@id":"https:\/\/psoriasiscanada.ca\/#organization"},"potentialAction":[{"@type":"SearchAction","target":{"@type":"EntryPoint","urlTemplate":"https:\/\/psoriasiscanada.ca\/?s={search_term_string}"},"query-input":{"@type":"PropertyValueSpecification","valueRequired":true,"valueName":"search_term_string"}}],"inLanguage":"fr-FR"},{"@type":"Organization","@id":"https:\/\/psoriasiscanada.ca\/#organization","name":"Psoriasis Canada","url":"https:\/\/psoriasiscanada.ca\/","logo":{"@type":"ImageObject","inLanguage":"fr-FR","@id":"https:\/\/psoriasiscanada.ca\/#\/schema\/logo\/image\/","url":"https:\/\/psoriasiscanada.ca\/wp-content\/uploads\/2025\/11\/logo.png","contentUrl":"https:\/\/psoriasiscanada.ca\/wp-content\/uploads\/2025\/11\/logo.png","width":222,"height":73,"caption":"Psoriasis Canada"},"image":{"@id":"https:\/\/psoriasiscanada.ca\/#\/schema\/logo\/image\/"},"sameAs":["https:\/\/www.facebook.com\/PsoriasisCan1","https:\/\/www.linkedin.com\/in\/psoriasiscan1","https:\/\/www.youtube.com\/@PsoriasisCan1"]}]}},"_links":{"self":[{"href":"https:\/\/psoriasiscanada.ca\/fr\/wp-json\/wp\/v2\/pages\/1476","targetHints":{"allow":["GET"]}}],"collection":[{"href":"https:\/\/psoriasiscanada.ca\/fr\/wp-json\/wp\/v2\/pages"}],"about":[{"href":"https:\/\/psoriasiscanada.ca\/fr\/wp-json\/wp\/v2\/types\/page"}],"author":[{"embeddable":true,"href":"https:\/\/psoriasiscanada.ca\/fr\/wp-json\/wp\/v2\/users\/1"}],"replies":[{"embeddable":true,"href":"https:\/\/psoriasiscanada.ca\/fr\/wp-json\/wp\/v2\/comments?post=1476"}],"version-history":[{"count":3,"href":"https:\/\/psoriasiscanada.ca\/fr\/wp-json\/wp\/v2\/pages\/1476\/revisions"}],"predecessor-version":[{"id":1479,"href":"https:\/\/psoriasiscanada.ca\/fr\/wp-json\/wp\/v2\/pages\/1476\/revisions\/1479"}],"up":[{"embeddable":true,"href":"https:\/\/psoriasiscanada.ca\/fr\/wp-json\/wp\/v2\/pages\/1456"}],"wp:attachment":[{"href":"https:\/\/psoriasiscanada.ca\/fr\/wp-json\/wp\/v2\/media?parent=1476"}],"curies":[{"name":"wp","href":"https:\/\/api.w.org\/{rel}","templated":true}]}}