{"id":1474,"date":"2026-01-19T15:34:53","date_gmt":"2026-01-19T15:34:53","guid":{"rendered":"https:\/\/psocan.marketaccess.ca\/vivre-avec-la-maladie-psoriasique\/mode-de-vie\/"},"modified":"2026-01-28T20:08:58","modified_gmt":"2026-01-28T20:08:58","slug":"mode-de-vie","status":"publish","type":"page","link":"https:\/\/psoriasiscanada.ca\/fr\/vivre-avec-la-maladie-psoriasique\/mode-de-vie\/","title":{"rendered":"Mode de vie"},"content":{"rendered":"\t\t<div data-elementor-type=\"wp-page\" data-elementor-id=\"1474\" class=\"elementor elementor-1474 elementor-626\" data-elementor-post-type=\"page\">\n\t\t\t\t<div class=\"elementor-element elementor-element-a8dd39c e-flex e-con-boxed e-con e-parent\" data-id=\"a8dd39c\" data-element_type=\"container\" data-e-type=\"container\">\n\t\t\t\t\t<div class=\"e-con-inner\">\n\t\t\t\t<div class=\"elementor-element elementor-element-03ddbf4 elementor-widget elementor-widget-heading\" data-id=\"03ddbf4\" data-element_type=\"widget\" data-e-type=\"widget\" data-widget_type=\"heading.default\">\n\t\t\t\t\t<h2 class=\"elementor-heading-title elementor-size-default\">Mode de vie<\/h2>\t\t\t\t<\/div>\n\t\t\t\t<div class=\"elementor-element elementor-element-4768463 elementor-widget elementor-widget-text-editor\" data-id=\"4768463\" data-element_type=\"widget\" data-e-type=\"widget\" data-widget_type=\"text-editor.default\">\n\t\t\t\t\t\t\t\t\t<p>La fa\u00e7on dont vous abordez le diagnostic de votre psoriasis fera toute la diff\u00e9rence pour votre bien-\u00eatre. Le psoriasis peut en fait \u00eatre une puissante source de motivation pour prendre enfin votre sant\u00e9 au s\u00e9rieux. Faites de votre diagnostic le point de d\u00e9part d&#8217;un voyage vers un nouveau et meilleur vous.  <\/p>\t\t\t\t\t\t\t\t<\/div>\n\t\t\t\t\t<\/div>\n\t\t\t\t<\/div>\n\t\t<div class=\"elementor-element elementor-element-0d7828a e-flex e-con-boxed e-con e-parent\" data-id=\"0d7828a\" data-element_type=\"container\" data-e-type=\"container\">\n\t\t\t\t\t<div class=\"e-con-inner\">\n\t\t\t\t<div class=\"elementor-element elementor-element-e03aca8 elementor-widget elementor-widget-n-accordion\" data-id=\"e03aca8\" data-element_type=\"widget\" data-e-type=\"widget\" data-settings=\"{&quot;default_state&quot;:&quot;all_collapsed&quot;,&quot;max_items_expended&quot;:&quot;one&quot;,&quot;n_accordion_animation_duration&quot;:{&quot;unit&quot;:&quot;ms&quot;,&quot;size&quot;:400,&quot;sizes&quot;:[]}}\" data-widget_type=\"nested-accordion.default\">\n\t\t\t\t\t\t\t<div class=\"e-n-accordion\" aria-label=\"Accordion. Open links with Enter or Space, close with Escape, and navigate with Arrow Keys\">\n\t\t\t\t\t\t<details id=\"e-n-accordion-item-2350\" class=\"e-n-accordion-item\" >\n\t\t\t\t<summary class=\"e-n-accordion-item-title\" data-accordion-index=\"1\" tabindex=\"0\" aria-expanded=\"false\" aria-controls=\"e-n-accordion-item-2350\" >\n\t\t\t\t\t<span class='e-n-accordion-item-title-header'><div class=\"e-n-accordion-item-title-text\"> Alcool <\/div><\/span>\n\t\t\t\t\t\t\t<span class='e-n-accordion-item-title-icon'>\n\t\t\t<span class='e-opened' ><svg aria-hidden=\"true\" class=\"e-font-icon-svg e-fas-minus\" viewBox=\"0 0 448 512\" xmlns=\"http:\/\/www.w3.org\/2000\/svg\"><path d=\"M416 208H32c-17.67 0-32 14.33-32 32v32c0 17.67 14.33 32 32 32h384c17.67 0 32-14.33 32-32v-32c0-17.67-14.33-32-32-32z\"><\/path><\/svg><\/span>\n\t\t\t<span class='e-closed'><svg aria-hidden=\"true\" class=\"e-font-icon-svg e-fas-plus\" viewBox=\"0 0 448 512\" xmlns=\"http:\/\/www.w3.org\/2000\/svg\"><path d=\"M416 208H272V64c0-17.67-14.33-32-32-32h-32c-17.67 0-32 14.33-32 32v144H32c-17.67 0-32 14.33-32 32v32c0 17.67 14.33 32 32 32h144v144c0 17.67 14.33 32 32 32h32c17.67 0 32-14.33 32-32V304h144c17.67 0 32-14.33 32-32v-32c0-17.67-14.33-32-32-32z\"><\/path><\/svg><\/span>\n\t\t<\/span>\n\n\t\t\t\t\t\t<\/summary>\n\t\t\t\t<div role=\"region\" aria-labelledby=\"e-n-accordion-item-2350\" class=\"elementor-element elementor-element-84d3310 e-con-full e-flex e-con e-child\" data-id=\"84d3310\" data-element_type=\"container\" data-e-type=\"container\">\n\t\t<div role=\"region\" aria-labelledby=\"e-n-accordion-item-2350\" class=\"elementor-element elementor-element-f843496 e-flex e-con-boxed e-con e-child\" data-id=\"f843496\" data-element_type=\"container\" data-e-type=\"container\">\n\t\t\t\t\t<div class=\"e-con-inner\">\n\t\t\t\t<div class=\"elementor-element elementor-element-c6e0bb7 elementor-widget elementor-widget-text-editor\" data-id=\"c6e0bb7\" data-element_type=\"widget\" data-e-type=\"widget\" data-widget_type=\"text-editor.default\">\n\t\t\t\t\t\t\t\t\t<p>Comme le tabagisme, l&#8217;abus d&#8217;alcool est plus fr\u00e9quent chez les personnes atteintes de psoriasis que dans le reste de la population. Et, comme pour le tabagisme, il n&#8217;existe pas de preuves solides pour expliquer cette corr\u00e9lation. Il se peut que l&#8217;augmentation de la consommation d&#8217;alcool soit \u00e0 l&#8217;origine du psoriasis, ou que le fait d&#8217;\u00eatre atteint d&#8217;une maladie chronique comme le psoriasis incite les gens \u00e0 augmenter leur consommation d&#8217;alcool. Il peut m\u00eame s&#8217;agir d&#8217;une combinaison de ces deux explications, les personnes d\u00e9veloppant un psoriasis en raison de leur abus d&#8217;alcool et continuant ensuite \u00e0 boire beaucoup pour faire face \u00e0 la maladie.   <\/p><p>Quelle qu&#8217;en soit la raison, les personnes atteintes de psoriasis sont plus susceptibles d&#8217;abuser de l&#8217;alcool, ce qui peut contribuer \u00e0 leur psoriasis et m\u00eame l&#8217;aggraver, entre autres cons\u00e9quences physiques et sociales potentielles. Par exemple, certains m\u00e9dicaments contre le psoriasis peuvent affecter votre foie, et il se peut que l&#8217;on vous demande d&#8217;arr\u00eater compl\u00e8tement de boire de l&#8217;alcool. Si c&#8217;est le cas et que vous craignez de ne pas pouvoir renoncer \u00e0 l&#8217;alcool, ayez une conversation franche avec votre m\u00e9decin \u00e0 ce sujet.  <\/p><h3>R\u00e9duisez votre consommation d&#8217;alcool<\/h3><p>Compte tenu de ce qui pr\u00e9c\u00e8de, il est logique d&#8217;envisager de r\u00e9duire consid\u00e9rablement votre consommation d&#8217;alcool si vous \u00eates atteint de psoriasis, et m\u00eame d&#8217;essayer de l&#8217;\u00e9liminer compl\u00e8tement de votre vie. Encore une fois, votre m\u00e9decin est une excellente source de soutien et d&#8217;id\u00e9es pour vous aider \u00e0 modifier votre relation avec l&#8217;alcool, alors ne soyez pas timide si vous \u00eates pr\u00eat \u00e0 faire ce changement &#8211; demandez de l&#8217;aide. <\/p>\t\t\t\t\t\t\t\t<\/div>\n\t\t\t\t\t<\/div>\n\t\t\t\t<\/div>\n\t\t\t\t<\/div>\n\t\t\t\t\t<\/details>\n\t\t\t\t\t\t<details id=\"e-n-accordion-item-2351\" class=\"e-n-accordion-item\" >\n\t\t\t\t<summary class=\"e-n-accordion-item-title\" data-accordion-index=\"2\" tabindex=\"-1\" aria-expanded=\"false\" aria-controls=\"e-n-accordion-item-2351\" >\n\t\t\t\t\t<span class='e-n-accordion-item-title-header'><div class=\"e-n-accordion-item-title-text\"> Tabagisme <\/div><\/span>\n\t\t\t\t\t\t\t<span class='e-n-accordion-item-title-icon'>\n\t\t\t<span class='e-opened' ><svg aria-hidden=\"true\" class=\"e-font-icon-svg e-fas-minus\" viewBox=\"0 0 448 512\" xmlns=\"http:\/\/www.w3.org\/2000\/svg\"><path d=\"M416 208H32c-17.67 0-32 14.33-32 32v32c0 17.67 14.33 32 32 32h384c17.67 0 32-14.33 32-32v-32c0-17.67-14.33-32-32-32z\"><\/path><\/svg><\/span>\n\t\t\t<span class='e-closed'><svg aria-hidden=\"true\" class=\"e-font-icon-svg e-fas-plus\" viewBox=\"0 0 448 512\" xmlns=\"http:\/\/www.w3.org\/2000\/svg\"><path d=\"M416 208H272V64c0-17.67-14.33-32-32-32h-32c-17.67 0-32 14.33-32 32v144H32c-17.67 0-32 14.33-32 32v32c0 17.67 14.33 32 32 32h144v144c0 17.67 14.33 32 32 32h32c17.67 0 32-14.33 32-32V304h144c17.67 0 32-14.33 32-32v-32c0-17.67-14.33-32-32-32z\"><\/path><\/svg><\/span>\n\t\t<\/span>\n\n\t\t\t\t\t\t<\/summary>\n\t\t\t\t<div role=\"region\" aria-labelledby=\"e-n-accordion-item-2351\" class=\"elementor-element elementor-element-468bfb4 e-con-full e-flex e-con e-child\" data-id=\"468bfb4\" data-element_type=\"container\" data-e-type=\"container\">\n\t\t<div role=\"region\" aria-labelledby=\"e-n-accordion-item-2351\" class=\"elementor-element elementor-element-f09e190 e-flex e-con-boxed e-con e-child\" data-id=\"f09e190\" data-element_type=\"container\" data-e-type=\"container\">\n\t\t\t\t\t<div class=\"e-con-inner\">\n\t\t\t\t<div class=\"elementor-element elementor-element-d45fe8c elementor-widget elementor-widget-text-editor\" data-id=\"d45fe8c\" data-element_type=\"widget\" data-e-type=\"widget\" data-widget_type=\"text-editor.default\">\n\t\t\t\t\t\t\t\t\t<div class=\"article-header\"><div class=\"article-header\"><p><span style=\"font-size: 16px;\">Des \u00e9tudes men\u00e9es aux \u00c9tats-Unis et dans le monde entier ont montr\u00e9 que les personnes atteintes de psoriasis sont plus susceptibles de fumer que la population moyenne. On ne sait toujours pas si cela est d\u00fb au fait que les gens commencent \u00e0 fumer apr\u00e8s avoir d\u00e9velopp\u00e9 la maladie ou au fait que le tabagisme contribue au d\u00e9veloppement du psoriasis. Ce que l&#8217;on sait, c&#8217;est que si vous ne fumez pas, vous ne devez pas commencer. Et si vous fumez, vous devez trouver un moyen d&#8217;arr\u00eater.   <\/span><\/p><\/div><div><p>Bien s\u00fbr, arr\u00eater de fumer est plus facile \u00e0 dire qu&#8217;\u00e0 faire. Si vous \u00eates un fumeur atteint de psoriasis et que vous avez du mal \u00e0 arr\u00eater, n&#8217;h\u00e9sitez pas \u00e0 en parler \u00e0 votre m\u00e9decin. Il existe de nombreuses fa\u00e7ons d&#8217;aborder l&#8217;abandon du tabac, et il est bon d&#8217;obtenir de l&#8217;aide pour y parvenir.  <\/p><\/div><\/div>\t\t\t\t\t\t\t\t<\/div>\n\t\t\t\t<div class=\"elementor-element elementor-element-39627f5 elementor-widget elementor-widget-text-editor\" data-id=\"39627f5\" data-element_type=\"widget\" data-e-type=\"widget\" data-widget_type=\"text-editor.default\">\n\t\t\t\t\t\t\t\t\t<hr><div><div><strong>Extrait de : <\/strong><em>Vivre avec le psoriasis, Votre guide pour bien vivre apr\u00e8s un diagnostic de psoriasis<\/em>. Association canadienne des patients atteints de psoriasis, juillet 2015 <\/div><div><strong>R\u00e9vis\u00e9 par :<\/strong> Sabrina Ribau<\/div><div><strong>Examen m\u00e9dical : <\/strong> par le Dr. Yvette Miller Monthrope, avril 2021<\/div><\/div>\t\t\t\t\t\t\t\t<\/div>\n\t\t\t\t\t<\/div>\n\t\t\t\t<\/div>\n\t\t\t\t<\/div>\n\t\t\t\t\t<\/details>\n\t\t\t\t\t\t<details id=\"e-n-accordion-item-2352\" class=\"e-n-accordion-item\" >\n\t\t\t\t<summary class=\"e-n-accordion-item-title\" data-accordion-index=\"3\" tabindex=\"-1\" aria-expanded=\"false\" aria-controls=\"e-n-accordion-item-2352\" >\n\t\t\t\t\t<span class='e-n-accordion-item-title-header'><div class=\"e-n-accordion-item-title-text\"> La nutrition <\/div><\/span>\n\t\t\t\t\t\t\t<span class='e-n-accordion-item-title-icon'>\n\t\t\t<span class='e-opened' ><svg aria-hidden=\"true\" class=\"e-font-icon-svg e-fas-minus\" viewBox=\"0 0 448 512\" xmlns=\"http:\/\/www.w3.org\/2000\/svg\"><path d=\"M416 208H32c-17.67 0-32 14.33-32 32v32c0 17.67 14.33 32 32 32h384c17.67 0 32-14.33 32-32v-32c0-17.67-14.33-32-32-32z\"><\/path><\/svg><\/span>\n\t\t\t<span class='e-closed'><svg aria-hidden=\"true\" class=\"e-font-icon-svg e-fas-plus\" viewBox=\"0 0 448 512\" xmlns=\"http:\/\/www.w3.org\/2000\/svg\"><path d=\"M416 208H272V64c0-17.67-14.33-32-32-32h-32c-17.67 0-32 14.33-32 32v144H32c-17.67 0-32 14.33-32 32v32c0 17.67 14.33 32 32 32h144v144c0 17.67 14.33 32 32 32h32c17.67 0 32-14.33 32-32V304h144c17.67 0 32-14.33 32-32v-32c0-17.67-14.33-32-32-32z\"><\/path><\/svg><\/span>\n\t\t<\/span>\n\n\t\t\t\t\t\t<\/summary>\n\t\t\t\t<div role=\"region\" aria-labelledby=\"e-n-accordion-item-2352\" class=\"elementor-element elementor-element-16cef39 e-con-full e-flex e-con e-child\" data-id=\"16cef39\" data-element_type=\"container\" data-e-type=\"container\">\n\t\t<div role=\"region\" aria-labelledby=\"e-n-accordion-item-2352\" class=\"elementor-element elementor-element-6c86f92 e-flex e-con-boxed e-con e-child\" data-id=\"6c86f92\" data-element_type=\"container\" data-e-type=\"container\">\n\t\t\t\t\t<div class=\"e-con-inner\">\n\t\t\t\t<div class=\"elementor-element elementor-element-d3a3935 elementor-widget elementor-widget-text-editor\" data-id=\"d3a3935\" data-element_type=\"widget\" data-e-type=\"widget\" data-widget_type=\"text-editor.default\">\n\t\t\t\t\t\t\t\t\t<p>Une alimentation \u00e9quilibr\u00e9e est importante pour tout le monde, mais particuli\u00e8rement pour les personnes atteintes d&#8217;une maladie chronique comme le <a href=\"https:\/\/www.canadianpsoriasis.ca\/fr\/psoriasis-fr\/qu-est-ce-que-le-psoriasis\">psoriasis<\/a> ou le <a href=\"https:\/\/www.canadianpsoriasis.ca\/fr\/rhumatisme-psoriasique\/qu-est-ce-que-l-aps\/l-aps-vs-ar-quelle-est-la-difference\">rhumatisme psoriasique<\/a> (RP). Elle contribue \u00e0 votre sant\u00e9 g\u00e9n\u00e9rale et peut vous aider \u00e0 g\u00e9rer votre maladie. <\/p><p>Bien que le r\u00e9gime alimentaire n&#8217;ait pas d&#8217;impact direct sur l&#8217;\u00e9tat de votre peau, il peut vous aider \u00e0 prot\u00e9ger vos articulations des dommages caus\u00e9s par le psoriasis, une forme d&#8217;arthrite qui touche environ une personne sur trois souffrant de psoriasis.<\/p><p>Vous trouverez ci-dessous quelques conseils pour mieux manger. N&#8217;oubliez pas d&#8217;informer votre m\u00e9decin ou votre pharmacien de tout changement important dans votre r\u00e9gime alimentaire, car certains aliments et compl\u00e9ments nutritionnels peuvent interagir avec vos m\u00e9dicaments. <\/p><ul><li>Essayez de manger une grande vari\u00e9t\u00e9 d&#8217;aliments<\/li><li>Lorsque vous pr\u00e9parez des repas, pr\u00e9parez-en plus pour plus tard<\/li><li>Faites de votre mieux pour manger r\u00e9guli\u00e8rement<\/li><li>Gardez des portions alimentaires de taille raisonnable<\/li><li>Ajoutez de la couleur \u00e0 votre alimentation avec des fruits et des l\u00e9gumes<\/li><li>Ne consommez que des quantit\u00e9s mod\u00e9r\u00e9es de sucre et de sel<\/li><li>R\u00e9duisez votre consommation de graisses hydrog\u00e9n\u00e9es ou trans et de cholest\u00e9rol.<\/li><li>Faites l&#8217;effort de planifier vos repas<\/li><li>Envisagez de prendre une multivitamine pour compl\u00e9ter votre alimentation.<\/li><\/ul><h3>Compl\u00e9ments alimentaires<\/h3><p>Les suppl\u00e9ments nutritionnels, quels qu&#8217;ils soient, peuvent modifier l&#8217;action des m\u00e9dicaments. Certaines personnes souffrant de probl\u00e8mes m\u00e9dicaux ne devraient jamais prendre de suppl\u00e9ments. Avant de prendre des compl\u00e9ments, consultez votre m\u00e9decin et ne d\u00e9passez pas les doses recommand\u00e9es sur l&#8217;\u00e9tiquette du produit.  <\/p><p><strong>Nourrissez vos articulations<\/strong>: Saviez-vous que le cartilage &#8211; la mati\u00e8re dure et glissante qui prot\u00e8ge l&#8217;extr\u00e9mit\u00e9 des os &#8211; d\u00e9pend du mouvement des articulations pour absorber les nutriments et \u00e9liminer les d\u00e9chets ? En restant actif, vous nourrissez vos articulations et les gardez propres et saines. <\/p><h3>R\u00e9gimes sp\u00e9ciaux<\/h3><p>Modifier votre alimentation peut vous permettre de mieux contr\u00f4ler votre \u00e9tat de sant\u00e9 g\u00e9n\u00e9ral, mais aucun r\u00e9gime ne peut &#8220;gu\u00e9rir&#8221; ou &#8220;soulager&#8221; le psoriasis ou l&#8217;arthrose. La plupart des all\u00e9gations di\u00e9t\u00e9tiques ne sont pas \u00e9tay\u00e9es scientifiquement et les \u00e9tudes n&#8217;ont pas mis en \u00e9vidence de r\u00e9gime am\u00e9liorant de mani\u00e8re significative ces affections. <\/p><p>Mais&#8230;<\/p><p>Si vous \u00eates en surpoids, une perte de 4,5 kg peut r\u00e9duire le stress articulaire sur vos genoux de 18 kg. La perte de poids peut contribuer \u00e0 r\u00e9duire les plis cutan\u00e9s sur votre corps o\u00f9 le psoriasis peut appara\u00eetre. La plupart des m\u00e9decins recommandent une approche alimentaire bas\u00e9e sur le bon sens pour maintenir un poids sain.  <\/p><hr><div><div><strong>Extrait de : <\/strong><em>Vivre avec le psoriasis, Votre guide pour bien vivre apr\u00e8s un diagnostic de psoriasis<\/em>. Association canadienne des patients atteints de psoriasis, juillet 2015 <\/div><div><strong>R\u00e9vis\u00e9 par :<\/strong> Sabrina Ribau<\/div><div><strong>Examen m\u00e9dical : <\/strong> par le Dr. Yvette Miller Monthrope, avril 2021<\/div><\/div>\t\t\t\t\t\t\t\t<\/div>\n\t\t\t\t<div class=\"elementor-element elementor-element-7a194cf elementor-widget elementor-widget-text-editor\" data-id=\"7a194cf\" data-element_type=\"widget\" data-e-type=\"widget\" data-widget_type=\"text-editor.default\">\n\t\t\t\t\t\t\t\t\t<p> <\/p><hr><div><div><strong>Extrait de : <\/strong><em>Vivre avec le psoriasis, Votre guide pour bien vivre apr\u00e8s un diagnostic de psoriasis<\/em>. Association canadienne des patients atteints de psoriasis, juillet 2015 <\/div><div><strong>R\u00e9vis\u00e9 par :<\/strong> Sabrina Ribau<\/div><div><strong>Examen m\u00e9dical : <\/strong> par le Dr. Yvette Miller Monthrope, avril 2021<\/div><\/div>\t\t\t\t\t\t\t\t<\/div>\n\t\t\t\t\t<\/div>\n\t\t\t\t<\/div>\n\t\t\t\t<\/div>\n\t\t\t\t\t<\/details>\n\t\t\t\t\t<\/div>\n\t\t\t\t\t\t<\/div>\n\t\t\t\t\t<\/div>\n\t\t\t\t<\/div>\n\t\t\t\t<\/div>\n\t\t","protected":false},"excerpt":{"rendered":"<p>Mode de vie La fa\u00e7on dont vous abordez le diagnostic de votre psoriasis fera toute la diff\u00e9rence pour votre bien-\u00eatre. Le psoriasis peut en fait \u00eatre une puissante source de motivation pour prendre enfin votre sant\u00e9 au s\u00e9rieux. Faites de votre diagnostic le point de d\u00e9part d&#8217;un voyage vers un nouveau et meilleur vous. Alcool [&hellip;]<\/p>\n","protected":false},"author":1,"featured_media":0,"parent":1456,"menu_order":0,"comment_status":"closed","ping_status":"closed","template":"","meta":{"website_toolbox_forum_postUrl":"","website_toolbox_forum_category":"","website_toolbox_publish_on_forum":"","footnotes":""},"class_list":["post-1474","page","type-page","status-publish","hentry"],"yoast_head":"<!-- This site is optimized with the Yoast SEO plugin v27.4 - https:\/\/yoast.com\/product\/yoast-seo-wordpress\/ -->\n<title>Mode de vie - Psoriasis Canada<\/title>\n<meta name=\"robots\" content=\"index, follow, max-snippet:-1, max-image-preview:large, max-video-preview:-1\" \/>\n<link rel=\"canonical\" href=\"https:\/\/psoriasiscanada.ca\/fr\/vivre-avec-la-maladie-psoriasique\/mode-de-vie\/\" \/>\n<meta property=\"og:locale\" content=\"fr_FR\" \/>\n<meta property=\"og:type\" content=\"article\" \/>\n<meta property=\"og:title\" content=\"Mode de vie - Psoriasis Canada\" \/>\n<meta property=\"og:description\" content=\"Mode de vie La fa\u00e7on dont vous abordez le diagnostic de votre psoriasis fera toute la diff\u00e9rence pour votre bien-\u00eatre. Le psoriasis peut en fait \u00eatre une puissante source de motivation pour prendre enfin votre sant\u00e9 au s\u00e9rieux. Faites de votre diagnostic le point de d\u00e9part d&#8217;un voyage vers un nouveau et meilleur vous. Alcool [&hellip;]\" \/>\n<meta property=\"og:url\" content=\"https:\/\/psoriasiscanada.ca\/fr\/vivre-avec-la-maladie-psoriasique\/mode-de-vie\/\" \/>\n<meta property=\"og:site_name\" content=\"Psoriasis Canada\" \/>\n<meta property=\"article:publisher\" content=\"https:\/\/www.facebook.com\/PsoriasisCan1\" \/>\n<meta property=\"article:modified_time\" content=\"2026-01-28T20:08:58+00:00\" \/>\n<meta name=\"twitter:card\" content=\"summary_large_image\" \/>\n<meta name=\"twitter:label1\" content=\"Dur\u00e9e de lecture estim\u00e9e\" \/>\n\t<meta name=\"twitter:data1\" content=\"10 minutes\" \/>\n<script type=\"application\/ld+json\" class=\"yoast-schema-graph\">{\"@context\":\"https:\\\/\\\/schema.org\",\"@graph\":[{\"@type\":\"WebPage\",\"@id\":\"https:\\\/\\\/psoriasiscanada.ca\\\/fr\\\/vivre-avec-la-maladie-psoriasique\\\/mode-de-vie\\\/\",\"url\":\"https:\\\/\\\/psoriasiscanada.ca\\\/fr\\\/vivre-avec-la-maladie-psoriasique\\\/mode-de-vie\\\/\",\"name\":\"Mode de vie - Psoriasis Canada\",\"isPartOf\":{\"@id\":\"https:\\\/\\\/psoriasiscanada.ca\\\/#website\"},\"datePublished\":\"2026-01-19T15:34:53+00:00\",\"dateModified\":\"2026-01-28T20:08:58+00:00\",\"breadcrumb\":{\"@id\":\"https:\\\/\\\/psoriasiscanada.ca\\\/fr\\\/vivre-avec-la-maladie-psoriasique\\\/mode-de-vie\\\/#breadcrumb\"},\"inLanguage\":\"fr-FR\",\"potentialAction\":[{\"@type\":\"ReadAction\",\"target\":[\"https:\\\/\\\/psoriasiscanada.ca\\\/fr\\\/vivre-avec-la-maladie-psoriasique\\\/mode-de-vie\\\/\"]}]},{\"@type\":\"BreadcrumbList\",\"@id\":\"https:\\\/\\\/psoriasiscanada.ca\\\/fr\\\/vivre-avec-la-maladie-psoriasique\\\/mode-de-vie\\\/#breadcrumb\",\"itemListElement\":[{\"@type\":\"ListItem\",\"position\":1,\"name\":\"Home\",\"item\":\"https:\\\/\\\/psoriasiscanada.ca\\\/fr\\\/home\\\/\"},{\"@type\":\"ListItem\",\"position\":2,\"name\":\"Vivre avec la maladie psoriasique\",\"item\":\"https:\\\/\\\/psoriasiscanada.ca\\\/fr\\\/vivre-avec-la-maladie-psoriasique\\\/\"},{\"@type\":\"ListItem\",\"position\":3,\"name\":\"Mode de vie\"}]},{\"@type\":\"WebSite\",\"@id\":\"https:\\\/\\\/psoriasiscanada.ca\\\/#website\",\"url\":\"https:\\\/\\\/psoriasiscanada.ca\\\/\",\"name\":\"Psoriasis Canada\",\"description\":\"Psoriasis Canada\",\"publisher\":{\"@id\":\"https:\\\/\\\/psoriasiscanada.ca\\\/#organization\"},\"potentialAction\":[{\"@type\":\"SearchAction\",\"target\":{\"@type\":\"EntryPoint\",\"urlTemplate\":\"https:\\\/\\\/psoriasiscanada.ca\\\/?s={search_term_string}\"},\"query-input\":{\"@type\":\"PropertyValueSpecification\",\"valueRequired\":true,\"valueName\":\"search_term_string\"}}],\"inLanguage\":\"fr-FR\"},{\"@type\":\"Organization\",\"@id\":\"https:\\\/\\\/psoriasiscanada.ca\\\/#organization\",\"name\":\"Psoriasis Canada\",\"url\":\"https:\\\/\\\/psoriasiscanada.ca\\\/\",\"logo\":{\"@type\":\"ImageObject\",\"inLanguage\":\"fr-FR\",\"@id\":\"https:\\\/\\\/psoriasiscanada.ca\\\/#\\\/schema\\\/logo\\\/image\\\/\",\"url\":\"https:\\\/\\\/psoriasiscanada.ca\\\/wp-content\\\/uploads\\\/2025\\\/11\\\/logo.png\",\"contentUrl\":\"https:\\\/\\\/psoriasiscanada.ca\\\/wp-content\\\/uploads\\\/2025\\\/11\\\/logo.png\",\"width\":222,\"height\":73,\"caption\":\"Psoriasis Canada\"},\"image\":{\"@id\":\"https:\\\/\\\/psoriasiscanada.ca\\\/#\\\/schema\\\/logo\\\/image\\\/\"},\"sameAs\":[\"https:\\\/\\\/www.facebook.com\\\/PsoriasisCan1\",\"https:\\\/\\\/www.linkedin.com\\\/in\\\/psoriasiscan1\",\"https:\\\/\\\/www.youtube.com\\\/@PsoriasisCan1\"]}]}<\/script>\n<!-- \/ Yoast SEO plugin. -->","yoast_head_json":{"title":"Mode de vie - Psoriasis Canada","robots":{"index":"index","follow":"follow","max-snippet":"max-snippet:-1","max-image-preview":"max-image-preview:large","max-video-preview":"max-video-preview:-1"},"canonical":"https:\/\/psoriasiscanada.ca\/fr\/vivre-avec-la-maladie-psoriasique\/mode-de-vie\/","og_locale":"fr_FR","og_type":"article","og_title":"Mode de vie - Psoriasis Canada","og_description":"Mode de vie La fa\u00e7on dont vous abordez le diagnostic de votre psoriasis fera toute la diff\u00e9rence pour votre bien-\u00eatre. Le psoriasis peut en fait \u00eatre une puissante source de motivation pour prendre enfin votre sant\u00e9 au s\u00e9rieux. Faites de votre diagnostic le point de d\u00e9part d&#8217;un voyage vers un nouveau et meilleur vous. Alcool [&hellip;]","og_url":"https:\/\/psoriasiscanada.ca\/fr\/vivre-avec-la-maladie-psoriasique\/mode-de-vie\/","og_site_name":"Psoriasis Canada","article_publisher":"https:\/\/www.facebook.com\/PsoriasisCan1","article_modified_time":"2026-01-28T20:08:58+00:00","twitter_card":"summary_large_image","twitter_misc":{"Dur\u00e9e de lecture estim\u00e9e":"10 minutes"},"schema":{"@context":"https:\/\/schema.org","@graph":[{"@type":"WebPage","@id":"https:\/\/psoriasiscanada.ca\/fr\/vivre-avec-la-maladie-psoriasique\/mode-de-vie\/","url":"https:\/\/psoriasiscanada.ca\/fr\/vivre-avec-la-maladie-psoriasique\/mode-de-vie\/","name":"Mode de vie - Psoriasis Canada","isPartOf":{"@id":"https:\/\/psoriasiscanada.ca\/#website"},"datePublished":"2026-01-19T15:34:53+00:00","dateModified":"2026-01-28T20:08:58+00:00","breadcrumb":{"@id":"https:\/\/psoriasiscanada.ca\/fr\/vivre-avec-la-maladie-psoriasique\/mode-de-vie\/#breadcrumb"},"inLanguage":"fr-FR","potentialAction":[{"@type":"ReadAction","target":["https:\/\/psoriasiscanada.ca\/fr\/vivre-avec-la-maladie-psoriasique\/mode-de-vie\/"]}]},{"@type":"BreadcrumbList","@id":"https:\/\/psoriasiscanada.ca\/fr\/vivre-avec-la-maladie-psoriasique\/mode-de-vie\/#breadcrumb","itemListElement":[{"@type":"ListItem","position":1,"name":"Home","item":"https:\/\/psoriasiscanada.ca\/fr\/home\/"},{"@type":"ListItem","position":2,"name":"Vivre avec la maladie psoriasique","item":"https:\/\/psoriasiscanada.ca\/fr\/vivre-avec-la-maladie-psoriasique\/"},{"@type":"ListItem","position":3,"name":"Mode de vie"}]},{"@type":"WebSite","@id":"https:\/\/psoriasiscanada.ca\/#website","url":"https:\/\/psoriasiscanada.ca\/","name":"Psoriasis Canada","description":"Psoriasis Canada","publisher":{"@id":"https:\/\/psoriasiscanada.ca\/#organization"},"potentialAction":[{"@type":"SearchAction","target":{"@type":"EntryPoint","urlTemplate":"https:\/\/psoriasiscanada.ca\/?s={search_term_string}"},"query-input":{"@type":"PropertyValueSpecification","valueRequired":true,"valueName":"search_term_string"}}],"inLanguage":"fr-FR"},{"@type":"Organization","@id":"https:\/\/psoriasiscanada.ca\/#organization","name":"Psoriasis Canada","url":"https:\/\/psoriasiscanada.ca\/","logo":{"@type":"ImageObject","inLanguage":"fr-FR","@id":"https:\/\/psoriasiscanada.ca\/#\/schema\/logo\/image\/","url":"https:\/\/psoriasiscanada.ca\/wp-content\/uploads\/2025\/11\/logo.png","contentUrl":"https:\/\/psoriasiscanada.ca\/wp-content\/uploads\/2025\/11\/logo.png","width":222,"height":73,"caption":"Psoriasis Canada"},"image":{"@id":"https:\/\/psoriasiscanada.ca\/#\/schema\/logo\/image\/"},"sameAs":["https:\/\/www.facebook.com\/PsoriasisCan1","https:\/\/www.linkedin.com\/in\/psoriasiscan1","https:\/\/www.youtube.com\/@PsoriasisCan1"]}]}},"_links":{"self":[{"href":"https:\/\/psoriasiscanada.ca\/fr\/wp-json\/wp\/v2\/pages\/1474","targetHints":{"allow":["GET"]}}],"collection":[{"href":"https:\/\/psoriasiscanada.ca\/fr\/wp-json\/wp\/v2\/pages"}],"about":[{"href":"https:\/\/psoriasiscanada.ca\/fr\/wp-json\/wp\/v2\/types\/page"}],"author":[{"embeddable":true,"href":"https:\/\/psoriasiscanada.ca\/fr\/wp-json\/wp\/v2\/users\/1"}],"replies":[{"embeddable":true,"href":"https:\/\/psoriasiscanada.ca\/fr\/wp-json\/wp\/v2\/comments?post=1474"}],"version-history":[{"count":1,"href":"https:\/\/psoriasiscanada.ca\/fr\/wp-json\/wp\/v2\/pages\/1474\/revisions"}],"predecessor-version":[{"id":1475,"href":"https:\/\/psoriasiscanada.ca\/fr\/wp-json\/wp\/v2\/pages\/1474\/revisions\/1475"}],"up":[{"embeddable":true,"href":"https:\/\/psoriasiscanada.ca\/fr\/wp-json\/wp\/v2\/pages\/1456"}],"wp:attachment":[{"href":"https:\/\/psoriasiscanada.ca\/fr\/wp-json\/wp\/v2\/media?parent=1474"}],"curies":[{"name":"wp","href":"https:\/\/api.w.org\/{rel}","templated":true}]}}