{"id":1454,"date":"2026-01-14T21:13:46","date_gmt":"2026-01-14T21:13:46","guid":{"rendered":"https:\/\/psocan.marketaccess.ca\/a-propos-du-psoriasis\/facteurs-de-risque-et-declencheurs\/"},"modified":"2026-01-28T19:40:10","modified_gmt":"2026-01-28T19:40:10","slug":"facteurs-de-risque-et-declencheurs","status":"publish","type":"page","link":"https:\/\/psoriasiscanada.ca\/fr\/a-propos-du-psoriasis\/facteurs-de-risque-et-declencheurs\/","title":{"rendered":"Facteurs de risque et d\u00e9clencheurs"},"content":{"rendered":"\t\t<div data-elementor-type=\"wp-page\" data-elementor-id=\"1454\" class=\"elementor elementor-1454 elementor-481\" data-elementor-post-type=\"page\">\n\t\t\t\t<div class=\"elementor-element elementor-element-7d3fd2e e-flex e-con-boxed e-con e-parent\" data-id=\"7d3fd2e\" data-element_type=\"container\" data-e-type=\"container\">\n\t\t\t\t\t<div class=\"e-con-inner\">\n\t\t\t\t<div class=\"elementor-element elementor-element-2f4848f elementor-widget elementor-widget-heading\" data-id=\"2f4848f\" data-element_type=\"widget\" data-e-type=\"widget\" data-widget_type=\"heading.default\">\n\t\t\t\t\t<h2 class=\"elementor-heading-title elementor-size-default\">Facteurs de risque et d\u00e9clencheurs<\/h2>\t\t\t\t<\/div>\n\t\t\t\t\t<\/div>\n\t\t\t\t<\/div>\n\t\t<div class=\"elementor-element elementor-element-21076c0e e-flex e-con-boxed e-con e-parent\" data-id=\"21076c0e\" data-element_type=\"container\" data-e-type=\"container\" data-settings=\"{&quot;background_background&quot;:&quot;classic&quot;}\">\n\t\t\t\t\t<div class=\"e-con-inner\">\n\t\t<div class=\"elementor-element elementor-element-76b6a149 e-con-full e-flex e-con e-child\" data-id=\"76b6a149\" data-element_type=\"container\" data-e-type=\"container\">\n\t\t<div class=\"elementor-element elementor-element-1826f154 e-con-full e-flex e-con e-child\" data-id=\"1826f154\" data-element_type=\"container\" data-e-type=\"container\" data-settings=\"{&quot;background_background&quot;:&quot;classic&quot;}\">\n\t\t\t\t<div class=\"elementor-element elementor-element-28d50044 elementor-widget elementor-widget-heading\" data-id=\"28d50044\" data-element_type=\"widget\" data-e-type=\"widget\" data-widget_type=\"heading.default\">\n\t\t\t\t\t<h3 class=\"elementor-heading-title elementor-size-default\">Risk Factors<\/h3>\t\t\t\t<\/div>\n\t\t\t\t<div class=\"elementor-element elementor-element-a069266 elementor-widget elementor-widget-text-editor\" data-id=\"a069266\" data-element_type=\"widget\" data-e-type=\"widget\" data-widget_type=\"text-editor.default\">\n\t\t\t\t\t\t\t\t\t<p>Les causes du psoriasis sont inconnues, mais la pr\u00e9disposition g\u00e9n\u00e9tique est consid\u00e9r\u00e9e comme un facteur cl\u00e9. Les facteurs environnementaux et comportementaux peuvent \u00e9galement jouer un r\u00f4le important.<\/p><p>Les facteurs de risque associ\u00e9s au psoriasis comprennent entre autres :<\/p><ul><li>Ant\u00e9c\u00e9dents familiaux<\/li><li>G\u00e8nes particuliers<\/li><li>Stress<\/li><li>Ob\u00e9sit\u00e9<\/li><li><a href=\"https:\/\/canadianpsoriasis.ca\/fr\/psoriasis-fr\/vivre-avec-psoriasis\/mode-de-vie\/tabagisme\">Tabagisme<\/a><\/li><li>Consommation excessive<a href=\"https:\/\/canadianpsoriasis.ca\/fr\/psoriasis-fr\/qu-est-ce-que-le-psoriasis\/facteurs-de-risque\/110-french\/living-with\/164-limiter-sa-consommation-d-alcool\"> d\u2019alcool<\/a><\/li><li>Infections (VIH, streptocoques)<\/li><\/ul>\t\t\t\t\t\t\t\t<\/div>\n\t\t\t\t<\/div>\n\t\t<div class=\"elementor-element elementor-element-6f18145c e-con-full e-flex e-con e-child\" data-id=\"6f18145c\" data-element_type=\"container\" data-e-type=\"container\" data-settings=\"{&quot;background_background&quot;:&quot;classic&quot;}\">\n\t\t\t\t<div class=\"elementor-element elementor-element-51706b77 elementor-widget elementor-widget-heading\" data-id=\"51706b77\" data-element_type=\"widget\" data-e-type=\"widget\" data-widget_type=\"heading.default\">\n\t\t\t\t\t<h3 class=\"elementor-heading-title elementor-size-default\">Triggers<\/h3>\t\t\t\t<\/div>\n\t\t\t\t<div class=\"elementor-element elementor-element-a13a8ba elementor-widget elementor-widget-text-editor\" data-id=\"a13a8ba\" data-element_type=\"widget\" data-e-type=\"widget\" data-widget_type=\"text-editor.default\">\n\t\t\t\t\t\t\t\t\t<div class=\"article-header\"><p><span style=\"font-size: 16px;\">Les d\u00e9clencheurs sont uniques \u00e0 une personne, mais les plus communs sont :<\/span><\/p><\/div><div><ul><li>Climat froid ou sec<\/li><li>Infections (VIH, streptocoques)<\/li><li>Stress<\/li><li>Peau s\u00e8che<\/li><li>Certains m\u00e9dicaments y compris les anti-inflammatoires non st\u00e9ro\u00efdiens (AINS), les m\u00e9dicaments contre l\u2019hypertension art\u00e9rielle, certains antid\u00e9presseurs, les antipalud\u00e9ens et autres<\/li><li>Blessures \u00e0 la peau y compris les coups de soleil, les coupures et les piqures d\u2019insectes<\/li><\/ul><\/div>\t\t\t\t\t\t\t\t<\/div>\n\t\t\t\t<\/div>\n\t\t\t\t<\/div>\n\t\t\t\t\t<\/div>\n\t\t\t\t<\/div>\n\t\t\t\t<\/div>\n\t\t","protected":false},"excerpt":{"rendered":"<p>Facteurs de risque et d\u00e9clencheurs Risk Factors Les causes du psoriasis sont inconnues, mais la pr\u00e9disposition g\u00e9n\u00e9tique est consid\u00e9r\u00e9e comme un facteur cl\u00e9. Les facteurs environnementaux et comportementaux peuvent \u00e9galement jouer un r\u00f4le important. Les facteurs de risque associ\u00e9s au psoriasis comprennent entre autres : Ant\u00e9c\u00e9dents familiaux G\u00e8nes particuliers Stress Ob\u00e9sit\u00e9 Tabagisme Consommation excessive d\u2019alcool [&hellip;]<\/p>\n","protected":false},"author":1,"featured_media":0,"parent":1244,"menu_order":0,"comment_status":"closed","ping_status":"closed","template":"","meta":{"website_toolbox_forum_postUrl":"","website_toolbox_forum_category":"","website_toolbox_publish_on_forum":"","footnotes":""},"class_list":["post-1454","page","type-page","status-publish","hentry"],"yoast_head":"<!-- This site is optimized with the Yoast SEO plugin v27.4 - https:\/\/yoast.com\/product\/yoast-seo-wordpress\/ -->\n<title>Facteurs de risque et d\u00e9clencheurs - Psoriasis Canada<\/title>\n<meta name=\"robots\" content=\"index, follow, max-snippet:-1, max-image-preview:large, max-video-preview:-1\" \/>\n<link rel=\"canonical\" href=\"https:\/\/psoriasiscanada.ca\/fr\/a-propos-du-psoriasis\/facteurs-de-risque-et-declencheurs\/\" \/>\n<meta property=\"og:locale\" content=\"fr_FR\" \/>\n<meta property=\"og:type\" content=\"article\" \/>\n<meta property=\"og:title\" content=\"Facteurs de risque et d\u00e9clencheurs - Psoriasis Canada\" \/>\n<meta property=\"og:description\" content=\"Facteurs de risque et d\u00e9clencheurs Risk Factors Les causes du psoriasis sont inconnues, mais la pr\u00e9disposition g\u00e9n\u00e9tique est consid\u00e9r\u00e9e comme un facteur cl\u00e9. Les facteurs environnementaux et comportementaux peuvent \u00e9galement jouer un r\u00f4le important. Les facteurs de risque associ\u00e9s au psoriasis comprennent entre autres : Ant\u00e9c\u00e9dents familiaux G\u00e8nes particuliers Stress Ob\u00e9sit\u00e9 Tabagisme Consommation excessive d\u2019alcool [&hellip;]\" \/>\n<meta property=\"og:url\" content=\"https:\/\/psoriasiscanada.ca\/fr\/a-propos-du-psoriasis\/facteurs-de-risque-et-declencheurs\/\" \/>\n<meta property=\"og:site_name\" content=\"Psoriasis Canada\" \/>\n<meta property=\"article:publisher\" content=\"https:\/\/www.facebook.com\/PsoriasisCan1\" \/>\n<meta property=\"article:modified_time\" content=\"2026-01-28T19:40:10+00:00\" \/>\n<meta name=\"twitter:card\" content=\"summary_large_image\" \/>\n<meta name=\"twitter:label1\" content=\"Dur\u00e9e de lecture estim\u00e9e\" \/>\n\t<meta name=\"twitter:data1\" content=\"1 minute\" \/>\n<script type=\"application\/ld+json\" class=\"yoast-schema-graph\">{\"@context\":\"https:\\\/\\\/schema.org\",\"@graph\":[{\"@type\":\"WebPage\",\"@id\":\"https:\\\/\\\/psoriasiscanada.ca\\\/fr\\\/a-propos-du-psoriasis\\\/facteurs-de-risque-et-declencheurs\\\/\",\"url\":\"https:\\\/\\\/psoriasiscanada.ca\\\/fr\\\/a-propos-du-psoriasis\\\/facteurs-de-risque-et-declencheurs\\\/\",\"name\":\"Facteurs de risque et d\u00e9clencheurs - Psoriasis Canada\",\"isPartOf\":{\"@id\":\"https:\\\/\\\/psoriasiscanada.ca\\\/#website\"},\"datePublished\":\"2026-01-14T21:13:46+00:00\",\"dateModified\":\"2026-01-28T19:40:10+00:00\",\"breadcrumb\":{\"@id\":\"https:\\\/\\\/psoriasiscanada.ca\\\/fr\\\/a-propos-du-psoriasis\\\/facteurs-de-risque-et-declencheurs\\\/#breadcrumb\"},\"inLanguage\":\"fr-FR\",\"potentialAction\":[{\"@type\":\"ReadAction\",\"target\":[\"https:\\\/\\\/psoriasiscanada.ca\\\/fr\\\/a-propos-du-psoriasis\\\/facteurs-de-risque-et-declencheurs\\\/\"]}]},{\"@type\":\"BreadcrumbList\",\"@id\":\"https:\\\/\\\/psoriasiscanada.ca\\\/fr\\\/a-propos-du-psoriasis\\\/facteurs-de-risque-et-declencheurs\\\/#breadcrumb\",\"itemListElement\":[{\"@type\":\"ListItem\",\"position\":1,\"name\":\"Home\",\"item\":\"https:\\\/\\\/psoriasiscanada.ca\\\/fr\\\/home\\\/\"},{\"@type\":\"ListItem\",\"position\":2,\"name\":\"\u00c0 propos du psoriasis\",\"item\":\"https:\\\/\\\/psoriasiscanada.ca\\\/fr\\\/a-propos-du-psoriasis\\\/\"},{\"@type\":\"ListItem\",\"position\":3,\"name\":\"Facteurs de risque et d\u00e9clencheurs\"}]},{\"@type\":\"WebSite\",\"@id\":\"https:\\\/\\\/psoriasiscanada.ca\\\/#website\",\"url\":\"https:\\\/\\\/psoriasiscanada.ca\\\/\",\"name\":\"Psoriasis Canada\",\"description\":\"Psoriasis Canada\",\"publisher\":{\"@id\":\"https:\\\/\\\/psoriasiscanada.ca\\\/#organization\"},\"potentialAction\":[{\"@type\":\"SearchAction\",\"target\":{\"@type\":\"EntryPoint\",\"urlTemplate\":\"https:\\\/\\\/psoriasiscanada.ca\\\/?s={search_term_string}\"},\"query-input\":{\"@type\":\"PropertyValueSpecification\",\"valueRequired\":true,\"valueName\":\"search_term_string\"}}],\"inLanguage\":\"fr-FR\"},{\"@type\":\"Organization\",\"@id\":\"https:\\\/\\\/psoriasiscanada.ca\\\/#organization\",\"name\":\"Psoriasis Canada\",\"url\":\"https:\\\/\\\/psoriasiscanada.ca\\\/\",\"logo\":{\"@type\":\"ImageObject\",\"inLanguage\":\"fr-FR\",\"@id\":\"https:\\\/\\\/psoriasiscanada.ca\\\/#\\\/schema\\\/logo\\\/image\\\/\",\"url\":\"https:\\\/\\\/psoriasiscanada.ca\\\/wp-content\\\/uploads\\\/2025\\\/11\\\/logo.png\",\"contentUrl\":\"https:\\\/\\\/psoriasiscanada.ca\\\/wp-content\\\/uploads\\\/2025\\\/11\\\/logo.png\",\"width\":222,\"height\":73,\"caption\":\"Psoriasis Canada\"},\"image\":{\"@id\":\"https:\\\/\\\/psoriasiscanada.ca\\\/#\\\/schema\\\/logo\\\/image\\\/\"},\"sameAs\":[\"https:\\\/\\\/www.facebook.com\\\/PsoriasisCan1\",\"https:\\\/\\\/www.linkedin.com\\\/in\\\/psoriasiscan1\",\"https:\\\/\\\/www.youtube.com\\\/@PsoriasisCan1\"]}]}<\/script>\n<!-- \/ Yoast SEO plugin. -->","yoast_head_json":{"title":"Facteurs de risque et d\u00e9clencheurs - Psoriasis Canada","robots":{"index":"index","follow":"follow","max-snippet":"max-snippet:-1","max-image-preview":"max-image-preview:large","max-video-preview":"max-video-preview:-1"},"canonical":"https:\/\/psoriasiscanada.ca\/fr\/a-propos-du-psoriasis\/facteurs-de-risque-et-declencheurs\/","og_locale":"fr_FR","og_type":"article","og_title":"Facteurs de risque et d\u00e9clencheurs - Psoriasis Canada","og_description":"Facteurs de risque et d\u00e9clencheurs Risk Factors Les causes du psoriasis sont inconnues, mais la pr\u00e9disposition g\u00e9n\u00e9tique est consid\u00e9r\u00e9e comme un facteur cl\u00e9. Les facteurs environnementaux et comportementaux peuvent \u00e9galement jouer un r\u00f4le important. Les facteurs de risque associ\u00e9s au psoriasis comprennent entre autres : Ant\u00e9c\u00e9dents familiaux G\u00e8nes particuliers Stress Ob\u00e9sit\u00e9 Tabagisme Consommation excessive d\u2019alcool [&hellip;]","og_url":"https:\/\/psoriasiscanada.ca\/fr\/a-propos-du-psoriasis\/facteurs-de-risque-et-declencheurs\/","og_site_name":"Psoriasis Canada","article_publisher":"https:\/\/www.facebook.com\/PsoriasisCan1","article_modified_time":"2026-01-28T19:40:10+00:00","twitter_card":"summary_large_image","twitter_misc":{"Dur\u00e9e de lecture estim\u00e9e":"1 minute"},"schema":{"@context":"https:\/\/schema.org","@graph":[{"@type":"WebPage","@id":"https:\/\/psoriasiscanada.ca\/fr\/a-propos-du-psoriasis\/facteurs-de-risque-et-declencheurs\/","url":"https:\/\/psoriasiscanada.ca\/fr\/a-propos-du-psoriasis\/facteurs-de-risque-et-declencheurs\/","name":"Facteurs de risque et d\u00e9clencheurs - Psoriasis Canada","isPartOf":{"@id":"https:\/\/psoriasiscanada.ca\/#website"},"datePublished":"2026-01-14T21:13:46+00:00","dateModified":"2026-01-28T19:40:10+00:00","breadcrumb":{"@id":"https:\/\/psoriasiscanada.ca\/fr\/a-propos-du-psoriasis\/facteurs-de-risque-et-declencheurs\/#breadcrumb"},"inLanguage":"fr-FR","potentialAction":[{"@type":"ReadAction","target":["https:\/\/psoriasiscanada.ca\/fr\/a-propos-du-psoriasis\/facteurs-de-risque-et-declencheurs\/"]}]},{"@type":"BreadcrumbList","@id":"https:\/\/psoriasiscanada.ca\/fr\/a-propos-du-psoriasis\/facteurs-de-risque-et-declencheurs\/#breadcrumb","itemListElement":[{"@type":"ListItem","position":1,"name":"Home","item":"https:\/\/psoriasiscanada.ca\/fr\/home\/"},{"@type":"ListItem","position":2,"name":"\u00c0 propos du psoriasis","item":"https:\/\/psoriasiscanada.ca\/fr\/a-propos-du-psoriasis\/"},{"@type":"ListItem","position":3,"name":"Facteurs de risque et d\u00e9clencheurs"}]},{"@type":"WebSite","@id":"https:\/\/psoriasiscanada.ca\/#website","url":"https:\/\/psoriasiscanada.ca\/","name":"Psoriasis Canada","description":"Psoriasis Canada","publisher":{"@id":"https:\/\/psoriasiscanada.ca\/#organization"},"potentialAction":[{"@type":"SearchAction","target":{"@type":"EntryPoint","urlTemplate":"https:\/\/psoriasiscanada.ca\/?s={search_term_string}"},"query-input":{"@type":"PropertyValueSpecification","valueRequired":true,"valueName":"search_term_string"}}],"inLanguage":"fr-FR"},{"@type":"Organization","@id":"https:\/\/psoriasiscanada.ca\/#organization","name":"Psoriasis Canada","url":"https:\/\/psoriasiscanada.ca\/","logo":{"@type":"ImageObject","inLanguage":"fr-FR","@id":"https:\/\/psoriasiscanada.ca\/#\/schema\/logo\/image\/","url":"https:\/\/psoriasiscanada.ca\/wp-content\/uploads\/2025\/11\/logo.png","contentUrl":"https:\/\/psoriasiscanada.ca\/wp-content\/uploads\/2025\/11\/logo.png","width":222,"height":73,"caption":"Psoriasis Canada"},"image":{"@id":"https:\/\/psoriasiscanada.ca\/#\/schema\/logo\/image\/"},"sameAs":["https:\/\/www.facebook.com\/PsoriasisCan1","https:\/\/www.linkedin.com\/in\/psoriasiscan1","https:\/\/www.youtube.com\/@PsoriasisCan1"]}]}},"_links":{"self":[{"href":"https:\/\/psoriasiscanada.ca\/fr\/wp-json\/wp\/v2\/pages\/1454","targetHints":{"allow":["GET"]}}],"collection":[{"href":"https:\/\/psoriasiscanada.ca\/fr\/wp-json\/wp\/v2\/pages"}],"about":[{"href":"https:\/\/psoriasiscanada.ca\/fr\/wp-json\/wp\/v2\/types\/page"}],"author":[{"embeddable":true,"href":"https:\/\/psoriasiscanada.ca\/fr\/wp-json\/wp\/v2\/users\/1"}],"replies":[{"embeddable":true,"href":"https:\/\/psoriasiscanada.ca\/fr\/wp-json\/wp\/v2\/comments?post=1454"}],"version-history":[{"count":1,"href":"https:\/\/psoriasiscanada.ca\/fr\/wp-json\/wp\/v2\/pages\/1454\/revisions"}],"predecessor-version":[{"id":1455,"href":"https:\/\/psoriasiscanada.ca\/fr\/wp-json\/wp\/v2\/pages\/1454\/revisions\/1455"}],"up":[{"embeddable":true,"href":"https:\/\/psoriasiscanada.ca\/fr\/wp-json\/wp\/v2\/pages\/1244"}],"wp:attachment":[{"href":"https:\/\/psoriasiscanada.ca\/fr\/wp-json\/wp\/v2\/media?parent=1454"}],"curies":[{"name":"wp","href":"https:\/\/api.w.org\/{rel}","templated":true}]}}