{"id":1443,"date":"2026-01-22T18:47:45","date_gmt":"2026-01-22T18:47:45","guid":{"rendered":"https:\/\/psocan.marketaccess.ca\/acces-aux-medicaments-vue-densemble\/assurance-privee\/"},"modified":"2026-04-17T13:27:37","modified_gmt":"2026-04-17T13:27:37","slug":"assurance-privee","status":"publish","type":"page","link":"https:\/\/psoriasiscanada.ca\/fr\/acces-aux-medicaments-vue-densemble\/assurance-privee\/","title":{"rendered":"Assurance priv\u00e9e"},"content":{"rendered":"\t\t<div data-elementor-type=\"wp-page\" data-elementor-id=\"1443\" class=\"elementor elementor-1443 elementor-945\" data-elementor-post-type=\"page\">\n\t\t\t\t<div class=\"elementor-element elementor-element-10557271 e-flex e-con-boxed e-con e-parent\" data-id=\"10557271\" data-element_type=\"container\" data-e-type=\"container\">\n\t\t\t\t\t<div class=\"e-con-inner\">\n\t\t\t\t<div class=\"elementor-element elementor-element-a861396 elementor-widget elementor-widget-heading\" data-id=\"a861396\" data-element_type=\"widget\" data-e-type=\"widget\" data-widget_type=\"heading.default\">\n\t\t\t\t\t<h2 class=\"elementor-heading-title elementor-size-default\">Assurance priv\u00e9e<\/h2>\t\t\t\t<\/div>\n\t\t\t\t<div class=\"elementor-element elementor-element-261d49f7 elementor-widget elementor-widget-text-editor\" data-id=\"261d49f7\" data-element_type=\"widget\" data-e-type=\"widget\" data-widget_type=\"text-editor.default\">\n\t\t\t\t\t\t\t\t\t<div class=\"article-header\"><p><span style=\"font-size: 16px;\">Pour g\u00e9rer les co\u00fbts croissants des r\u00e9gimes d\u2019assurance-m\u00e9dicaments, les payeurs priv\u00e9s mettent en \u0153uvre plusieurs mod\u00e8les de r\u00e9gimes pour g\u00e9rer l\u2019utilisation des m\u00e9dicaments sp\u00e9cialis\u00e9s :<\/span><\/p><\/div><div><ol><li><strong>Autorisation sp\u00e9ciale ou pr\u00e9alable<\/strong> : une patiente ou un patient ou son m\u00e9decin doit soumettre des renseignements suppl\u00e9mentaires pour que l\u2019assureur les examine afin de s\u2019assurer que la patiente ou le patient satisfait \u00e0 des crit\u00e8res sp\u00e9cifiques avant que la couverture ne soit confirm\u00e9e. L\u2019examen peut porter sur les informations cliniques, les traitements ant\u00e9rieurs ou le diagnostic. <\/li><li><strong>Gestion de cas<\/strong> : la gestion de cas est semblable \u00e0 l\u2019autorisation sp\u00e9ciale ou pr\u00e9alable, mais exige que beaucoup plus de renseignements soient fournis au gestionnaire de cas de la compagnie d\u2019assurance qui examinera le plan de traitement et consultera le m\u00e9decin. Les gestionnaires de cas peuvent recommander un autre traitement ou suivre la patiente ou le patient pour s\u2019assurer des meilleurs r\u00e9sultats. <\/li><li>Pharmacies pr\u00e9f\u00e9r\u00e9es : certains r\u00e9gimes priv\u00e9s exigent que les patientes et patients utilisent exclusivement une pharmacie ou une cha\u00eene de pharmacies, et d\u2019autres couvrent une plus grande partie des co\u00fbts pour les patientes et patients qui utilisent ces pharmacies. Certains assureurs ont conclu des partenariats avec des pharmacies sp\u00e9cialis\u00e9es pour la distribution exclusive de traitements biologiques aux patientes et patients. <\/li><li><strong>Listes de m\u00e9dicaments g\u00e9r\u00e9es<\/strong> : leurs r\u00e9gimes d\u2019assurance-m\u00e9dicaments paient pour une s\u00e9lection pr\u00e9d\u00e9termin\u00e9e de m\u00e9dicaments efficaces et abordables. Leur assureur ou leur gestionnaire de prestations pharmaceutiques g\u00e8re la liste de m\u00e9dicaments au nom de l\u2019employeur. <\/li><\/ol><\/div>\t\t\t\t\t\t\t\t<\/div>\n\t\t\t\t<div class=\"elementor-element elementor-element-0ca122f elementor-widget elementor-widget-video\" data-id=\"0ca122f\" data-element_type=\"widget\" data-e-type=\"widget\" data-settings=\"{&quot;youtube_url&quot;:&quot;https:\\\/\\\/youtu.be\\\/IcBdAlrMeNg?si=GBAA9bIgu5c64ohN&quot;,&quot;video_type&quot;:&quot;youtube&quot;,&quot;controls&quot;:&quot;yes&quot;}\" data-widget_type=\"video.default\">\n\t\t\t\t\t\t\t<div class=\"elementor-wrapper elementor-open-inline\">\n\t\t\t<div class=\"elementor-video\"><\/div>\t\t<\/div>\n\t\t\t\t\t\t<\/div>\n\t\t\t\t\t<\/div>\n\t\t\t\t<\/div>\n\t\t\t\t<\/div>\n\t\t","protected":false},"excerpt":{"rendered":"<p>Assurance priv\u00e9e Pour g\u00e9rer les co\u00fbts croissants des r\u00e9gimes d\u2019assurance-m\u00e9dicaments, les payeurs priv\u00e9s mettent en \u0153uvre plusieurs mod\u00e8les de r\u00e9gimes pour g\u00e9rer l\u2019utilisation des m\u00e9dicaments sp\u00e9cialis\u00e9s : Autorisation sp\u00e9ciale ou pr\u00e9alable : une patiente ou un patient ou son m\u00e9decin doit soumettre des renseignements suppl\u00e9mentaires pour que l\u2019assureur les examine afin de s\u2019assurer que la [&hellip;]<\/p>\n","protected":false},"author":1,"featured_media":0,"parent":1441,"menu_order":0,"comment_status":"closed","ping_status":"closed","template":"","meta":{"website_toolbox_forum_postUrl":"","website_toolbox_forum_category":"","website_toolbox_publish_on_forum":"","footnotes":""},"class_list":["post-1443","page","type-page","status-publish","hentry"],"yoast_head":"<!-- This site is optimized with the Yoast SEO plugin v27.4 - https:\/\/yoast.com\/product\/yoast-seo-wordpress\/ -->\n<title>Assurance priv\u00e9e - Psoriasis Canada<\/title>\n<meta name=\"robots\" content=\"index, follow, max-snippet:-1, max-image-preview:large, max-video-preview:-1\" \/>\n<link rel=\"canonical\" href=\"https:\/\/psoriasiscanada.ca\/fr\/acces-aux-medicaments-vue-densemble\/assurance-privee\/\" \/>\n<meta property=\"og:locale\" content=\"fr_FR\" \/>\n<meta property=\"og:type\" content=\"article\" \/>\n<meta property=\"og:title\" content=\"Assurance priv\u00e9e - Psoriasis Canada\" \/>\n<meta property=\"og:description\" content=\"Assurance priv\u00e9e Pour g\u00e9rer les co\u00fbts croissants des r\u00e9gimes d\u2019assurance-m\u00e9dicaments, les payeurs priv\u00e9s mettent en \u0153uvre plusieurs mod\u00e8les de r\u00e9gimes pour g\u00e9rer l\u2019utilisation des m\u00e9dicaments sp\u00e9cialis\u00e9s : Autorisation sp\u00e9ciale ou pr\u00e9alable : une patiente ou un patient ou son m\u00e9decin doit soumettre des renseignements suppl\u00e9mentaires pour que l\u2019assureur les examine afin de s\u2019assurer que la [&hellip;]\" \/>\n<meta property=\"og:url\" content=\"https:\/\/psoriasiscanada.ca\/fr\/acces-aux-medicaments-vue-densemble\/assurance-privee\/\" \/>\n<meta property=\"og:site_name\" content=\"Psoriasis Canada\" \/>\n<meta property=\"article:publisher\" content=\"https:\/\/www.facebook.com\/PsoriasisCan1\" \/>\n<meta property=\"article:modified_time\" content=\"2026-04-17T13:27:37+00:00\" \/>\n<meta name=\"twitter:card\" content=\"summary_large_image\" \/>\n<meta name=\"twitter:label1\" content=\"Dur\u00e9e de lecture estim\u00e9e\" \/>\n\t<meta name=\"twitter:data1\" content=\"2 minutes\" \/>\n<script type=\"application\/ld+json\" class=\"yoast-schema-graph\">{\"@context\":\"https:\\\/\\\/schema.org\",\"@graph\":[{\"@type\":\"WebPage\",\"@id\":\"https:\\\/\\\/psoriasiscanada.ca\\\/fr\\\/acces-aux-medicaments-vue-densemble\\\/assurance-privee\\\/\",\"url\":\"https:\\\/\\\/psoriasiscanada.ca\\\/fr\\\/acces-aux-medicaments-vue-densemble\\\/assurance-privee\\\/\",\"name\":\"Assurance priv\u00e9e - Psoriasis Canada\",\"isPartOf\":{\"@id\":\"https:\\\/\\\/psoriasiscanada.ca\\\/#website\"},\"datePublished\":\"2026-01-22T18:47:45+00:00\",\"dateModified\":\"2026-04-17T13:27:37+00:00\",\"breadcrumb\":{\"@id\":\"https:\\\/\\\/psoriasiscanada.ca\\\/fr\\\/acces-aux-medicaments-vue-densemble\\\/assurance-privee\\\/#breadcrumb\"},\"inLanguage\":\"fr-FR\",\"potentialAction\":[{\"@type\":\"ReadAction\",\"target\":[\"https:\\\/\\\/psoriasiscanada.ca\\\/fr\\\/acces-aux-medicaments-vue-densemble\\\/assurance-privee\\\/\"]}]},{\"@type\":\"BreadcrumbList\",\"@id\":\"https:\\\/\\\/psoriasiscanada.ca\\\/fr\\\/acces-aux-medicaments-vue-densemble\\\/assurance-privee\\\/#breadcrumb\",\"itemListElement\":[{\"@type\":\"ListItem\",\"position\":1,\"name\":\"Home\",\"item\":\"https:\\\/\\\/psoriasiscanada.ca\\\/fr\\\/home\\\/\"},{\"@type\":\"ListItem\",\"position\":2,\"name\":\"Acc\u00e8s aux m\u00e9dicaments &#8211; Vue d&#8217;ensemble\",\"item\":\"https:\\\/\\\/psoriasiscanada.ca\\\/fr\\\/acces-aux-medicaments-vue-densemble\\\/\"},{\"@type\":\"ListItem\",\"position\":3,\"name\":\"Assurance priv\u00e9e\"}]},{\"@type\":\"WebSite\",\"@id\":\"https:\\\/\\\/psoriasiscanada.ca\\\/#website\",\"url\":\"https:\\\/\\\/psoriasiscanada.ca\\\/\",\"name\":\"Psoriasis Canada\",\"description\":\"Psoriasis Canada\",\"publisher\":{\"@id\":\"https:\\\/\\\/psoriasiscanada.ca\\\/#organization\"},\"potentialAction\":[{\"@type\":\"SearchAction\",\"target\":{\"@type\":\"EntryPoint\",\"urlTemplate\":\"https:\\\/\\\/psoriasiscanada.ca\\\/?s={search_term_string}\"},\"query-input\":{\"@type\":\"PropertyValueSpecification\",\"valueRequired\":true,\"valueName\":\"search_term_string\"}}],\"inLanguage\":\"fr-FR\"},{\"@type\":\"Organization\",\"@id\":\"https:\\\/\\\/psoriasiscanada.ca\\\/#organization\",\"name\":\"Psoriasis Canada\",\"url\":\"https:\\\/\\\/psoriasiscanada.ca\\\/\",\"logo\":{\"@type\":\"ImageObject\",\"inLanguage\":\"fr-FR\",\"@id\":\"https:\\\/\\\/psoriasiscanada.ca\\\/#\\\/schema\\\/logo\\\/image\\\/\",\"url\":\"https:\\\/\\\/psoriasiscanada.ca\\\/wp-content\\\/uploads\\\/2025\\\/11\\\/logo.png\",\"contentUrl\":\"https:\\\/\\\/psoriasiscanada.ca\\\/wp-content\\\/uploads\\\/2025\\\/11\\\/logo.png\",\"width\":222,\"height\":73,\"caption\":\"Psoriasis Canada\"},\"image\":{\"@id\":\"https:\\\/\\\/psoriasiscanada.ca\\\/#\\\/schema\\\/logo\\\/image\\\/\"},\"sameAs\":[\"https:\\\/\\\/www.facebook.com\\\/PsoriasisCan1\",\"https:\\\/\\\/www.linkedin.com\\\/in\\\/psoriasiscan1\",\"https:\\\/\\\/www.youtube.com\\\/@PsoriasisCan1\"]}]}<\/script>\n<!-- \/ Yoast SEO plugin. -->","yoast_head_json":{"title":"Assurance priv\u00e9e - Psoriasis Canada","robots":{"index":"index","follow":"follow","max-snippet":"max-snippet:-1","max-image-preview":"max-image-preview:large","max-video-preview":"max-video-preview:-1"},"canonical":"https:\/\/psoriasiscanada.ca\/fr\/acces-aux-medicaments-vue-densemble\/assurance-privee\/","og_locale":"fr_FR","og_type":"article","og_title":"Assurance priv\u00e9e - Psoriasis Canada","og_description":"Assurance priv\u00e9e Pour g\u00e9rer les co\u00fbts croissants des r\u00e9gimes d\u2019assurance-m\u00e9dicaments, les payeurs priv\u00e9s mettent en \u0153uvre plusieurs mod\u00e8les de r\u00e9gimes pour g\u00e9rer l\u2019utilisation des m\u00e9dicaments sp\u00e9cialis\u00e9s : Autorisation sp\u00e9ciale ou pr\u00e9alable : une patiente ou un patient ou son m\u00e9decin doit soumettre des renseignements suppl\u00e9mentaires pour que l\u2019assureur les examine afin de s\u2019assurer que la [&hellip;]","og_url":"https:\/\/psoriasiscanada.ca\/fr\/acces-aux-medicaments-vue-densemble\/assurance-privee\/","og_site_name":"Psoriasis Canada","article_publisher":"https:\/\/www.facebook.com\/PsoriasisCan1","article_modified_time":"2026-04-17T13:27:37+00:00","twitter_card":"summary_large_image","twitter_misc":{"Dur\u00e9e de lecture estim\u00e9e":"2 minutes"},"schema":{"@context":"https:\/\/schema.org","@graph":[{"@type":"WebPage","@id":"https:\/\/psoriasiscanada.ca\/fr\/acces-aux-medicaments-vue-densemble\/assurance-privee\/","url":"https:\/\/psoriasiscanada.ca\/fr\/acces-aux-medicaments-vue-densemble\/assurance-privee\/","name":"Assurance priv\u00e9e - Psoriasis Canada","isPartOf":{"@id":"https:\/\/psoriasiscanada.ca\/#website"},"datePublished":"2026-01-22T18:47:45+00:00","dateModified":"2026-04-17T13:27:37+00:00","breadcrumb":{"@id":"https:\/\/psoriasiscanada.ca\/fr\/acces-aux-medicaments-vue-densemble\/assurance-privee\/#breadcrumb"},"inLanguage":"fr-FR","potentialAction":[{"@type":"ReadAction","target":["https:\/\/psoriasiscanada.ca\/fr\/acces-aux-medicaments-vue-densemble\/assurance-privee\/"]}]},{"@type":"BreadcrumbList","@id":"https:\/\/psoriasiscanada.ca\/fr\/acces-aux-medicaments-vue-densemble\/assurance-privee\/#breadcrumb","itemListElement":[{"@type":"ListItem","position":1,"name":"Home","item":"https:\/\/psoriasiscanada.ca\/fr\/home\/"},{"@type":"ListItem","position":2,"name":"Acc\u00e8s aux m\u00e9dicaments &#8211; Vue d&#8217;ensemble","item":"https:\/\/psoriasiscanada.ca\/fr\/acces-aux-medicaments-vue-densemble\/"},{"@type":"ListItem","position":3,"name":"Assurance priv\u00e9e"}]},{"@type":"WebSite","@id":"https:\/\/psoriasiscanada.ca\/#website","url":"https:\/\/psoriasiscanada.ca\/","name":"Psoriasis Canada","description":"Psoriasis Canada","publisher":{"@id":"https:\/\/psoriasiscanada.ca\/#organization"},"potentialAction":[{"@type":"SearchAction","target":{"@type":"EntryPoint","urlTemplate":"https:\/\/psoriasiscanada.ca\/?s={search_term_string}"},"query-input":{"@type":"PropertyValueSpecification","valueRequired":true,"valueName":"search_term_string"}}],"inLanguage":"fr-FR"},{"@type":"Organization","@id":"https:\/\/psoriasiscanada.ca\/#organization","name":"Psoriasis Canada","url":"https:\/\/psoriasiscanada.ca\/","logo":{"@type":"ImageObject","inLanguage":"fr-FR","@id":"https:\/\/psoriasiscanada.ca\/#\/schema\/logo\/image\/","url":"https:\/\/psoriasiscanada.ca\/wp-content\/uploads\/2025\/11\/logo.png","contentUrl":"https:\/\/psoriasiscanada.ca\/wp-content\/uploads\/2025\/11\/logo.png","width":222,"height":73,"caption":"Psoriasis Canada"},"image":{"@id":"https:\/\/psoriasiscanada.ca\/#\/schema\/logo\/image\/"},"sameAs":["https:\/\/www.facebook.com\/PsoriasisCan1","https:\/\/www.linkedin.com\/in\/psoriasiscan1","https:\/\/www.youtube.com\/@PsoriasisCan1"]}]}},"_links":{"self":[{"href":"https:\/\/psoriasiscanada.ca\/fr\/wp-json\/wp\/v2\/pages\/1443","targetHints":{"allow":["GET"]}}],"collection":[{"href":"https:\/\/psoriasiscanada.ca\/fr\/wp-json\/wp\/v2\/pages"}],"about":[{"href":"https:\/\/psoriasiscanada.ca\/fr\/wp-json\/wp\/v2\/types\/page"}],"author":[{"embeddable":true,"href":"https:\/\/psoriasiscanada.ca\/fr\/wp-json\/wp\/v2\/users\/1"}],"replies":[{"embeddable":true,"href":"https:\/\/psoriasiscanada.ca\/fr\/wp-json\/wp\/v2\/comments?post=1443"}],"version-history":[{"count":5,"href":"https:\/\/psoriasiscanada.ca\/fr\/wp-json\/wp\/v2\/pages\/1443\/revisions"}],"predecessor-version":[{"id":3458,"href":"https:\/\/psoriasiscanada.ca\/fr\/wp-json\/wp\/v2\/pages\/1443\/revisions\/3458"}],"up":[{"embeddable":true,"href":"https:\/\/psoriasiscanada.ca\/fr\/wp-json\/wp\/v2\/pages\/1441"}],"wp:attachment":[{"href":"https:\/\/psoriasiscanada.ca\/fr\/wp-json\/wp\/v2\/media?parent=1443"}],"curies":[{"name":"wp","href":"https:\/\/api.w.org\/{rel}","templated":true}]}}