{"id":1441,"date":"2026-01-22T18:44:10","date_gmt":"2026-01-22T18:44:10","guid":{"rendered":"https:\/\/psocan.marketaccess.ca\/acces-aux-medicaments-vue-densemble\/"},"modified":"2026-01-28T19:24:58","modified_gmt":"2026-01-28T19:24:58","slug":"acces-aux-medicaments-vue-densemble","status":"publish","type":"page","link":"https:\/\/psoriasiscanada.ca\/fr\/acces-aux-medicaments-vue-densemble\/","title":{"rendered":"Acc\u00e8s aux m\u00e9dicaments &#8211; Vue d&#8217;ensemble"},"content":{"rendered":"\t\t<div data-elementor-type=\"wp-page\" data-elementor-id=\"1441\" class=\"elementor elementor-1441 elementor-935\" data-elementor-post-type=\"page\">\n\t\t\t\t<div class=\"elementor-element elementor-element-10557271 e-flex e-con-boxed e-con e-parent\" data-id=\"10557271\" data-element_type=\"container\" data-e-type=\"container\">\n\t\t\t\t\t<div class=\"e-con-inner\">\n\t\t\t\t<div class=\"elementor-element elementor-element-a861396 elementor-widget elementor-widget-heading\" data-id=\"a861396\" data-element_type=\"widget\" data-e-type=\"widget\" data-widget_type=\"heading.default\">\n\t\t\t\t\t<h2 class=\"elementor-heading-title elementor-size-default\">Acc\u00e8s aux m\u00e9dicaments - Vue d'ensemble<\/h2>\t\t\t\t<\/div>\n\t\t\t\t\t<\/div>\n\t\t\t\t<\/div>\n\t\t<div class=\"elementor-element elementor-element-27662ec e-flex e-con-boxed e-con e-parent\" data-id=\"27662ec\" data-element_type=\"container\" data-e-type=\"container\">\n\t\t\t\t\t<div class=\"e-con-inner\">\n\t\t\t\t<div class=\"elementor-element elementor-element-ecacf09 elementor-widget elementor-widget-text-editor\" data-id=\"ecacf09\" data-element_type=\"widget\" data-e-type=\"widget\" data-widget_type=\"text-editor.default\">\n\t\t\t\t\t\t\t\t\t<h3>Accessibilit\u00e9 aux m\u00e9dicaments au Canada<\/h3><p>Les Canadiens s\u2019attendent \u00e0 b\u00e9n\u00e9ficier d\u2019un syst\u00e8me de sant\u00e9 compl\u00e8tement financ\u00e9 publiquement. Les services consid\u00e9r\u00e9s m\u00e9dicalement n\u00e9cessaires par la <em>Loi canadienne sur la sant\u00e9<\/em> sont fournis (h\u00f4pitaux, services de diagnostics, soins donn\u00e9s par les m\u00e9decins). Toutefois, la plupart des Canadiens doivent payer pour les soins dentaires, de la vue ainsi que pour le co\u00fbt des m\u00e9dicaments vendus sur ordonnance. Ils ont recours \u00e0 une assurance priv\u00e9e ou ils doivent payer de leur poche 30 pour cent des co\u00fbts de sant\u00e9, car seulement environ 70 pour cent des soins sont couverts par notre syst\u00e8me de sant\u00e9 publique.   <\/p><p>Le <a href=\"https:\/\/www.canadianpsoriasis.ca\/fr\/psoriasis-fr\/vivre-avec-psoriasis\/psoriasis-et-vieillissement\">psoriasis<\/a> et le <a href=\"https:\/\/www.canadianpsoriasis.ca\/fr\/rhumatisme-psoriasique\/vivre-avec-l-aps\/mode-de-vie\/aps-et-exercice\">rhumatisme<\/a> ou l\u2019arthrite psoriasique sont g\u00e9n\u00e9ralement trait\u00e9s en clinique, par cons\u00e9quent les patients doivent payer les m\u00e9dicaments prescrits. Plus de la moiti\u00e9 des Canadiens ont une assurance priv\u00e9e qui rembourse les m\u00e9dicaments vendus sur ordonnance, cette couverture est g\u00e9n\u00e9ralement fournie par leurs employeurs. La majorit\u00e9 des autres Canadiens ont une couverture provenant de programmes gouvernementaux provinciaux, territoriaux ou f\u00e9d\u00e9raux. Et certains n\u2019ont aucune assurance.   <\/p><p>Il est important de bien comprendre la couverture de votre assurance m\u00e9dicaments. Votre couverture vient-elle de votre employeur, d\u2019un programme du gouvernement f\u00e9d\u00e9ral ou de la province o\u00f9 vous habitez, ou de votre assurance m\u00e9dicaments priv\u00e9e? Si vous n\u2019avez pas d\u2019assurance m\u00e9dicaments, cette section vous m\u00e8nera \u00e0 des programmes gouvernementaux ou \u00e0 d\u2019autres options qui pourraient vous aider.   <\/p><h3>Votre m\u00e9decin peut vous aider<\/h3><p>Soyez direct avec votre m\u00e9decin et demandez : \u00ab\u2009Si on ne consid\u00e8re pas les co\u00fbts, qu\u2019est-ce que vous me recommanderez?\u2009\u00bb Cette question devrait permettre \u00e0 votre m\u00e9decin de faire une recommandation bas\u00e9e sur ce qui est le mieux pour vous peut importe si vous avez une couverture d\u2019assurance ou non. Votre m\u00e9decin sait que certains de ces traitements sont dispendieux, et il pourrait vous recommander un traitement selon vos moyens ou qui soit couvert par votre r\u00e9gime d\u2019assurance, et ne pas mentionner le traitement qu\u2019il juge le plus b\u00e9n\u00e9fique pour vous.  <\/p><p>Si jusqu\u2019\u00e0 maintenant vous n\u2019avez eu l\u2019aide que de votre m\u00e9decin de famille, votre \u00e9tat peut n\u00e9cessiter l\u2019expertise d\u2019un dermatologue ou d\u2019un rhumatologue. Demandez \u00e0 votre m\u00e9decin de famille de vous diriger vers un sp\u00e9cialiste pour une \u00e9valuation. Consulter un sp\u00e9cialiste peut, dans certains cas, am\u00e9liorer vos chances d\u2019obtenir une couverture pour de nouveaux traitements.  <\/p><p>Une fois que vous avez l\u2019ordonnance de votre m\u00e9decin, vous aurez un meilleur acc\u00e8s \u00e0 toutes les options de financement pour vous aider \u00e0 couvrir les co\u00fbts de votre traitement. La plupart des services d\u2019appui financier pharmaceutiques donn\u00e9s aux patients exigent une ordonnance avant que vous puissiez faire une demande de soutien financier. <\/p><h3>Types de couverture<\/h3><h4>Assurance priv\u00e9e<\/h4><p>Certains m\u00e9dicaments pour le psoriasis sont difficilement accessibles m\u00eame si vous avez une <a href=\"https:\/\/www.canadianpsoriasis.ca\/fr\/traitements\/acces-aux-medicaments\/134-french\/2021-content-structure\/treatments\/354-assurance-privee\">assurance priv\u00e9e<\/a>. En premier, vous devez conna\u00eetre quel est le m\u00e9dicament recommand\u00e9 par votre m\u00e9decin, et ensuite vous aurez \u00e0 contacter votre compagnie d\u2019assurance pour savoir si elle offre une couverture pour le m\u00e9dicament prescrit.<\/p><p>Pratiquement tous les plans qui incluent les traitements utilisent soit une approche par \u00e9tapes, soit \u00e0 plusieurs niveaux ou, dans certains cas, ces deux approches. Pour l\u2019approche par \u00e9tapes, vous devez essayer, sans obtenir de r\u00e9sultats satisfaisants, les traitements g\u00e9n\u00e9ralement moins dispendieux avant que le traitement ou les traitements des \u00e9tapes subs\u00e9quents soient couverts. <\/p><p>Pour les programmes \u00e0 plusieurs niveaux, il y a des niveaux \u00e0 l\u2019int\u00e9rieur d\u2019une \u00e9tape donn\u00e9e qui sont bas\u00e9s sur le co\u00fbt de chaque m\u00e9dication pour l\u2019assureur. Si vous essayez et avez acc\u00e8s \u00e0 une m\u00e9dication d\u2019un niveau plus \u00e9lev\u00e9 sans en avoir essay\u00e9 un d\u2019un niveau inf\u00e9rieur, il est probable que l\u2019assureur vous demande un co-paiement sup\u00e9rieur ou qu\u2019il refuse de vous couvrir. <\/p><p>Lorsque vous consultez votre m\u00e9decin pour des traitements, soyez franc et honn\u00eate au sujet de votre sant\u00e9 physique et mentale en g\u00e9n\u00e9ral et de vos ant\u00e9c\u00e9dents. Votre m\u00e9decin peut d\u00e9couvrir qu\u2019un traitement requis par votre assureur peut \u00eatre dangereux ou inappropri\u00e9 compte tenu de vos ant\u00e9c\u00e9dents ou des autres probl\u00e8mes de sant\u00e9 dont vous souffrez. Dans de tels cas, vous pourriez \u00eatre en mesure de \u00ab\u2009sauter\u2009\u00bb une \u00e9tape ou deux et d\u2019aller vers une m\u00e9dication d\u2019une \u00e9tape sup\u00e9rieure. Aussi, dans certains cas o\u00f9 les patients atteints de psoriasis ont des articulations douloureuses ou enflamm\u00e9es, une prescription \u00e9crite par un rhumatologue pourrait \u00eatre couverte quand elle serait refus\u00e9e si elle provenant d\u2019un dermatologue.   <\/p><h4>Assurance publique<\/h4><p>Chaque gouvernement provincial ou territorial a une couverture diff\u00e9rente pour les m\u00e9dicaments. Pour obtenir plus de renseignements sur quels m\u00e9dicaments sont couverts et pour conna\u00eetre les conditions d&#8217;acc\u00e8s \u00e0 l&#8217;assurance publique, veuillez consulter les informations sur<a href=\"https:\/\/www.canadianpsoriasis.ca\/fr\/traitements\/acces-aux-medicaments\/134-french\/2021-content-structure\/treatments\/355-assurance-publique\"> l&#8217;assurance publique<\/a>.  <\/p><h4>Programmes d\u2019appui aux patients<\/h4><p>Pour les personnes qui n&#8217;ont pas de couverture pharmaceutique priv\u00e9e ou publique, ou si l&#8217;acc\u00e8s leur est refus\u00e9, il existe d&#8217;autres solutions. Certains fabricants de produits pharmaceutiques ont mis en place des programmes de soutien aux patients pour les aider \u00e0 acc\u00e9der \u00e0 des <a href=\"https:\/\/www.canadianpsoriasis.ca\/fr\/component\/content\/article\/134-french\/2021-content-structure\/treatments\/474-programmes-d-appui-aux-patients?Itemid=1564\">m\u00e9dicaments sp\u00e9cifiques<\/a>.   <\/p>\t\t\t\t\t\t\t\t<\/div>\n\t\t\t\t\t<\/div>\n\t\t\t\t<\/div>\n\t\t\t\t<\/div>\n\t\t","protected":false},"excerpt":{"rendered":"<p>Acc\u00e8s aux m\u00e9dicaments &#8211; Vue d&#8217;ensemble Accessibilit\u00e9 aux m\u00e9dicaments au Canada Les Canadiens s\u2019attendent \u00e0 b\u00e9n\u00e9ficier d\u2019un syst\u00e8me de sant\u00e9 compl\u00e8tement financ\u00e9 publiquement. Les services consid\u00e9r\u00e9s m\u00e9dicalement n\u00e9cessaires par la Loi canadienne sur la sant\u00e9 sont fournis (h\u00f4pitaux, services de diagnostics, soins donn\u00e9s par les m\u00e9decins). Toutefois, la plupart des Canadiens doivent payer pour les [&hellip;]<\/p>\n","protected":false},"author":1,"featured_media":0,"parent":0,"menu_order":0,"comment_status":"closed","ping_status":"closed","template":"","meta":{"website_toolbox_forum_postUrl":"","website_toolbox_forum_category":"","website_toolbox_publish_on_forum":"","footnotes":""},"class_list":["post-1441","page","type-page","status-publish","hentry"],"yoast_head":"<!-- This site is optimized with the Yoast SEO plugin v27.4 - https:\/\/yoast.com\/product\/yoast-seo-wordpress\/ -->\n<title>Acc\u00e8s aux m\u00e9dicaments - Vue d&#039;ensemble - Psoriasis Canada<\/title>\n<meta name=\"robots\" content=\"index, follow, max-snippet:-1, max-image-preview:large, max-video-preview:-1\" \/>\n<link rel=\"canonical\" href=\"https:\/\/psoriasiscanada.ca\/fr\/acces-aux-medicaments-vue-densemble\/\" \/>\n<meta property=\"og:locale\" content=\"fr_FR\" \/>\n<meta property=\"og:type\" content=\"article\" \/>\n<meta property=\"og:title\" content=\"Acc\u00e8s aux m\u00e9dicaments - Vue d&#039;ensemble - Psoriasis Canada\" \/>\n<meta property=\"og:description\" content=\"Acc\u00e8s aux m\u00e9dicaments &#8211; Vue d&#8217;ensemble Accessibilit\u00e9 aux m\u00e9dicaments au Canada Les Canadiens s\u2019attendent \u00e0 b\u00e9n\u00e9ficier d\u2019un syst\u00e8me de sant\u00e9 compl\u00e8tement financ\u00e9 publiquement. Les services consid\u00e9r\u00e9s m\u00e9dicalement n\u00e9cessaires par la Loi canadienne sur la sant\u00e9 sont fournis (h\u00f4pitaux, services de diagnostics, soins donn\u00e9s par les m\u00e9decins). Toutefois, la plupart des Canadiens doivent payer pour les [&hellip;]\" \/>\n<meta property=\"og:url\" content=\"https:\/\/psoriasiscanada.ca\/fr\/acces-aux-medicaments-vue-densemble\/\" \/>\n<meta property=\"og:site_name\" content=\"Psoriasis Canada\" \/>\n<meta property=\"article:publisher\" content=\"https:\/\/www.facebook.com\/PsoriasisCan1\" \/>\n<meta property=\"article:modified_time\" content=\"2026-01-28T19:24:58+00:00\" \/>\n<meta name=\"twitter:card\" content=\"summary_large_image\" \/>\n<meta name=\"twitter:label1\" content=\"Dur\u00e9e de lecture estim\u00e9e\" \/>\n\t<meta name=\"twitter:data1\" content=\"5 minutes\" \/>\n<script type=\"application\/ld+json\" class=\"yoast-schema-graph\">{\"@context\":\"https:\\\/\\\/schema.org\",\"@graph\":[{\"@type\":\"WebPage\",\"@id\":\"https:\\\/\\\/psoriasiscanada.ca\\\/fr\\\/acces-aux-medicaments-vue-densemble\\\/\",\"url\":\"https:\\\/\\\/psoriasiscanada.ca\\\/fr\\\/acces-aux-medicaments-vue-densemble\\\/\",\"name\":\"Acc\u00e8s aux m\u00e9dicaments - Vue d'ensemble - Psoriasis Canada\",\"isPartOf\":{\"@id\":\"https:\\\/\\\/psoriasiscanada.ca\\\/#website\"},\"datePublished\":\"2026-01-22T18:44:10+00:00\",\"dateModified\":\"2026-01-28T19:24:58+00:00\",\"breadcrumb\":{\"@id\":\"https:\\\/\\\/psoriasiscanada.ca\\\/fr\\\/acces-aux-medicaments-vue-densemble\\\/#breadcrumb\"},\"inLanguage\":\"fr-FR\",\"potentialAction\":[{\"@type\":\"ReadAction\",\"target\":[\"https:\\\/\\\/psoriasiscanada.ca\\\/fr\\\/acces-aux-medicaments-vue-densemble\\\/\"]}]},{\"@type\":\"BreadcrumbList\",\"@id\":\"https:\\\/\\\/psoriasiscanada.ca\\\/fr\\\/acces-aux-medicaments-vue-densemble\\\/#breadcrumb\",\"itemListElement\":[{\"@type\":\"ListItem\",\"position\":1,\"name\":\"Home\",\"item\":\"https:\\\/\\\/psoriasiscanada.ca\\\/fr\\\/home\\\/\"},{\"@type\":\"ListItem\",\"position\":2,\"name\":\"Acc\u00e8s aux m\u00e9dicaments &#8211; Vue d&#8217;ensemble\"}]},{\"@type\":\"WebSite\",\"@id\":\"https:\\\/\\\/psoriasiscanada.ca\\\/#website\",\"url\":\"https:\\\/\\\/psoriasiscanada.ca\\\/\",\"name\":\"Psoriasis Canada\",\"description\":\"Psoriasis Canada\",\"publisher\":{\"@id\":\"https:\\\/\\\/psoriasiscanada.ca\\\/#organization\"},\"potentialAction\":[{\"@type\":\"SearchAction\",\"target\":{\"@type\":\"EntryPoint\",\"urlTemplate\":\"https:\\\/\\\/psoriasiscanada.ca\\\/?s={search_term_string}\"},\"query-input\":{\"@type\":\"PropertyValueSpecification\",\"valueRequired\":true,\"valueName\":\"search_term_string\"}}],\"inLanguage\":\"fr-FR\"},{\"@type\":\"Organization\",\"@id\":\"https:\\\/\\\/psoriasiscanada.ca\\\/#organization\",\"name\":\"Psoriasis Canada\",\"url\":\"https:\\\/\\\/psoriasiscanada.ca\\\/\",\"logo\":{\"@type\":\"ImageObject\",\"inLanguage\":\"fr-FR\",\"@id\":\"https:\\\/\\\/psoriasiscanada.ca\\\/#\\\/schema\\\/logo\\\/image\\\/\",\"url\":\"https:\\\/\\\/psoriasiscanada.ca\\\/wp-content\\\/uploads\\\/2025\\\/11\\\/logo.png\",\"contentUrl\":\"https:\\\/\\\/psoriasiscanada.ca\\\/wp-content\\\/uploads\\\/2025\\\/11\\\/logo.png\",\"width\":222,\"height\":73,\"caption\":\"Psoriasis Canada\"},\"image\":{\"@id\":\"https:\\\/\\\/psoriasiscanada.ca\\\/#\\\/schema\\\/logo\\\/image\\\/\"},\"sameAs\":[\"https:\\\/\\\/www.facebook.com\\\/PsoriasisCan1\",\"https:\\\/\\\/www.linkedin.com\\\/in\\\/psoriasiscan1\",\"https:\\\/\\\/www.youtube.com\\\/@PsoriasisCan1\"]}]}<\/script>\n<!-- \/ Yoast SEO plugin. -->","yoast_head_json":{"title":"Acc\u00e8s aux m\u00e9dicaments - Vue d'ensemble - Psoriasis Canada","robots":{"index":"index","follow":"follow","max-snippet":"max-snippet:-1","max-image-preview":"max-image-preview:large","max-video-preview":"max-video-preview:-1"},"canonical":"https:\/\/psoriasiscanada.ca\/fr\/acces-aux-medicaments-vue-densemble\/","og_locale":"fr_FR","og_type":"article","og_title":"Acc\u00e8s aux m\u00e9dicaments - Vue d'ensemble - Psoriasis Canada","og_description":"Acc\u00e8s aux m\u00e9dicaments &#8211; Vue d&#8217;ensemble Accessibilit\u00e9 aux m\u00e9dicaments au Canada Les Canadiens s\u2019attendent \u00e0 b\u00e9n\u00e9ficier d\u2019un syst\u00e8me de sant\u00e9 compl\u00e8tement financ\u00e9 publiquement. Les services consid\u00e9r\u00e9s m\u00e9dicalement n\u00e9cessaires par la Loi canadienne sur la sant\u00e9 sont fournis (h\u00f4pitaux, services de diagnostics, soins donn\u00e9s par les m\u00e9decins). Toutefois, la plupart des Canadiens doivent payer pour les [&hellip;]","og_url":"https:\/\/psoriasiscanada.ca\/fr\/acces-aux-medicaments-vue-densemble\/","og_site_name":"Psoriasis Canada","article_publisher":"https:\/\/www.facebook.com\/PsoriasisCan1","article_modified_time":"2026-01-28T19:24:58+00:00","twitter_card":"summary_large_image","twitter_misc":{"Dur\u00e9e de lecture estim\u00e9e":"5 minutes"},"schema":{"@context":"https:\/\/schema.org","@graph":[{"@type":"WebPage","@id":"https:\/\/psoriasiscanada.ca\/fr\/acces-aux-medicaments-vue-densemble\/","url":"https:\/\/psoriasiscanada.ca\/fr\/acces-aux-medicaments-vue-densemble\/","name":"Acc\u00e8s aux m\u00e9dicaments - Vue d'ensemble - Psoriasis Canada","isPartOf":{"@id":"https:\/\/psoriasiscanada.ca\/#website"},"datePublished":"2026-01-22T18:44:10+00:00","dateModified":"2026-01-28T19:24:58+00:00","breadcrumb":{"@id":"https:\/\/psoriasiscanada.ca\/fr\/acces-aux-medicaments-vue-densemble\/#breadcrumb"},"inLanguage":"fr-FR","potentialAction":[{"@type":"ReadAction","target":["https:\/\/psoriasiscanada.ca\/fr\/acces-aux-medicaments-vue-densemble\/"]}]},{"@type":"BreadcrumbList","@id":"https:\/\/psoriasiscanada.ca\/fr\/acces-aux-medicaments-vue-densemble\/#breadcrumb","itemListElement":[{"@type":"ListItem","position":1,"name":"Home","item":"https:\/\/psoriasiscanada.ca\/fr\/home\/"},{"@type":"ListItem","position":2,"name":"Acc\u00e8s aux m\u00e9dicaments &#8211; Vue d&#8217;ensemble"}]},{"@type":"WebSite","@id":"https:\/\/psoriasiscanada.ca\/#website","url":"https:\/\/psoriasiscanada.ca\/","name":"Psoriasis Canada","description":"Psoriasis Canada","publisher":{"@id":"https:\/\/psoriasiscanada.ca\/#organization"},"potentialAction":[{"@type":"SearchAction","target":{"@type":"EntryPoint","urlTemplate":"https:\/\/psoriasiscanada.ca\/?s={search_term_string}"},"query-input":{"@type":"PropertyValueSpecification","valueRequired":true,"valueName":"search_term_string"}}],"inLanguage":"fr-FR"},{"@type":"Organization","@id":"https:\/\/psoriasiscanada.ca\/#organization","name":"Psoriasis Canada","url":"https:\/\/psoriasiscanada.ca\/","logo":{"@type":"ImageObject","inLanguage":"fr-FR","@id":"https:\/\/psoriasiscanada.ca\/#\/schema\/logo\/image\/","url":"https:\/\/psoriasiscanada.ca\/wp-content\/uploads\/2025\/11\/logo.png","contentUrl":"https:\/\/psoriasiscanada.ca\/wp-content\/uploads\/2025\/11\/logo.png","width":222,"height":73,"caption":"Psoriasis Canada"},"image":{"@id":"https:\/\/psoriasiscanada.ca\/#\/schema\/logo\/image\/"},"sameAs":["https:\/\/www.facebook.com\/PsoriasisCan1","https:\/\/www.linkedin.com\/in\/psoriasiscan1","https:\/\/www.youtube.com\/@PsoriasisCan1"]}]}},"_links":{"self":[{"href":"https:\/\/psoriasiscanada.ca\/fr\/wp-json\/wp\/v2\/pages\/1441","targetHints":{"allow":["GET"]}}],"collection":[{"href":"https:\/\/psoriasiscanada.ca\/fr\/wp-json\/wp\/v2\/pages"}],"about":[{"href":"https:\/\/psoriasiscanada.ca\/fr\/wp-json\/wp\/v2\/types\/page"}],"author":[{"embeddable":true,"href":"https:\/\/psoriasiscanada.ca\/fr\/wp-json\/wp\/v2\/users\/1"}],"replies":[{"embeddable":true,"href":"https:\/\/psoriasiscanada.ca\/fr\/wp-json\/wp\/v2\/comments?post=1441"}],"version-history":[{"count":1,"href":"https:\/\/psoriasiscanada.ca\/fr\/wp-json\/wp\/v2\/pages\/1441\/revisions"}],"predecessor-version":[{"id":1442,"href":"https:\/\/psoriasiscanada.ca\/fr\/wp-json\/wp\/v2\/pages\/1441\/revisions\/1442"}],"wp:attachment":[{"href":"https:\/\/psoriasiscanada.ca\/fr\/wp-json\/wp\/v2\/media?parent=1441"}],"curies":[{"name":"wp","href":"https:\/\/api.w.org\/{rel}","templated":true}]}}