{"id":1432,"date":"2026-01-22T18:38:23","date_gmt":"2026-01-22T18:38:23","guid":{"rendered":"https:\/\/psocan.marketaccess.ca\/traitements-traiter-le-pso-et-le-psa-vue-densemble\/traitement-combine\/"},"modified":"2026-02-26T05:59:07","modified_gmt":"2026-02-26T05:59:07","slug":"traitement-combine","status":"publish","type":"page","link":"https:\/\/psoriasiscanada.ca\/fr\/traitements-traiter-le-pso-et-le-psa-vue-densemble\/traitement-combine\/","title":{"rendered":"Traitement combin\u00e9"},"content":{"rendered":"\t\t<div data-elementor-type=\"wp-page\" data-elementor-id=\"1432\" class=\"elementor elementor-1432 elementor-924\" data-elementor-post-type=\"page\">\n\t\t\t\t<div class=\"elementor-element elementor-element-10557271 e-flex e-con-boxed e-con e-parent\" data-id=\"10557271\" data-element_type=\"container\" data-e-type=\"container\">\n\t\t\t\t\t<div class=\"e-con-inner\">\n\t\t\t\t<div class=\"elementor-element elementor-element-a861396 elementor-widget elementor-widget-heading\" data-id=\"a861396\" data-element_type=\"widget\" data-e-type=\"widget\" data-widget_type=\"heading.default\">\n\t\t\t\t\t<h1 class=\"elementor-heading-title elementor-size-default\">Traitement combin\u00e9<\/h1>\t\t\t\t<\/div>\n\t\t\t\t<div class=\"elementor-element elementor-element-261d49f7 elementor-widget elementor-widget-text-editor\" data-id=\"261d49f7\" data-element_type=\"widget\" data-e-type=\"widget\" data-widget_type=\"text-editor.default\">\n\t\t\t\t\t\t\t\t\t<p>Afin d\u2019arriver \u00e0 ma\u00eetriser leurs sympt\u00f4mes de fa\u00e7on satisfaisante, il arrive parfois que les patients doivent avoir recours \u00e0 plus d\u2019un m\u00e9dicament afin de traiter leur psoriasis. Cette m\u00e9thode est connue sous le nom de traitement combin\u00e9. Les m\u00e9dicaments topiques sont souvent utilis\u00e9s en combinaison avec d\u2019autres types de traitements contre le psoriasis, et il arrive parfois que des m\u00e9dicaments biologiques ou \u00e0 prise orale soient utilis\u00e9s en combinaison avec la phototh\u00e9rapie. Les m\u00e9dicaments biologiques ne devraient pas \u00eatre utilis\u00e9s en combinaison avec d\u2019autres m\u00e9dicaments biologiques. Le recours au traitement combin\u00e9 permet \u00e0 votre \u00e9quipe de soins de vous aider \u00e0 trouver le traitement qui vous convienne le mieux. Cependant, le fait d\u2019avoir recours \u00e0 plusieurs m\u00e9dicaments peut \u00e9galement augmenter le co\u00fbt du traitement et les efforts n\u00e9cessaires pour suivre toutes les directives accompagnant le traitement.     <\/p>\t\t\t\t\t\t\t\t<\/div>\n\t\t\t\t\t<\/div>\n\t\t\t\t<\/div>\n\t\t<div class=\"elementor-element elementor-element-e6a32a5 e-flex e-con-boxed e-con e-parent\" data-id=\"e6a32a5\" data-element_type=\"container\" data-e-type=\"container\">\n\t\t\t\t\t<div class=\"e-con-inner\">\n\t\t\t\t<div class=\"elementor-element elementor-element-5ae8a5c elementor-widget elementor-widget-text-editor\" data-id=\"5ae8a5c\" data-element_type=\"widget\" data-e-type=\"widget\" data-widget_type=\"text-editor.default\">\n\t\t\t\t\t\t\t\t\t<p><em>Derni\u00e8re mise \u00e0 jour : octobre 2022<\/em><\/p>\t\t\t\t\t\t\t\t<\/div>\n\t\t\t\t\t<\/div>\n\t\t\t\t<\/div>\n\t\t\t\t<\/div>\n\t\t","protected":false},"excerpt":{"rendered":"<p>Traitement combin\u00e9 Afin d\u2019arriver \u00e0 ma\u00eetriser leurs sympt\u00f4mes de fa\u00e7on satisfaisante, il arrive parfois que les patients doivent avoir recours \u00e0 plus d\u2019un m\u00e9dicament afin de traiter leur psoriasis. Cette m\u00e9thode est connue sous le nom de traitement combin\u00e9. Les m\u00e9dicaments topiques sont souvent utilis\u00e9s en combinaison avec d\u2019autres types de traitements contre le psoriasis, [&hellip;]<\/p>\n","protected":false},"author":1,"featured_media":0,"parent":1379,"menu_order":0,"comment_status":"closed","ping_status":"closed","template":"","meta":{"website_toolbox_forum_postUrl":"","website_toolbox_forum_category":"","website_toolbox_publish_on_forum":"","footnotes":""},"class_list":["post-1432","page","type-page","status-publish","hentry"],"yoast_head":"<!-- This site is optimized with the Yoast SEO plugin v27.4 - https:\/\/yoast.com\/product\/yoast-seo-wordpress\/ -->\n<title>Traitement combin\u00e9 - Psoriasis Canada<\/title>\n<meta name=\"robots\" content=\"index, follow, max-snippet:-1, max-image-preview:large, max-video-preview:-1\" \/>\n<link rel=\"canonical\" href=\"https:\/\/psoriasiscanada.ca\/fr\/traitements-traiter-le-pso-et-le-psa-vue-densemble\/traitement-combine\/\" \/>\n<meta property=\"og:locale\" content=\"fr_FR\" \/>\n<meta property=\"og:type\" content=\"article\" \/>\n<meta property=\"og:title\" content=\"Traitement combin\u00e9 - Psoriasis Canada\" \/>\n<meta property=\"og:description\" content=\"Traitement combin\u00e9 Afin d\u2019arriver \u00e0 ma\u00eetriser leurs sympt\u00f4mes de fa\u00e7on satisfaisante, il arrive parfois que les patients doivent avoir recours \u00e0 plus d\u2019un m\u00e9dicament afin de traiter leur psoriasis. Cette m\u00e9thode est connue sous le nom de traitement combin\u00e9. Les m\u00e9dicaments topiques sont souvent utilis\u00e9s en combinaison avec d\u2019autres types de traitements contre le psoriasis, [&hellip;]\" \/>\n<meta property=\"og:url\" content=\"https:\/\/psoriasiscanada.ca\/fr\/traitements-traiter-le-pso-et-le-psa-vue-densemble\/traitement-combine\/\" \/>\n<meta property=\"og:site_name\" content=\"Psoriasis Canada\" \/>\n<meta property=\"article:publisher\" content=\"https:\/\/www.facebook.com\/PsoriasisCan1\" \/>\n<meta property=\"article:modified_time\" content=\"2026-02-26T05:59:07+00:00\" \/>\n<meta name=\"twitter:card\" content=\"summary_large_image\" \/>\n<meta name=\"twitter:label1\" content=\"Dur\u00e9e de lecture estim\u00e9e\" \/>\n\t<meta name=\"twitter:data1\" content=\"1 minute\" \/>\n<script type=\"application\/ld+json\" class=\"yoast-schema-graph\">{\"@context\":\"https:\\\/\\\/schema.org\",\"@graph\":[{\"@type\":\"WebPage\",\"@id\":\"https:\\\/\\\/psoriasiscanada.ca\\\/fr\\\/traitements-traiter-le-pso-et-le-psa-vue-densemble\\\/traitement-combine\\\/\",\"url\":\"https:\\\/\\\/psoriasiscanada.ca\\\/fr\\\/traitements-traiter-le-pso-et-le-psa-vue-densemble\\\/traitement-combine\\\/\",\"name\":\"Traitement combin\u00e9 - Psoriasis Canada\",\"isPartOf\":{\"@id\":\"https:\\\/\\\/psoriasiscanada.ca\\\/#website\"},\"datePublished\":\"2026-01-22T18:38:23+00:00\",\"dateModified\":\"2026-02-26T05:59:07+00:00\",\"breadcrumb\":{\"@id\":\"https:\\\/\\\/psoriasiscanada.ca\\\/fr\\\/traitements-traiter-le-pso-et-le-psa-vue-densemble\\\/traitement-combine\\\/#breadcrumb\"},\"inLanguage\":\"fr-FR\",\"potentialAction\":[{\"@type\":\"ReadAction\",\"target\":[\"https:\\\/\\\/psoriasiscanada.ca\\\/fr\\\/traitements-traiter-le-pso-et-le-psa-vue-densemble\\\/traitement-combine\\\/\"]}]},{\"@type\":\"BreadcrumbList\",\"@id\":\"https:\\\/\\\/psoriasiscanada.ca\\\/fr\\\/traitements-traiter-le-pso-et-le-psa-vue-densemble\\\/traitement-combine\\\/#breadcrumb\",\"itemListElement\":[{\"@type\":\"ListItem\",\"position\":1,\"name\":\"Home\",\"item\":\"https:\\\/\\\/psoriasiscanada.ca\\\/fr\\\/home\\\/\"},{\"@type\":\"ListItem\",\"position\":2,\"name\":\"Traitements &#8211; Traiter le Pso et le PsA &#8211; Vue d&#8217;ensemble\",\"item\":\"https:\\\/\\\/psoriasiscanada.ca\\\/fr\\\/traitements-traiter-le-pso-et-le-psa-vue-densemble\\\/\"},{\"@type\":\"ListItem\",\"position\":3,\"name\":\"Traitement combin\u00e9\"}]},{\"@type\":\"WebSite\",\"@id\":\"https:\\\/\\\/psoriasiscanada.ca\\\/#website\",\"url\":\"https:\\\/\\\/psoriasiscanada.ca\\\/\",\"name\":\"Psoriasis Canada\",\"description\":\"Psoriasis Canada\",\"publisher\":{\"@id\":\"https:\\\/\\\/psoriasiscanada.ca\\\/#organization\"},\"potentialAction\":[{\"@type\":\"SearchAction\",\"target\":{\"@type\":\"EntryPoint\",\"urlTemplate\":\"https:\\\/\\\/psoriasiscanada.ca\\\/?s={search_term_string}\"},\"query-input\":{\"@type\":\"PropertyValueSpecification\",\"valueRequired\":true,\"valueName\":\"search_term_string\"}}],\"inLanguage\":\"fr-FR\"},{\"@type\":\"Organization\",\"@id\":\"https:\\\/\\\/psoriasiscanada.ca\\\/#organization\",\"name\":\"Psoriasis Canada\",\"url\":\"https:\\\/\\\/psoriasiscanada.ca\\\/\",\"logo\":{\"@type\":\"ImageObject\",\"inLanguage\":\"fr-FR\",\"@id\":\"https:\\\/\\\/psoriasiscanada.ca\\\/#\\\/schema\\\/logo\\\/image\\\/\",\"url\":\"https:\\\/\\\/psoriasiscanada.ca\\\/wp-content\\\/uploads\\\/2025\\\/11\\\/logo.png\",\"contentUrl\":\"https:\\\/\\\/psoriasiscanada.ca\\\/wp-content\\\/uploads\\\/2025\\\/11\\\/logo.png\",\"width\":222,\"height\":73,\"caption\":\"Psoriasis Canada\"},\"image\":{\"@id\":\"https:\\\/\\\/psoriasiscanada.ca\\\/#\\\/schema\\\/logo\\\/image\\\/\"},\"sameAs\":[\"https:\\\/\\\/www.facebook.com\\\/PsoriasisCan1\",\"https:\\\/\\\/www.linkedin.com\\\/in\\\/psoriasiscan1\",\"https:\\\/\\\/www.youtube.com\\\/@PsoriasisCan1\"]}]}<\/script>\n<!-- \/ Yoast SEO plugin. -->","yoast_head_json":{"title":"Traitement combin\u00e9 - Psoriasis Canada","robots":{"index":"index","follow":"follow","max-snippet":"max-snippet:-1","max-image-preview":"max-image-preview:large","max-video-preview":"max-video-preview:-1"},"canonical":"https:\/\/psoriasiscanada.ca\/fr\/traitements-traiter-le-pso-et-le-psa-vue-densemble\/traitement-combine\/","og_locale":"fr_FR","og_type":"article","og_title":"Traitement combin\u00e9 - Psoriasis Canada","og_description":"Traitement combin\u00e9 Afin d\u2019arriver \u00e0 ma\u00eetriser leurs sympt\u00f4mes de fa\u00e7on satisfaisante, il arrive parfois que les patients doivent avoir recours \u00e0 plus d\u2019un m\u00e9dicament afin de traiter leur psoriasis. Cette m\u00e9thode est connue sous le nom de traitement combin\u00e9. Les m\u00e9dicaments topiques sont souvent utilis\u00e9s en combinaison avec d\u2019autres types de traitements contre le psoriasis, [&hellip;]","og_url":"https:\/\/psoriasiscanada.ca\/fr\/traitements-traiter-le-pso-et-le-psa-vue-densemble\/traitement-combine\/","og_site_name":"Psoriasis Canada","article_publisher":"https:\/\/www.facebook.com\/PsoriasisCan1","article_modified_time":"2026-02-26T05:59:07+00:00","twitter_card":"summary_large_image","twitter_misc":{"Dur\u00e9e de lecture estim\u00e9e":"1 minute"},"schema":{"@context":"https:\/\/schema.org","@graph":[{"@type":"WebPage","@id":"https:\/\/psoriasiscanada.ca\/fr\/traitements-traiter-le-pso-et-le-psa-vue-densemble\/traitement-combine\/","url":"https:\/\/psoriasiscanada.ca\/fr\/traitements-traiter-le-pso-et-le-psa-vue-densemble\/traitement-combine\/","name":"Traitement combin\u00e9 - Psoriasis Canada","isPartOf":{"@id":"https:\/\/psoriasiscanada.ca\/#website"},"datePublished":"2026-01-22T18:38:23+00:00","dateModified":"2026-02-26T05:59:07+00:00","breadcrumb":{"@id":"https:\/\/psoriasiscanada.ca\/fr\/traitements-traiter-le-pso-et-le-psa-vue-densemble\/traitement-combine\/#breadcrumb"},"inLanguage":"fr-FR","potentialAction":[{"@type":"ReadAction","target":["https:\/\/psoriasiscanada.ca\/fr\/traitements-traiter-le-pso-et-le-psa-vue-densemble\/traitement-combine\/"]}]},{"@type":"BreadcrumbList","@id":"https:\/\/psoriasiscanada.ca\/fr\/traitements-traiter-le-pso-et-le-psa-vue-densemble\/traitement-combine\/#breadcrumb","itemListElement":[{"@type":"ListItem","position":1,"name":"Home","item":"https:\/\/psoriasiscanada.ca\/fr\/home\/"},{"@type":"ListItem","position":2,"name":"Traitements &#8211; Traiter le Pso et le PsA &#8211; Vue d&#8217;ensemble","item":"https:\/\/psoriasiscanada.ca\/fr\/traitements-traiter-le-pso-et-le-psa-vue-densemble\/"},{"@type":"ListItem","position":3,"name":"Traitement combin\u00e9"}]},{"@type":"WebSite","@id":"https:\/\/psoriasiscanada.ca\/#website","url":"https:\/\/psoriasiscanada.ca\/","name":"Psoriasis Canada","description":"Psoriasis Canada","publisher":{"@id":"https:\/\/psoriasiscanada.ca\/#organization"},"potentialAction":[{"@type":"SearchAction","target":{"@type":"EntryPoint","urlTemplate":"https:\/\/psoriasiscanada.ca\/?s={search_term_string}"},"query-input":{"@type":"PropertyValueSpecification","valueRequired":true,"valueName":"search_term_string"}}],"inLanguage":"fr-FR"},{"@type":"Organization","@id":"https:\/\/psoriasiscanada.ca\/#organization","name":"Psoriasis Canada","url":"https:\/\/psoriasiscanada.ca\/","logo":{"@type":"ImageObject","inLanguage":"fr-FR","@id":"https:\/\/psoriasiscanada.ca\/#\/schema\/logo\/image\/","url":"https:\/\/psoriasiscanada.ca\/wp-content\/uploads\/2025\/11\/logo.png","contentUrl":"https:\/\/psoriasiscanada.ca\/wp-content\/uploads\/2025\/11\/logo.png","width":222,"height":73,"caption":"Psoriasis Canada"},"image":{"@id":"https:\/\/psoriasiscanada.ca\/#\/schema\/logo\/image\/"},"sameAs":["https:\/\/www.facebook.com\/PsoriasisCan1","https:\/\/www.linkedin.com\/in\/psoriasiscan1","https:\/\/www.youtube.com\/@PsoriasisCan1"]}]}},"_links":{"self":[{"href":"https:\/\/psoriasiscanada.ca\/fr\/wp-json\/wp\/v2\/pages\/1432","targetHints":{"allow":["GET"]}}],"collection":[{"href":"https:\/\/psoriasiscanada.ca\/fr\/wp-json\/wp\/v2\/pages"}],"about":[{"href":"https:\/\/psoriasiscanada.ca\/fr\/wp-json\/wp\/v2\/types\/page"}],"author":[{"embeddable":true,"href":"https:\/\/psoriasiscanada.ca\/fr\/wp-json\/wp\/v2\/users\/1"}],"replies":[{"embeddable":true,"href":"https:\/\/psoriasiscanada.ca\/fr\/wp-json\/wp\/v2\/comments?post=1432"}],"version-history":[{"count":5,"href":"https:\/\/psoriasiscanada.ca\/fr\/wp-json\/wp\/v2\/pages\/1432\/revisions"}],"predecessor-version":[{"id":2235,"href":"https:\/\/psoriasiscanada.ca\/fr\/wp-json\/wp\/v2\/pages\/1432\/revisions\/2235"}],"up":[{"embeddable":true,"href":"https:\/\/psoriasiscanada.ca\/fr\/wp-json\/wp\/v2\/pages\/1379"}],"wp:attachment":[{"href":"https:\/\/psoriasiscanada.ca\/fr\/wp-json\/wp\/v2\/media?parent=1432"}],"curies":[{"name":"wp","href":"https:\/\/api.w.org\/{rel}","templated":true}]}}