{"id":1430,"date":"2026-01-22T18:27:48","date_gmt":"2026-01-22T18:27:48","guid":{"rendered":"https:\/\/psocan.marketaccess.ca\/traitements-traiter-le-pso-et-le-psa-vue-densemble\/biologics-and-biosimilars\/"},"modified":"2026-02-26T05:39:41","modified_gmt":"2026-02-26T05:39:41","slug":"biologics-and-biosimilars","status":"publish","type":"page","link":"https:\/\/psoriasiscanada.ca\/fr\/traitements-traiter-le-pso-et-le-psa-vue-densemble\/biologics-and-biosimilars\/","title":{"rendered":"Biologiques et Biosimilaires"},"content":{"rendered":"\t\t<div data-elementor-type=\"wp-page\" data-elementor-id=\"1430\" class=\"elementor elementor-1430 elementor-910\" data-elementor-post-type=\"page\">\n\t\t\t\t<div class=\"elementor-element elementor-element-10557271 e-flex e-con-boxed e-con e-parent\" data-id=\"10557271\" data-element_type=\"container\" data-e-type=\"container\">\n\t\t\t\t\t<div class=\"e-con-inner\">\n\t\t\t\t<div class=\"elementor-element elementor-element-a861396 elementor-widget elementor-widget-heading\" data-id=\"a861396\" data-element_type=\"widget\" data-e-type=\"widget\" data-widget_type=\"heading.default\">\n\t\t\t\t\t<h1 class=\"elementor-heading-title elementor-size-default\">Produits biologiques et biosimilaires<\/h1>\t\t\t\t<\/div>\n\t\t\t\t<div class=\"elementor-element elementor-element-261d49f7 elementor-widget elementor-widget-text-editor\" data-id=\"261d49f7\" data-element_type=\"widget\" data-e-type=\"widget\" data-widget_type=\"text-editor.default\">\n\t\t\t\t\t\t\t\t\t<h2>\u00c0 propos des produits biologiques<\/h2><p>Les m\u00e9dicaments biologiques sont des m\u00e9dicaments de pointe fabriqu\u00e9s \u00e0 partir d&#8217;organismes vivants et de leurs cellules. Plusieurs m\u00e9dicaments biologiques sont approuv\u00e9s pour le traitement du psoriasis mod\u00e9r\u00e9 \u00e0 s\u00e9v\u00e8re et du rhumatisme psoriasique. Les m\u00e9dicaments biologiques sont g\u00e9n\u00e9ralement prescrits aux patients qui n&#8217;ont pas bien r\u00e9pondu \u00e0 d&#8217;autres formes de traitement telles que le traitement syst\u00e9mique oral (comme le m\u00e9thotrexate) et\/ou la phototh\u00e9rapie. Ces m\u00e9dicaments sont administr\u00e9s par injection sous la peau (injection sous-cutan\u00e9e) et parfois par perfusion. La fr\u00e9quence du traitement d\u00e9pend du type de m\u00e9dicament biologique prescrit au patient.    <\/p><p>Contrairement aux m\u00e9dicaments traditionnels qui agissent sur l&#8217;ensemble du syst\u00e8me immunitaire, les m\u00e9dicaments biologiques sont des mol\u00e9cules tr\u00e8s complexes qui agissent en bloquant les interactions entre certaines cellules du syst\u00e8me immunitaire et les voies inflammatoires responsables des sympt\u00f4mes du psoriasis et du rhumatisme psoriasique. Chaque classe de m\u00e9dicaments biologiques cible une voie diff\u00e9rente afin de r\u00e9duire la douleur et d&#8217;am\u00e9liorer la fonction. Les classes de m\u00e9dicaments biologiques pour la maladie psoriasique comprennent les bloqueurs du TNF, les bloqueurs de l&#8217;IL 17, les bloqueurs de l&#8217;IL 12\/23 et les bloqueurs de l&#8217;IL 23. Si un m\u00e9dicament biologique ne fonctionne pas ou perd de son efficacit\u00e9, un autre m\u00e9dicament biologique peut s&#8217;av\u00e9rer efficace \u00e0 sa place.   <\/p><p>Bien que ces m\u00e9dicaments ne ciblent que certaines parties du syst\u00e8me immunitaire, ils peuvent accro\u00eetre la vuln\u00e9rabilit\u00e9 aux infections. Lorsque vous prenez un m\u00e9dicament biologique, il est important que vous passiez r\u00e9guli\u00e8rement des examens chez un dermatologue, un rhumatologue ou un m\u00e9decin sp\u00e9cialis\u00e9 dans l&#8217;utilisation de ces traitements. <\/p><h2>\u00c0 propos des biosimilaires<\/h2><p>Les biosimilaires sont des m\u00e9dicaments de marque qui sont similaires, mais pas identiques, \u00e0 des m\u00e9dicaments biologiques existants dont la vente a d\u00e9j\u00e0 \u00e9t\u00e9 autoris\u00e9e. Ils sont disponibles apr\u00e8s l&#8217;expiration du brevet du m\u00e9dicament biologique original. Il n&#8217;y a pas de diff\u00e9rences cliniques significatives entre les deux et les biosimilaires sont approuv\u00e9s selon les m\u00eames normes de qualit\u00e9, de s\u00e9curit\u00e9 et d&#8217;efficacit\u00e9 que les m\u00e9dicaments biologiques. Les biosimilaires sont g\u00e9n\u00e9ralement moins chers que leur produit biologique de r\u00e9f\u00e9rence, ce qui en fait une alternative appropri\u00e9e pour de nombreux patients.   <\/p><p>Les biosimilaires et les m\u00e9dicaments g\u00e9n\u00e9riques ne sont pas identiques. Les m\u00e9dicaments g\u00e9n\u00e9riques sont constitu\u00e9s de petites mol\u00e9cules synth\u00e9tis\u00e9es chimiquement et sont mol\u00e9culairement identiques \u00e0 leurs produits de r\u00e9f\u00e9rence de marque. En raison de la taille, de la complexit\u00e9 et de la variabilit\u00e9 naturelle des m\u00e9dicaments biologiques, les biosimilaires ne peuvent pas \u00eatre consid\u00e9r\u00e9s comme identiques.  <\/p><h2>R\u00e9glementation des produits biologiques et biosimilaires au Canada<\/h2><p>Les m\u00e9dicaments biologiques et les biosimilaires doivent subir des tests rigoureux de la part de Sant\u00e9 Canada et pr\u00e9senter des preuves scientifiques suffisantes avant de pouvoir \u00eatre approuv\u00e9s. Les m\u00e9dicaments biologiques figurent \u00e0 l&#8217;annexe D de la <em>loi sur les aliments et drogues.<\/em> Sant\u00e9 Canada et l&#8217;Agence de sant\u00e9 publique du Canada surveillent en permanence tout effet ind\u00e9sirable, assurent une surveillance post-approbation et proc\u00e8dent \u00e0 tout rappel n\u00e9cessaire. <\/p><p>Les biosimilaires sont consid\u00e9r\u00e9s comme de nouveaux m\u00e9dicaments en vertu de la <em>Loi sur les aliments et drogues<\/em> et du <em>R\u00e8glement sur les aliments et drogues <\/em>et sont fabriqu\u00e9s selon les m\u00eames normes r\u00e9glementaires que les autres m\u00e9dicaments biologiques. Le Canada a \u00e9labor\u00e9 un cadre r\u00e9glementaire complet pour autoriser la vente des biosimilaires, ce qui signifie que vous pouvez avoir la m\u00eame confiance dans le processus r\u00e9glementaire concernant la qualit\u00e9, la s\u00e9curit\u00e9 et l&#8217;efficacit\u00e9 que pour n&#8217;importe quel autre m\u00e9dicament biologique. <\/p><p>Pour plus d&#8217;informations sur la r\u00e9glementation canadienne, veuillez consulter le site : <a href=\"https:\/\/www.canada.ca\/fr\/sante-canada\/services\/medicaments-produits-sante\/produits-biologiques-radiopharmaceutiques-therapies-genetiques\/medicaments-biologiques-similaires.html\" target=\"_blank\" rel=\"noopener\">Sant\u00e9 Canada &#8211; M\u00e9dicaments biosimilaires<\/a><\/p><p> <\/p>\t\t\t\t\t\t\t\t<\/div>\n\t\t\t\t\t<\/div>\n\t\t\t\t<\/div>\n\t\t<div class=\"elementor-element elementor-element-e6a32a5 e-flex e-con-boxed e-con e-parent\" data-id=\"e6a32a5\" data-element_type=\"container\" data-e-type=\"container\">\n\t\t\t\t\t<div class=\"e-con-inner\">\n\t\t\t\t<div class=\"elementor-element elementor-element-5ae8a5c elementor-widget elementor-widget-text-editor\" data-id=\"5ae8a5c\" data-element_type=\"widget\" data-e-type=\"widget\" data-widget_type=\"text-editor.default\">\n\t\t\t\t\t\t\t\t\t<p><em>Last updated October, 2022<\/em><\/p>\t\t\t\t\t\t\t\t<\/div>\n\t\t\t\t\t<\/div>\n\t\t\t\t<\/div>\n\t\t\t\t<\/div>\n\t\t","protected":false},"excerpt":{"rendered":"<p>Produits biologiques et biosimilaires \u00c0 propos des produits biologiques Les m\u00e9dicaments biologiques sont des m\u00e9dicaments de pointe fabriqu\u00e9s \u00e0 partir d&#8217;organismes vivants et de leurs cellules. Plusieurs m\u00e9dicaments biologiques sont approuv\u00e9s pour le traitement du psoriasis mod\u00e9r\u00e9 \u00e0 s\u00e9v\u00e8re et du rhumatisme psoriasique. Les m\u00e9dicaments biologiques sont g\u00e9n\u00e9ralement prescrits aux patients qui n&#8217;ont pas bien [&hellip;]<\/p>\n","protected":false},"author":1,"featured_media":0,"parent":1379,"menu_order":0,"comment_status":"closed","ping_status":"closed","template":"","meta":{"website_toolbox_forum_postUrl":"","website_toolbox_forum_category":"","website_toolbox_publish_on_forum":"","footnotes":""},"class_list":["post-1430","page","type-page","status-publish","hentry"],"yoast_head":"<!-- This site is optimized with the Yoast SEO plugin v27.4 - https:\/\/yoast.com\/product\/yoast-seo-wordpress\/ -->\n<title>Biologiques et Biosimilaires - Psoriasis Canada<\/title>\n<meta name=\"robots\" content=\"index, follow, max-snippet:-1, max-image-preview:large, max-video-preview:-1\" \/>\n<link rel=\"canonical\" href=\"https:\/\/psoriasiscanada.ca\/fr\/traitements-traiter-le-pso-et-le-psa-vue-densemble\/biologics-and-biosimilars\/\" \/>\n<meta property=\"og:locale\" content=\"fr_FR\" \/>\n<meta property=\"og:type\" content=\"article\" \/>\n<meta property=\"og:title\" content=\"Biologiques et Biosimilaires - Psoriasis Canada\" \/>\n<meta property=\"og:description\" content=\"Produits biologiques et biosimilaires \u00c0 propos des produits biologiques Les m\u00e9dicaments biologiques sont des m\u00e9dicaments de pointe fabriqu\u00e9s \u00e0 partir d&#8217;organismes vivants et de leurs cellules. Plusieurs m\u00e9dicaments biologiques sont approuv\u00e9s pour le traitement du psoriasis mod\u00e9r\u00e9 \u00e0 s\u00e9v\u00e8re et du rhumatisme psoriasique. Les m\u00e9dicaments biologiques sont g\u00e9n\u00e9ralement prescrits aux patients qui n&#8217;ont pas bien [&hellip;]\" \/>\n<meta property=\"og:url\" content=\"https:\/\/psoriasiscanada.ca\/fr\/traitements-traiter-le-pso-et-le-psa-vue-densemble\/biologics-and-biosimilars\/\" \/>\n<meta property=\"og:site_name\" content=\"Psoriasis Canada\" \/>\n<meta property=\"article:publisher\" content=\"https:\/\/www.facebook.com\/PsoriasisCan1\" \/>\n<meta property=\"article:modified_time\" content=\"2026-02-26T05:39:41+00:00\" \/>\n<meta name=\"twitter:card\" content=\"summary_large_image\" \/>\n<meta name=\"twitter:label1\" content=\"Dur\u00e9e de lecture estim\u00e9e\" \/>\n\t<meta name=\"twitter:data1\" content=\"3 minutes\" \/>\n<script type=\"application\/ld+json\" class=\"yoast-schema-graph\">{\"@context\":\"https:\\\/\\\/schema.org\",\"@graph\":[{\"@type\":\"WebPage\",\"@id\":\"https:\\\/\\\/psoriasiscanada.ca\\\/fr\\\/traitements-traiter-le-pso-et-le-psa-vue-densemble\\\/biologics-and-biosimilars\\\/\",\"url\":\"https:\\\/\\\/psoriasiscanada.ca\\\/fr\\\/traitements-traiter-le-pso-et-le-psa-vue-densemble\\\/biologics-and-biosimilars\\\/\",\"name\":\"Biologiques et Biosimilaires - Psoriasis Canada\",\"isPartOf\":{\"@id\":\"https:\\\/\\\/psoriasiscanada.ca\\\/#website\"},\"datePublished\":\"2026-01-22T18:27:48+00:00\",\"dateModified\":\"2026-02-26T05:39:41+00:00\",\"breadcrumb\":{\"@id\":\"https:\\\/\\\/psoriasiscanada.ca\\\/fr\\\/traitements-traiter-le-pso-et-le-psa-vue-densemble\\\/biologics-and-biosimilars\\\/#breadcrumb\"},\"inLanguage\":\"fr-FR\",\"potentialAction\":[{\"@type\":\"ReadAction\",\"target\":[\"https:\\\/\\\/psoriasiscanada.ca\\\/fr\\\/traitements-traiter-le-pso-et-le-psa-vue-densemble\\\/biologics-and-biosimilars\\\/\"]}]},{\"@type\":\"BreadcrumbList\",\"@id\":\"https:\\\/\\\/psoriasiscanada.ca\\\/fr\\\/traitements-traiter-le-pso-et-le-psa-vue-densemble\\\/biologics-and-biosimilars\\\/#breadcrumb\",\"itemListElement\":[{\"@type\":\"ListItem\",\"position\":1,\"name\":\"Home\",\"item\":\"https:\\\/\\\/psoriasiscanada.ca\\\/fr\\\/home\\\/\"},{\"@type\":\"ListItem\",\"position\":2,\"name\":\"Traitements &#8211; Traiter le Pso et le PsA &#8211; Vue d&#8217;ensemble\",\"item\":\"https:\\\/\\\/psoriasiscanada.ca\\\/fr\\\/traitements-traiter-le-pso-et-le-psa-vue-densemble\\\/\"},{\"@type\":\"ListItem\",\"position\":3,\"name\":\"Biologiques et Biosimilaires\"}]},{\"@type\":\"WebSite\",\"@id\":\"https:\\\/\\\/psoriasiscanada.ca\\\/#website\",\"url\":\"https:\\\/\\\/psoriasiscanada.ca\\\/\",\"name\":\"Psoriasis Canada\",\"description\":\"Psoriasis Canada\",\"publisher\":{\"@id\":\"https:\\\/\\\/psoriasiscanada.ca\\\/#organization\"},\"potentialAction\":[{\"@type\":\"SearchAction\",\"target\":{\"@type\":\"EntryPoint\",\"urlTemplate\":\"https:\\\/\\\/psoriasiscanada.ca\\\/?s={search_term_string}\"},\"query-input\":{\"@type\":\"PropertyValueSpecification\",\"valueRequired\":true,\"valueName\":\"search_term_string\"}}],\"inLanguage\":\"fr-FR\"},{\"@type\":\"Organization\",\"@id\":\"https:\\\/\\\/psoriasiscanada.ca\\\/#organization\",\"name\":\"Psoriasis Canada\",\"url\":\"https:\\\/\\\/psoriasiscanada.ca\\\/\",\"logo\":{\"@type\":\"ImageObject\",\"inLanguage\":\"fr-FR\",\"@id\":\"https:\\\/\\\/psoriasiscanada.ca\\\/#\\\/schema\\\/logo\\\/image\\\/\",\"url\":\"https:\\\/\\\/psoriasiscanada.ca\\\/wp-content\\\/uploads\\\/2025\\\/11\\\/logo.png\",\"contentUrl\":\"https:\\\/\\\/psoriasiscanada.ca\\\/wp-content\\\/uploads\\\/2025\\\/11\\\/logo.png\",\"width\":222,\"height\":73,\"caption\":\"Psoriasis Canada\"},\"image\":{\"@id\":\"https:\\\/\\\/psoriasiscanada.ca\\\/#\\\/schema\\\/logo\\\/image\\\/\"},\"sameAs\":[\"https:\\\/\\\/www.facebook.com\\\/PsoriasisCan1\",\"https:\\\/\\\/www.linkedin.com\\\/in\\\/psoriasiscan1\",\"https:\\\/\\\/www.youtube.com\\\/@PsoriasisCan1\"]}]}<\/script>\n<!-- \/ Yoast SEO plugin. -->","yoast_head_json":{"title":"Biologiques et Biosimilaires - Psoriasis Canada","robots":{"index":"index","follow":"follow","max-snippet":"max-snippet:-1","max-image-preview":"max-image-preview:large","max-video-preview":"max-video-preview:-1"},"canonical":"https:\/\/psoriasiscanada.ca\/fr\/traitements-traiter-le-pso-et-le-psa-vue-densemble\/biologics-and-biosimilars\/","og_locale":"fr_FR","og_type":"article","og_title":"Biologiques et Biosimilaires - Psoriasis Canada","og_description":"Produits biologiques et biosimilaires \u00c0 propos des produits biologiques Les m\u00e9dicaments biologiques sont des m\u00e9dicaments de pointe fabriqu\u00e9s \u00e0 partir d&#8217;organismes vivants et de leurs cellules. Plusieurs m\u00e9dicaments biologiques sont approuv\u00e9s pour le traitement du psoriasis mod\u00e9r\u00e9 \u00e0 s\u00e9v\u00e8re et du rhumatisme psoriasique. Les m\u00e9dicaments biologiques sont g\u00e9n\u00e9ralement prescrits aux patients qui n&#8217;ont pas bien [&hellip;]","og_url":"https:\/\/psoriasiscanada.ca\/fr\/traitements-traiter-le-pso-et-le-psa-vue-densemble\/biologics-and-biosimilars\/","og_site_name":"Psoriasis Canada","article_publisher":"https:\/\/www.facebook.com\/PsoriasisCan1","article_modified_time":"2026-02-26T05:39:41+00:00","twitter_card":"summary_large_image","twitter_misc":{"Dur\u00e9e de lecture estim\u00e9e":"3 minutes"},"schema":{"@context":"https:\/\/schema.org","@graph":[{"@type":"WebPage","@id":"https:\/\/psoriasiscanada.ca\/fr\/traitements-traiter-le-pso-et-le-psa-vue-densemble\/biologics-and-biosimilars\/","url":"https:\/\/psoriasiscanada.ca\/fr\/traitements-traiter-le-pso-et-le-psa-vue-densemble\/biologics-and-biosimilars\/","name":"Biologiques et Biosimilaires - Psoriasis Canada","isPartOf":{"@id":"https:\/\/psoriasiscanada.ca\/#website"},"datePublished":"2026-01-22T18:27:48+00:00","dateModified":"2026-02-26T05:39:41+00:00","breadcrumb":{"@id":"https:\/\/psoriasiscanada.ca\/fr\/traitements-traiter-le-pso-et-le-psa-vue-densemble\/biologics-and-biosimilars\/#breadcrumb"},"inLanguage":"fr-FR","potentialAction":[{"@type":"ReadAction","target":["https:\/\/psoriasiscanada.ca\/fr\/traitements-traiter-le-pso-et-le-psa-vue-densemble\/biologics-and-biosimilars\/"]}]},{"@type":"BreadcrumbList","@id":"https:\/\/psoriasiscanada.ca\/fr\/traitements-traiter-le-pso-et-le-psa-vue-densemble\/biologics-and-biosimilars\/#breadcrumb","itemListElement":[{"@type":"ListItem","position":1,"name":"Home","item":"https:\/\/psoriasiscanada.ca\/fr\/home\/"},{"@type":"ListItem","position":2,"name":"Traitements &#8211; Traiter le Pso et le PsA &#8211; Vue d&#8217;ensemble","item":"https:\/\/psoriasiscanada.ca\/fr\/traitements-traiter-le-pso-et-le-psa-vue-densemble\/"},{"@type":"ListItem","position":3,"name":"Biologiques et Biosimilaires"}]},{"@type":"WebSite","@id":"https:\/\/psoriasiscanada.ca\/#website","url":"https:\/\/psoriasiscanada.ca\/","name":"Psoriasis Canada","description":"Psoriasis Canada","publisher":{"@id":"https:\/\/psoriasiscanada.ca\/#organization"},"potentialAction":[{"@type":"SearchAction","target":{"@type":"EntryPoint","urlTemplate":"https:\/\/psoriasiscanada.ca\/?s={search_term_string}"},"query-input":{"@type":"PropertyValueSpecification","valueRequired":true,"valueName":"search_term_string"}}],"inLanguage":"fr-FR"},{"@type":"Organization","@id":"https:\/\/psoriasiscanada.ca\/#organization","name":"Psoriasis Canada","url":"https:\/\/psoriasiscanada.ca\/","logo":{"@type":"ImageObject","inLanguage":"fr-FR","@id":"https:\/\/psoriasiscanada.ca\/#\/schema\/logo\/image\/","url":"https:\/\/psoriasiscanada.ca\/wp-content\/uploads\/2025\/11\/logo.png","contentUrl":"https:\/\/psoriasiscanada.ca\/wp-content\/uploads\/2025\/11\/logo.png","width":222,"height":73,"caption":"Psoriasis Canada"},"image":{"@id":"https:\/\/psoriasiscanada.ca\/#\/schema\/logo\/image\/"},"sameAs":["https:\/\/www.facebook.com\/PsoriasisCan1","https:\/\/www.linkedin.com\/in\/psoriasiscan1","https:\/\/www.youtube.com\/@PsoriasisCan1"]}]}},"_links":{"self":[{"href":"https:\/\/psoriasiscanada.ca\/fr\/wp-json\/wp\/v2\/pages\/1430","targetHints":{"allow":["GET"]}}],"collection":[{"href":"https:\/\/psoriasiscanada.ca\/fr\/wp-json\/wp\/v2\/pages"}],"about":[{"href":"https:\/\/psoriasiscanada.ca\/fr\/wp-json\/wp\/v2\/types\/page"}],"author":[{"embeddable":true,"href":"https:\/\/psoriasiscanada.ca\/fr\/wp-json\/wp\/v2\/users\/1"}],"replies":[{"embeddable":true,"href":"https:\/\/psoriasiscanada.ca\/fr\/wp-json\/wp\/v2\/comments?post=1430"}],"version-history":[{"count":5,"href":"https:\/\/psoriasiscanada.ca\/fr\/wp-json\/wp\/v2\/pages\/1430\/revisions"}],"predecessor-version":[{"id":2211,"href":"https:\/\/psoriasiscanada.ca\/fr\/wp-json\/wp\/v2\/pages\/1430\/revisions\/2211"}],"up":[{"embeddable":true,"href":"https:\/\/psoriasiscanada.ca\/fr\/wp-json\/wp\/v2\/pages\/1379"}],"wp:attachment":[{"href":"https:\/\/psoriasiscanada.ca\/fr\/wp-json\/wp\/v2\/media?parent=1430"}],"curies":[{"name":"wp","href":"https:\/\/api.w.org\/{rel}","templated":true}]}}