{"id":1379,"date":"2025-12-01T12:29:24","date_gmt":"2025-12-01T12:29:24","guid":{"rendered":"https:\/\/psocan.marketaccess.ca\/traitements-traiter-le-pso-et-le-psa-vue-densemble\/"},"modified":"2026-02-26T05:17:55","modified_gmt":"2026-02-26T05:17:55","slug":"traitements-traiter-le-pso-et-le-psa-vue-densemble","status":"publish","type":"page","link":"https:\/\/psoriasiscanada.ca\/fr\/traitements-traiter-le-pso-et-le-psa-vue-densemble\/","title":{"rendered":"Traitements &#8211; Traiter le Pso et le PsA &#8211; Vue d&#8217;ensemble"},"content":{"rendered":"\t\t<div data-elementor-type=\"wp-page\" data-elementor-id=\"1379\" class=\"elementor elementor-1379 elementor-266\" data-elementor-post-type=\"page\">\n\t\t\t\t<div class=\"elementor-element elementor-element-10557271 e-flex e-con-boxed e-con e-parent\" data-id=\"10557271\" data-element_type=\"container\" data-e-type=\"container\">\n\t\t\t\t\t<div class=\"e-con-inner\">\n\t\t\t\t<div class=\"elementor-element elementor-element-a861396 elementor-widget elementor-widget-heading\" data-id=\"a861396\" data-element_type=\"widget\" data-e-type=\"widget\" data-widget_type=\"heading.default\">\n\t\t\t\t\t<h2 class=\"elementor-heading-title elementor-size-default\">Traitements - Vue d'ensemble<\/h2>\t\t\t\t<\/div>\n\t\t\t\t<div class=\"elementor-element elementor-element-261d49f7 elementor-widget elementor-widget-text-editor\" data-id=\"261d49f7\" data-element_type=\"widget\" data-e-type=\"widget\" data-widget_type=\"text-editor.default\">\n\t\t\t\t\t\t\t\t\t\n<p>Bien qu\u2019on ne puisse pas gu\u00e9rir le psoriasis, une vaste gamme de traitements s\u2019offre aux personnes qui vivent avec cette maladie inflammatoire. G\u00e9n\u00e9ralement, les traitements sont class\u00e9s en trois cat\u00e9gories : les traitements topiques, la phototh\u00e9rapie et les traitements \u00e0 action g\u00e9n\u00e9rale. <\/p>\n<p>Jouez un r\u00f4le actif dans votre traitement en posant des questions et en tenant votre m\u00e9decin inform\u00e9 de vos pr\u00e9occupations. Parlez \u00e0 votre m\u00e9decin des options qui s&#8217;offrent \u00e0 vous, en particulier si vous ne constatez pas d&#8217;am\u00e9lioration apr\u00e8s avoir utilis\u00e9 un traitement particulier ou si vous ressentez des effets secondaires g\u00eanants. Il ou elle peut adapter votre plan de traitement ou modifier votre approche afin de vous offrir les meilleures options possibles.  <\/p>\n\t\t\t\t\t\t\t\t<\/div>\n\t\t\t\t\t<\/div>\n\t\t\t\t<\/div>\n\t\t<div class=\"elementor-element elementor-element-2aedee64 e-flex e-con-boxed e-con e-parent\" data-id=\"2aedee64\" data-element_type=\"container\" data-e-type=\"container\" data-settings=\"{&quot;background_background&quot;:&quot;classic&quot;}\">\n\t\t\t\t\t<div class=\"e-con-inner\">\n\t\t<div class=\"elementor-element elementor-element-16934372 e-con-full e-flex e-con e-child\" data-id=\"16934372\" data-element_type=\"container\" data-e-type=\"container\">\n\t\t<div class=\"elementor-element elementor-element-2d65f926 e-con-full e-flex e-con e-child\" data-id=\"2d65f926\" data-element_type=\"container\" data-e-type=\"container\" data-settings=\"{&quot;background_background&quot;:&quot;classic&quot;}\">\n\t\t\t\t<div class=\"elementor-element elementor-element-3f4f77c1 elementor-widget elementor-widget-heading\" data-id=\"3f4f77c1\" data-element_type=\"widget\" data-e-type=\"widget\" data-widget_type=\"heading.default\">\n\t\t\t\t\t<h3 class=\"elementor-heading-title elementor-size-default\"><a href=\"https:\/\/psoriasiscanada.ca\/fr\/traitements-traiter-le-pso-et-le-psa-vue-densemble\/applications-topiques\/\">Applications topiques<\/a><\/h3>\t\t\t\t<\/div>\n\t\t\t\t<div class=\"elementor-element elementor-element-65d1c9ed elementor-widget elementor-widget-text-editor\" data-id=\"65d1c9ed\" data-element_type=\"widget\" data-e-type=\"widget\" data-widget_type=\"text-editor.default\">\n\t\t\t\t\t\t\t\t\t<p>Un \u00e9mollient est un ingr\u00e9dient que l&#8217;on trouve dans les applications topiques pour adoucir et apaiser la peau.  <\/p>\t\t\t\t\t\t\t\t<\/div>\n\t\t\t\t<\/div>\n\t\t<div class=\"elementor-element elementor-element-3145d30c e-con-full e-flex e-con e-child\" data-id=\"3145d30c\" data-element_type=\"container\" data-e-type=\"container\" data-settings=\"{&quot;background_background&quot;:&quot;classic&quot;}\">\n\t\t\t\t<div class=\"elementor-element elementor-element-2846ab2 elementor-widget elementor-widget-heading\" data-id=\"2846ab2\" data-element_type=\"widget\" data-e-type=\"widget\" data-widget_type=\"heading.default\">\n\t\t\t\t\t<h3 class=\"elementor-heading-title elementor-size-default\"><a href=\"https:\/\/psoriasiscanada.ca\/fr\/traitements-traiter-le-pso-et-le-psa-vue-densemble\/phototherapie\/\">Phototh\u00e9rapie<\/a><\/h3>\t\t\t\t<\/div>\n\t\t\t\t<div class=\"elementor-element elementor-element-539437d1 elementor-widget elementor-widget-text-editor\" data-id=\"539437d1\" data-element_type=\"widget\" data-e-type=\"widget\" data-widget_type=\"text-editor.default\">\n\t\t\t\t\t\t\t\t\t<p>Comme son nom l&#8217;indique, ce traitement du psoriasis utilise la lumi\u00e8re ultraviolette naturelle ou artificielle.<\/p>\t\t\t\t\t\t\t\t<\/div>\n\t\t\t\t<\/div>\n\t\t<div class=\"elementor-element elementor-element-64a3633a e-con-full e-flex e-con e-child\" data-id=\"64a3633a\" data-element_type=\"container\" data-e-type=\"container\" data-settings=\"{&quot;background_background&quot;:&quot;classic&quot;}\">\n\t\t\t\t<div class=\"elementor-element elementor-element-3c8174d elementor-widget elementor-widget-heading\" data-id=\"3c8174d\" data-element_type=\"widget\" data-e-type=\"widget\" data-widget_type=\"heading.default\">\n\t\t\t\t\t<h3 class=\"elementor-heading-title elementor-size-default\"><a href=\"https:\/\/psoriasiscanada.ca\/fr\/traitements-traiter-le-pso-et-le-psa-vue-densemble\/la-systemique-traditionnelle\/\">La syst\u00e9mique traditionnelle<\/a><\/h3>\t\t\t\t<\/div>\n\t\t\t\t<div class=\"elementor-element elementor-element-471f4789 elementor-widget elementor-widget-text-editor\" data-id=\"471f4789\" data-element_type=\"widget\" data-e-type=\"widget\" data-widget_type=\"text-editor.default\">\n\t\t\t\t\t\t\t\t\t<p>Les m\u00e9dicaments syst\u00e9miques contre le psoriasis sont g\u00e9n\u00e9ralement prescrits lorsque le traitement topique ne parvient pas \u00e0 traiter le psoriasis de mani\u00e8re ad\u00e9quate<\/p>\t\t\t\t\t\t\t\t<\/div>\n\t\t\t\t<\/div>\n\t\t\t\t<\/div>\n\t\t<div class=\"elementor-element elementor-element-42d30601 e-con-full e-flex e-con e-child\" data-id=\"42d30601\" data-element_type=\"container\" data-e-type=\"container\">\n\t\t<div class=\"elementor-element elementor-element-2f0b5679 e-con-full e-flex e-con e-child\" data-id=\"2f0b5679\" data-element_type=\"container\" data-e-type=\"container\" data-settings=\"{&quot;background_background&quot;:&quot;classic&quot;}\">\n\t\t\t\t<div class=\"elementor-element elementor-element-7eacc247 elementor-widget elementor-widget-heading\" data-id=\"7eacc247\" data-element_type=\"widget\" data-e-type=\"widget\" data-widget_type=\"heading.default\">\n\t\t\t\t\t<h3 class=\"elementor-heading-title elementor-size-default\"><a href=\"https:\/\/psoriasiscanada.ca\/fr\/traitements-traiter-le-pso-et-le-psa-vue-densemble\/biologics-and-biosimilars\/\">Biologics and Biosimilars<\/a><\/h3>\t\t\t\t<\/div>\n\t\t\t\t<div class=\"elementor-element elementor-element-751442dc elementor-widget elementor-widget-text-editor\" data-id=\"751442dc\" data-element_type=\"widget\" data-e-type=\"widget\" data-widget_type=\"text-editor.default\">\n\t\t\t\t\t\t\t\t\t<p>Les produits biologiques sont des m\u00e9dicaments de pointe fabriqu\u00e9s \u00e0 partir d&#8217;organismes vivants et de leurs cellules.  <\/p>\t\t\t\t\t\t\t\t<\/div>\n\t\t\t\t<\/div>\n\t\t<div class=\"elementor-element elementor-element-5506ba99 e-con-full e-flex e-con e-child\" data-id=\"5506ba99\" data-element_type=\"container\" data-e-type=\"container\" data-settings=\"{&quot;background_background&quot;:&quot;classic&quot;}\">\n\t\t\t\t<div class=\"elementor-element elementor-element-49a5f412 elementor-widget elementor-widget-heading\" data-id=\"49a5f412\" data-element_type=\"widget\" data-e-type=\"widget\" data-widget_type=\"heading.default\">\n\t\t\t\t\t<h3 class=\"elementor-heading-title elementor-size-default\"><a href=\"https:\/\/psoriasiscanada.ca\/fr\/traitements-traiter-le-pso-et-le-psa-vue-densemble\/comment-les-agents-biologiques-biosimilaires-agissent-ils-pour-traiter-le-psoriasis\/\">Comment les agents biologiques\/biosimilaires agissent-ils pour traiter le psoriasis?<\/a><\/h3>\t\t\t\t<\/div>\n\t\t\t\t<div class=\"elementor-element elementor-element-1eb19f7e elementor-widget elementor-widget-text-editor\" data-id=\"1eb19f7e\" data-element_type=\"widget\" data-e-type=\"widget\" data-widget_type=\"text-editor.default\">\n\t\t\t\t\t\t\t\t\t<p>Les m\u00e9dicaments biologiques et biosimilaires ciblent des cytokines sp\u00e9cifiques pour supprimer leur surproduction.<\/p>\t\t\t\t\t\t\t\t<\/div>\n\t\t\t\t<\/div>\n\t\t<div class=\"elementor-element elementor-element-15575ef8 e-con-full e-flex e-con e-child\" data-id=\"15575ef8\" data-element_type=\"container\" data-e-type=\"container\" data-settings=\"{&quot;background_background&quot;:&quot;classic&quot;}\">\n\t\t\t\t<div class=\"elementor-element elementor-element-3fa064d2 elementor-widget elementor-widget-heading\" data-id=\"3fa064d2\" data-element_type=\"widget\" data-e-type=\"widget\" data-widget_type=\"heading.default\">\n\t\t\t\t\t<h3 class=\"elementor-heading-title elementor-size-default\">Liste des produits biologiques et biosimilaires<\/h3>\t\t\t\t<\/div>\n\t\t\t\t<div class=\"elementor-element elementor-element-6d77697e elementor-widget elementor-widget-text-editor\" data-id=\"6d77697e\" data-element_type=\"widget\" data-e-type=\"widget\" data-widget_type=\"text-editor.default\">\n\t\t\t\t\t\t\t\t\t<p>CONTENU \u00c0 VENIR<\/p>\t\t\t\t\t\t\t\t<\/div>\n\t\t\t\t<\/div>\n\t\t\t\t<\/div>\n\t\t<div class=\"elementor-element elementor-element-52bcf9d e-con-full e-flex e-con e-child\" data-id=\"52bcf9d\" data-element_type=\"container\" data-e-type=\"container\">\n\t\t<div class=\"elementor-element elementor-element-bb0c1fa e-con-full elementor-hidden-widescreen elementor-hidden-desktop elementor-hidden-laptop elementor-hidden-tablet_extra elementor-hidden-tablet elementor-hidden-mobile_extra elementor-hidden-mobile e-flex e-con e-child\" data-id=\"bb0c1fa\" data-element_type=\"container\" data-e-type=\"container\" data-settings=\"{&quot;background_background&quot;:&quot;classic&quot;}\">\n\t\t\t\t<div class=\"elementor-element elementor-element-b586b32 elementor-widget elementor-widget-heading\" data-id=\"b586b32\" data-element_type=\"widget\" data-e-type=\"widget\" data-widget_type=\"heading.default\">\n\t\t\t\t\t<h3 class=\"elementor-heading-title elementor-size-default\">Produits biologiques et biosimilaires<\/h3>\t\t\t\t<\/div>\n\t\t\t\t<div class=\"elementor-element elementor-element-604d873 elementor-widget elementor-widget-text-editor\" data-id=\"604d873\" data-element_type=\"widget\" data-e-type=\"widget\" data-widget_type=\"text-editor.default\">\n\t\t\t\t\t\t\t\t\t<p>D\u00e9couvrez les nombreux facteurs qui influencent votre fa\u00e7on de penser et de prendre des d\u00e9cisions.<\/p>\t\t\t\t\t\t\t\t<\/div>\n\t\t\t\t<\/div>\n\t\t<div class=\"elementor-element elementor-element-e280798 e-con-full e-flex e-con e-child\" data-id=\"e280798\" data-element_type=\"container\" data-e-type=\"container\" data-settings=\"{&quot;background_background&quot;:&quot;classic&quot;}\">\n\t\t\t\t<div class=\"elementor-element elementor-element-bb8c278 elementor-widget elementor-widget-heading\" data-id=\"bb8c278\" data-element_type=\"widget\" data-e-type=\"widget\" data-widget_type=\"heading.default\">\n\t\t\t\t\t<h3 class=\"elementor-heading-title elementor-size-default\"><a href=\"https:\/\/psoriasiscanada.ca\/fr\/traitements-traiter-le-pso-et-le-psa-vue-densemble\/traitement-combine\/\">Traitement combin\u00e9<\/a><\/h3>\t\t\t\t<\/div>\n\t\t\t\t<div class=\"elementor-element elementor-element-ebd301d elementor-widget elementor-widget-text-editor\" data-id=\"ebd301d\" data-element_type=\"widget\" data-e-type=\"widget\" data-widget_type=\"text-editor.default\">\n\t\t\t\t\t\t\t\t\t<p>Le psoriasis n\u00e9cessite parfois l&#8217;association de plusieurs m\u00e9dicaments pour obtenir un contr\u00f4le acceptable de la maladie, c&#8217;est ce qu&#8217;on appelle l&#8217;approche th\u00e9rapeutique combin\u00e9e.<\/p>\t\t\t\t\t\t\t\t<\/div>\n\t\t\t\t<\/div>\n\t\t<div class=\"elementor-element elementor-element-fc44819 e-con-full elementor-hidden-widescreen elementor-hidden-desktop elementor-hidden-laptop elementor-hidden-tablet_extra elementor-hidden-tablet elementor-hidden-mobile_extra elementor-hidden-mobile e-flex e-con e-child\" data-id=\"fc44819\" data-element_type=\"container\" data-e-type=\"container\" data-settings=\"{&quot;background_background&quot;:&quot;classic&quot;}\">\n\t\t\t\t<div class=\"elementor-element elementor-element-0a58f7f elementor-widget elementor-widget-heading\" data-id=\"0a58f7f\" data-element_type=\"widget\" data-e-type=\"widget\" data-widget_type=\"heading.default\">\n\t\t\t\t\t<h3 class=\"elementor-heading-title elementor-size-default\">Liste des produits biologiques et biosimilaires<\/h3>\t\t\t\t<\/div>\n\t\t\t\t<div class=\"elementor-element elementor-element-7482d6a elementor-widget elementor-widget-text-editor\" data-id=\"7482d6a\" data-element_type=\"widget\" data-e-type=\"widget\" data-widget_type=\"text-editor.default\">\n\t\t\t\t\t\t\t\t\t<p>Voici quelques derni\u00e8res r\u00e9flexions qui vous aideront \u00e0 prendre votre d\u00e9cision.<\/p>\t\t\t\t\t\t\t\t<\/div>\n\t\t\t\t<\/div>\n\t\t\t\t<\/div>\n\t\t\t\t\t<\/div>\n\t\t\t\t<\/div>\n\t\t\t\t<\/div>\n\t\t","protected":false},"excerpt":{"rendered":"<p>Traitements &#8211; Vue d&#8217;ensemble Bien qu\u2019on ne puisse pas gu\u00e9rir le psoriasis, une vaste gamme de traitements s\u2019offre aux personnes qui vivent avec cette maladie inflammatoire. G\u00e9n\u00e9ralement, les traitements sont class\u00e9s en trois cat\u00e9gories : les traitements topiques, la phototh\u00e9rapie et les traitements \u00e0 action g\u00e9n\u00e9rale. Jouez un r\u00f4le actif dans votre traitement en posant [&hellip;]<\/p>\n","protected":false},"author":3,"featured_media":0,"parent":0,"menu_order":0,"comment_status":"closed","ping_status":"closed","template":"","meta":{"website_toolbox_forum_postUrl":"","website_toolbox_forum_category":"","website_toolbox_publish_on_forum":"","footnotes":""},"class_list":["post-1379","page","type-page","status-publish","hentry"],"yoast_head":"<!-- This site is optimized with the Yoast SEO plugin v27.4 - https:\/\/yoast.com\/product\/yoast-seo-wordpress\/ -->\n<title>Traitements - Traiter le Pso et le PsA - Vue d&#039;ensemble - Psoriasis Canada<\/title>\n<meta name=\"robots\" content=\"index, follow, max-snippet:-1, max-image-preview:large, max-video-preview:-1\" \/>\n<link rel=\"canonical\" href=\"https:\/\/psoriasiscanada.ca\/fr\/traitements-traiter-le-pso-et-le-psa-vue-densemble\/\" \/>\n<meta property=\"og:locale\" content=\"fr_FR\" \/>\n<meta property=\"og:type\" content=\"article\" \/>\n<meta property=\"og:title\" content=\"Traitements - Traiter le Pso et le PsA - Vue d&#039;ensemble - Psoriasis Canada\" \/>\n<meta property=\"og:description\" content=\"Traitements &#8211; Vue d&#8217;ensemble Bien qu\u2019on ne puisse pas gu\u00e9rir le psoriasis, une vaste gamme de traitements s\u2019offre aux personnes qui vivent avec cette maladie inflammatoire. G\u00e9n\u00e9ralement, les traitements sont class\u00e9s en trois cat\u00e9gories : les traitements topiques, la phototh\u00e9rapie et les traitements \u00e0 action g\u00e9n\u00e9rale. Jouez un r\u00f4le actif dans votre traitement en posant [&hellip;]\" \/>\n<meta property=\"og:url\" content=\"https:\/\/psoriasiscanada.ca\/fr\/traitements-traiter-le-pso-et-le-psa-vue-densemble\/\" \/>\n<meta property=\"og:site_name\" content=\"Psoriasis Canada\" \/>\n<meta property=\"article:publisher\" content=\"https:\/\/www.facebook.com\/PsoriasisCan1\" \/>\n<meta property=\"article:modified_time\" content=\"2026-02-26T05:17:55+00:00\" \/>\n<meta name=\"twitter:card\" content=\"summary_large_image\" \/>\n<meta name=\"twitter:label1\" content=\"Dur\u00e9e de lecture estim\u00e9e\" \/>\n\t<meta name=\"twitter:data1\" content=\"2 minutes\" \/>\n<script type=\"application\/ld+json\" class=\"yoast-schema-graph\">{\"@context\":\"https:\\\/\\\/schema.org\",\"@graph\":[{\"@type\":\"WebPage\",\"@id\":\"https:\\\/\\\/psoriasiscanada.ca\\\/fr\\\/traitements-traiter-le-pso-et-le-psa-vue-densemble\\\/\",\"url\":\"https:\\\/\\\/psoriasiscanada.ca\\\/fr\\\/traitements-traiter-le-pso-et-le-psa-vue-densemble\\\/\",\"name\":\"Traitements - Traiter le Pso et le PsA - Vue d'ensemble - Psoriasis Canada\",\"isPartOf\":{\"@id\":\"https:\\\/\\\/psoriasiscanada.ca\\\/#website\"},\"datePublished\":\"2025-12-01T12:29:24+00:00\",\"dateModified\":\"2026-02-26T05:17:55+00:00\",\"breadcrumb\":{\"@id\":\"https:\\\/\\\/psoriasiscanada.ca\\\/fr\\\/traitements-traiter-le-pso-et-le-psa-vue-densemble\\\/#breadcrumb\"},\"inLanguage\":\"fr-FR\",\"potentialAction\":[{\"@type\":\"ReadAction\",\"target\":[\"https:\\\/\\\/psoriasiscanada.ca\\\/fr\\\/traitements-traiter-le-pso-et-le-psa-vue-densemble\\\/\"]}]},{\"@type\":\"BreadcrumbList\",\"@id\":\"https:\\\/\\\/psoriasiscanada.ca\\\/fr\\\/traitements-traiter-le-pso-et-le-psa-vue-densemble\\\/#breadcrumb\",\"itemListElement\":[{\"@type\":\"ListItem\",\"position\":1,\"name\":\"Home\",\"item\":\"https:\\\/\\\/psoriasiscanada.ca\\\/fr\\\/home\\\/\"},{\"@type\":\"ListItem\",\"position\":2,\"name\":\"Traitements &#8211; Traiter le Pso et le PsA &#8211; Vue d&#8217;ensemble\"}]},{\"@type\":\"WebSite\",\"@id\":\"https:\\\/\\\/psoriasiscanada.ca\\\/#website\",\"url\":\"https:\\\/\\\/psoriasiscanada.ca\\\/\",\"name\":\"Psoriasis Canada\",\"description\":\"Psoriasis Canada\",\"publisher\":{\"@id\":\"https:\\\/\\\/psoriasiscanada.ca\\\/#organization\"},\"potentialAction\":[{\"@type\":\"SearchAction\",\"target\":{\"@type\":\"EntryPoint\",\"urlTemplate\":\"https:\\\/\\\/psoriasiscanada.ca\\\/?s={search_term_string}\"},\"query-input\":{\"@type\":\"PropertyValueSpecification\",\"valueRequired\":true,\"valueName\":\"search_term_string\"}}],\"inLanguage\":\"fr-FR\"},{\"@type\":\"Organization\",\"@id\":\"https:\\\/\\\/psoriasiscanada.ca\\\/#organization\",\"name\":\"Psoriasis Canada\",\"url\":\"https:\\\/\\\/psoriasiscanada.ca\\\/\",\"logo\":{\"@type\":\"ImageObject\",\"inLanguage\":\"fr-FR\",\"@id\":\"https:\\\/\\\/psoriasiscanada.ca\\\/#\\\/schema\\\/logo\\\/image\\\/\",\"url\":\"https:\\\/\\\/psoriasiscanada.ca\\\/wp-content\\\/uploads\\\/2025\\\/11\\\/logo.png\",\"contentUrl\":\"https:\\\/\\\/psoriasiscanada.ca\\\/wp-content\\\/uploads\\\/2025\\\/11\\\/logo.png\",\"width\":222,\"height\":73,\"caption\":\"Psoriasis Canada\"},\"image\":{\"@id\":\"https:\\\/\\\/psoriasiscanada.ca\\\/#\\\/schema\\\/logo\\\/image\\\/\"},\"sameAs\":[\"https:\\\/\\\/www.facebook.com\\\/PsoriasisCan1\",\"https:\\\/\\\/www.linkedin.com\\\/in\\\/psoriasiscan1\",\"https:\\\/\\\/www.youtube.com\\\/@PsoriasisCan1\"]}]}<\/script>\n<!-- \/ Yoast SEO plugin. -->","yoast_head_json":{"title":"Traitements - Traiter le Pso et le PsA - Vue d'ensemble - Psoriasis Canada","robots":{"index":"index","follow":"follow","max-snippet":"max-snippet:-1","max-image-preview":"max-image-preview:large","max-video-preview":"max-video-preview:-1"},"canonical":"https:\/\/psoriasiscanada.ca\/fr\/traitements-traiter-le-pso-et-le-psa-vue-densemble\/","og_locale":"fr_FR","og_type":"article","og_title":"Traitements - Traiter le Pso et le PsA - Vue d'ensemble - Psoriasis Canada","og_description":"Traitements &#8211; Vue d&#8217;ensemble Bien qu\u2019on ne puisse pas gu\u00e9rir le psoriasis, une vaste gamme de traitements s\u2019offre aux personnes qui vivent avec cette maladie inflammatoire. G\u00e9n\u00e9ralement, les traitements sont class\u00e9s en trois cat\u00e9gories : les traitements topiques, la phototh\u00e9rapie et les traitements \u00e0 action g\u00e9n\u00e9rale. Jouez un r\u00f4le actif dans votre traitement en posant [&hellip;]","og_url":"https:\/\/psoriasiscanada.ca\/fr\/traitements-traiter-le-pso-et-le-psa-vue-densemble\/","og_site_name":"Psoriasis Canada","article_publisher":"https:\/\/www.facebook.com\/PsoriasisCan1","article_modified_time":"2026-02-26T05:17:55+00:00","twitter_card":"summary_large_image","twitter_misc":{"Dur\u00e9e de lecture estim\u00e9e":"2 minutes"},"schema":{"@context":"https:\/\/schema.org","@graph":[{"@type":"WebPage","@id":"https:\/\/psoriasiscanada.ca\/fr\/traitements-traiter-le-pso-et-le-psa-vue-densemble\/","url":"https:\/\/psoriasiscanada.ca\/fr\/traitements-traiter-le-pso-et-le-psa-vue-densemble\/","name":"Traitements - Traiter le Pso et le PsA - Vue d'ensemble - Psoriasis Canada","isPartOf":{"@id":"https:\/\/psoriasiscanada.ca\/#website"},"datePublished":"2025-12-01T12:29:24+00:00","dateModified":"2026-02-26T05:17:55+00:00","breadcrumb":{"@id":"https:\/\/psoriasiscanada.ca\/fr\/traitements-traiter-le-pso-et-le-psa-vue-densemble\/#breadcrumb"},"inLanguage":"fr-FR","potentialAction":[{"@type":"ReadAction","target":["https:\/\/psoriasiscanada.ca\/fr\/traitements-traiter-le-pso-et-le-psa-vue-densemble\/"]}]},{"@type":"BreadcrumbList","@id":"https:\/\/psoriasiscanada.ca\/fr\/traitements-traiter-le-pso-et-le-psa-vue-densemble\/#breadcrumb","itemListElement":[{"@type":"ListItem","position":1,"name":"Home","item":"https:\/\/psoriasiscanada.ca\/fr\/home\/"},{"@type":"ListItem","position":2,"name":"Traitements &#8211; Traiter le Pso et le PsA &#8211; Vue d&#8217;ensemble"}]},{"@type":"WebSite","@id":"https:\/\/psoriasiscanada.ca\/#website","url":"https:\/\/psoriasiscanada.ca\/","name":"Psoriasis Canada","description":"Psoriasis Canada","publisher":{"@id":"https:\/\/psoriasiscanada.ca\/#organization"},"potentialAction":[{"@type":"SearchAction","target":{"@type":"EntryPoint","urlTemplate":"https:\/\/psoriasiscanada.ca\/?s={search_term_string}"},"query-input":{"@type":"PropertyValueSpecification","valueRequired":true,"valueName":"search_term_string"}}],"inLanguage":"fr-FR"},{"@type":"Organization","@id":"https:\/\/psoriasiscanada.ca\/#organization","name":"Psoriasis Canada","url":"https:\/\/psoriasiscanada.ca\/","logo":{"@type":"ImageObject","inLanguage":"fr-FR","@id":"https:\/\/psoriasiscanada.ca\/#\/schema\/logo\/image\/","url":"https:\/\/psoriasiscanada.ca\/wp-content\/uploads\/2025\/11\/logo.png","contentUrl":"https:\/\/psoriasiscanada.ca\/wp-content\/uploads\/2025\/11\/logo.png","width":222,"height":73,"caption":"Psoriasis Canada"},"image":{"@id":"https:\/\/psoriasiscanada.ca\/#\/schema\/logo\/image\/"},"sameAs":["https:\/\/www.facebook.com\/PsoriasisCan1","https:\/\/www.linkedin.com\/in\/psoriasiscan1","https:\/\/www.youtube.com\/@PsoriasisCan1"]}]}},"_links":{"self":[{"href":"https:\/\/psoriasiscanada.ca\/fr\/wp-json\/wp\/v2\/pages\/1379","targetHints":{"allow":["GET"]}}],"collection":[{"href":"https:\/\/psoriasiscanada.ca\/fr\/wp-json\/wp\/v2\/pages"}],"about":[{"href":"https:\/\/psoriasiscanada.ca\/fr\/wp-json\/wp\/v2\/types\/page"}],"author":[{"embeddable":true,"href":"https:\/\/psoriasiscanada.ca\/fr\/wp-json\/wp\/v2\/users\/3"}],"replies":[{"embeddable":true,"href":"https:\/\/psoriasiscanada.ca\/fr\/wp-json\/wp\/v2\/comments?post=1379"}],"version-history":[{"count":2,"href":"https:\/\/psoriasiscanada.ca\/fr\/wp-json\/wp\/v2\/pages\/1379\/revisions"}],"predecessor-version":[{"id":2183,"href":"https:\/\/psoriasiscanada.ca\/fr\/wp-json\/wp\/v2\/pages\/1379\/revisions\/2183"}],"wp:attachment":[{"href":"https:\/\/psoriasiscanada.ca\/fr\/wp-json\/wp\/v2\/media?parent=1379"}],"curies":[{"name":"wp","href":"https:\/\/api.w.org\/{rel}","templated":true}]}}