{"id":1366,"date":"2026-01-19T17:19:00","date_gmt":"2026-01-19T17:19:00","guid":{"rendered":"https:\/\/psocan.marketaccess.ca\/rhumatisme-psoriasique-quest-ce-que-le-rhumatisme-psoriasique\/vivre-avec-psoriasis\/vous-et-votre-rhumatologue\/"},"modified":"2026-01-28T16:06:44","modified_gmt":"2026-01-28T16:06:44","slug":"vous-et-votre-rhumatologue","status":"publish","type":"page","link":"https:\/\/psoriasiscanada.ca\/fr\/rhumatisme-psoriasique-quest-ce-que-le-rhumatisme-psoriasique\/vivre-avec-psoriasis\/vous-et-votre-rhumatologue\/","title":{"rendered":"Vous et votre rhumatologue"},"content":{"rendered":"\t\t<div data-elementor-type=\"wp-page\" data-elementor-id=\"1366\" class=\"elementor elementor-1366 elementor-774\" data-elementor-post-type=\"page\">\n\t\t\t\t<div class=\"elementor-element elementor-element-35503b8a e-flex e-con-boxed e-con e-parent\" data-id=\"35503b8a\" data-element_type=\"container\" data-e-type=\"container\">\n\t\t\t\t\t<div class=\"e-con-inner\">\n\t\t\t\t<div class=\"elementor-element elementor-element-560a9cb elementor-widget elementor-widget-heading\" data-id=\"560a9cb\" data-element_type=\"widget\" data-e-type=\"widget\" data-widget_type=\"heading.default\">\n\t\t\t\t\t<h2 class=\"elementor-heading-title elementor-size-default\">Vous et votre rhumatologue<\/h2>\t\t\t\t<\/div>\n\t\t\t\t\t<\/div>\n\t\t\t\t<\/div>\n\t\t<div class=\"elementor-element elementor-element-6682f34a e-flex e-con-boxed e-con e-parent\" data-id=\"6682f34a\" data-element_type=\"container\" data-e-type=\"container\">\n\t\t\t\t\t<div class=\"e-con-inner\">\n\t\t\t\t<div class=\"elementor-element elementor-element-9994c2d elementor-widget elementor-widget-text-editor\" data-id=\"9994c2d\" data-element_type=\"widget\" data-e-type=\"widget\" data-widget_type=\"text-editor.default\">\n\t\t\t\t\t\t\t\t\t<p>Les m\u00e9decins font partie int\u00e9grante du syst\u00e8me de sant\u00e9 en fournissant des soins de qualit\u00e9 aux patientes et patients. Avant de consulter une ou un rhumatologue, prenez le temps de vous pr\u00e9parer \u00e0 votre rendez-vous en identifiant les points \u00e0 aborder et en notant les questions que vous vous posez sur votre maladie.  <\/p><p>Il existe une r\u00e9elle p\u00e9nurie de rhumatologues dans de nombreuses r\u00e9gions du Canada. Cette p\u00e9nurie devrait s\u2019aggraver au cours de la prochaine d\u00e9cennie avec le d\u00e9part \u00e0 la retraite de rhumatologue. Une \u00e9tude r\u00e9cente a \u00e9tabli que de nombreuses patientes et de nombreux patients attendent plus de deux mois pour avant de pouvoir consulter une ou un rhumatologue au Canada. Seul un tiers des personnes atteintes d\u2019arthrite psoriasique ont \u00e9t\u00e9 vues par une ou un rhumatologue dans un d\u00e9lai de six semaines, comme le recommandent les directives.    <\/p><p>Lorsque vous avez un rendez-vous avec votre rhumatologue, assurez-vous de suivre les \u00e9tapes suivantes afin d\u2019\u00eatre bien inform\u00e9 une fois que vous aurez quitt\u00e9 le cabinet du m\u00e9decin et d\u2019avoir un plan de prise en charge de votre maladie qui soit appropri\u00e9 et qui fonctionne pour vous. <\/p><h4>Avant votre rendez-vous <\/h4><p>Les ant\u00e9c\u00e9dents m\u00e9dicaux sont des informations importantes pour votre rhumatologue. Veillez \u00e0 noter vos sympt\u00f4mes, comme les douleurs articulaires, l\u2019apparition et l\u2019intensit\u00e9 de la douleur, les r\u00e9percussions sur vos activit\u00e9s quotidiennes, les d\u00e9clencheurs de la douleur et les facteurs qui att\u00e9nuent les sympt\u00f4mes. Notez les affections m\u00e9dicales pour lesquelles vous avez d\u00e9j\u00e0 re\u00e7u un diagnostic afin de pouvoir vous en souvenir facilement au cabinet du m\u00e9decin. Faites des recherches pour savoir s\u2019il y a des ant\u00e9c\u00e9dents rhumatologiques dans votre famille.   <\/p><p>Compte tenu de son emploi du temps charg\u00e9, une ou un rhumatologue ne peut consacrer que 15 minutes \u00e0 chaque patiente ou patient; il est donc important d\u2019avoir pris en note toutes les questions que vous souhaitez aborder lors du rendez-vous. Cela vous permettra de vous sentir pr\u00eate ou pr\u00eat dans un contexte de temps restreint et cela vous rassurera sur le fait que toutes les informations pertinentes ont \u00e9t\u00e9 abord\u00e9es avec votre rhumatologue. <\/p><p>Il est \u00e9galement conseill\u00e9 d\u2019emporter un bloc-notes ou un appareil permettant de prendre des notes. Lors d\u2019un rendez-vous, vous essayez de communiquer vos points, de traiter les informations re\u00e7ues et de comprendre le plan de soins. Ceci peut sembler \u00e9norme sur le moment, alors il est utile d\u2019avoir not\u00e9 ces informations pour les consulter \u00e0 nouveau apr\u00e8s le rendez-vous. Si possible, vous pouvez \u00e9galement vous faire accompagner au rendez-vous par un proche en qui vous avez confiance. Cette personne pourra vous soutenir et vous aider \u00e0 vous rem\u00e9morer les informations plus tard.    <\/p><p>Faites une liste : <\/p><ul><li>des m\u00e9dicaments que vous prenez;<\/li><li>des m\u00e9dicaments que vous avez d\u00e9j\u00e0 pris et pendant quelle dur\u00e9e;<\/li><li>des maladies pour lesquelles vous avez d\u00e9j\u00e0 re\u00e7u un diagnostic;<\/li><li>de vos sympt\u00f4mes et de leur dur\u00e9e;<\/li><li>des questions et des pr\u00e9occupations li\u00e9es \u00e0 votre maladie.<\/li><\/ul><h4>Durant votre rendez-vous<\/h4><p>Afin de construire une relation de confiance avec votre rhumatologue, il est important d\u2019\u00e9tablir une communication ouverte et faire preuve de transparence. <\/p><ul><li>C\u2019est correct de demander des \u00e9claircissements ou une explication plus simple si vous ne comprenez pas les termes m\u00e9dicaux utilis\u00e9s. <\/li><li>Vous devez vous renseigner sur les sympt\u00f4mes et le pronostic associ\u00e9s \u00e0 votre diagnostic.<\/li><li>Demandez s\u2019il existe des modifications du mode de vie susceptibles d\u2019am\u00e9liorer votre \u00e9tat et des ressources qui peuvent vous aider \u00e0 effectuer ces changements.<\/li><li>Lorsque des options de traitement vous sont pr\u00e9sent\u00e9es, demandez quels sont leurs effets secondaires et dans quelle mesure vous \u00eates susceptibles de les ressentir. <\/li><li>Demandez \u00e0 votre rhumatologue de noter les instructions ou les recommandations de produits afin de pouvoir vous y r\u00e9f\u00e9rer dans le futur. <\/li><li>Si vous n\u2019\u00eates pas \u00e0 l\u2019aise avec le plan de traitement ou si vous n\u2019\u00eates pas d\u2019accord pour prendre un certain m\u00e9dicament, dites-le! Votre rhumatologue peut travailler avec vous pour cr\u00e9er un plan qui vous convient et qui vous permet d\u2019am\u00e9liorer votre \u00e9tat de sant\u00e9. L\u2019honn\u00eatet\u00e9 et la transparence sont importantes dans vos \u00e9changes avec votre m\u00e9decin pour faire en sorte que vous puissiez avoir les meilleures chances de prendre en charge votre maladie.  <\/li><li>Demandez \u00e0 votre rhumatologue quelles sont les ressources ou les aides offertes aux personnes atteintes d\u2019arthrite psoriasique. <\/li><li>Il peut \u00eatre utile de r\u00e9p\u00e9ter les points cl\u00e9s \u00e0 votre rhumatologue pour vous assurer que vous avez bien compris les \u00e9l\u00e9ments de la discussion.<\/li><li>N\u2019oubliez pas de consulter et d\u2019examiner votre liste de questions qui restent sans r\u00e9ponse avant la fin du rendez-vous. Beaucoup de temps peut s\u2019\u00e9couler avant d\u2019avoir une nouvelle chance de les poser, car les rendez-vous de suivi sont g\u00e9n\u00e9ralement pris des semaines ou des mois \u00e0 l\u2019avance.  <\/li><\/ul><p>En vous pr\u00e9parant \u00e0 votre prochain rendez-vous, vous pourrez avoir une discussion fructueuse avec votre rhumatologue et vous serez bien outill\u00e9 pour commencer le plan de traitement et prendre en charge votre maladie de mani\u00e8re optimale! <\/p><p><strong>Ressources<\/strong><\/p><p><a href=\"https:\/\/www.cmajopen.ca\/content\/4\/2\/E205\">https:\/\/www.cmajopen.ca\/content\/4\/2\/E205<\/a><\/p>\t\t\t\t\t\t\t\t<\/div>\n\t\t\t\t\t<\/div>\n\t\t\t\t<\/div>\n\t\t\t\t<\/div>\n\t\t","protected":false},"excerpt":{"rendered":"<p>Vous et votre rhumatologue Les m\u00e9decins font partie int\u00e9grante du syst\u00e8me de sant\u00e9 en fournissant des soins de qualit\u00e9 aux patientes et patients. Avant de consulter une ou un rhumatologue, prenez le temps de vous pr\u00e9parer \u00e0 votre rendez-vous en identifiant les points \u00e0 aborder et en notant les questions que vous vous posez sur [&hellip;]<\/p>\n","protected":false},"author":1,"featured_media":0,"parent":1300,"menu_order":0,"comment_status":"closed","ping_status":"closed","template":"","meta":{"website_toolbox_forum_postUrl":"","website_toolbox_forum_category":"","website_toolbox_publish_on_forum":"","footnotes":""},"class_list":["post-1366","page","type-page","status-publish","hentry"],"yoast_head":"<!-- This site is optimized with the Yoast SEO plugin v27.4 - https:\/\/yoast.com\/product\/yoast-seo-wordpress\/ -->\n<title>Vous et votre rhumatologue - Psoriasis Canada<\/title>\n<meta name=\"robots\" content=\"index, follow, max-snippet:-1, max-image-preview:large, max-video-preview:-1\" \/>\n<link rel=\"canonical\" href=\"https:\/\/psoriasiscanada.ca\/fr\/rhumatisme-psoriasique-quest-ce-que-le-rhumatisme-psoriasique\/vivre-avec-psoriasis\/vous-et-votre-rhumatologue\/\" \/>\n<meta property=\"og:locale\" content=\"fr_FR\" \/>\n<meta property=\"og:type\" content=\"article\" \/>\n<meta property=\"og:title\" content=\"Vous et votre rhumatologue - Psoriasis Canada\" \/>\n<meta property=\"og:description\" content=\"Vous et votre rhumatologue Les m\u00e9decins font partie int\u00e9grante du syst\u00e8me de sant\u00e9 en fournissant des soins de qualit\u00e9 aux patientes et patients. Avant de consulter une ou un rhumatologue, prenez le temps de vous pr\u00e9parer \u00e0 votre rendez-vous en identifiant les points \u00e0 aborder et en notant les questions que vous vous posez sur [&hellip;]\" \/>\n<meta property=\"og:url\" content=\"https:\/\/psoriasiscanada.ca\/fr\/rhumatisme-psoriasique-quest-ce-que-le-rhumatisme-psoriasique\/vivre-avec-psoriasis\/vous-et-votre-rhumatologue\/\" \/>\n<meta property=\"og:site_name\" content=\"Psoriasis Canada\" \/>\n<meta property=\"article:publisher\" content=\"https:\/\/www.facebook.com\/PsoriasisCan1\" \/>\n<meta property=\"article:modified_time\" content=\"2026-01-28T16:06:44+00:00\" \/>\n<meta name=\"twitter:card\" content=\"summary_large_image\" \/>\n<meta name=\"twitter:label1\" content=\"Dur\u00e9e de lecture estim\u00e9e\" \/>\n\t<meta name=\"twitter:data1\" content=\"4 minutes\" \/>\n<script type=\"application\/ld+json\" class=\"yoast-schema-graph\">{\"@context\":\"https:\\\/\\\/schema.org\",\"@graph\":[{\"@type\":\"WebPage\",\"@id\":\"https:\\\/\\\/psoriasiscanada.ca\\\/fr\\\/rhumatisme-psoriasique-quest-ce-que-le-rhumatisme-psoriasique\\\/vivre-avec-psoriasis\\\/vous-et-votre-rhumatologue\\\/\",\"url\":\"https:\\\/\\\/psoriasiscanada.ca\\\/fr\\\/rhumatisme-psoriasique-quest-ce-que-le-rhumatisme-psoriasique\\\/vivre-avec-psoriasis\\\/vous-et-votre-rhumatologue\\\/\",\"name\":\"Vous et votre rhumatologue - Psoriasis Canada\",\"isPartOf\":{\"@id\":\"https:\\\/\\\/psoriasiscanada.ca\\\/#website\"},\"datePublished\":\"2026-01-19T17:19:00+00:00\",\"dateModified\":\"2026-01-28T16:06:44+00:00\",\"breadcrumb\":{\"@id\":\"https:\\\/\\\/psoriasiscanada.ca\\\/fr\\\/rhumatisme-psoriasique-quest-ce-que-le-rhumatisme-psoriasique\\\/vivre-avec-psoriasis\\\/vous-et-votre-rhumatologue\\\/#breadcrumb\"},\"inLanguage\":\"fr-FR\",\"potentialAction\":[{\"@type\":\"ReadAction\",\"target\":[\"https:\\\/\\\/psoriasiscanada.ca\\\/fr\\\/rhumatisme-psoriasique-quest-ce-que-le-rhumatisme-psoriasique\\\/vivre-avec-psoriasis\\\/vous-et-votre-rhumatologue\\\/\"]}]},{\"@type\":\"BreadcrumbList\",\"@id\":\"https:\\\/\\\/psoriasiscanada.ca\\\/fr\\\/rhumatisme-psoriasique-quest-ce-que-le-rhumatisme-psoriasique\\\/vivre-avec-psoriasis\\\/vous-et-votre-rhumatologue\\\/#breadcrumb\",\"itemListElement\":[{\"@type\":\"ListItem\",\"position\":1,\"name\":\"Home\",\"item\":\"https:\\\/\\\/psoriasiscanada.ca\\\/fr\\\/home\\\/\"},{\"@type\":\"ListItem\",\"position\":2,\"name\":\"Rhumatisme psoriasique &#8211; Qu&#8217;est-ce que le rhumatisme psoriasique ?\",\"item\":\"https:\\\/\\\/psoriasiscanada.ca\\\/fr\\\/rhumatisme-psoriasique-quest-ce-que-le-rhumatisme-psoriasique\\\/\"},{\"@type\":\"ListItem\",\"position\":3,\"name\":\"Vivre avec le PsA &#8211; Vue d&#8217;ensemble\",\"item\":\"https:\\\/\\\/psoriasiscanada.ca\\\/fr\\\/rhumatisme-psoriasique-quest-ce-que-le-rhumatisme-psoriasique\\\/vivre-avec-psoriasis\\\/\"},{\"@type\":\"ListItem\",\"position\":4,\"name\":\"Vous et votre rhumatologue\"}]},{\"@type\":\"WebSite\",\"@id\":\"https:\\\/\\\/psoriasiscanada.ca\\\/#website\",\"url\":\"https:\\\/\\\/psoriasiscanada.ca\\\/\",\"name\":\"Psoriasis Canada\",\"description\":\"Psoriasis Canada\",\"publisher\":{\"@id\":\"https:\\\/\\\/psoriasiscanada.ca\\\/#organization\"},\"potentialAction\":[{\"@type\":\"SearchAction\",\"target\":{\"@type\":\"EntryPoint\",\"urlTemplate\":\"https:\\\/\\\/psoriasiscanada.ca\\\/?s={search_term_string}\"},\"query-input\":{\"@type\":\"PropertyValueSpecification\",\"valueRequired\":true,\"valueName\":\"search_term_string\"}}],\"inLanguage\":\"fr-FR\"},{\"@type\":\"Organization\",\"@id\":\"https:\\\/\\\/psoriasiscanada.ca\\\/#organization\",\"name\":\"Psoriasis Canada\",\"url\":\"https:\\\/\\\/psoriasiscanada.ca\\\/\",\"logo\":{\"@type\":\"ImageObject\",\"inLanguage\":\"fr-FR\",\"@id\":\"https:\\\/\\\/psoriasiscanada.ca\\\/#\\\/schema\\\/logo\\\/image\\\/\",\"url\":\"https:\\\/\\\/psoriasiscanada.ca\\\/wp-content\\\/uploads\\\/2025\\\/11\\\/logo.png\",\"contentUrl\":\"https:\\\/\\\/psoriasiscanada.ca\\\/wp-content\\\/uploads\\\/2025\\\/11\\\/logo.png\",\"width\":222,\"height\":73,\"caption\":\"Psoriasis Canada\"},\"image\":{\"@id\":\"https:\\\/\\\/psoriasiscanada.ca\\\/#\\\/schema\\\/logo\\\/image\\\/\"},\"sameAs\":[\"https:\\\/\\\/www.facebook.com\\\/PsoriasisCan1\",\"https:\\\/\\\/www.linkedin.com\\\/in\\\/psoriasiscan1\",\"https:\\\/\\\/www.youtube.com\\\/@PsoriasisCan1\"]}]}<\/script>\n<!-- \/ Yoast SEO plugin. -->","yoast_head_json":{"title":"Vous et votre rhumatologue - Psoriasis Canada","robots":{"index":"index","follow":"follow","max-snippet":"max-snippet:-1","max-image-preview":"max-image-preview:large","max-video-preview":"max-video-preview:-1"},"canonical":"https:\/\/psoriasiscanada.ca\/fr\/rhumatisme-psoriasique-quest-ce-que-le-rhumatisme-psoriasique\/vivre-avec-psoriasis\/vous-et-votre-rhumatologue\/","og_locale":"fr_FR","og_type":"article","og_title":"Vous et votre rhumatologue - Psoriasis Canada","og_description":"Vous et votre rhumatologue Les m\u00e9decins font partie int\u00e9grante du syst\u00e8me de sant\u00e9 en fournissant des soins de qualit\u00e9 aux patientes et patients. Avant de consulter une ou un rhumatologue, prenez le temps de vous pr\u00e9parer \u00e0 votre rendez-vous en identifiant les points \u00e0 aborder et en notant les questions que vous vous posez sur [&hellip;]","og_url":"https:\/\/psoriasiscanada.ca\/fr\/rhumatisme-psoriasique-quest-ce-que-le-rhumatisme-psoriasique\/vivre-avec-psoriasis\/vous-et-votre-rhumatologue\/","og_site_name":"Psoriasis Canada","article_publisher":"https:\/\/www.facebook.com\/PsoriasisCan1","article_modified_time":"2026-01-28T16:06:44+00:00","twitter_card":"summary_large_image","twitter_misc":{"Dur\u00e9e de lecture estim\u00e9e":"4 minutes"},"schema":{"@context":"https:\/\/schema.org","@graph":[{"@type":"WebPage","@id":"https:\/\/psoriasiscanada.ca\/fr\/rhumatisme-psoriasique-quest-ce-que-le-rhumatisme-psoriasique\/vivre-avec-psoriasis\/vous-et-votre-rhumatologue\/","url":"https:\/\/psoriasiscanada.ca\/fr\/rhumatisme-psoriasique-quest-ce-que-le-rhumatisme-psoriasique\/vivre-avec-psoriasis\/vous-et-votre-rhumatologue\/","name":"Vous et votre rhumatologue - Psoriasis Canada","isPartOf":{"@id":"https:\/\/psoriasiscanada.ca\/#website"},"datePublished":"2026-01-19T17:19:00+00:00","dateModified":"2026-01-28T16:06:44+00:00","breadcrumb":{"@id":"https:\/\/psoriasiscanada.ca\/fr\/rhumatisme-psoriasique-quest-ce-que-le-rhumatisme-psoriasique\/vivre-avec-psoriasis\/vous-et-votre-rhumatologue\/#breadcrumb"},"inLanguage":"fr-FR","potentialAction":[{"@type":"ReadAction","target":["https:\/\/psoriasiscanada.ca\/fr\/rhumatisme-psoriasique-quest-ce-que-le-rhumatisme-psoriasique\/vivre-avec-psoriasis\/vous-et-votre-rhumatologue\/"]}]},{"@type":"BreadcrumbList","@id":"https:\/\/psoriasiscanada.ca\/fr\/rhumatisme-psoriasique-quest-ce-que-le-rhumatisme-psoriasique\/vivre-avec-psoriasis\/vous-et-votre-rhumatologue\/#breadcrumb","itemListElement":[{"@type":"ListItem","position":1,"name":"Home","item":"https:\/\/psoriasiscanada.ca\/fr\/home\/"},{"@type":"ListItem","position":2,"name":"Rhumatisme psoriasique &#8211; Qu&#8217;est-ce que le rhumatisme psoriasique ?","item":"https:\/\/psoriasiscanada.ca\/fr\/rhumatisme-psoriasique-quest-ce-que-le-rhumatisme-psoriasique\/"},{"@type":"ListItem","position":3,"name":"Vivre avec le PsA &#8211; Vue d&#8217;ensemble","item":"https:\/\/psoriasiscanada.ca\/fr\/rhumatisme-psoriasique-quest-ce-que-le-rhumatisme-psoriasique\/vivre-avec-psoriasis\/"},{"@type":"ListItem","position":4,"name":"Vous et votre rhumatologue"}]},{"@type":"WebSite","@id":"https:\/\/psoriasiscanada.ca\/#website","url":"https:\/\/psoriasiscanada.ca\/","name":"Psoriasis Canada","description":"Psoriasis Canada","publisher":{"@id":"https:\/\/psoriasiscanada.ca\/#organization"},"potentialAction":[{"@type":"SearchAction","target":{"@type":"EntryPoint","urlTemplate":"https:\/\/psoriasiscanada.ca\/?s={search_term_string}"},"query-input":{"@type":"PropertyValueSpecification","valueRequired":true,"valueName":"search_term_string"}}],"inLanguage":"fr-FR"},{"@type":"Organization","@id":"https:\/\/psoriasiscanada.ca\/#organization","name":"Psoriasis Canada","url":"https:\/\/psoriasiscanada.ca\/","logo":{"@type":"ImageObject","inLanguage":"fr-FR","@id":"https:\/\/psoriasiscanada.ca\/#\/schema\/logo\/image\/","url":"https:\/\/psoriasiscanada.ca\/wp-content\/uploads\/2025\/11\/logo.png","contentUrl":"https:\/\/psoriasiscanada.ca\/wp-content\/uploads\/2025\/11\/logo.png","width":222,"height":73,"caption":"Psoriasis Canada"},"image":{"@id":"https:\/\/psoriasiscanada.ca\/#\/schema\/logo\/image\/"},"sameAs":["https:\/\/www.facebook.com\/PsoriasisCan1","https:\/\/www.linkedin.com\/in\/psoriasiscan1","https:\/\/www.youtube.com\/@PsoriasisCan1"]}]}},"_links":{"self":[{"href":"https:\/\/psoriasiscanada.ca\/fr\/wp-json\/wp\/v2\/pages\/1366","targetHints":{"allow":["GET"]}}],"collection":[{"href":"https:\/\/psoriasiscanada.ca\/fr\/wp-json\/wp\/v2\/pages"}],"about":[{"href":"https:\/\/psoriasiscanada.ca\/fr\/wp-json\/wp\/v2\/types\/page"}],"author":[{"embeddable":true,"href":"https:\/\/psoriasiscanada.ca\/fr\/wp-json\/wp\/v2\/users\/1"}],"replies":[{"embeddable":true,"href":"https:\/\/psoriasiscanada.ca\/fr\/wp-json\/wp\/v2\/comments?post=1366"}],"version-history":[{"count":2,"href":"https:\/\/psoriasiscanada.ca\/fr\/wp-json\/wp\/v2\/pages\/1366\/revisions"}],"predecessor-version":[{"id":1371,"href":"https:\/\/psoriasiscanada.ca\/fr\/wp-json\/wp\/v2\/pages\/1366\/revisions\/1371"}],"up":[{"embeddable":true,"href":"https:\/\/psoriasiscanada.ca\/fr\/wp-json\/wp\/v2\/pages\/1300"}],"wp:attachment":[{"href":"https:\/\/psoriasiscanada.ca\/fr\/wp-json\/wp\/v2\/media?parent=1366"}],"curies":[{"name":"wp","href":"https:\/\/api.w.org\/{rel}","templated":true}]}}