{"id":1364,"date":"2026-01-19T17:17:59","date_gmt":"2026-01-19T17:17:59","guid":{"rendered":"https:\/\/psocan.marketaccess.ca\/rhumatisme-psoriasique-quest-ce-que-le-rhumatisme-psoriasique\/vivre-avec-psoriasis\/travailler-avec-laps\/"},"modified":"2026-01-28T16:02:45","modified_gmt":"2026-01-28T16:02:45","slug":"travailler-avec-laps","status":"publish","type":"page","link":"https:\/\/psoriasiscanada.ca\/fr\/rhumatisme-psoriasique-quest-ce-que-le-rhumatisme-psoriasique\/vivre-avec-psoriasis\/travailler-avec-laps\/","title":{"rendered":"Travailler avec l\u2019APs"},"content":{"rendered":"\t\t<div data-elementor-type=\"wp-page\" data-elementor-id=\"1364\" class=\"elementor elementor-1364 elementor-769\" data-elementor-post-type=\"page\">\n\t\t\t\t<div class=\"elementor-element elementor-element-35503b8a e-flex e-con-boxed e-con e-parent\" data-id=\"35503b8a\" data-element_type=\"container\" data-e-type=\"container\">\n\t\t\t\t\t<div class=\"e-con-inner\">\n\t\t\t\t<div class=\"elementor-element elementor-element-560a9cb elementor-widget elementor-widget-heading\" data-id=\"560a9cb\" data-element_type=\"widget\" data-e-type=\"widget\" data-widget_type=\"heading.default\">\n\t\t\t\t\t<h2 class=\"elementor-heading-title elementor-size-default\">Travailler avec l\u2019APs<\/h2>\t\t\t\t<\/div>\n\t\t\t\t\t<\/div>\n\t\t\t\t<\/div>\n\t\t<div class=\"elementor-element elementor-element-6682f34a e-flex e-con-boxed e-con e-parent\" data-id=\"6682f34a\" data-element_type=\"container\" data-e-type=\"container\">\n\t\t\t\t\t<div class=\"e-con-inner\">\n\t\t\t\t<div class=\"elementor-element elementor-element-9994c2d elementor-widget elementor-widget-text-editor\" data-id=\"9994c2d\" data-element_type=\"widget\" data-e-type=\"widget\" data-widget_type=\"text-editor.default\">\n\t\t\t\t\t\t\t\t\t<p>Les sympt\u00f4mes du PsA, tels que la douleur, la raideur articulaire et musculaire et le gonflement des doigts, peuvent interf\u00e9rer avec les t\u00e2ches associ\u00e9es au travail, en particulier celles qui impliquent des mouvements r\u00e9p\u00e9titifs et une activit\u00e9 prolong\u00e9e. Il est important de prendre en compte toute r\u00e9duction potentielle de la productivit\u00e9 en informant vos coll\u00e8gues, vos sup\u00e9rieurs et votre service de sant\u00e9 au travail (le cas \u00e9ch\u00e9ant), et en demandant des am\u00e9nagements si n\u00e9cessaire. Il peut s&#8217;agir d&#8217;am\u00e9liorer votre espace de travail (par exemple, bureaux, chaises et \u00e9quipement) et d&#8217;ajuster vos t\u00e2ches et votre emploi du temps pour r\u00e9duire les contraintes. Bien que certains emplois soient plus adapt\u00e9s au PsA que d&#8217;autres, le fait de solliciter le soutien de votre employeur et, dans certaines circonstances, d&#8217;un ergoth\u00e9rapeute, peut permettre d&#8217;aborder et de r\u00e9duire le risque de probl\u00e8mes li\u00e9s au travail.   <\/p>\t\t\t\t\t\t\t\t<\/div>\n\t\t\t\t\t<\/div>\n\t\t\t\t<\/div>\n\t\t\t\t<\/div>\n\t\t","protected":false},"excerpt":{"rendered":"<p>Travailler avec l\u2019APs Les sympt\u00f4mes du PsA, tels que la douleur, la raideur articulaire et musculaire et le gonflement des doigts, peuvent interf\u00e9rer avec les t\u00e2ches associ\u00e9es au travail, en particulier celles qui impliquent des mouvements r\u00e9p\u00e9titifs et une activit\u00e9 prolong\u00e9e. Il est important de prendre en compte toute r\u00e9duction potentielle de la productivit\u00e9 en [&hellip;]<\/p>\n","protected":false},"author":1,"featured_media":0,"parent":1300,"menu_order":0,"comment_status":"closed","ping_status":"closed","template":"","meta":{"website_toolbox_forum_postUrl":"","website_toolbox_forum_category":"","website_toolbox_publish_on_forum":"","footnotes":""},"class_list":["post-1364","page","type-page","status-publish","hentry"],"yoast_head":"<!-- This site is optimized with the Yoast SEO plugin v27.4 - https:\/\/yoast.com\/product\/yoast-seo-wordpress\/ -->\n<title>Travailler avec l\u2019APs - Psoriasis Canada<\/title>\n<meta name=\"robots\" content=\"index, follow, max-snippet:-1, max-image-preview:large, max-video-preview:-1\" \/>\n<link rel=\"canonical\" href=\"https:\/\/psoriasiscanada.ca\/fr\/rhumatisme-psoriasique-quest-ce-que-le-rhumatisme-psoriasique\/vivre-avec-psoriasis\/travailler-avec-laps\/\" \/>\n<meta property=\"og:locale\" content=\"fr_FR\" \/>\n<meta property=\"og:type\" content=\"article\" \/>\n<meta property=\"og:title\" content=\"Travailler avec l\u2019APs - Psoriasis Canada\" \/>\n<meta property=\"og:description\" content=\"Travailler avec l\u2019APs Les sympt\u00f4mes du PsA, tels que la douleur, la raideur articulaire et musculaire et le gonflement des doigts, peuvent interf\u00e9rer avec les t\u00e2ches associ\u00e9es au travail, en particulier celles qui impliquent des mouvements r\u00e9p\u00e9titifs et une activit\u00e9 prolong\u00e9e. Il est important de prendre en compte toute r\u00e9duction potentielle de la productivit\u00e9 en [&hellip;]\" \/>\n<meta property=\"og:url\" content=\"https:\/\/psoriasiscanada.ca\/fr\/rhumatisme-psoriasique-quest-ce-que-le-rhumatisme-psoriasique\/vivre-avec-psoriasis\/travailler-avec-laps\/\" \/>\n<meta property=\"og:site_name\" content=\"Psoriasis Canada\" \/>\n<meta property=\"article:publisher\" content=\"https:\/\/www.facebook.com\/PsoriasisCan1\" \/>\n<meta property=\"article:modified_time\" content=\"2026-01-28T16:02:45+00:00\" \/>\n<meta name=\"twitter:card\" content=\"summary_large_image\" \/>\n<meta name=\"twitter:label1\" content=\"Dur\u00e9e de lecture estim\u00e9e\" \/>\n\t<meta name=\"twitter:data1\" content=\"1 minute\" \/>\n<script type=\"application\/ld+json\" class=\"yoast-schema-graph\">{\"@context\":\"https:\\\/\\\/schema.org\",\"@graph\":[{\"@type\":\"WebPage\",\"@id\":\"https:\\\/\\\/psoriasiscanada.ca\\\/fr\\\/rhumatisme-psoriasique-quest-ce-que-le-rhumatisme-psoriasique\\\/vivre-avec-psoriasis\\\/travailler-avec-laps\\\/\",\"url\":\"https:\\\/\\\/psoriasiscanada.ca\\\/fr\\\/rhumatisme-psoriasique-quest-ce-que-le-rhumatisme-psoriasique\\\/vivre-avec-psoriasis\\\/travailler-avec-laps\\\/\",\"name\":\"Travailler avec l\u2019APs - Psoriasis Canada\",\"isPartOf\":{\"@id\":\"https:\\\/\\\/psoriasiscanada.ca\\\/#website\"},\"datePublished\":\"2026-01-19T17:17:59+00:00\",\"dateModified\":\"2026-01-28T16:02:45+00:00\",\"breadcrumb\":{\"@id\":\"https:\\\/\\\/psoriasiscanada.ca\\\/fr\\\/rhumatisme-psoriasique-quest-ce-que-le-rhumatisme-psoriasique\\\/vivre-avec-psoriasis\\\/travailler-avec-laps\\\/#breadcrumb\"},\"inLanguage\":\"fr-FR\",\"potentialAction\":[{\"@type\":\"ReadAction\",\"target\":[\"https:\\\/\\\/psoriasiscanada.ca\\\/fr\\\/rhumatisme-psoriasique-quest-ce-que-le-rhumatisme-psoriasique\\\/vivre-avec-psoriasis\\\/travailler-avec-laps\\\/\"]}]},{\"@type\":\"BreadcrumbList\",\"@id\":\"https:\\\/\\\/psoriasiscanada.ca\\\/fr\\\/rhumatisme-psoriasique-quest-ce-que-le-rhumatisme-psoriasique\\\/vivre-avec-psoriasis\\\/travailler-avec-laps\\\/#breadcrumb\",\"itemListElement\":[{\"@type\":\"ListItem\",\"position\":1,\"name\":\"Home\",\"item\":\"https:\\\/\\\/psoriasiscanada.ca\\\/fr\\\/home\\\/\"},{\"@type\":\"ListItem\",\"position\":2,\"name\":\"Rhumatisme psoriasique &#8211; Qu&#8217;est-ce que le rhumatisme psoriasique ?\",\"item\":\"https:\\\/\\\/psoriasiscanada.ca\\\/fr\\\/rhumatisme-psoriasique-quest-ce-que-le-rhumatisme-psoriasique\\\/\"},{\"@type\":\"ListItem\",\"position\":3,\"name\":\"Vivre avec le PsA &#8211; Vue d&#8217;ensemble\",\"item\":\"https:\\\/\\\/psoriasiscanada.ca\\\/fr\\\/rhumatisme-psoriasique-quest-ce-que-le-rhumatisme-psoriasique\\\/vivre-avec-psoriasis\\\/\"},{\"@type\":\"ListItem\",\"position\":4,\"name\":\"Travailler avec l\u2019APs\"}]},{\"@type\":\"WebSite\",\"@id\":\"https:\\\/\\\/psoriasiscanada.ca\\\/#website\",\"url\":\"https:\\\/\\\/psoriasiscanada.ca\\\/\",\"name\":\"Psoriasis Canada\",\"description\":\"Psoriasis Canada\",\"publisher\":{\"@id\":\"https:\\\/\\\/psoriasiscanada.ca\\\/#organization\"},\"potentialAction\":[{\"@type\":\"SearchAction\",\"target\":{\"@type\":\"EntryPoint\",\"urlTemplate\":\"https:\\\/\\\/psoriasiscanada.ca\\\/?s={search_term_string}\"},\"query-input\":{\"@type\":\"PropertyValueSpecification\",\"valueRequired\":true,\"valueName\":\"search_term_string\"}}],\"inLanguage\":\"fr-FR\"},{\"@type\":\"Organization\",\"@id\":\"https:\\\/\\\/psoriasiscanada.ca\\\/#organization\",\"name\":\"Psoriasis Canada\",\"url\":\"https:\\\/\\\/psoriasiscanada.ca\\\/\",\"logo\":{\"@type\":\"ImageObject\",\"inLanguage\":\"fr-FR\",\"@id\":\"https:\\\/\\\/psoriasiscanada.ca\\\/#\\\/schema\\\/logo\\\/image\\\/\",\"url\":\"https:\\\/\\\/psoriasiscanada.ca\\\/wp-content\\\/uploads\\\/2025\\\/11\\\/logo.png\",\"contentUrl\":\"https:\\\/\\\/psoriasiscanada.ca\\\/wp-content\\\/uploads\\\/2025\\\/11\\\/logo.png\",\"width\":222,\"height\":73,\"caption\":\"Psoriasis Canada\"},\"image\":{\"@id\":\"https:\\\/\\\/psoriasiscanada.ca\\\/#\\\/schema\\\/logo\\\/image\\\/\"},\"sameAs\":[\"https:\\\/\\\/www.facebook.com\\\/PsoriasisCan1\",\"https:\\\/\\\/www.linkedin.com\\\/in\\\/psoriasiscan1\",\"https:\\\/\\\/www.youtube.com\\\/@PsoriasisCan1\"]}]}<\/script>\n<!-- \/ Yoast SEO plugin. -->","yoast_head_json":{"title":"Travailler avec l\u2019APs - Psoriasis Canada","robots":{"index":"index","follow":"follow","max-snippet":"max-snippet:-1","max-image-preview":"max-image-preview:large","max-video-preview":"max-video-preview:-1"},"canonical":"https:\/\/psoriasiscanada.ca\/fr\/rhumatisme-psoriasique-quest-ce-que-le-rhumatisme-psoriasique\/vivre-avec-psoriasis\/travailler-avec-laps\/","og_locale":"fr_FR","og_type":"article","og_title":"Travailler avec l\u2019APs - Psoriasis Canada","og_description":"Travailler avec l\u2019APs Les sympt\u00f4mes du PsA, tels que la douleur, la raideur articulaire et musculaire et le gonflement des doigts, peuvent interf\u00e9rer avec les t\u00e2ches associ\u00e9es au travail, en particulier celles qui impliquent des mouvements r\u00e9p\u00e9titifs et une activit\u00e9 prolong\u00e9e. Il est important de prendre en compte toute r\u00e9duction potentielle de la productivit\u00e9 en [&hellip;]","og_url":"https:\/\/psoriasiscanada.ca\/fr\/rhumatisme-psoriasique-quest-ce-que-le-rhumatisme-psoriasique\/vivre-avec-psoriasis\/travailler-avec-laps\/","og_site_name":"Psoriasis Canada","article_publisher":"https:\/\/www.facebook.com\/PsoriasisCan1","article_modified_time":"2026-01-28T16:02:45+00:00","twitter_card":"summary_large_image","twitter_misc":{"Dur\u00e9e de lecture estim\u00e9e":"1 minute"},"schema":{"@context":"https:\/\/schema.org","@graph":[{"@type":"WebPage","@id":"https:\/\/psoriasiscanada.ca\/fr\/rhumatisme-psoriasique-quest-ce-que-le-rhumatisme-psoriasique\/vivre-avec-psoriasis\/travailler-avec-laps\/","url":"https:\/\/psoriasiscanada.ca\/fr\/rhumatisme-psoriasique-quest-ce-que-le-rhumatisme-psoriasique\/vivre-avec-psoriasis\/travailler-avec-laps\/","name":"Travailler avec l\u2019APs - Psoriasis Canada","isPartOf":{"@id":"https:\/\/psoriasiscanada.ca\/#website"},"datePublished":"2026-01-19T17:17:59+00:00","dateModified":"2026-01-28T16:02:45+00:00","breadcrumb":{"@id":"https:\/\/psoriasiscanada.ca\/fr\/rhumatisme-psoriasique-quest-ce-que-le-rhumatisme-psoriasique\/vivre-avec-psoriasis\/travailler-avec-laps\/#breadcrumb"},"inLanguage":"fr-FR","potentialAction":[{"@type":"ReadAction","target":["https:\/\/psoriasiscanada.ca\/fr\/rhumatisme-psoriasique-quest-ce-que-le-rhumatisme-psoriasique\/vivre-avec-psoriasis\/travailler-avec-laps\/"]}]},{"@type":"BreadcrumbList","@id":"https:\/\/psoriasiscanada.ca\/fr\/rhumatisme-psoriasique-quest-ce-que-le-rhumatisme-psoriasique\/vivre-avec-psoriasis\/travailler-avec-laps\/#breadcrumb","itemListElement":[{"@type":"ListItem","position":1,"name":"Home","item":"https:\/\/psoriasiscanada.ca\/fr\/home\/"},{"@type":"ListItem","position":2,"name":"Rhumatisme psoriasique &#8211; Qu&#8217;est-ce que le rhumatisme psoriasique ?","item":"https:\/\/psoriasiscanada.ca\/fr\/rhumatisme-psoriasique-quest-ce-que-le-rhumatisme-psoriasique\/"},{"@type":"ListItem","position":3,"name":"Vivre avec le PsA &#8211; Vue d&#8217;ensemble","item":"https:\/\/psoriasiscanada.ca\/fr\/rhumatisme-psoriasique-quest-ce-que-le-rhumatisme-psoriasique\/vivre-avec-psoriasis\/"},{"@type":"ListItem","position":4,"name":"Travailler avec l\u2019APs"}]},{"@type":"WebSite","@id":"https:\/\/psoriasiscanada.ca\/#website","url":"https:\/\/psoriasiscanada.ca\/","name":"Psoriasis Canada","description":"Psoriasis Canada","publisher":{"@id":"https:\/\/psoriasiscanada.ca\/#organization"},"potentialAction":[{"@type":"SearchAction","target":{"@type":"EntryPoint","urlTemplate":"https:\/\/psoriasiscanada.ca\/?s={search_term_string}"},"query-input":{"@type":"PropertyValueSpecification","valueRequired":true,"valueName":"search_term_string"}}],"inLanguage":"fr-FR"},{"@type":"Organization","@id":"https:\/\/psoriasiscanada.ca\/#organization","name":"Psoriasis Canada","url":"https:\/\/psoriasiscanada.ca\/","logo":{"@type":"ImageObject","inLanguage":"fr-FR","@id":"https:\/\/psoriasiscanada.ca\/#\/schema\/logo\/image\/","url":"https:\/\/psoriasiscanada.ca\/wp-content\/uploads\/2025\/11\/logo.png","contentUrl":"https:\/\/psoriasiscanada.ca\/wp-content\/uploads\/2025\/11\/logo.png","width":222,"height":73,"caption":"Psoriasis Canada"},"image":{"@id":"https:\/\/psoriasiscanada.ca\/#\/schema\/logo\/image\/"},"sameAs":["https:\/\/www.facebook.com\/PsoriasisCan1","https:\/\/www.linkedin.com\/in\/psoriasiscan1","https:\/\/www.youtube.com\/@PsoriasisCan1"]}]}},"_links":{"self":[{"href":"https:\/\/psoriasiscanada.ca\/fr\/wp-json\/wp\/v2\/pages\/1364","targetHints":{"allow":["GET"]}}],"collection":[{"href":"https:\/\/psoriasiscanada.ca\/fr\/wp-json\/wp\/v2\/pages"}],"about":[{"href":"https:\/\/psoriasiscanada.ca\/fr\/wp-json\/wp\/v2\/types\/page"}],"author":[{"embeddable":true,"href":"https:\/\/psoriasiscanada.ca\/fr\/wp-json\/wp\/v2\/users\/1"}],"replies":[{"embeddable":true,"href":"https:\/\/psoriasiscanada.ca\/fr\/wp-json\/wp\/v2\/comments?post=1364"}],"version-history":[{"count":1,"href":"https:\/\/psoriasiscanada.ca\/fr\/wp-json\/wp\/v2\/pages\/1364\/revisions"}],"predecessor-version":[{"id":1365,"href":"https:\/\/psoriasiscanada.ca\/fr\/wp-json\/wp\/v2\/pages\/1364\/revisions\/1365"}],"up":[{"embeddable":true,"href":"https:\/\/psoriasiscanada.ca\/fr\/wp-json\/wp\/v2\/pages\/1300"}],"wp:attachment":[{"href":"https:\/\/psoriasiscanada.ca\/fr\/wp-json\/wp\/v2\/media?parent=1364"}],"curies":[{"name":"wp","href":"https:\/\/api.w.org\/{rel}","templated":true}]}}