{"id":1341,"date":"2026-01-19T16:23:09","date_gmt":"2026-01-19T16:23:09","guid":{"rendered":"https:\/\/psocan.marketaccess.ca\/rhumatisme-psoriasique-quest-ce-que-le-rhumatisme-psoriasique\/symptomes-et-diagnostic\/"},"modified":"2026-01-28T15:23:40","modified_gmt":"2026-01-28T15:23:40","slug":"symptomes-et-diagnostic","status":"publish","type":"page","link":"https:\/\/psoriasiscanada.ca\/fr\/rhumatisme-psoriasique-quest-ce-que-le-rhumatisme-psoriasique\/symptomes-et-diagnostic\/","title":{"rendered":"Sympt\u00f4mes et diagnostic"},"content":{"rendered":"\t\t<div data-elementor-type=\"wp-page\" data-elementor-id=\"1341\" class=\"elementor elementor-1341 elementor-694\" data-elementor-post-type=\"page\">\n\t\t\t\t<div class=\"elementor-element elementor-element-35503b8a e-flex e-con-boxed e-con e-parent\" data-id=\"35503b8a\" data-element_type=\"container\" data-e-type=\"container\">\n\t\t\t\t\t<div class=\"e-con-inner\">\n\t\t\t\t<div class=\"elementor-element elementor-element-560a9cb elementor-widget elementor-widget-heading\" data-id=\"560a9cb\" data-element_type=\"widget\" data-e-type=\"widget\" data-widget_type=\"heading.default\">\n\t\t\t\t\t<h2 class=\"elementor-heading-title elementor-size-default\">Sympt\u00f4mes et diagnostic<\/h2>\t\t\t\t<\/div>\n\t\t\t\t<div class=\"elementor-element elementor-element-28b79b65 elementor-widget elementor-widget-text-editor\" data-id=\"28b79b65\" data-element_type=\"widget\" data-e-type=\"widget\" data-widget_type=\"text-editor.default\">\n\t\t\t\t\t\t\t\t\t<p>Il n\u2019existe aucun examen sp\u00e9cifique permettant de d\u00e9pister l\u2019arthrite psoriasique , toutefois, le diagnostic est habituellement pos\u00e9 par un m\u00e9decin ou un rhumatologue (sp\u00e9cialiste de l\u2019arthrite) par l\u2019entremise d\u2019un processus \u00e9liminatoire.<\/p><p>Ce processus pourrait comprendre des questions concernant vos ant\u00e9c\u00e9dents m\u00e9dicaux et familiaux, des examens physiques, de m\u00eame que des examens sanguins, des radiographies, des tests d\u2019imagerie par r\u00e9sonance magn\u00e9tique (IRM) ainsi que des \u00e9chographies. Plus t\u00f4t vous obtiendrez de l\u2019aide, plus vous aurez de contr\u00f4le sur la maladie ainsi que sur votre qualit\u00e9 de vie. <\/p><p>L\u2019arthrite psoriasique se d\u00e9veloppe souvent en l\u2019espace de quelques semaines ou quelques mois et se manifeste par l\u2019apparition lente de sympt\u00f4mes mineurs ou, plus rarement, de fa\u00e7on rapide avec l\u2019apparition de sympt\u00f4mes s\u00e9v\u00e8res. L\u2019arthrite psoriasique peut \u00eatre extr\u00eamement difficile \u00e0 diagnostiquer puisque tr\u00e8s souvent, les sympt\u00f4mes varient d\u2019une personne \u00e0 l\u2019autre. Toutefois, lorsqu\u2019elle est trait\u00e9e t\u00f4t, il est possible d\u2019\u00e9viter aux patients des l\u00e9sions articulaires graves. <\/p>\t\t\t\t\t\t\t\t<\/div>\n\t\t\t\t<div class=\"elementor-element elementor-element-db7d590 elementor-widget elementor-widget-text-editor\" data-id=\"db7d590\" data-element_type=\"widget\" data-e-type=\"widget\" data-widget_type=\"text-editor.default\">\n\t\t\t\t\t\t\t\t\t<h3 class=\"et_pb_toggle_title\">Les sympt\u00f4mes les plus fr\u00e9quents dont souffrent les personnes atteintes d\u2019arthrite psoriasique sont :<\/h3><div class=\"et_pb_toggle_content clearfix\"><ul><li>Douleur, raideur et inflammation des articulations<\/li><li>Inflammation des doigts et des orteils (gonflement en forme de saucisse)<\/li><li>Changement de l\u2019apparence de l\u2019ongle (d\u00e9collement du lit de l\u2019ongle ressemblant \u00e0 une infection fongique)<\/li><li>Diminution de l\u2019amplitude de mouvement<\/li><li>Douleur et raideur matinale, qui durent habituellement environ une heure<\/li><li>Plaques de peau s\u00e8che recouverte de squames argent\u00e9es qui causent de la d\u00e9mangeaison et une sensation de br\u00fblement, apparaissant habituellement sur le cuir chevelu, les coudes et le bas du dos<\/li><li>Fatigue accrue<\/li><\/ul><\/div>\t\t\t\t\t\t\t\t<\/div>\n\t\t\t\t<div class=\"elementor-element elementor-element-057a2d4 elementor-widget elementor-widget-text-editor\" data-id=\"057a2d4\" data-element_type=\"widget\" data-e-type=\"widget\" data-widget_type=\"text-editor.default\">\n\t\t\t\t\t\t\t\t\t<h3>Options de traitement<\/h3><p>Les traitements pour l\u2019arthrite psoriasique sont recommand\u00e9s en fonction du type d\u2019arthrite psoriasique dont un patient est atteint, le niveau de s\u00e9v\u00e9rit\u00e9 de celle-ci, ainsi que la r\u00e9ponse de chaque patient aux diff\u00e9rents traitements. Les options de traitement les plus fr\u00e9quemment utilis\u00e9es comprennent notamment les m\u00e9dicaments ainsi que la physioth\u00e9rapie. <\/p><p>Pour la plupart des cas d\u2019arthrite psoriasique mod\u00e9r\u00e9e ou grave, les traitements de premi\u00e8re intention sont habituellement les traitements m\u00e9dicaux. Diff\u00e9rents m\u00e9dicaments sont recommand\u00e9s selon le type d\u2019arthrite psoriasique , toutefois, la plupart des m\u00e9dicaments pour l\u2019arthrite psoriasique sont con\u00e7us afin de ma\u00eetriser et de ralentir la progression de la maladie afin d\u2019am\u00e9liorer l\u2019\u00e9tat fonctionnel des patients, de sorte qu\u2019ils b\u00e9n\u00e9ficient d\u2019une meilleure qualit\u00e9 de vie. <\/p>\t\t\t\t\t\t\t\t<\/div>\n\t\t\t\t<div class=\"elementor-element elementor-element-56968d8 elementor-widget elementor-widget-text-editor\" data-id=\"56968d8\" data-element_type=\"widget\" data-e-type=\"widget\" data-widget_type=\"text-editor.default\">\n\t\t\t\t\t\t\t\t\t<h4 class=\"et_pb_toggle_title\">Les m\u00e9dicaments qui sont les plus couramment prescrits aux personnes atteintes d\u2019arthrite psoriasique sont :<\/h4><div class=\"et_pb_toggle_content clearfix\"><ul><li>Les anti-inflammatoires non st\u00e9ro\u00efdiens (AINS). Certains AINS sont offerts en vente libre tels que l\u2019ibuprof\u00e8ne ou l\u2019aspirine, toutefois, certaines options sont \u00e9galement offertes sur ordonnance. <\/li><li>Les antirhumatismaux modificateurs de la maladie (ARMM), les substances offertes depuis plus longtemps comme les nouveaux m\u00e9dicaments \u00e0 prise orale r\u00e9cemment mis au point, soulagent les sympt\u00f4mes plus s\u00e9v\u00e8res en att\u00e9nuant l\u2019inflammation articulaire.<\/li><li>Les agents biologiques constituent une autre option de traitement \u00e0 base de m\u00e9dicaments (administr\u00e9s par injection) et sont recommand\u00e9s aux patients pour qui les autres m\u00e9dicaments s\u2019av\u00e8rent inefficaces.<\/li><\/ul><\/div>\t\t\t\t\t\t\t\t<\/div>\n\t\t\t\t<div class=\"elementor-element elementor-element-02e2788 elementor-widget elementor-widget-text-editor\" data-id=\"02e2788\" data-element_type=\"widget\" data-e-type=\"widget\" data-widget_type=\"text-editor.default\">\n\t\t\t\t\t\t\t\t\t<h4 class=\"et_pb_toggle_title\">La physioth\u00e9rapie<\/h4><div class=\"et_pb_toggle_content clearfix\"><p>La physioth\u00e9rapie fait partie des options de traitement recommand\u00e9es afin d\u2019aider les gens souffrant d\u2019importantes douleurs articulaires \u00e0 augmenter leur force musculaire. Les physioth\u00e9rapeutes sont en mesure de cr\u00e9er, en fonction du type d\u2019arthrite psoriasique , un plan personnalis\u00e9 qui aidera le patient \u00e0 am\u00e9liorer sa mobilit\u00e9, sa souplesse, et sa force musculaire dans l\u2019ensemble \u2014 ce qui contribue \u00e0 diminuer la douleur de fa\u00e7on globale. <\/p><\/div>\t\t\t\t\t\t\t\t<\/div>\n\t\t\t\t<div class=\"elementor-element elementor-element-3e09b8c elementor-widget elementor-widget-text-editor\" data-id=\"3e09b8c\" data-element_type=\"widget\" data-e-type=\"widget\" data-widget_type=\"text-editor.default\">\n\t\t\t\t\t\t\t\t\t<h4 class=\"et_pb_toggle_title\">L\u2019intervention chirurgicale<\/h4><div class=\"et_pb_toggle_content clearfix\"><p>L\u2019intervention chirurgicale est \u00e9galement une option offerte aux cas d\u2019arthrite psoriasique qui sont plus s\u00e9v\u00e8res. Lorsque les articulations d\u2019un patient deviennent s\u00e9v\u00e8rement endommag\u00e9es au point d\u2019en compromettre leur fonction, les professionnels recommanderont le recours \u00e0 la chirurgie afin de r\u00e9parer l\u2019articulation atteinte. L\u2019intervention chirurgicale devrait permettre de diminuer la douleur du patient et d\u2019augmenter la mobilit\u00e9 de l\u2019articulation touch\u00e9e.  <\/p><\/div>\t\t\t\t\t\t\t\t<\/div>\n\t\t\t\t<div class=\"elementor-element elementor-element-22b060a elementor-widget elementor-widget-text-editor\" data-id=\"22b060a\" data-element_type=\"widget\" data-e-type=\"widget\" data-widget_type=\"text-editor.default\">\n\t\t\t\t\t\t\t\t\t<h4>Prise en charge personnelle<\/h4><p>Le fait de faire les ajustements ad\u00e9quats \u00e0 leur style de vie peut permettre une am\u00e9lioration remarquable de la qualit\u00e9 de vie des gens atteints d\u2019arthrite psoriasique . Lorsque l\u2019arthrite psoriasique est d\u00e9tect\u00e9e suffisamment rapidement, les gens atteints peuvent eux-m\u00eames prendre leur vie en charge en fonction du degr\u00e9 de s\u00e9v\u00e9rit\u00e9. Il existe de nombreuses fa\u00e7ons pour ces derniers d\u2019\u00eatre proactifs quant \u00e0 leur \u00e9tat de sant\u00e9, toutefois les strat\u00e9gies suivantes sont essentielles pour les gens qui vivent avec l\u2019arthrite psoriasique :  <\/p><ul><li><strong>Activit\u00e9 physique<\/strong>: L\u2019activit\u00e9 physique aide \u00e0 maintenir la souplesse des articulations et att\u00e9nue toute inflammation et toute douleur caus\u00e9e par l\u2019arthrite psoriasique . Les physioth\u00e9rapeutes peuvent offrir aux patients des plans d\u2019exercice physique personnalis\u00e9s afin de leur permettre d\u2019am\u00e9liorer leur mobilit\u00e9 et leur flexibilit\u00e9 ainsi que d\u2019augmenter leur amplitude de mouvement et leur force musculaire. Le simple fait d\u2019\u00eatre suivi par un physioth\u00e9rapeute peut ainsi vous aider \u00e0 vivre une vie plus agr\u00e9able.  <\/li><li><strong>Application de chaleur et de froid<\/strong> : Le fait d\u2019appliquer au besoin des \u00e9l\u00e9ments chauds ou froids peut contribuer \u00e0 soulager la douleur et att\u00e9nuer l\u2019inflammation, soulager les spasmes et la raideur musculaire, ainsi qu\u2019augmenter l\u2019amplitude des mouvements.<\/li><li><strong>Soins de la peau<\/strong> : L\u2019arthrite psoriasique \u00e9tant tr\u00e8s fr\u00e9quemment associ\u00e9e au psoriasis chez les gens qui en sont atteints, il est donc extr\u00eamement important de prendre tr\u00e8s grand soin de votre peau de fa\u00e7on quotidienne afin de diminuer les douleurs cutan\u00e9es qui d\u00e9coulent de ces deux affections.<\/li><li><strong>Alimentation<\/strong> : L\u2019alimentation est un facteur tr\u00e8s important pour le maintien d\u2019un poids sant\u00e9. Avoir de saines habitudes alimentaires et maintenir un poids sant\u00e9 contribue \u00e0 \u00e9viter tout stress ou toute charge suppl\u00e9mentaire sur vos articulations porteuses. <\/li><li><strong>Ergoth\u00e9rapie<\/strong> : Les ergoth\u00e9rapeutes pourront, gr\u00e2ce \u00e0 une analyse de vos habitudes de vie et de vos activit\u00e9s quotidiennes (au travail comme \u00e0 la maison), vous donner des trucs afin de vous aider \u00e0 prot\u00e9ger vos articulations et \u00e0 r\u00e9duire le stress leur \u00e9tant impos\u00e9 au cours de vos journ\u00e9es.<\/li><\/ul><p>Il est important de toujours consulter votre m\u00e9decin ou votre \u00e9quipe de soins de sant\u00e9 avant de commencer tout nouvel exercice, tout r\u00e9gime alimentaire ou toute routine de soins cutan\u00e9s afin de vous assurer que vos sp\u00e9cialistes puissent vous faire part de toute information qui pourrait s\u2019av\u00e9rer importante en fonction de votre propre \u00e9tat de sant\u00e9 et de vos besoins.<\/p>\t\t\t\t\t\t\t\t<\/div>\n\t\t\t\t\t<\/div>\n\t\t\t\t<\/div>\n\t\t\t\t<\/div>\n\t\t","protected":false},"excerpt":{"rendered":"<p>Sympt\u00f4mes et diagnostic Il n\u2019existe aucun examen sp\u00e9cifique permettant de d\u00e9pister l\u2019arthrite psoriasique , toutefois, le diagnostic est habituellement pos\u00e9 par un m\u00e9decin ou un rhumatologue (sp\u00e9cialiste de l\u2019arthrite) par l\u2019entremise d\u2019un processus \u00e9liminatoire. Ce processus pourrait comprendre des questions concernant vos ant\u00e9c\u00e9dents m\u00e9dicaux et familiaux, des examens physiques, de m\u00eame que des examens sanguins, [&hellip;]<\/p>\n","protected":false},"author":1,"featured_media":0,"parent":1337,"menu_order":0,"comment_status":"closed","ping_status":"closed","template":"","meta":{"website_toolbox_forum_postUrl":"","website_toolbox_forum_category":"","website_toolbox_publish_on_forum":"","footnotes":""},"class_list":["post-1341","page","type-page","status-publish","hentry"],"yoast_head":"<!-- This site is optimized with the Yoast SEO plugin v27.4 - https:\/\/yoast.com\/product\/yoast-seo-wordpress\/ -->\n<title>Sympt\u00f4mes et diagnostic - Psoriasis Canada<\/title>\n<meta name=\"robots\" content=\"index, follow, max-snippet:-1, max-image-preview:large, max-video-preview:-1\" \/>\n<link rel=\"canonical\" href=\"https:\/\/psoriasiscanada.ca\/fr\/rhumatisme-psoriasique-quest-ce-que-le-rhumatisme-psoriasique\/symptomes-et-diagnostic\/\" \/>\n<meta property=\"og:locale\" content=\"fr_FR\" \/>\n<meta property=\"og:type\" content=\"article\" \/>\n<meta property=\"og:title\" content=\"Sympt\u00f4mes et diagnostic - Psoriasis Canada\" \/>\n<meta property=\"og:description\" content=\"Sympt\u00f4mes et diagnostic Il n\u2019existe aucun examen sp\u00e9cifique permettant de d\u00e9pister l\u2019arthrite psoriasique , toutefois, le diagnostic est habituellement pos\u00e9 par un m\u00e9decin ou un rhumatologue (sp\u00e9cialiste de l\u2019arthrite) par l\u2019entremise d\u2019un processus \u00e9liminatoire. Ce processus pourrait comprendre des questions concernant vos ant\u00e9c\u00e9dents m\u00e9dicaux et familiaux, des examens physiques, de m\u00eame que des examens sanguins, [&hellip;]\" \/>\n<meta property=\"og:url\" content=\"https:\/\/psoriasiscanada.ca\/fr\/rhumatisme-psoriasique-quest-ce-que-le-rhumatisme-psoriasique\/symptomes-et-diagnostic\/\" \/>\n<meta property=\"og:site_name\" content=\"Psoriasis Canada\" \/>\n<meta property=\"article:publisher\" content=\"https:\/\/www.facebook.com\/PsoriasisCan1\" \/>\n<meta property=\"article:modified_time\" content=\"2026-01-28T15:23:40+00:00\" \/>\n<meta name=\"twitter:card\" content=\"summary_large_image\" \/>\n<meta name=\"twitter:label1\" content=\"Dur\u00e9e de lecture estim\u00e9e\" \/>\n\t<meta name=\"twitter:data1\" content=\"6 minutes\" \/>\n<script type=\"application\/ld+json\" class=\"yoast-schema-graph\">{\"@context\":\"https:\\\/\\\/schema.org\",\"@graph\":[{\"@type\":\"WebPage\",\"@id\":\"https:\\\/\\\/psoriasiscanada.ca\\\/fr\\\/rhumatisme-psoriasique-quest-ce-que-le-rhumatisme-psoriasique\\\/symptomes-et-diagnostic\\\/\",\"url\":\"https:\\\/\\\/psoriasiscanada.ca\\\/fr\\\/rhumatisme-psoriasique-quest-ce-que-le-rhumatisme-psoriasique\\\/symptomes-et-diagnostic\\\/\",\"name\":\"Sympt\u00f4mes et diagnostic - Psoriasis Canada\",\"isPartOf\":{\"@id\":\"https:\\\/\\\/psoriasiscanada.ca\\\/#website\"},\"datePublished\":\"2026-01-19T16:23:09+00:00\",\"dateModified\":\"2026-01-28T15:23:40+00:00\",\"breadcrumb\":{\"@id\":\"https:\\\/\\\/psoriasiscanada.ca\\\/fr\\\/rhumatisme-psoriasique-quest-ce-que-le-rhumatisme-psoriasique\\\/symptomes-et-diagnostic\\\/#breadcrumb\"},\"inLanguage\":\"fr-FR\",\"potentialAction\":[{\"@type\":\"ReadAction\",\"target\":[\"https:\\\/\\\/psoriasiscanada.ca\\\/fr\\\/rhumatisme-psoriasique-quest-ce-que-le-rhumatisme-psoriasique\\\/symptomes-et-diagnostic\\\/\"]}]},{\"@type\":\"BreadcrumbList\",\"@id\":\"https:\\\/\\\/psoriasiscanada.ca\\\/fr\\\/rhumatisme-psoriasique-quest-ce-que-le-rhumatisme-psoriasique\\\/symptomes-et-diagnostic\\\/#breadcrumb\",\"itemListElement\":[{\"@type\":\"ListItem\",\"position\":1,\"name\":\"Home\",\"item\":\"https:\\\/\\\/psoriasiscanada.ca\\\/fr\\\/home\\\/\"},{\"@type\":\"ListItem\",\"position\":2,\"name\":\"Rhumatisme psoriasique &#8211; Qu&#8217;est-ce que le rhumatisme psoriasique ?\",\"item\":\"https:\\\/\\\/psoriasiscanada.ca\\\/fr\\\/rhumatisme-psoriasique-quest-ce-que-le-rhumatisme-psoriasique\\\/\"},{\"@type\":\"ListItem\",\"position\":3,\"name\":\"Sympt\u00f4mes et diagnostic\"}]},{\"@type\":\"WebSite\",\"@id\":\"https:\\\/\\\/psoriasiscanada.ca\\\/#website\",\"url\":\"https:\\\/\\\/psoriasiscanada.ca\\\/\",\"name\":\"Psoriasis Canada\",\"description\":\"Psoriasis Canada\",\"publisher\":{\"@id\":\"https:\\\/\\\/psoriasiscanada.ca\\\/#organization\"},\"potentialAction\":[{\"@type\":\"SearchAction\",\"target\":{\"@type\":\"EntryPoint\",\"urlTemplate\":\"https:\\\/\\\/psoriasiscanada.ca\\\/?s={search_term_string}\"},\"query-input\":{\"@type\":\"PropertyValueSpecification\",\"valueRequired\":true,\"valueName\":\"search_term_string\"}}],\"inLanguage\":\"fr-FR\"},{\"@type\":\"Organization\",\"@id\":\"https:\\\/\\\/psoriasiscanada.ca\\\/#organization\",\"name\":\"Psoriasis Canada\",\"url\":\"https:\\\/\\\/psoriasiscanada.ca\\\/\",\"logo\":{\"@type\":\"ImageObject\",\"inLanguage\":\"fr-FR\",\"@id\":\"https:\\\/\\\/psoriasiscanada.ca\\\/#\\\/schema\\\/logo\\\/image\\\/\",\"url\":\"https:\\\/\\\/psoriasiscanada.ca\\\/wp-content\\\/uploads\\\/2025\\\/11\\\/logo.png\",\"contentUrl\":\"https:\\\/\\\/psoriasiscanada.ca\\\/wp-content\\\/uploads\\\/2025\\\/11\\\/logo.png\",\"width\":222,\"height\":73,\"caption\":\"Psoriasis Canada\"},\"image\":{\"@id\":\"https:\\\/\\\/psoriasiscanada.ca\\\/#\\\/schema\\\/logo\\\/image\\\/\"},\"sameAs\":[\"https:\\\/\\\/www.facebook.com\\\/PsoriasisCan1\",\"https:\\\/\\\/www.linkedin.com\\\/in\\\/psoriasiscan1\",\"https:\\\/\\\/www.youtube.com\\\/@PsoriasisCan1\"]}]}<\/script>\n<!-- \/ Yoast SEO plugin. -->","yoast_head_json":{"title":"Sympt\u00f4mes et diagnostic - Psoriasis Canada","robots":{"index":"index","follow":"follow","max-snippet":"max-snippet:-1","max-image-preview":"max-image-preview:large","max-video-preview":"max-video-preview:-1"},"canonical":"https:\/\/psoriasiscanada.ca\/fr\/rhumatisme-psoriasique-quest-ce-que-le-rhumatisme-psoriasique\/symptomes-et-diagnostic\/","og_locale":"fr_FR","og_type":"article","og_title":"Sympt\u00f4mes et diagnostic - Psoriasis Canada","og_description":"Sympt\u00f4mes et diagnostic Il n\u2019existe aucun examen sp\u00e9cifique permettant de d\u00e9pister l\u2019arthrite psoriasique , toutefois, le diagnostic est habituellement pos\u00e9 par un m\u00e9decin ou un rhumatologue (sp\u00e9cialiste de l\u2019arthrite) par l\u2019entremise d\u2019un processus \u00e9liminatoire. Ce processus pourrait comprendre des questions concernant vos ant\u00e9c\u00e9dents m\u00e9dicaux et familiaux, des examens physiques, de m\u00eame que des examens sanguins, [&hellip;]","og_url":"https:\/\/psoriasiscanada.ca\/fr\/rhumatisme-psoriasique-quest-ce-que-le-rhumatisme-psoriasique\/symptomes-et-diagnostic\/","og_site_name":"Psoriasis Canada","article_publisher":"https:\/\/www.facebook.com\/PsoriasisCan1","article_modified_time":"2026-01-28T15:23:40+00:00","twitter_card":"summary_large_image","twitter_misc":{"Dur\u00e9e de lecture estim\u00e9e":"6 minutes"},"schema":{"@context":"https:\/\/schema.org","@graph":[{"@type":"WebPage","@id":"https:\/\/psoriasiscanada.ca\/fr\/rhumatisme-psoriasique-quest-ce-que-le-rhumatisme-psoriasique\/symptomes-et-diagnostic\/","url":"https:\/\/psoriasiscanada.ca\/fr\/rhumatisme-psoriasique-quest-ce-que-le-rhumatisme-psoriasique\/symptomes-et-diagnostic\/","name":"Sympt\u00f4mes et diagnostic - Psoriasis Canada","isPartOf":{"@id":"https:\/\/psoriasiscanada.ca\/#website"},"datePublished":"2026-01-19T16:23:09+00:00","dateModified":"2026-01-28T15:23:40+00:00","breadcrumb":{"@id":"https:\/\/psoriasiscanada.ca\/fr\/rhumatisme-psoriasique-quest-ce-que-le-rhumatisme-psoriasique\/symptomes-et-diagnostic\/#breadcrumb"},"inLanguage":"fr-FR","potentialAction":[{"@type":"ReadAction","target":["https:\/\/psoriasiscanada.ca\/fr\/rhumatisme-psoriasique-quest-ce-que-le-rhumatisme-psoriasique\/symptomes-et-diagnostic\/"]}]},{"@type":"BreadcrumbList","@id":"https:\/\/psoriasiscanada.ca\/fr\/rhumatisme-psoriasique-quest-ce-que-le-rhumatisme-psoriasique\/symptomes-et-diagnostic\/#breadcrumb","itemListElement":[{"@type":"ListItem","position":1,"name":"Home","item":"https:\/\/psoriasiscanada.ca\/fr\/home\/"},{"@type":"ListItem","position":2,"name":"Rhumatisme psoriasique &#8211; Qu&#8217;est-ce que le rhumatisme psoriasique ?","item":"https:\/\/psoriasiscanada.ca\/fr\/rhumatisme-psoriasique-quest-ce-que-le-rhumatisme-psoriasique\/"},{"@type":"ListItem","position":3,"name":"Sympt\u00f4mes et diagnostic"}]},{"@type":"WebSite","@id":"https:\/\/psoriasiscanada.ca\/#website","url":"https:\/\/psoriasiscanada.ca\/","name":"Psoriasis Canada","description":"Psoriasis Canada","publisher":{"@id":"https:\/\/psoriasiscanada.ca\/#organization"},"potentialAction":[{"@type":"SearchAction","target":{"@type":"EntryPoint","urlTemplate":"https:\/\/psoriasiscanada.ca\/?s={search_term_string}"},"query-input":{"@type":"PropertyValueSpecification","valueRequired":true,"valueName":"search_term_string"}}],"inLanguage":"fr-FR"},{"@type":"Organization","@id":"https:\/\/psoriasiscanada.ca\/#organization","name":"Psoriasis Canada","url":"https:\/\/psoriasiscanada.ca\/","logo":{"@type":"ImageObject","inLanguage":"fr-FR","@id":"https:\/\/psoriasiscanada.ca\/#\/schema\/logo\/image\/","url":"https:\/\/psoriasiscanada.ca\/wp-content\/uploads\/2025\/11\/logo.png","contentUrl":"https:\/\/psoriasiscanada.ca\/wp-content\/uploads\/2025\/11\/logo.png","width":222,"height":73,"caption":"Psoriasis Canada"},"image":{"@id":"https:\/\/psoriasiscanada.ca\/#\/schema\/logo\/image\/"},"sameAs":["https:\/\/www.facebook.com\/PsoriasisCan1","https:\/\/www.linkedin.com\/in\/psoriasiscan1","https:\/\/www.youtube.com\/@PsoriasisCan1"]}]}},"_links":{"self":[{"href":"https:\/\/psoriasiscanada.ca\/fr\/wp-json\/wp\/v2\/pages\/1341","targetHints":{"allow":["GET"]}}],"collection":[{"href":"https:\/\/psoriasiscanada.ca\/fr\/wp-json\/wp\/v2\/pages"}],"about":[{"href":"https:\/\/psoriasiscanada.ca\/fr\/wp-json\/wp\/v2\/types\/page"}],"author":[{"embeddable":true,"href":"https:\/\/psoriasiscanada.ca\/fr\/wp-json\/wp\/v2\/users\/1"}],"replies":[{"embeddable":true,"href":"https:\/\/psoriasiscanada.ca\/fr\/wp-json\/wp\/v2\/comments?post=1341"}],"version-history":[{"count":1,"href":"https:\/\/psoriasiscanada.ca\/fr\/wp-json\/wp\/v2\/pages\/1341\/revisions"}],"predecessor-version":[{"id":1342,"href":"https:\/\/psoriasiscanada.ca\/fr\/wp-json\/wp\/v2\/pages\/1341\/revisions\/1342"}],"up":[{"embeddable":true,"href":"https:\/\/psoriasiscanada.ca\/fr\/wp-json\/wp\/v2\/pages\/1337"}],"wp:attachment":[{"href":"https:\/\/psoriasiscanada.ca\/fr\/wp-json\/wp\/v2\/media?parent=1341"}],"curies":[{"name":"wp","href":"https:\/\/api.w.org\/{rel}","templated":true}]}}