{"id":1337,"date":"2025-12-05T05:04:25","date_gmt":"2025-12-05T05:04:25","guid":{"rendered":"https:\/\/psocan.marketaccess.ca\/rhumatisme-psoriasique-quest-ce-que-le-rhumatisme-psoriasique\/"},"modified":"2026-01-28T15:15:23","modified_gmt":"2026-01-28T15:15:23","slug":"rhumatisme-psoriasique-quest-ce-que-le-rhumatisme-psoriasique","status":"publish","type":"page","link":"https:\/\/psoriasiscanada.ca\/fr\/rhumatisme-psoriasique-quest-ce-que-le-rhumatisme-psoriasique\/","title":{"rendered":"Rhumatisme psoriasique &#8211; Qu&#8217;est-ce que le rhumatisme psoriasique ?"},"content":{"rendered":"<h2>Arthrite psoriasique<\/h2>\n<h2 contenteditable=\"true\" data-elementor-setting-key=\"title\" data-pen-placeholder=\"Type Here...\">Qu&#8217;est-ce que le PsA ?  <\/h2>\n<p>Le rhumatisme psoriasique est une forme chronique d&#8217;arthrite inflammatoire souvent diagnostiqu\u00e9e chez les personnes atteintes de psoriasis. L&#8217;ensemble de ces affections est commun\u00e9ment appel\u00e9 maladie psoriasique. <\/p>\n<p>Des \u00e9tudes montrent que 10 \u00e0 30 % des personnes atteintes de psoriasis d\u00e9velopperont un rhumatisme psoriasique. Toutefois, le fait d&#8217;\u00eatre atteint de psoriasis ne signifie pas n\u00e9cessairement qu&#8217;une personne est susceptible de d\u00e9velopper un rhumatisme psoriasique.<\/p>\n<p>Il est possible de d\u00e9velopper un rhumatisme psoriasique sans \u00eatre atteint de psoriasis, mais cela est beaucoup moins fr\u00e9quent.<\/p>\n<p>Bien que toutes les personnes atteintes de psoriasis ne d\u00e9veloppent pas de rhumatisme psoriasique, toute personne atteinte de psoriasis doit \u00eatre attentive aux signes et sympt\u00f4mes du rhumatisme psoriasique, car la d\u00e9tection et le traitement pr\u00e9coces sont essentiels pour pr\u00e9venir les dommages \u00e0 long terme sur les articulations.<\/p>\n<p>Le rhumatisme psoriasique est une maladie auto-immune dans laquelle les articulations sont attaqu\u00e9es, ce qui provoque des gonflements, des douleurs, de la chaleur, des rougeurs, des raideurs et de la fatigue. Le rhumatisme psoriasique peut appara\u00eetre dans n&#8217;importe quelle articulation ou \u00e0 l&#8217;endroit o\u00f9 les ligaments et les tendons sont reli\u00e9s \u00e0 l&#8217;os. Il peut \u00e9galement provoquer des douleurs et des raideurs au niveau du cou et du dos.  <\/p>\n<h4>Dans une articulation saine (voir figure), la membrane synoviale, qui tapisse la surface de l&#8217;articulation, produit du liquide synovial qui est lubrifiant et nourrissant.<\/h4>\n<p>En revanche, dans une articulation enflamm\u00e9e, la membrane synoviale est remplie de cellules immunitaires ( <a data-sgpbpopupid=\"10295\" data-popup-event=\"click\" data-popup-id=\"10295\">cellules T <\/a>et autres cellules inflammatoires chroniques) et ces cellules commencent \u00e0 se diviser de mani\u00e8re excessive. Les cellules immunitaires pr\u00e9sentes dans l&#8217;articulation enflamm\u00e9e produisent de nombreuses cytokines pro-inflammatoires (telles que le TNF, l&#8217;IL-17A), ce qui entra\u00eene le recrutement d&#8217;un plus grand nombre de cellules immunitaires sur la membrane et la production de <a data-sgpbpopupid=\"10295\" data-popup-event=\"click\" data-popup-id=\"10295\">cytokines <\/a>.<\/p>\n<p>Une combinaison de facteurs g\u00e9n\u00e9tiques et environnementaux d\u00e9clenche des voies pro-inflammatoires dans le psoriasis, en particulier par l&#8217;interm\u00e9diaire des cellules Th1 et Th17. Ces cellules lib\u00e8rent une vari\u00e9t\u00e9 de cytokines, ce qui entra\u00eene une activation accrue des cellules pro-inflammatoires de la peau qui, \u00e0 leur tour, perp\u00e9tuent ce processus. Un processus similaire se produit dans les articulations du rhumatisme psoriasique, entra\u00eenant l&#8217;apparition et la perp\u00e9tuation d&#8217;une inflammation \u00e0 l&#8217;int\u00e9rieur et \u00e0 proximit\u00e9 des articulations, notamment au niveau des enth\u00e8ses<strong>(voir figure<\/strong>).  <\/p>\n<p>\t\t\t\t\t\t\t\t\t\t\t\t\t<img fetchpriority=\"high\" decoding=\"async\" width=\"800\" height=\"790\" src=\"https:\/\/psoriasiscanada.ca\/wp-content\/uploads\/2026\/01\/FR-fig2text.jpg\" alt=\"\" srcset=\"https:\/\/psoriasiscanada.ca\/wp-content\/uploads\/2026\/01\/FR-fig2text.jpg 1024w, https:\/\/psoriasiscanada.ca\/wp-content\/uploads\/2026\/01\/fig2_EN-2-300x296.jpg 300w, https:\/\/psoriasiscanada.ca\/wp-content\/uploads\/2026\/01\/fig2_EN-2-768x758.jpg 768w\" sizes=\"(max-width: 800px) 100vw, 800px\" \/>\t\t\t\t\t\t\t\t\t\t\t\t\t<\/p>\n<p>Une caract\u00e9ristique importante de l&#8217;arthrite psoriasique est l&#8217;inflammation au niveau de l&#8217;insertion des tendons et des ligaments sur l&#8217;os, appel\u00e9e enth\u00e9site. Dans le corps humain, ces sites d&#8217;insertion sont nombreux, par exemple l&#8217;insertion du tendon d&#8217;Achille dans le talon. L&#8217;enth\u00e9site du tendon d&#8217;Achille est donc une caract\u00e9ristique relativement fr\u00e9quente du PsA, tout comme l&#8217;enth\u00e9site \u00e0 d&#8217;autres endroits.  <\/p>\n<p>Si elle n&#8217;est pas contr\u00f4l\u00e9e, la maladie progresse et les cellules de la membrane synoviale qui prolif\u00e8rent peuvent devenir envahissantes et commencer \u00e0 d\u00e9grader le cartilage et l&#8217;os de l&#8217;articulation. L&#8217;inflammation peut \u00e9galement entra\u00eener le d\u00e9p\u00f4t de nouveaux os \u00e0 proximit\u00e9 de l&#8217;articulation, conduisant parfois \u00e0 la fusion de l&#8217;articulation. <\/p>\n","protected":false},"excerpt":{"rendered":"<p>Arthrite psoriasique Qu&#8217;est-ce que le PsA ? Le rhumatisme psoriasique est une forme chronique d&#8217;arthrite inflammatoire souvent diagnostiqu\u00e9e chez les personnes atteintes de psoriasis. L&#8217;ensemble de ces affections est commun\u00e9ment appel\u00e9 maladie psoriasique. Des \u00e9tudes montrent que 10 \u00e0 30 % des personnes atteintes de psoriasis d\u00e9velopperont un rhumatisme psoriasique. Toutefois, le fait d&#8217;\u00eatre atteint [&hellip;]<\/p>\n","protected":false},"author":3,"featured_media":0,"parent":0,"menu_order":0,"comment_status":"closed","ping_status":"closed","template":"","meta":{"website_toolbox_forum_postUrl":"","website_toolbox_forum_category":"","website_toolbox_publish_on_forum":"","footnotes":""},"class_list":["post-1337","page","type-page","status-publish","hentry"],"yoast_head":"<!-- This site is optimized with the Yoast SEO plugin v27.4 - https:\/\/yoast.com\/product\/yoast-seo-wordpress\/ -->\n<title>Rhumatisme psoriasique - Qu&#039;est-ce que le rhumatisme psoriasique ? - Psoriasis Canada<\/title>\n<meta name=\"robots\" content=\"index, follow, max-snippet:-1, max-image-preview:large, max-video-preview:-1\" \/>\n<link rel=\"canonical\" href=\"https:\/\/psoriasiscanada.ca\/fr\/rhumatisme-psoriasique-quest-ce-que-le-rhumatisme-psoriasique\/\" \/>\n<meta property=\"og:locale\" content=\"fr_FR\" \/>\n<meta property=\"og:type\" content=\"article\" \/>\n<meta property=\"og:title\" content=\"Rhumatisme psoriasique - Qu&#039;est-ce que le rhumatisme psoriasique ? - Psoriasis Canada\" \/>\n<meta property=\"og:description\" content=\"Arthrite psoriasique Qu&#8217;est-ce que le PsA ? Le rhumatisme psoriasique est une forme chronique d&#8217;arthrite inflammatoire souvent diagnostiqu\u00e9e chez les personnes atteintes de psoriasis. L&#8217;ensemble de ces affections est commun\u00e9ment appel\u00e9 maladie psoriasique. Des \u00e9tudes montrent que 10 \u00e0 30 % des personnes atteintes de psoriasis d\u00e9velopperont un rhumatisme psoriasique. Toutefois, le fait d&#8217;\u00eatre atteint [&hellip;]\" \/>\n<meta property=\"og:url\" content=\"https:\/\/psoriasiscanada.ca\/fr\/rhumatisme-psoriasique-quest-ce-que-le-rhumatisme-psoriasique\/\" \/>\n<meta property=\"og:site_name\" content=\"Psoriasis Canada\" \/>\n<meta property=\"article:publisher\" content=\"https:\/\/www.facebook.com\/PsoriasisCan1\" \/>\n<meta property=\"article:modified_time\" content=\"2026-01-28T15:15:23+00:00\" \/>\n<meta property=\"og:image\" content=\"https:\/\/psoriasiscanada.ca\/wp-content\/uploads\/2026\/01\/fig2_EN-2.jpg\" \/>\n\t<meta property=\"og:image:width\" content=\"1024\" \/>\n\t<meta property=\"og:image:height\" content=\"1011\" \/>\n\t<meta property=\"og:image:type\" content=\"image\/jpeg\" \/>\n<meta name=\"twitter:card\" content=\"summary_large_image\" \/>\n<meta name=\"twitter:label1\" content=\"Dur\u00e9e de lecture estim\u00e9e\" \/>\n\t<meta name=\"twitter:data1\" content=\"3 minutes\" \/>\n<script type=\"application\/ld+json\" class=\"yoast-schema-graph\">{\"@context\":\"https:\\\/\\\/schema.org\",\"@graph\":[{\"@type\":\"WebPage\",\"@id\":\"https:\\\/\\\/psoriasiscanada.ca\\\/fr\\\/rhumatisme-psoriasique-quest-ce-que-le-rhumatisme-psoriasique\\\/\",\"url\":\"https:\\\/\\\/psoriasiscanada.ca\\\/fr\\\/rhumatisme-psoriasique-quest-ce-que-le-rhumatisme-psoriasique\\\/\",\"name\":\"Rhumatisme psoriasique - Qu'est-ce que le rhumatisme psoriasique ? - Psoriasis Canada\",\"isPartOf\":{\"@id\":\"https:\\\/\\\/psoriasiscanada.ca\\\/#website\"},\"primaryImageOfPage\":{\"@id\":\"https:\\\/\\\/psoriasiscanada.ca\\\/fr\\\/rhumatisme-psoriasique-quest-ce-que-le-rhumatisme-psoriasique\\\/#primaryimage\"},\"image\":{\"@id\":\"https:\\\/\\\/psoriasiscanada.ca\\\/fr\\\/rhumatisme-psoriasique-quest-ce-que-le-rhumatisme-psoriasique\\\/#primaryimage\"},\"thumbnailUrl\":\"https:\\\/\\\/psoriasiscanada.ca\\\/wp-content\\\/uploads\\\/2026\\\/01\\\/FR-fig2text.jpg\",\"datePublished\":\"2025-12-05T05:04:25+00:00\",\"dateModified\":\"2026-01-28T15:15:23+00:00\",\"breadcrumb\":{\"@id\":\"https:\\\/\\\/psoriasiscanada.ca\\\/fr\\\/rhumatisme-psoriasique-quest-ce-que-le-rhumatisme-psoriasique\\\/#breadcrumb\"},\"inLanguage\":\"fr-FR\",\"potentialAction\":[{\"@type\":\"ReadAction\",\"target\":[\"https:\\\/\\\/psoriasiscanada.ca\\\/fr\\\/rhumatisme-psoriasique-quest-ce-que-le-rhumatisme-psoriasique\\\/\"]}]},{\"@type\":\"ImageObject\",\"inLanguage\":\"fr-FR\",\"@id\":\"https:\\\/\\\/psoriasiscanada.ca\\\/fr\\\/rhumatisme-psoriasique-quest-ce-que-le-rhumatisme-psoriasique\\\/#primaryimage\",\"url\":\"https:\\\/\\\/psoriasiscanada.ca\\\/wp-content\\\/uploads\\\/2026\\\/01\\\/FR-fig2text.jpg\",\"contentUrl\":\"https:\\\/\\\/psoriasiscanada.ca\\\/wp-content\\\/uploads\\\/2026\\\/01\\\/FR-fig2text.jpg\"},{\"@type\":\"BreadcrumbList\",\"@id\":\"https:\\\/\\\/psoriasiscanada.ca\\\/fr\\\/rhumatisme-psoriasique-quest-ce-que-le-rhumatisme-psoriasique\\\/#breadcrumb\",\"itemListElement\":[{\"@type\":\"ListItem\",\"position\":1,\"name\":\"Home\",\"item\":\"https:\\\/\\\/psoriasiscanada.ca\\\/fr\\\/home\\\/\"},{\"@type\":\"ListItem\",\"position\":2,\"name\":\"Rhumatisme psoriasique &#8211; Qu&#8217;est-ce que le rhumatisme psoriasique ?\"}]},{\"@type\":\"WebSite\",\"@id\":\"https:\\\/\\\/psoriasiscanada.ca\\\/#website\",\"url\":\"https:\\\/\\\/psoriasiscanada.ca\\\/\",\"name\":\"Psoriasis Canada\",\"description\":\"Psoriasis Canada\",\"publisher\":{\"@id\":\"https:\\\/\\\/psoriasiscanada.ca\\\/#organization\"},\"potentialAction\":[{\"@type\":\"SearchAction\",\"target\":{\"@type\":\"EntryPoint\",\"urlTemplate\":\"https:\\\/\\\/psoriasiscanada.ca\\\/?s={search_term_string}\"},\"query-input\":{\"@type\":\"PropertyValueSpecification\",\"valueRequired\":true,\"valueName\":\"search_term_string\"}}],\"inLanguage\":\"fr-FR\"},{\"@type\":\"Organization\",\"@id\":\"https:\\\/\\\/psoriasiscanada.ca\\\/#organization\",\"name\":\"Psoriasis Canada\",\"url\":\"https:\\\/\\\/psoriasiscanada.ca\\\/\",\"logo\":{\"@type\":\"ImageObject\",\"inLanguage\":\"fr-FR\",\"@id\":\"https:\\\/\\\/psoriasiscanada.ca\\\/#\\\/schema\\\/logo\\\/image\\\/\",\"url\":\"https:\\\/\\\/psoriasiscanada.ca\\\/wp-content\\\/uploads\\\/2025\\\/11\\\/logo.png\",\"contentUrl\":\"https:\\\/\\\/psoriasiscanada.ca\\\/wp-content\\\/uploads\\\/2025\\\/11\\\/logo.png\",\"width\":222,\"height\":73,\"caption\":\"Psoriasis Canada\"},\"image\":{\"@id\":\"https:\\\/\\\/psoriasiscanada.ca\\\/#\\\/schema\\\/logo\\\/image\\\/\"},\"sameAs\":[\"https:\\\/\\\/www.facebook.com\\\/PsoriasisCan1\",\"https:\\\/\\\/www.linkedin.com\\\/in\\\/psoriasiscan1\",\"https:\\\/\\\/www.youtube.com\\\/@PsoriasisCan1\"]}]}<\/script>\n<!-- \/ Yoast SEO plugin. -->","yoast_head_json":{"title":"Rhumatisme psoriasique - Qu'est-ce que le rhumatisme psoriasique ? - Psoriasis Canada","robots":{"index":"index","follow":"follow","max-snippet":"max-snippet:-1","max-image-preview":"max-image-preview:large","max-video-preview":"max-video-preview:-1"},"canonical":"https:\/\/psoriasiscanada.ca\/fr\/rhumatisme-psoriasique-quest-ce-que-le-rhumatisme-psoriasique\/","og_locale":"fr_FR","og_type":"article","og_title":"Rhumatisme psoriasique - Qu'est-ce que le rhumatisme psoriasique ? - Psoriasis Canada","og_description":"Arthrite psoriasique Qu&#8217;est-ce que le PsA ? Le rhumatisme psoriasique est une forme chronique d&#8217;arthrite inflammatoire souvent diagnostiqu\u00e9e chez les personnes atteintes de psoriasis. L&#8217;ensemble de ces affections est commun\u00e9ment appel\u00e9 maladie psoriasique. Des \u00e9tudes montrent que 10 \u00e0 30 % des personnes atteintes de psoriasis d\u00e9velopperont un rhumatisme psoriasique. Toutefois, le fait d&#8217;\u00eatre atteint [&hellip;]","og_url":"https:\/\/psoriasiscanada.ca\/fr\/rhumatisme-psoriasique-quest-ce-que-le-rhumatisme-psoriasique\/","og_site_name":"Psoriasis Canada","article_publisher":"https:\/\/www.facebook.com\/PsoriasisCan1","article_modified_time":"2026-01-28T15:15:23+00:00","og_image":[{"width":1024,"height":1011,"url":"https:\/\/psoriasiscanada.ca\/wp-content\/uploads\/2026\/01\/fig2_EN-2.jpg","type":"image\/jpeg"}],"twitter_card":"summary_large_image","twitter_misc":{"Dur\u00e9e de lecture estim\u00e9e":"3 minutes"},"schema":{"@context":"https:\/\/schema.org","@graph":[{"@type":"WebPage","@id":"https:\/\/psoriasiscanada.ca\/fr\/rhumatisme-psoriasique-quest-ce-que-le-rhumatisme-psoriasique\/","url":"https:\/\/psoriasiscanada.ca\/fr\/rhumatisme-psoriasique-quest-ce-que-le-rhumatisme-psoriasique\/","name":"Rhumatisme psoriasique - Qu'est-ce que le rhumatisme psoriasique ? - Psoriasis Canada","isPartOf":{"@id":"https:\/\/psoriasiscanada.ca\/#website"},"primaryImageOfPage":{"@id":"https:\/\/psoriasiscanada.ca\/fr\/rhumatisme-psoriasique-quest-ce-que-le-rhumatisme-psoriasique\/#primaryimage"},"image":{"@id":"https:\/\/psoriasiscanada.ca\/fr\/rhumatisme-psoriasique-quest-ce-que-le-rhumatisme-psoriasique\/#primaryimage"},"thumbnailUrl":"https:\/\/psoriasiscanada.ca\/wp-content\/uploads\/2026\/01\/FR-fig2text.jpg","datePublished":"2025-12-05T05:04:25+00:00","dateModified":"2026-01-28T15:15:23+00:00","breadcrumb":{"@id":"https:\/\/psoriasiscanada.ca\/fr\/rhumatisme-psoriasique-quest-ce-que-le-rhumatisme-psoriasique\/#breadcrumb"},"inLanguage":"fr-FR","potentialAction":[{"@type":"ReadAction","target":["https:\/\/psoriasiscanada.ca\/fr\/rhumatisme-psoriasique-quest-ce-que-le-rhumatisme-psoriasique\/"]}]},{"@type":"ImageObject","inLanguage":"fr-FR","@id":"https:\/\/psoriasiscanada.ca\/fr\/rhumatisme-psoriasique-quest-ce-que-le-rhumatisme-psoriasique\/#primaryimage","url":"https:\/\/psoriasiscanada.ca\/wp-content\/uploads\/2026\/01\/FR-fig2text.jpg","contentUrl":"https:\/\/psoriasiscanada.ca\/wp-content\/uploads\/2026\/01\/FR-fig2text.jpg"},{"@type":"BreadcrumbList","@id":"https:\/\/psoriasiscanada.ca\/fr\/rhumatisme-psoriasique-quest-ce-que-le-rhumatisme-psoriasique\/#breadcrumb","itemListElement":[{"@type":"ListItem","position":1,"name":"Home","item":"https:\/\/psoriasiscanada.ca\/fr\/home\/"},{"@type":"ListItem","position":2,"name":"Rhumatisme psoriasique &#8211; Qu&#8217;est-ce que le rhumatisme psoriasique ?"}]},{"@type":"WebSite","@id":"https:\/\/psoriasiscanada.ca\/#website","url":"https:\/\/psoriasiscanada.ca\/","name":"Psoriasis Canada","description":"Psoriasis Canada","publisher":{"@id":"https:\/\/psoriasiscanada.ca\/#organization"},"potentialAction":[{"@type":"SearchAction","target":{"@type":"EntryPoint","urlTemplate":"https:\/\/psoriasiscanada.ca\/?s={search_term_string}"},"query-input":{"@type":"PropertyValueSpecification","valueRequired":true,"valueName":"search_term_string"}}],"inLanguage":"fr-FR"},{"@type":"Organization","@id":"https:\/\/psoriasiscanada.ca\/#organization","name":"Psoriasis Canada","url":"https:\/\/psoriasiscanada.ca\/","logo":{"@type":"ImageObject","inLanguage":"fr-FR","@id":"https:\/\/psoriasiscanada.ca\/#\/schema\/logo\/image\/","url":"https:\/\/psoriasiscanada.ca\/wp-content\/uploads\/2025\/11\/logo.png","contentUrl":"https:\/\/psoriasiscanada.ca\/wp-content\/uploads\/2025\/11\/logo.png","width":222,"height":73,"caption":"Psoriasis Canada"},"image":{"@id":"https:\/\/psoriasiscanada.ca\/#\/schema\/logo\/image\/"},"sameAs":["https:\/\/www.facebook.com\/PsoriasisCan1","https:\/\/www.linkedin.com\/in\/psoriasiscan1","https:\/\/www.youtube.com\/@PsoriasisCan1"]}]}},"_links":{"self":[{"href":"https:\/\/psoriasiscanada.ca\/fr\/wp-json\/wp\/v2\/pages\/1337","targetHints":{"allow":["GET"]}}],"collection":[{"href":"https:\/\/psoriasiscanada.ca\/fr\/wp-json\/wp\/v2\/pages"}],"about":[{"href":"https:\/\/psoriasiscanada.ca\/fr\/wp-json\/wp\/v2\/types\/page"}],"author":[{"embeddable":true,"href":"https:\/\/psoriasiscanada.ca\/fr\/wp-json\/wp\/v2\/users\/3"}],"replies":[{"embeddable":true,"href":"https:\/\/psoriasiscanada.ca\/fr\/wp-json\/wp\/v2\/comments?post=1337"}],"version-history":[{"count":3,"href":"https:\/\/psoriasiscanada.ca\/fr\/wp-json\/wp\/v2\/pages\/1337\/revisions"}],"predecessor-version":[{"id":1340,"href":"https:\/\/psoriasiscanada.ca\/fr\/wp-json\/wp\/v2\/pages\/1337\/revisions\/1340"}],"wp:attachment":[{"href":"https:\/\/psoriasiscanada.ca\/fr\/wp-json\/wp\/v2\/media?parent=1337"}],"curies":[{"name":"wp","href":"https:\/\/api.w.org\/{rel}","templated":true}]}}