{"id":1333,"date":"2026-01-19T16:13:15","date_gmt":"2026-01-19T16:13:15","guid":{"rendered":"https:\/\/psocan.marketaccess.ca\/vous-et-votre-dermatologue\/"},"modified":"2026-01-28T19:41:50","modified_gmt":"2026-01-28T19:41:50","slug":"vous-et-votre-dermatologue","status":"publish","type":"page","link":"https:\/\/psoriasiscanada.ca\/fr\/vivre-avec-la-maladie-psoriasique\/vous-et-votre-dermatologue\/","title":{"rendered":"Vous et votre dermatologue"},"content":{"rendered":"\t\t<div data-elementor-type=\"wp-page\" data-elementor-id=\"1333\" class=\"elementor elementor-1333 elementor-681\" data-elementor-post-type=\"page\">\n\t\t\t\t<div class=\"elementor-element elementor-element-a8dd39c e-flex e-con-boxed e-con e-parent\" data-id=\"a8dd39c\" data-element_type=\"container\" data-e-type=\"container\">\n\t\t\t\t\t<div class=\"e-con-inner\">\n\t\t\t\t<div class=\"elementor-element elementor-element-03ddbf4 elementor-widget elementor-widget-heading\" data-id=\"03ddbf4\" data-element_type=\"widget\" data-e-type=\"widget\" data-widget_type=\"heading.default\">\n\t\t\t\t\t<h2 class=\"elementor-heading-title elementor-size-default\">Vous et votre dermatologue<\/h2>\t\t\t\t<\/div>\n\t\t\t\t<div class=\"elementor-element elementor-element-4768463 elementor-widget elementor-widget-text-editor\" data-id=\"4768463\" data-element_type=\"widget\" data-e-type=\"widget\" data-widget_type=\"text-editor.default\">\n\t\t\t\t\t\t\t\t\t<p>Des gens contribueront \u00e0 votre succ\u00e8s et personne n\u2019est plus important que votre dermatologue. Prenez le temps de pr\u00e9parer vos rendez-vous pour vous assurer que vous communiquez ouvertement et efficacement et que vous discutez de ce vous devez savoir. <\/p><p>Pr\u00e8s de la moiti\u00e9 des patients atteints de psoriasis au Canada n\u2019ont pas vu un fournisseur de soins de sant\u00e9 pour leur psoriasis dans les 12 derniers mois. Pour compliquer les choses, le nombre de dermatologues est en d\u00e9clin au pays et obtenir un rendez-vous peut \u00eatre tr\u00e8s difficile. Plusieurs patients attendent un minimum de six semaines dans les r\u00e9gions urbaines et beaucoup plus longtemps (jusqu\u2019\u00e0 deux ans!) dans les milieux ruraux.  <\/p><p>Lorsque vous obtenez finalement un rendez-vous, il est important de s\u2019assurer que vous profiterez au maximum du temps tr\u00e8s limit\u00e9 que vous avez avec le dermatologue. Suivez ces \u00e9tapes simples pour obtenir tous les renseignements et conseils que vous \u00e9tiez venu chercher. <\/p><h3>Avant le rendez-vous<\/h3><p>Votre historique m\u00e9dical est un \u00e9l\u00e9ment important pour votre dermatologiste. Faites vos devoirs : \u00e9crivez votre historique et toutes les pr\u00e9occupations que vous avez avant d\u2019aller \u00e0 votre rendez-vous. Ceci vous fera gagner du temps et vous aurez l\u2019assurance que vous avez fourni \u00e0 votre dermatologiste tous les renseignements primordiaux dont elle ou il a besoin.  <\/p><p>Faites une liste :<\/p><ul><li>des m\u00e9dicaments que vous prenez<\/li><li>de vos sympt\u00f4mes, quand ceux-ci sont apparus et s\u2019ils se sont aggrav\u00e9s ou am\u00e9lior\u00e9s. Lorsque vous d\u00e9crivez vos sympt\u00f4mes et l\u2019impact qu\u2019ils ont sur votre vie, soyez aussi pr\u00e9cis que possible <\/li><li>des questions que vous avez concernant votre maladie<\/li><\/ul><p>Apportez toujours ce qu\u2019il faut pour prendre des notes. Une fois le rendez-vous termin\u00e9, vous serez heureux de pouvoir vous r\u00e9f\u00e9rer \u00e0 l\u2019information re\u00e7ue et ainsi \u00e9viter d\u2019oublier des \u00e9l\u00e9ments importants. Si c\u2019est possible, faites-vous accompagner par un proche fiable, elle ou il vous aidera \u00e0 vous souvenir de ce qui a \u00e9t\u00e9 discut\u00e9 et vous apportera un soutien pr\u00e9cieux.  <\/p><h3>Durant le rendez-vous<\/h3><p>It is important to have an open flow of communication with your dermatologist. Make sure all your questions are answered in a way that you understand. Don&#8217;t be afraid to ask for clarification if you don&#8217;t understand something, or ask for it be explained again more simply.  <\/p><ul><li>Il est important d\u2019avoir une communication r\u00e9ciproque avec votre dermatologiste \u2014 vous voulez vous assurer que vous avez obtenu des r\u00e9ponses que vous comprenez bien \u00e0 toutes vos questions, et que vous quittez le cabinet du dermatologiste confiant que vous avez re\u00e7u ce dont vous aviez besoin. N\u2019ayez pas peur de demander des clarifications si vous ne comprenez pas certaines choses ou des explications faites de mani\u00e8re plus simple. <\/li><li>D\u00e9couvrez comment les <a href=\"https:\/\/www.canadianpsoriasis.ca\/fr\/traitements\/traiter-le-psoriasis\">traitements<\/a> propos\u00e9s sont susceptibles de vous affecter, quels sont les effets secondaires possibles et quels changements de mode de vie peuvent \u00eatre n\u00e9cessaires pour garantir un r\u00e9sultat positif.<\/li><li>Demandez \u00e0 votre dermatologue de noter toutes les instructions qu&#8217;il vous donne afin de pouvoir vous y r\u00e9f\u00e9rer \u00e0 l&#8217;avenir. Demandez des \u00e9claircissements sur tout ce dont vous n&#8217;\u00eates pas s\u00fbr <\/li><li>R\u00e9p\u00e9tez \u00e0 votre dermatologue les points cl\u00e9s de votre discussion pour vous assurer que vous avez tout compris<br>Demandez \u00e0 votre dermatologue s&#8217;il existe des ressources qui peuvent \u00eatre partag\u00e9es avec vous au sujet de votre psoriasis.<\/li><li>Si vous n\u2019\u00eates pas \u00e0 l\u2019aise avec le traitement propos\u00e9, dites-le! Il est important d\u2019\u00eatre honn\u00eate avec votre docteur pour ainsi trouver un traitement qui satisfait vos attentes. Vous et votre m\u00e9decin formez une \u00e9quipe qui sera plus efficace si vous avez des objectifs communs de traitements  <\/li><li>Avant de quitter le cabinet, revoyez vos listes pour confirmer que vous avez discut\u00e9 tout ce que vous aviez pr\u00e9par\u00e9. Les questions sans r\u00e9ponses pourraient mener \u00e0 des d\u00e9lais d\u2019attente, car obtenir un autre rendez-vous pourrait prendre des semaines voir des mois <\/li><\/ul><p>Comme pour beaucoup d\u2019autres situations, se pr\u00e9parer est la cl\u00e9. Prendre ce temps avant votre rendez-vous vous permettra d\u2019avoir une discussion \u00e9clair\u00e9e avec votre dermatologiste. Vous sortirez de cette rencontre pr\u00eat \u00e0 mettre votre plan de pr\u00e9vention et de traitement en action!  <\/p>\t\t\t\t\t\t\t\t<\/div>\n\t\t\t\t\t<\/div>\n\t\t\t\t<\/div>\n\t\t\t\t<\/div>\n\t\t","protected":false},"excerpt":{"rendered":"<p>Vous et votre dermatologue Des gens contribueront \u00e0 votre succ\u00e8s et personne n\u2019est plus important que votre dermatologue. Prenez le temps de pr\u00e9parer vos rendez-vous pour vous assurer que vous communiquez ouvertement et efficacement et que vous discutez de ce vous devez savoir. Pr\u00e8s de la moiti\u00e9 des patients atteints de psoriasis au Canada n\u2019ont [&hellip;]<\/p>\n","protected":false},"author":1,"featured_media":0,"parent":1456,"menu_order":0,"comment_status":"closed","ping_status":"closed","template":"","meta":{"website_toolbox_forum_postUrl":"","website_toolbox_forum_category":"","website_toolbox_publish_on_forum":"","footnotes":""},"class_list":["post-1333","page","type-page","status-publish","hentry"],"yoast_head":"<!-- This site is optimized with the Yoast SEO plugin v27.4 - https:\/\/yoast.com\/product\/yoast-seo-wordpress\/ -->\n<title>Vous et votre dermatologue - Psoriasis Canada<\/title>\n<meta name=\"robots\" content=\"index, follow, max-snippet:-1, max-image-preview:large, max-video-preview:-1\" \/>\n<link rel=\"canonical\" href=\"https:\/\/psoriasiscanada.ca\/fr\/vivre-avec-la-maladie-psoriasique\/vous-et-votre-dermatologue\/\" \/>\n<meta property=\"og:locale\" content=\"fr_FR\" \/>\n<meta property=\"og:type\" content=\"article\" \/>\n<meta property=\"og:title\" content=\"Vous et votre dermatologue - Psoriasis Canada\" \/>\n<meta property=\"og:description\" content=\"Vous et votre dermatologue Des gens contribueront \u00e0 votre succ\u00e8s et personne n\u2019est plus important que votre dermatologue. Prenez le temps de pr\u00e9parer vos rendez-vous pour vous assurer que vous communiquez ouvertement et efficacement et que vous discutez de ce vous devez savoir. Pr\u00e8s de la moiti\u00e9 des patients atteints de psoriasis au Canada n\u2019ont [&hellip;]\" \/>\n<meta property=\"og:url\" content=\"https:\/\/psoriasiscanada.ca\/fr\/vivre-avec-la-maladie-psoriasique\/vous-et-votre-dermatologue\/\" \/>\n<meta property=\"og:site_name\" content=\"Psoriasis Canada\" \/>\n<meta property=\"article:publisher\" content=\"https:\/\/www.facebook.com\/PsoriasisCan1\" \/>\n<meta property=\"article:modified_time\" content=\"2026-01-28T19:41:50+00:00\" \/>\n<meta name=\"twitter:card\" content=\"summary_large_image\" \/>\n<meta name=\"twitter:label1\" content=\"Dur\u00e9e de lecture estim\u00e9e\" \/>\n\t<meta name=\"twitter:data1\" content=\"4 minutes\" \/>\n<script type=\"application\/ld+json\" class=\"yoast-schema-graph\">{\"@context\":\"https:\\\/\\\/schema.org\",\"@graph\":[{\"@type\":\"WebPage\",\"@id\":\"https:\\\/\\\/psoriasiscanada.ca\\\/fr\\\/vivre-avec-la-maladie-psoriasique\\\/vous-et-votre-dermatologue\\\/\",\"url\":\"https:\\\/\\\/psoriasiscanada.ca\\\/fr\\\/vivre-avec-la-maladie-psoriasique\\\/vous-et-votre-dermatologue\\\/\",\"name\":\"Vous et votre dermatologue - Psoriasis Canada\",\"isPartOf\":{\"@id\":\"https:\\\/\\\/psoriasiscanada.ca\\\/#website\"},\"datePublished\":\"2026-01-19T16:13:15+00:00\",\"dateModified\":\"2026-01-28T19:41:50+00:00\",\"breadcrumb\":{\"@id\":\"https:\\\/\\\/psoriasiscanada.ca\\\/fr\\\/vivre-avec-la-maladie-psoriasique\\\/vous-et-votre-dermatologue\\\/#breadcrumb\"},\"inLanguage\":\"fr-FR\",\"potentialAction\":[{\"@type\":\"ReadAction\",\"target\":[\"https:\\\/\\\/psoriasiscanada.ca\\\/fr\\\/vivre-avec-la-maladie-psoriasique\\\/vous-et-votre-dermatologue\\\/\"]}]},{\"@type\":\"BreadcrumbList\",\"@id\":\"https:\\\/\\\/psoriasiscanada.ca\\\/fr\\\/vivre-avec-la-maladie-psoriasique\\\/vous-et-votre-dermatologue\\\/#breadcrumb\",\"itemListElement\":[{\"@type\":\"ListItem\",\"position\":1,\"name\":\"Home\",\"item\":\"https:\\\/\\\/psoriasiscanada.ca\\\/fr\\\/home\\\/\"},{\"@type\":\"ListItem\",\"position\":2,\"name\":\"Vivre avec la maladie psoriasique\",\"item\":\"https:\\\/\\\/psoriasiscanada.ca\\\/fr\\\/vivre-avec-la-maladie-psoriasique\\\/\"},{\"@type\":\"ListItem\",\"position\":3,\"name\":\"Vous et votre dermatologue\"}]},{\"@type\":\"WebSite\",\"@id\":\"https:\\\/\\\/psoriasiscanada.ca\\\/#website\",\"url\":\"https:\\\/\\\/psoriasiscanada.ca\\\/\",\"name\":\"Psoriasis Canada\",\"description\":\"Psoriasis Canada\",\"publisher\":{\"@id\":\"https:\\\/\\\/psoriasiscanada.ca\\\/#organization\"},\"potentialAction\":[{\"@type\":\"SearchAction\",\"target\":{\"@type\":\"EntryPoint\",\"urlTemplate\":\"https:\\\/\\\/psoriasiscanada.ca\\\/?s={search_term_string}\"},\"query-input\":{\"@type\":\"PropertyValueSpecification\",\"valueRequired\":true,\"valueName\":\"search_term_string\"}}],\"inLanguage\":\"fr-FR\"},{\"@type\":\"Organization\",\"@id\":\"https:\\\/\\\/psoriasiscanada.ca\\\/#organization\",\"name\":\"Psoriasis Canada\",\"url\":\"https:\\\/\\\/psoriasiscanada.ca\\\/\",\"logo\":{\"@type\":\"ImageObject\",\"inLanguage\":\"fr-FR\",\"@id\":\"https:\\\/\\\/psoriasiscanada.ca\\\/#\\\/schema\\\/logo\\\/image\\\/\",\"url\":\"https:\\\/\\\/psoriasiscanada.ca\\\/wp-content\\\/uploads\\\/2025\\\/11\\\/logo.png\",\"contentUrl\":\"https:\\\/\\\/psoriasiscanada.ca\\\/wp-content\\\/uploads\\\/2025\\\/11\\\/logo.png\",\"width\":222,\"height\":73,\"caption\":\"Psoriasis Canada\"},\"image\":{\"@id\":\"https:\\\/\\\/psoriasiscanada.ca\\\/#\\\/schema\\\/logo\\\/image\\\/\"},\"sameAs\":[\"https:\\\/\\\/www.facebook.com\\\/PsoriasisCan1\",\"https:\\\/\\\/www.linkedin.com\\\/in\\\/psoriasiscan1\",\"https:\\\/\\\/www.youtube.com\\\/@PsoriasisCan1\"]}]}<\/script>\n<!-- \/ Yoast SEO plugin. -->","yoast_head_json":{"title":"Vous et votre dermatologue - Psoriasis Canada","robots":{"index":"index","follow":"follow","max-snippet":"max-snippet:-1","max-image-preview":"max-image-preview:large","max-video-preview":"max-video-preview:-1"},"canonical":"https:\/\/psoriasiscanada.ca\/fr\/vivre-avec-la-maladie-psoriasique\/vous-et-votre-dermatologue\/","og_locale":"fr_FR","og_type":"article","og_title":"Vous et votre dermatologue - Psoriasis Canada","og_description":"Vous et votre dermatologue Des gens contribueront \u00e0 votre succ\u00e8s et personne n\u2019est plus important que votre dermatologue. Prenez le temps de pr\u00e9parer vos rendez-vous pour vous assurer que vous communiquez ouvertement et efficacement et que vous discutez de ce vous devez savoir. Pr\u00e8s de la moiti\u00e9 des patients atteints de psoriasis au Canada n\u2019ont [&hellip;]","og_url":"https:\/\/psoriasiscanada.ca\/fr\/vivre-avec-la-maladie-psoriasique\/vous-et-votre-dermatologue\/","og_site_name":"Psoriasis Canada","article_publisher":"https:\/\/www.facebook.com\/PsoriasisCan1","article_modified_time":"2026-01-28T19:41:50+00:00","twitter_card":"summary_large_image","twitter_misc":{"Dur\u00e9e de lecture estim\u00e9e":"4 minutes"},"schema":{"@context":"https:\/\/schema.org","@graph":[{"@type":"WebPage","@id":"https:\/\/psoriasiscanada.ca\/fr\/vivre-avec-la-maladie-psoriasique\/vous-et-votre-dermatologue\/","url":"https:\/\/psoriasiscanada.ca\/fr\/vivre-avec-la-maladie-psoriasique\/vous-et-votre-dermatologue\/","name":"Vous et votre dermatologue - Psoriasis Canada","isPartOf":{"@id":"https:\/\/psoriasiscanada.ca\/#website"},"datePublished":"2026-01-19T16:13:15+00:00","dateModified":"2026-01-28T19:41:50+00:00","breadcrumb":{"@id":"https:\/\/psoriasiscanada.ca\/fr\/vivre-avec-la-maladie-psoriasique\/vous-et-votre-dermatologue\/#breadcrumb"},"inLanguage":"fr-FR","potentialAction":[{"@type":"ReadAction","target":["https:\/\/psoriasiscanada.ca\/fr\/vivre-avec-la-maladie-psoriasique\/vous-et-votre-dermatologue\/"]}]},{"@type":"BreadcrumbList","@id":"https:\/\/psoriasiscanada.ca\/fr\/vivre-avec-la-maladie-psoriasique\/vous-et-votre-dermatologue\/#breadcrumb","itemListElement":[{"@type":"ListItem","position":1,"name":"Home","item":"https:\/\/psoriasiscanada.ca\/fr\/home\/"},{"@type":"ListItem","position":2,"name":"Vivre avec la maladie psoriasique","item":"https:\/\/psoriasiscanada.ca\/fr\/vivre-avec-la-maladie-psoriasique\/"},{"@type":"ListItem","position":3,"name":"Vous et votre dermatologue"}]},{"@type":"WebSite","@id":"https:\/\/psoriasiscanada.ca\/#website","url":"https:\/\/psoriasiscanada.ca\/","name":"Psoriasis Canada","description":"Psoriasis Canada","publisher":{"@id":"https:\/\/psoriasiscanada.ca\/#organization"},"potentialAction":[{"@type":"SearchAction","target":{"@type":"EntryPoint","urlTemplate":"https:\/\/psoriasiscanada.ca\/?s={search_term_string}"},"query-input":{"@type":"PropertyValueSpecification","valueRequired":true,"valueName":"search_term_string"}}],"inLanguage":"fr-FR"},{"@type":"Organization","@id":"https:\/\/psoriasiscanada.ca\/#organization","name":"Psoriasis Canada","url":"https:\/\/psoriasiscanada.ca\/","logo":{"@type":"ImageObject","inLanguage":"fr-FR","@id":"https:\/\/psoriasiscanada.ca\/#\/schema\/logo\/image\/","url":"https:\/\/psoriasiscanada.ca\/wp-content\/uploads\/2025\/11\/logo.png","contentUrl":"https:\/\/psoriasiscanada.ca\/wp-content\/uploads\/2025\/11\/logo.png","width":222,"height":73,"caption":"Psoriasis Canada"},"image":{"@id":"https:\/\/psoriasiscanada.ca\/#\/schema\/logo\/image\/"},"sameAs":["https:\/\/www.facebook.com\/PsoriasisCan1","https:\/\/www.linkedin.com\/in\/psoriasiscan1","https:\/\/www.youtube.com\/@PsoriasisCan1"]}]}},"_links":{"self":[{"href":"https:\/\/psoriasiscanada.ca\/fr\/wp-json\/wp\/v2\/pages\/1333","targetHints":{"allow":["GET"]}}],"collection":[{"href":"https:\/\/psoriasiscanada.ca\/fr\/wp-json\/wp\/v2\/pages"}],"about":[{"href":"https:\/\/psoriasiscanada.ca\/fr\/wp-json\/wp\/v2\/types\/page"}],"author":[{"embeddable":true,"href":"https:\/\/psoriasiscanada.ca\/fr\/wp-json\/wp\/v2\/users\/1"}],"replies":[{"embeddable":true,"href":"https:\/\/psoriasiscanada.ca\/fr\/wp-json\/wp\/v2\/comments?post=1333"}],"version-history":[{"count":1,"href":"https:\/\/psoriasiscanada.ca\/fr\/wp-json\/wp\/v2\/pages\/1333\/revisions"}],"predecessor-version":[{"id":1334,"href":"https:\/\/psoriasiscanada.ca\/fr\/wp-json\/wp\/v2\/pages\/1333\/revisions\/1334"}],"up":[{"embeddable":true,"href":"https:\/\/psoriasiscanada.ca\/fr\/wp-json\/wp\/v2\/pages\/1456"}],"wp:attachment":[{"href":"https:\/\/psoriasiscanada.ca\/fr\/wp-json\/wp\/v2\/media?parent=1333"}],"curies":[{"name":"wp","href":"https:\/\/api.w.org\/{rel}","templated":true}]}}