{"id":1307,"date":"2026-01-19T17:07:01","date_gmt":"2026-01-19T17:07:01","guid":{"rendered":"https:\/\/psocan.marketaccess.ca\/vivre-avec-psoriasis\/psoriasis-et-vieillissement\/"},"modified":"2026-01-28T14:12:55","modified_gmt":"2026-01-28T14:12:55","slug":"psoriasis-et-vieillissement","status":"publish","type":"page","link":"https:\/\/psoriasiscanada.ca\/fr\/rhumatisme-psoriasique-quest-ce-que-le-rhumatisme-psoriasique\/vivre-avec-psoriasis\/psoriasis-et-vieillissement\/","title":{"rendered":"L&#8217;APs et le vieillissement"},"content":{"rendered":"\t\t<div data-elementor-type=\"wp-page\" data-elementor-id=\"1307\" class=\"elementor elementor-1307 elementor-748\" data-elementor-post-type=\"page\">\n\t\t\t\t<div class=\"elementor-element elementor-element-35503b8a e-flex e-con-boxed e-con e-parent\" data-id=\"35503b8a\" data-element_type=\"container\" data-e-type=\"container\">\n\t\t\t\t\t<div class=\"e-con-inner\">\n\t\t\t\t<div class=\"elementor-element elementor-element-560a9cb elementor-widget elementor-widget-heading\" data-id=\"560a9cb\" data-element_type=\"widget\" data-e-type=\"widget\" data-widget_type=\"heading.default\">\n\t\t\t\t\t<h2 class=\"elementor-heading-title elementor-size-default\">L'APs et le vieillissement<\/h2>\t\t\t\t<\/div>\n\t\t\t\t\t<\/div>\n\t\t\t\t<\/div>\n\t\t<div class=\"elementor-element elementor-element-6682f34a e-flex e-con-boxed e-con e-parent\" data-id=\"6682f34a\" data-element_type=\"container\" data-e-type=\"container\">\n\t\t\t\t\t<div class=\"e-con-inner\">\n\t\t\t\t<div class=\"elementor-element elementor-element-9994c2d elementor-widget elementor-widget-text-editor\" data-id=\"9994c2d\" data-element_type=\"widget\" data-e-type=\"widget\" data-widget_type=\"text-editor.default\">\n\t\t\t\t\t\t\t\t\t<p>L\u2019arthrite (rhumatisme) psoriasique (AP) appara\u00eet le plus souvent entre 35 et 55 ans.<sup>1-5<\/sup> Cependant, l\u2019AP peut \u00eatre diagnostiqu\u00e9e \u00e0 tout \u00e2ge, y compris chez les enfants et chez les adultes de plus de 60 ans.<sup>4,5<\/sup> Quel que soit l&#8217;\u00e2ge au moment du diagnostic, l\u2019AP est une maladie chronique qui n\u00e9cessite un traitement \u00e0 vie pour \u00e9viter qu&#8217;elle ne s&#8217;aggrave. Il est donc important de prendre des mesures pour optimiser la gestion de votre arthrite psoriasique et de votre sant\u00e9 en g\u00e9n\u00e9ral. <\/p><ol><li><strong>Prenez des rendez-vous de suivi p\u00e9riodiques avec votre rhumatologue. <\/strong>Il est important d\u2019effectuer les analyses sanguines et les examens d\u2019imagerie articulaire de suivi demand\u00e9s afin de d\u00e9pister d\u2019\u00e9ventuels effets secondaires des m\u00e9dicaments et de comprendre si la maladie articulaire s\u2019est aggrav\u00e9e au fil du temps. <\/li><li><strong>Suivez l\u2019\u00e9volution de vos sympt\u00f4mes d\u2019AP et de tout changement au fil du temps<\/strong>. Des <a href=\"https:\/\/www.canadianpsoriasis.ca\/fr\/rhumatisme-psoriasique\/qu-est-ce-que-l-aps\/symptomes\">sympt\u00f4mes<\/a> comme l\u2019augmentation de l\u2019enflure des articulations, de la douleur ou de la raideur matinale sont les signes d\u2019une pouss\u00e9e d\u2019AP. Bien que de nombreux traitements soient tr\u00e8s efficaces \u00e0 long terme, il est possible que certaines personnes voient leurs m\u00e9dicaments perdre de leur efficacit\u00e9 dans le cadre de leur plan de traitement actuel plan et leur maladie s\u2019aggraver apr\u00e8s des ann\u00e9es de stabilit\u00e9 de la maladie.<sup>6<\/sup> Il est important de discuter de toute aggravation des sympt\u00f4mes avec votre rhumatologue. Elle ou il peut vous recommander de changer de m\u00e9dicament ou d\u2019en ajouter un autre pendant un certain temps pour aider \u00e0 retourner votre AP en r\u00e9mission.   <\/li><li><strong>Faites de l\u2019exercice r\u00e9guli\u00e8rement<\/strong>. Des \u00e9tudes ont montr\u00e9 l\u2019effet b\u00e9n\u00e9fique de <a href=\"https:\/\/www.canadianpsoriasis.ca\/fr\/rhumatisme-psoriasique\/vivre-avec-l-aps\/mode-de-vie\/aps-et-exercice\">l\u2019exercice<\/a> physique r\u00e9gulier sur l\u2019AP, avec une r\u00e9duction des sympt\u00f4mes comme la douleur et la <a href=\"https:\/\/www.canadianpsoriasis.ca\/en\/psoriatic-arthritis\/living-with-psa\/psa-and-fatigue\">fatigue<\/a>.<sup>7<\/sup> Si les douleurs articulaires limitent votre capacit\u00e9 \u00e0 faire de l\u2019exercice, il peut \u00eatre utile de travailler avec un physioth\u00e9rapeute pour am\u00e9liorer la mobilit\u00e9 des articulations.<sup>8<\/sup> <\/li><li><strong>Faites le n\u00e9cessaire pour prendre soin de votre sant\u00e9 g\u00e9n\u00e9rale<\/strong>. Il est important de <a href=\"https:\/\/www.canadianpsoriasis.ca\/fr\/rhumatisme-psoriasique\/vivre-avec-l-aps\/mode-de-vie\/l-aps-et-nutrition\">s\u2019alimenter sainement,<\/a> de limiter la consommation <a href=\"https:\/\/www.canadianpsoriasis.ca\/fr\/rhumatisme-psoriasique\/vivre-avec-l-aps\/mode-de-vie\/consommation-d-alcool\">d\u2019alcool<\/a> et d\u2019\u00e9viter ou d\u2019arr\u00eater de <a href=\"https:\/\/www.canadianpsoriasis.ca\/fr\/rhumatisme-psoriasique\/vivre-avec-l-aps\/mode-de-vie\/l-aps-et-le-tabagisme\">fumer<\/a><sup>.8<\/sup> Vous devriez \u00e9galement consulter votre m\u00e9decin de famille au moins une fois par an pour surveiller votre \u00e9tat de sant\u00e9 g\u00e9n\u00e9ral. Les personnes atteintes d\u2019AP pr\u00e9sentent un risque accru de comorbidit\u00e9s, comme les maladies cardiovasculaires et le diab\u00e8te de type 2, qui sont \u00e9galement plus fr\u00e9quents chez les personnes plus \u00e2g\u00e9es.<sup>4,8<\/sup> <\/li><\/ol><p>En fin de compte, l\u2019AP est une maladie qui dure toute la vie et qui n\u00e9cessite un <a href=\"https:\/\/www.canadianpsoriasis.ca\/fr\/traitements\/traiter-le-rps\">traitement<\/a> \u00e0 long terme ainsi qu\u2019un mode de vie sain pour minimiser les r\u00e9percussions des sympt\u00f4mes sur votre vie quotidienne. La progression de l\u2019AP n\u2019est pas n\u00e9cessairement in\u00e9vitable.<sup>9<\/sup> Une prise en charge minutieuse peut contribuer \u00e0 am\u00e9liorer vos sympt\u00f4mes et vous permettre de conserver une bonne qualit\u00e9 de vie au fil du temps.  <\/p>\t\t\t\t\t\t\t\t<\/div>\n\t\t\t\t<div class=\"elementor-element elementor-element-17cb1da elementor-widget elementor-widget-n-accordion\" data-id=\"17cb1da\" data-element_type=\"widget\" data-e-type=\"widget\" data-settings=\"{&quot;default_state&quot;:&quot;all_collapsed&quot;,&quot;max_items_expended&quot;:&quot;one&quot;,&quot;n_accordion_animation_duration&quot;:{&quot;unit&quot;:&quot;ms&quot;,&quot;size&quot;:400,&quot;sizes&quot;:[]}}\" data-widget_type=\"nested-accordion.default\">\n\t\t\t\t\t\t\t<div class=\"e-n-accordion\" aria-label=\"Accordion. Open links with Enter or Space, close with Escape, and navigate with Arrow Keys\">\n\t\t\t\t\t\t<details id=\"e-n-accordion-item-2490\" class=\"e-n-accordion-item\" >\n\t\t\t\t<summary class=\"e-n-accordion-item-title\" data-accordion-index=\"1\" tabindex=\"0\" aria-expanded=\"false\" aria-controls=\"e-n-accordion-item-2490\" >\n\t\t\t\t\t<span class='e-n-accordion-item-title-header'><div class=\"e-n-accordion-item-title-text\"> R\u00e9f\u00e9rences <\/div><\/span>\n\t\t\t\t\t\t\t<span class='e-n-accordion-item-title-icon'>\n\t\t\t<span class='e-opened' ><svg aria-hidden=\"true\" class=\"e-font-icon-svg e-fas-minus\" viewBox=\"0 0 448 512\" xmlns=\"http:\/\/www.w3.org\/2000\/svg\"><path d=\"M416 208H32c-17.67 0-32 14.33-32 32v32c0 17.67 14.33 32 32 32h384c17.67 0 32-14.33 32-32v-32c0-17.67-14.33-32-32-32z\"><\/path><\/svg><\/span>\n\t\t\t<span class='e-closed'><svg aria-hidden=\"true\" class=\"e-font-icon-svg e-fas-plus\" viewBox=\"0 0 448 512\" xmlns=\"http:\/\/www.w3.org\/2000\/svg\"><path d=\"M416 208H272V64c0-17.67-14.33-32-32-32h-32c-17.67 0-32 14.33-32 32v144H32c-17.67 0-32 14.33-32 32v32c0 17.67 14.33 32 32 32h144v144c0 17.67 14.33 32 32 32h32c17.67 0 32-14.33 32-32V304h144c17.67 0 32-14.33 32-32v-32c0-17.67-14.33-32-32-32z\"><\/path><\/svg><\/span>\n\t\t<\/span>\n\n\t\t\t\t\t\t<\/summary>\n\t\t\t\t<div role=\"region\" aria-labelledby=\"e-n-accordion-item-2490\" class=\"elementor-element elementor-element-25fe769 e-con-full e-flex e-con e-child\" data-id=\"25fe769\" data-element_type=\"container\" data-e-type=\"container\">\n\t\t\t\t<div class=\"elementor-element elementor-element-2030f15 elementor-widget elementor-widget-text-editor\" data-id=\"2030f15\" data-element_type=\"widget\" data-e-type=\"widget\" data-widget_type=\"text-editor.default\">\n\t\t\t\t\t\t\t\t\t<ol>\n<li>Karmacharya P, Wright K, Achenbach SJ, et al. Time to transition from psoriasis to psoriatic arthritis: A population-based study. &nbsp;<em>Semin Arthritis Rheum<\/em>. 2022;52:151949. doi:10.1016\/j.semarthrit.2021.12.013  <\/li>\n<li>McLaughlin M, Ost\u00f6r A. Early treatment of psoriatic arthritis improves prognosis.&nbsp;<em>Practitioner<\/em>. 2014;258(1777):21-3. <\/li>\n<li>Ocampo D V, Gladman D. Psoriatic arthritis.&nbsp;<em>F1000Res<\/em>. 2019;8:F1000 Faculty Rev-1665. Published 2019 Sep 20. doi:10.12688\/f1000research.19144.1   <\/li>\n<li>Fragoulis GE, Nikiphorou E, McInnes IB, Siebert S. Does Age Matter in Psoriatic Arthritis? A Narrative Review [published online ahead of print, 2021 Aug 15]. &nbsp;<em>J Rheumatol<\/em>. 2021;jrheum.210349. doi:10.3899\/jrheum.210349  <\/li>\n<li>Liu JT, Yeh HM, Liu SY, Chen KT. Psoriatic arthritis: Epidemiology, diagnosis, and treatment. &nbsp;<em>World J Orthop<\/em>. 2014;5(4):537-543. Published 2014 Sep 18. doi:10.5312\/wjo.v5.i4.537   <\/li>\n<li>Costa L, Perricone C, Chimenti MS, et al.Switching Between Biological Treatments in Psoriatic Arthritis: A Review of the Evidence.&nbsp;<em>Drugs R D<\/em>. 2017;17(4):509-522. doi:10.1007\/s40268-017-0215-7  <\/li>\n<li>Kessler J, Chouk M, Ruban T, Prati C, Wendling D, Verhoeven F. Psoriatic arthritis and physical activity: a systematic review.&nbsp;<em>Clin Rheumatol<\/em>. 2021;40(11):4379-4389. doi:10.1007\/s10067-021-05739-y  <\/li>\n<li>Perrotta FM, Scriffignano S, Benfaremo D, Ronga M, Luchetti MM, Lubrano E. New Insights in Physical Therapy and Rehabilitation in Psoriatic Arthritis: A Review.&nbsp;<em>Rheumatol Ther<\/em>. 2021;8(2):639-649. doi:10.1007\/s40744-021-00298-9  <\/li>\n<li>Dures E, Hewlett S, Lord J, et al. Important Treatment Outcomes for Patients with Psoriatic Arthritis: A Multisite Qualitative Study [published correction appears in Patient. 2019 Mar 23;:]. &nbsp;<em>Patient<\/em>. 2017;10(4):455-462. doi:10.1007\/s40271-017-0221-4  <\/li>\n<\/ol>\t\t\t\t\t\t\t\t<\/div>\n\t\t\t\t<\/div>\n\t\t\t\t\t<\/details>\n\t\t\t\t\t<\/div>\n\t\t\t\t\t\t<\/div>\n\t\t\t\t\t<\/div>\n\t\t\t\t<\/div>\n\t\t\t\t<\/div>\n\t\t","protected":false},"excerpt":{"rendered":"<p>L&#8217;APs et le vieillissement L\u2019arthrite (rhumatisme) psoriasique (AP) appara\u00eet le plus souvent entre 35 et 55 ans.1-5 Cependant, l\u2019AP peut \u00eatre diagnostiqu\u00e9e \u00e0 tout \u00e2ge, y compris chez les enfants et chez les adultes de plus de 60 ans.4,5 Quel que soit l&#8217;\u00e2ge au moment du diagnostic, l\u2019AP est une maladie chronique qui n\u00e9cessite un [&hellip;]<\/p>\n","protected":false},"author":1,"featured_media":0,"parent":1300,"menu_order":0,"comment_status":"closed","ping_status":"closed","template":"","meta":{"website_toolbox_forum_postUrl":"","website_toolbox_forum_category":"","website_toolbox_publish_on_forum":"","footnotes":""},"class_list":["post-1307","page","type-page","status-publish","hentry"],"yoast_head":"<!-- This site is optimized with the Yoast SEO plugin v27.4 - https:\/\/yoast.com\/product\/yoast-seo-wordpress\/ -->\n<title>L&#039;APs et le vieillissement - Psoriasis Canada<\/title>\n<meta name=\"robots\" content=\"index, follow, max-snippet:-1, max-image-preview:large, max-video-preview:-1\" \/>\n<link rel=\"canonical\" href=\"https:\/\/psoriasiscanada.ca\/fr\/rhumatisme-psoriasique-quest-ce-que-le-rhumatisme-psoriasique\/vivre-avec-psoriasis\/psoriasis-et-vieillissement\/\" \/>\n<meta property=\"og:locale\" content=\"fr_FR\" \/>\n<meta property=\"og:type\" content=\"article\" \/>\n<meta property=\"og:title\" content=\"L&#039;APs et le vieillissement - Psoriasis Canada\" \/>\n<meta property=\"og:description\" content=\"L&#8217;APs et le vieillissement L\u2019arthrite (rhumatisme) psoriasique (AP) appara\u00eet le plus souvent entre 35 et 55 ans.1-5 Cependant, l\u2019AP peut \u00eatre diagnostiqu\u00e9e \u00e0 tout \u00e2ge, y compris chez les enfants et chez les adultes de plus de 60 ans.4,5 Quel que soit l&#8217;\u00e2ge au moment du diagnostic, l\u2019AP est une maladie chronique qui n\u00e9cessite un [&hellip;]\" \/>\n<meta property=\"og:url\" content=\"https:\/\/psoriasiscanada.ca\/fr\/rhumatisme-psoriasique-quest-ce-que-le-rhumatisme-psoriasique\/vivre-avec-psoriasis\/psoriasis-et-vieillissement\/\" \/>\n<meta property=\"og:site_name\" content=\"Psoriasis Canada\" \/>\n<meta property=\"article:publisher\" content=\"https:\/\/www.facebook.com\/PsoriasisCan1\" \/>\n<meta property=\"article:modified_time\" content=\"2026-01-28T14:12:55+00:00\" \/>\n<meta name=\"twitter:card\" content=\"summary_large_image\" \/>\n<meta name=\"twitter:label1\" content=\"Dur\u00e9e de lecture estim\u00e9e\" \/>\n\t<meta name=\"twitter:data1\" content=\"5 minutes\" \/>\n<script type=\"application\/ld+json\" class=\"yoast-schema-graph\">{\"@context\":\"https:\\\/\\\/schema.org\",\"@graph\":[{\"@type\":\"WebPage\",\"@id\":\"https:\\\/\\\/psoriasiscanada.ca\\\/fr\\\/rhumatisme-psoriasique-quest-ce-que-le-rhumatisme-psoriasique\\\/vivre-avec-psoriasis\\\/psoriasis-et-vieillissement\\\/\",\"url\":\"https:\\\/\\\/psoriasiscanada.ca\\\/fr\\\/rhumatisme-psoriasique-quest-ce-que-le-rhumatisme-psoriasique\\\/vivre-avec-psoriasis\\\/psoriasis-et-vieillissement\\\/\",\"name\":\"L'APs et le vieillissement - Psoriasis Canada\",\"isPartOf\":{\"@id\":\"https:\\\/\\\/psoriasiscanada.ca\\\/#website\"},\"datePublished\":\"2026-01-19T17:07:01+00:00\",\"dateModified\":\"2026-01-28T14:12:55+00:00\",\"breadcrumb\":{\"@id\":\"https:\\\/\\\/psoriasiscanada.ca\\\/fr\\\/rhumatisme-psoriasique-quest-ce-que-le-rhumatisme-psoriasique\\\/vivre-avec-psoriasis\\\/psoriasis-et-vieillissement\\\/#breadcrumb\"},\"inLanguage\":\"fr-FR\",\"potentialAction\":[{\"@type\":\"ReadAction\",\"target\":[\"https:\\\/\\\/psoriasiscanada.ca\\\/fr\\\/rhumatisme-psoriasique-quest-ce-que-le-rhumatisme-psoriasique\\\/vivre-avec-psoriasis\\\/psoriasis-et-vieillissement\\\/\"]}]},{\"@type\":\"BreadcrumbList\",\"@id\":\"https:\\\/\\\/psoriasiscanada.ca\\\/fr\\\/rhumatisme-psoriasique-quest-ce-que-le-rhumatisme-psoriasique\\\/vivre-avec-psoriasis\\\/psoriasis-et-vieillissement\\\/#breadcrumb\",\"itemListElement\":[{\"@type\":\"ListItem\",\"position\":1,\"name\":\"Home\",\"item\":\"https:\\\/\\\/psoriasiscanada.ca\\\/fr\\\/home\\\/\"},{\"@type\":\"ListItem\",\"position\":2,\"name\":\"Rhumatisme psoriasique &#8211; Qu&#8217;est-ce que le rhumatisme psoriasique ?\",\"item\":\"https:\\\/\\\/psoriasiscanada.ca\\\/fr\\\/rhumatisme-psoriasique-quest-ce-que-le-rhumatisme-psoriasique\\\/\"},{\"@type\":\"ListItem\",\"position\":3,\"name\":\"Vivre avec le PsA &#8211; Vue d&#8217;ensemble\",\"item\":\"https:\\\/\\\/psoriasiscanada.ca\\\/fr\\\/rhumatisme-psoriasique-quest-ce-que-le-rhumatisme-psoriasique\\\/vivre-avec-psoriasis\\\/\"},{\"@type\":\"ListItem\",\"position\":4,\"name\":\"L&#8217;APs et le vieillissement\"}]},{\"@type\":\"WebSite\",\"@id\":\"https:\\\/\\\/psoriasiscanada.ca\\\/#website\",\"url\":\"https:\\\/\\\/psoriasiscanada.ca\\\/\",\"name\":\"Psoriasis Canada\",\"description\":\"Psoriasis Canada\",\"publisher\":{\"@id\":\"https:\\\/\\\/psoriasiscanada.ca\\\/#organization\"},\"potentialAction\":[{\"@type\":\"SearchAction\",\"target\":{\"@type\":\"EntryPoint\",\"urlTemplate\":\"https:\\\/\\\/psoriasiscanada.ca\\\/?s={search_term_string}\"},\"query-input\":{\"@type\":\"PropertyValueSpecification\",\"valueRequired\":true,\"valueName\":\"search_term_string\"}}],\"inLanguage\":\"fr-FR\"},{\"@type\":\"Organization\",\"@id\":\"https:\\\/\\\/psoriasiscanada.ca\\\/#organization\",\"name\":\"Psoriasis Canada\",\"url\":\"https:\\\/\\\/psoriasiscanada.ca\\\/\",\"logo\":{\"@type\":\"ImageObject\",\"inLanguage\":\"fr-FR\",\"@id\":\"https:\\\/\\\/psoriasiscanada.ca\\\/#\\\/schema\\\/logo\\\/image\\\/\",\"url\":\"https:\\\/\\\/psoriasiscanada.ca\\\/wp-content\\\/uploads\\\/2025\\\/11\\\/logo.png\",\"contentUrl\":\"https:\\\/\\\/psoriasiscanada.ca\\\/wp-content\\\/uploads\\\/2025\\\/11\\\/logo.png\",\"width\":222,\"height\":73,\"caption\":\"Psoriasis Canada\"},\"image\":{\"@id\":\"https:\\\/\\\/psoriasiscanada.ca\\\/#\\\/schema\\\/logo\\\/image\\\/\"},\"sameAs\":[\"https:\\\/\\\/www.facebook.com\\\/PsoriasisCan1\",\"https:\\\/\\\/www.linkedin.com\\\/in\\\/psoriasiscan1\",\"https:\\\/\\\/www.youtube.com\\\/@PsoriasisCan1\"]}]}<\/script>\n<!-- \/ Yoast SEO plugin. -->","yoast_head_json":{"title":"L'APs et le vieillissement - Psoriasis Canada","robots":{"index":"index","follow":"follow","max-snippet":"max-snippet:-1","max-image-preview":"max-image-preview:large","max-video-preview":"max-video-preview:-1"},"canonical":"https:\/\/psoriasiscanada.ca\/fr\/rhumatisme-psoriasique-quest-ce-que-le-rhumatisme-psoriasique\/vivre-avec-psoriasis\/psoriasis-et-vieillissement\/","og_locale":"fr_FR","og_type":"article","og_title":"L'APs et le vieillissement - Psoriasis Canada","og_description":"L&#8217;APs et le vieillissement L\u2019arthrite (rhumatisme) psoriasique (AP) appara\u00eet le plus souvent entre 35 et 55 ans.1-5 Cependant, l\u2019AP peut \u00eatre diagnostiqu\u00e9e \u00e0 tout \u00e2ge, y compris chez les enfants et chez les adultes de plus de 60 ans.4,5 Quel que soit l&#8217;\u00e2ge au moment du diagnostic, l\u2019AP est une maladie chronique qui n\u00e9cessite un [&hellip;]","og_url":"https:\/\/psoriasiscanada.ca\/fr\/rhumatisme-psoriasique-quest-ce-que-le-rhumatisme-psoriasique\/vivre-avec-psoriasis\/psoriasis-et-vieillissement\/","og_site_name":"Psoriasis Canada","article_publisher":"https:\/\/www.facebook.com\/PsoriasisCan1","article_modified_time":"2026-01-28T14:12:55+00:00","twitter_card":"summary_large_image","twitter_misc":{"Dur\u00e9e de lecture estim\u00e9e":"5 minutes"},"schema":{"@context":"https:\/\/schema.org","@graph":[{"@type":"WebPage","@id":"https:\/\/psoriasiscanada.ca\/fr\/rhumatisme-psoriasique-quest-ce-que-le-rhumatisme-psoriasique\/vivre-avec-psoriasis\/psoriasis-et-vieillissement\/","url":"https:\/\/psoriasiscanada.ca\/fr\/rhumatisme-psoriasique-quest-ce-que-le-rhumatisme-psoriasique\/vivre-avec-psoriasis\/psoriasis-et-vieillissement\/","name":"L'APs et le vieillissement - Psoriasis Canada","isPartOf":{"@id":"https:\/\/psoriasiscanada.ca\/#website"},"datePublished":"2026-01-19T17:07:01+00:00","dateModified":"2026-01-28T14:12:55+00:00","breadcrumb":{"@id":"https:\/\/psoriasiscanada.ca\/fr\/rhumatisme-psoriasique-quest-ce-que-le-rhumatisme-psoriasique\/vivre-avec-psoriasis\/psoriasis-et-vieillissement\/#breadcrumb"},"inLanguage":"fr-FR","potentialAction":[{"@type":"ReadAction","target":["https:\/\/psoriasiscanada.ca\/fr\/rhumatisme-psoriasique-quest-ce-que-le-rhumatisme-psoriasique\/vivre-avec-psoriasis\/psoriasis-et-vieillissement\/"]}]},{"@type":"BreadcrumbList","@id":"https:\/\/psoriasiscanada.ca\/fr\/rhumatisme-psoriasique-quest-ce-que-le-rhumatisme-psoriasique\/vivre-avec-psoriasis\/psoriasis-et-vieillissement\/#breadcrumb","itemListElement":[{"@type":"ListItem","position":1,"name":"Home","item":"https:\/\/psoriasiscanada.ca\/fr\/home\/"},{"@type":"ListItem","position":2,"name":"Rhumatisme psoriasique &#8211; Qu&#8217;est-ce que le rhumatisme psoriasique ?","item":"https:\/\/psoriasiscanada.ca\/fr\/rhumatisme-psoriasique-quest-ce-que-le-rhumatisme-psoriasique\/"},{"@type":"ListItem","position":3,"name":"Vivre avec le PsA &#8211; Vue d&#8217;ensemble","item":"https:\/\/psoriasiscanada.ca\/fr\/rhumatisme-psoriasique-quest-ce-que-le-rhumatisme-psoriasique\/vivre-avec-psoriasis\/"},{"@type":"ListItem","position":4,"name":"L&#8217;APs et le vieillissement"}]},{"@type":"WebSite","@id":"https:\/\/psoriasiscanada.ca\/#website","url":"https:\/\/psoriasiscanada.ca\/","name":"Psoriasis Canada","description":"Psoriasis Canada","publisher":{"@id":"https:\/\/psoriasiscanada.ca\/#organization"},"potentialAction":[{"@type":"SearchAction","target":{"@type":"EntryPoint","urlTemplate":"https:\/\/psoriasiscanada.ca\/?s={search_term_string}"},"query-input":{"@type":"PropertyValueSpecification","valueRequired":true,"valueName":"search_term_string"}}],"inLanguage":"fr-FR"},{"@type":"Organization","@id":"https:\/\/psoriasiscanada.ca\/#organization","name":"Psoriasis Canada","url":"https:\/\/psoriasiscanada.ca\/","logo":{"@type":"ImageObject","inLanguage":"fr-FR","@id":"https:\/\/psoriasiscanada.ca\/#\/schema\/logo\/image\/","url":"https:\/\/psoriasiscanada.ca\/wp-content\/uploads\/2025\/11\/logo.png","contentUrl":"https:\/\/psoriasiscanada.ca\/wp-content\/uploads\/2025\/11\/logo.png","width":222,"height":73,"caption":"Psoriasis Canada"},"image":{"@id":"https:\/\/psoriasiscanada.ca\/#\/schema\/logo\/image\/"},"sameAs":["https:\/\/www.facebook.com\/PsoriasisCan1","https:\/\/www.linkedin.com\/in\/psoriasiscan1","https:\/\/www.youtube.com\/@PsoriasisCan1"]}]}},"_links":{"self":[{"href":"https:\/\/psoriasiscanada.ca\/fr\/wp-json\/wp\/v2\/pages\/1307","targetHints":{"allow":["GET"]}}],"collection":[{"href":"https:\/\/psoriasiscanada.ca\/fr\/wp-json\/wp\/v2\/pages"}],"about":[{"href":"https:\/\/psoriasiscanada.ca\/fr\/wp-json\/wp\/v2\/types\/page"}],"author":[{"embeddable":true,"href":"https:\/\/psoriasiscanada.ca\/fr\/wp-json\/wp\/v2\/users\/1"}],"replies":[{"embeddable":true,"href":"https:\/\/psoriasiscanada.ca\/fr\/wp-json\/wp\/v2\/comments?post=1307"}],"version-history":[{"count":4,"href":"https:\/\/psoriasiscanada.ca\/fr\/wp-json\/wp\/v2\/pages\/1307\/revisions"}],"predecessor-version":[{"id":1317,"href":"https:\/\/psoriasiscanada.ca\/fr\/wp-json\/wp\/v2\/pages\/1307\/revisions\/1317"}],"up":[{"embeddable":true,"href":"https:\/\/psoriasiscanada.ca\/fr\/wp-json\/wp\/v2\/pages\/1300"}],"wp:attachment":[{"href":"https:\/\/psoriasiscanada.ca\/fr\/wp-json\/wp\/v2\/media?parent=1307"}],"curies":[{"name":"wp","href":"https:\/\/api.w.org\/{rel}","templated":true}]}}