{"id":1300,"date":"2026-01-19T16:53:03","date_gmt":"2026-01-19T16:53:03","guid":{"rendered":"https:\/\/psocan.marketaccess.ca\/vivre-avec-psoriasis\/"},"modified":"2026-01-28T15:44:13","modified_gmt":"2026-01-28T15:44:13","slug":"vivre-avec-psoriasis","status":"publish","type":"page","link":"https:\/\/psoriasiscanada.ca\/fr\/rhumatisme-psoriasique-quest-ce-que-le-rhumatisme-psoriasique\/vivre-avec-psoriasis\/","title":{"rendered":"Vivre avec le PsA &#8211; Vue d&#8217;ensemble"},"content":{"rendered":"\t\t<div data-elementor-type=\"wp-page\" data-elementor-id=\"1300\" class=\"elementor elementor-1300 elementor-730\" data-elementor-post-type=\"page\">\n\t\t\t\t<div class=\"elementor-element elementor-element-35503b8a e-flex e-con-boxed e-con e-parent\" data-id=\"35503b8a\" data-element_type=\"container\" data-e-type=\"container\">\n\t\t\t\t\t<div class=\"e-con-inner\">\n\t\t\t\t<div class=\"elementor-element elementor-element-560a9cb elementor-widget elementor-widget-heading\" data-id=\"560a9cb\" data-element_type=\"widget\" data-e-type=\"widget\" data-widget_type=\"heading.default\">\n\t\t\t\t\t<h2 class=\"elementor-heading-title elementor-size-default\">Vivre avec l'APS - Vue d'ensemble<\/h2>\t\t\t\t<\/div>\n\t\t\t\t<div class=\"elementor-element elementor-element-28b79b65 elementor-widget elementor-widget-text-editor\" data-id=\"28b79b65\" data-element_type=\"widget\" data-e-type=\"widget\" data-widget_type=\"text-editor.default\">\n\t\t\t\t\t\t\t\t\t<section id=\"section-id-1625933913507\" class=\"sppb-section\"><div class=\"sppb-row-container\"><div class=\"sppb-row\"><div id=\"column-wrap-id-1625933913506\" class=\"sppb-col-md-12\"><div id=\"column-id-1625933913506\" class=\"sppb-column\"><div class=\"sppb-column-addons\"><div id=\"sppb-addon-wrapper-1625933913510\" class=\"sppb-addon-wrapper\"><div id=\"sppb-addon-1625933913510\" class=\"clearfix \"><div class=\"sppb-addon sppb-addon-text-block \"><div class=\"sppb-addon-content\"><p>L\u2019arthrite (rhumatisme) psoriasique (APs) est une maladie inflammatoire chronique qui est diagnostiqu\u00e9e lorsque les sympt\u00f4mes du psoriasis sont accompagn\u00e9s d\u2019une inflammation des articulations1. Les personnes atteintes d\u2019APs pr\u00e9sentent donc des plaques de peau rouge, argent\u00e9e et squameuse, ainsi que des douleurs aux articulations, comme dans les mains, les pieds et le dos. La douleur articulaire est souvent pr\u00e9c\u00e9d\u00e9e d\u2019un gonflement des orteils et des doigts. L\u2019APs est une maladie \u00e9volutive qui doit \u00eatre suivie et prise en charge activement afin de r\u00e9duire l\u2019inflammation, de pr\u00e9venir les l\u00e9sions et d\u2019am\u00e9liorer le fonctionnement au quotidien et la qualit\u00e9 de vie globale.   <\/p><\/div><\/div><\/div><\/div><\/div><\/div><\/div><\/div><\/div><\/section>\t\t\t\t\t\t\t\t<\/div>\n\t\t\t\t\t<\/div>\n\t\t\t\t<\/div>\n\t\t<div class=\"elementor-element elementor-element-6682f34a e-flex e-con-boxed e-con e-parent\" data-id=\"6682f34a\" data-element_type=\"container\" data-e-type=\"container\">\n\t\t\t\t\t<div class=\"e-con-inner\">\n\t\t\t\t<div class=\"elementor-element elementor-element-90950f9 elementor-widget elementor-widget-text-editor\" data-id=\"90950f9\" data-element_type=\"widget\" data-e-type=\"widget\" data-widget_type=\"text-editor.default\">\n\t\t\t\t\t\t\t\t\t<p>Dans cette section, nous allons voir comment vous pouvez bien vivre avec votre psoriasis.<\/p><ul><li>Mode de vie<\/li><li>Psoriasis et exercice physique<\/li><li>L&#8217;APs et le vieillissement<\/li><li>Le psoriasis et les relations<\/li><li>Psoriasis et fatigue<\/li><li>Gestion de la douleur<\/li><li>Travailler avec le psoriasis<\/li><li>Vous et votre rhumatisme<\/li><\/ul>\t\t\t\t\t\t\t\t<\/div>\n\t\t\t\t<div class=\"elementor-element elementor-element-b6f2347 elementor-widget elementor-widget-n-accordion\" data-id=\"b6f2347\" data-element_type=\"widget\" data-e-type=\"widget\" data-settings=\"{&quot;default_state&quot;:&quot;all_collapsed&quot;,&quot;max_items_expended&quot;:&quot;one&quot;,&quot;n_accordion_animation_duration&quot;:{&quot;unit&quot;:&quot;ms&quot;,&quot;size&quot;:400,&quot;sizes&quot;:[]}}\" data-widget_type=\"nested-accordion.default\">\n\t\t\t\t\t\t\t<div class=\"e-n-accordion\" aria-label=\"Accordion. Open links with Enter or Space, close with Escape, and navigate with Arrow Keys\">\n\t\t\t\t\t\t<details id=\"e-n-accordion-item-1910\" class=\"e-n-accordion-item\" >\n\t\t\t\t<summary class=\"e-n-accordion-item-title\" data-accordion-index=\"1\" tabindex=\"0\" aria-expanded=\"false\" aria-controls=\"e-n-accordion-item-1910\" >\n\t\t\t\t\t<span class='e-n-accordion-item-title-header'><div class=\"e-n-accordion-item-title-text\"> R\u00e9f\u00e9rences <\/div><\/span>\n\t\t\t\t\t\t\t<span class='e-n-accordion-item-title-icon'>\n\t\t\t<span class='e-opened' ><svg aria-hidden=\"true\" class=\"e-font-icon-svg e-fas-minus\" viewBox=\"0 0 448 512\" xmlns=\"http:\/\/www.w3.org\/2000\/svg\"><path d=\"M416 208H32c-17.67 0-32 14.33-32 32v32c0 17.67 14.33 32 32 32h384c17.67 0 32-14.33 32-32v-32c0-17.67-14.33-32-32-32z\"><\/path><\/svg><\/span>\n\t\t\t<span class='e-closed'><svg aria-hidden=\"true\" class=\"e-font-icon-svg e-fas-plus\" viewBox=\"0 0 448 512\" xmlns=\"http:\/\/www.w3.org\/2000\/svg\"><path d=\"M416 208H272V64c0-17.67-14.33-32-32-32h-32c-17.67 0-32 14.33-32 32v144H32c-17.67 0-32 14.33-32 32v32c0 17.67 14.33 32 32 32h144v144c0 17.67 14.33 32 32 32h32c17.67 0 32-14.33 32-32V304h144c17.67 0 32-14.33 32-32v-32c0-17.67-14.33-32-32-32z\"><\/path><\/svg><\/span>\n\t\t<\/span>\n\n\t\t\t\t\t\t<\/summary>\n\t\t\t\t<div role=\"region\" aria-labelledby=\"e-n-accordion-item-1910\" class=\"elementor-element elementor-element-ac8178c e-con-full e-flex e-con e-child\" data-id=\"ac8178c\" data-element_type=\"container\" data-e-type=\"container\">\n\t\t\t\t<div class=\"elementor-element elementor-element-9fb9dd0 elementor-widget elementor-widget-text-editor\" data-id=\"9fb9dd0\" data-element_type=\"widget\" data-e-type=\"widget\" data-widget_type=\"text-editor.default\">\n\t\t\t\t\t\t\t\t\t<p>[i] Veale DJ, Fearon U. <em>The pathogenesis of psoriatic arthritis.<\/em> Lancet. 2018 Jun 2;391(10136):2273-2284. doi: 10.1016\/S0140-6736(18)30830-4. Epub 2018 Jun 1. PMID: 29893226.    <\/p><div><strong>La section \u00ab Vivre avec la PsA \u00bb a \u00e9t\u00e9 r\u00e9dig\u00e9e par :<\/strong><\/div><div>Richie Jeremian, PhD Faculty of Medicine &amp; Health Sciences, McGill University<\/div><div>Yulia Lytvyn, PhD Temerty Faculty of Medicine, University of Toronto<\/div><div> <\/div><div><strong>La section \u00ab Vivre avec la PsA \u00bb a \u00e9t\u00e9 r\u00e9vis\u00e9e par :<\/strong><\/div><div>Dr. Vinod Chandran, April 2021<\/div>\t\t\t\t\t\t\t\t<\/div>\n\t\t\t\t<\/div>\n\t\t\t\t\t<\/details>\n\t\t\t\t\t<\/div>\n\t\t\t\t\t\t<\/div>\n\t\t\t\t\t<\/div>\n\t\t\t\t<\/div>\n\t\t<div class=\"elementor-element elementor-element-8b17806 e-flex e-con-boxed e-con e-parent\" data-id=\"8b17806\" data-element_type=\"container\" data-e-type=\"container\">\n\t\t\t\t\t<div class=\"e-con-inner\">\n\t\t\t\t\t<\/div>\n\t\t\t\t<\/div>\n\t\t\t\t<\/div>\n\t\t","protected":false},"excerpt":{"rendered":"<p>Vivre avec l&#8217;APS &#8211; Vue d&#8217;ensemble L\u2019arthrite (rhumatisme) psoriasique (APs) est une maladie inflammatoire chronique qui est diagnostiqu\u00e9e lorsque les sympt\u00f4mes du psoriasis sont accompagn\u00e9s d\u2019une inflammation des articulations1. Les personnes atteintes d\u2019APs pr\u00e9sentent donc des plaques de peau rouge, argent\u00e9e et squameuse, ainsi que des douleurs aux articulations, comme dans les mains, les pieds [&hellip;]<\/p>\n","protected":false},"author":1,"featured_media":0,"parent":1337,"menu_order":0,"comment_status":"closed","ping_status":"closed","template":"","meta":{"website_toolbox_forum_postUrl":"","website_toolbox_forum_category":"","website_toolbox_publish_on_forum":"","footnotes":""},"class_list":["post-1300","page","type-page","status-publish","hentry"],"yoast_head":"<!-- This site is optimized with the Yoast SEO plugin v27.4 - https:\/\/yoast.com\/product\/yoast-seo-wordpress\/ -->\n<title>Vivre avec le PsA - Vue d&#039;ensemble - Psoriasis Canada<\/title>\n<meta name=\"robots\" content=\"index, follow, max-snippet:-1, max-image-preview:large, max-video-preview:-1\" \/>\n<link rel=\"canonical\" href=\"https:\/\/psoriasiscanada.ca\/fr\/rhumatisme-psoriasique-quest-ce-que-le-rhumatisme-psoriasique\/vivre-avec-psoriasis\/\" \/>\n<meta property=\"og:locale\" content=\"fr_FR\" \/>\n<meta property=\"og:type\" content=\"article\" \/>\n<meta property=\"og:title\" content=\"Vivre avec le PsA - Vue d&#039;ensemble - Psoriasis Canada\" \/>\n<meta property=\"og:description\" content=\"Vivre avec l&#8217;APS &#8211; Vue d&#8217;ensemble L\u2019arthrite (rhumatisme) psoriasique (APs) est une maladie inflammatoire chronique qui est diagnostiqu\u00e9e lorsque les sympt\u00f4mes du psoriasis sont accompagn\u00e9s d\u2019une inflammation des articulations1. Les personnes atteintes d\u2019APs pr\u00e9sentent donc des plaques de peau rouge, argent\u00e9e et squameuse, ainsi que des douleurs aux articulations, comme dans les mains, les pieds [&hellip;]\" \/>\n<meta property=\"og:url\" content=\"https:\/\/psoriasiscanada.ca\/fr\/rhumatisme-psoriasique-quest-ce-que-le-rhumatisme-psoriasique\/vivre-avec-psoriasis\/\" \/>\n<meta property=\"og:site_name\" content=\"Psoriasis Canada\" \/>\n<meta property=\"article:publisher\" content=\"https:\/\/www.facebook.com\/PsoriasisCan1\" \/>\n<meta property=\"article:modified_time\" content=\"2026-01-28T15:44:13+00:00\" \/>\n<meta name=\"twitter:card\" content=\"summary_large_image\" \/>\n<meta name=\"twitter:label1\" content=\"Dur\u00e9e de lecture estim\u00e9e\" \/>\n\t<meta name=\"twitter:data1\" content=\"2 minutes\" \/>\n<script type=\"application\/ld+json\" class=\"yoast-schema-graph\">{\"@context\":\"https:\\\/\\\/schema.org\",\"@graph\":[{\"@type\":\"WebPage\",\"@id\":\"https:\\\/\\\/psoriasiscanada.ca\\\/fr\\\/rhumatisme-psoriasique-quest-ce-que-le-rhumatisme-psoriasique\\\/vivre-avec-psoriasis\\\/\",\"url\":\"https:\\\/\\\/psoriasiscanada.ca\\\/fr\\\/rhumatisme-psoriasique-quest-ce-que-le-rhumatisme-psoriasique\\\/vivre-avec-psoriasis\\\/\",\"name\":\"Vivre avec le PsA - Vue d'ensemble - Psoriasis Canada\",\"isPartOf\":{\"@id\":\"https:\\\/\\\/psoriasiscanada.ca\\\/#website\"},\"datePublished\":\"2026-01-19T16:53:03+00:00\",\"dateModified\":\"2026-01-28T15:44:13+00:00\",\"breadcrumb\":{\"@id\":\"https:\\\/\\\/psoriasiscanada.ca\\\/fr\\\/rhumatisme-psoriasique-quest-ce-que-le-rhumatisme-psoriasique\\\/vivre-avec-psoriasis\\\/#breadcrumb\"},\"inLanguage\":\"fr-FR\",\"potentialAction\":[{\"@type\":\"ReadAction\",\"target\":[\"https:\\\/\\\/psoriasiscanada.ca\\\/fr\\\/rhumatisme-psoriasique-quest-ce-que-le-rhumatisme-psoriasique\\\/vivre-avec-psoriasis\\\/\"]}]},{\"@type\":\"BreadcrumbList\",\"@id\":\"https:\\\/\\\/psoriasiscanada.ca\\\/fr\\\/rhumatisme-psoriasique-quest-ce-que-le-rhumatisme-psoriasique\\\/vivre-avec-psoriasis\\\/#breadcrumb\",\"itemListElement\":[{\"@type\":\"ListItem\",\"position\":1,\"name\":\"Home\",\"item\":\"https:\\\/\\\/psoriasiscanada.ca\\\/fr\\\/home\\\/\"},{\"@type\":\"ListItem\",\"position\":2,\"name\":\"Rhumatisme psoriasique &#8211; Qu&#8217;est-ce que le rhumatisme psoriasique ?\",\"item\":\"https:\\\/\\\/psoriasiscanada.ca\\\/fr\\\/rhumatisme-psoriasique-quest-ce-que-le-rhumatisme-psoriasique\\\/\"},{\"@type\":\"ListItem\",\"position\":3,\"name\":\"Vivre avec le PsA &#8211; Vue d&#8217;ensemble\"}]},{\"@type\":\"WebSite\",\"@id\":\"https:\\\/\\\/psoriasiscanada.ca\\\/#website\",\"url\":\"https:\\\/\\\/psoriasiscanada.ca\\\/\",\"name\":\"Psoriasis Canada\",\"description\":\"Psoriasis Canada\",\"publisher\":{\"@id\":\"https:\\\/\\\/psoriasiscanada.ca\\\/#organization\"},\"potentialAction\":[{\"@type\":\"SearchAction\",\"target\":{\"@type\":\"EntryPoint\",\"urlTemplate\":\"https:\\\/\\\/psoriasiscanada.ca\\\/?s={search_term_string}\"},\"query-input\":{\"@type\":\"PropertyValueSpecification\",\"valueRequired\":true,\"valueName\":\"search_term_string\"}}],\"inLanguage\":\"fr-FR\"},{\"@type\":\"Organization\",\"@id\":\"https:\\\/\\\/psoriasiscanada.ca\\\/#organization\",\"name\":\"Psoriasis Canada\",\"url\":\"https:\\\/\\\/psoriasiscanada.ca\\\/\",\"logo\":{\"@type\":\"ImageObject\",\"inLanguage\":\"fr-FR\",\"@id\":\"https:\\\/\\\/psoriasiscanada.ca\\\/#\\\/schema\\\/logo\\\/image\\\/\",\"url\":\"https:\\\/\\\/psoriasiscanada.ca\\\/wp-content\\\/uploads\\\/2025\\\/11\\\/logo.png\",\"contentUrl\":\"https:\\\/\\\/psoriasiscanada.ca\\\/wp-content\\\/uploads\\\/2025\\\/11\\\/logo.png\",\"width\":222,\"height\":73,\"caption\":\"Psoriasis Canada\"},\"image\":{\"@id\":\"https:\\\/\\\/psoriasiscanada.ca\\\/#\\\/schema\\\/logo\\\/image\\\/\"},\"sameAs\":[\"https:\\\/\\\/www.facebook.com\\\/PsoriasisCan1\",\"https:\\\/\\\/www.linkedin.com\\\/in\\\/psoriasiscan1\",\"https:\\\/\\\/www.youtube.com\\\/@PsoriasisCan1\"]}]}<\/script>\n<!-- \/ Yoast SEO plugin. -->","yoast_head_json":{"title":"Vivre avec le PsA - Vue d'ensemble - Psoriasis Canada","robots":{"index":"index","follow":"follow","max-snippet":"max-snippet:-1","max-image-preview":"max-image-preview:large","max-video-preview":"max-video-preview:-1"},"canonical":"https:\/\/psoriasiscanada.ca\/fr\/rhumatisme-psoriasique-quest-ce-que-le-rhumatisme-psoriasique\/vivre-avec-psoriasis\/","og_locale":"fr_FR","og_type":"article","og_title":"Vivre avec le PsA - Vue d'ensemble - Psoriasis Canada","og_description":"Vivre avec l&#8217;APS &#8211; Vue d&#8217;ensemble L\u2019arthrite (rhumatisme) psoriasique (APs) est une maladie inflammatoire chronique qui est diagnostiqu\u00e9e lorsque les sympt\u00f4mes du psoriasis sont accompagn\u00e9s d\u2019une inflammation des articulations1. Les personnes atteintes d\u2019APs pr\u00e9sentent donc des plaques de peau rouge, argent\u00e9e et squameuse, ainsi que des douleurs aux articulations, comme dans les mains, les pieds [&hellip;]","og_url":"https:\/\/psoriasiscanada.ca\/fr\/rhumatisme-psoriasique-quest-ce-que-le-rhumatisme-psoriasique\/vivre-avec-psoriasis\/","og_site_name":"Psoriasis Canada","article_publisher":"https:\/\/www.facebook.com\/PsoriasisCan1","article_modified_time":"2026-01-28T15:44:13+00:00","twitter_card":"summary_large_image","twitter_misc":{"Dur\u00e9e de lecture estim\u00e9e":"2 minutes"},"schema":{"@context":"https:\/\/schema.org","@graph":[{"@type":"WebPage","@id":"https:\/\/psoriasiscanada.ca\/fr\/rhumatisme-psoriasique-quest-ce-que-le-rhumatisme-psoriasique\/vivre-avec-psoriasis\/","url":"https:\/\/psoriasiscanada.ca\/fr\/rhumatisme-psoriasique-quest-ce-que-le-rhumatisme-psoriasique\/vivre-avec-psoriasis\/","name":"Vivre avec le PsA - Vue d'ensemble - Psoriasis Canada","isPartOf":{"@id":"https:\/\/psoriasiscanada.ca\/#website"},"datePublished":"2026-01-19T16:53:03+00:00","dateModified":"2026-01-28T15:44:13+00:00","breadcrumb":{"@id":"https:\/\/psoriasiscanada.ca\/fr\/rhumatisme-psoriasique-quest-ce-que-le-rhumatisme-psoriasique\/vivre-avec-psoriasis\/#breadcrumb"},"inLanguage":"fr-FR","potentialAction":[{"@type":"ReadAction","target":["https:\/\/psoriasiscanada.ca\/fr\/rhumatisme-psoriasique-quest-ce-que-le-rhumatisme-psoriasique\/vivre-avec-psoriasis\/"]}]},{"@type":"BreadcrumbList","@id":"https:\/\/psoriasiscanada.ca\/fr\/rhumatisme-psoriasique-quest-ce-que-le-rhumatisme-psoriasique\/vivre-avec-psoriasis\/#breadcrumb","itemListElement":[{"@type":"ListItem","position":1,"name":"Home","item":"https:\/\/psoriasiscanada.ca\/fr\/home\/"},{"@type":"ListItem","position":2,"name":"Rhumatisme psoriasique &#8211; Qu&#8217;est-ce que le rhumatisme psoriasique ?","item":"https:\/\/psoriasiscanada.ca\/fr\/rhumatisme-psoriasique-quest-ce-que-le-rhumatisme-psoriasique\/"},{"@type":"ListItem","position":3,"name":"Vivre avec le PsA &#8211; Vue d&#8217;ensemble"}]},{"@type":"WebSite","@id":"https:\/\/psoriasiscanada.ca\/#website","url":"https:\/\/psoriasiscanada.ca\/","name":"Psoriasis Canada","description":"Psoriasis Canada","publisher":{"@id":"https:\/\/psoriasiscanada.ca\/#organization"},"potentialAction":[{"@type":"SearchAction","target":{"@type":"EntryPoint","urlTemplate":"https:\/\/psoriasiscanada.ca\/?s={search_term_string}"},"query-input":{"@type":"PropertyValueSpecification","valueRequired":true,"valueName":"search_term_string"}}],"inLanguage":"fr-FR"},{"@type":"Organization","@id":"https:\/\/psoriasiscanada.ca\/#organization","name":"Psoriasis Canada","url":"https:\/\/psoriasiscanada.ca\/","logo":{"@type":"ImageObject","inLanguage":"fr-FR","@id":"https:\/\/psoriasiscanada.ca\/#\/schema\/logo\/image\/","url":"https:\/\/psoriasiscanada.ca\/wp-content\/uploads\/2025\/11\/logo.png","contentUrl":"https:\/\/psoriasiscanada.ca\/wp-content\/uploads\/2025\/11\/logo.png","width":222,"height":73,"caption":"Psoriasis Canada"},"image":{"@id":"https:\/\/psoriasiscanada.ca\/#\/schema\/logo\/image\/"},"sameAs":["https:\/\/www.facebook.com\/PsoriasisCan1","https:\/\/www.linkedin.com\/in\/psoriasiscan1","https:\/\/www.youtube.com\/@PsoriasisCan1"]}]}},"_links":{"self":[{"href":"https:\/\/psoriasiscanada.ca\/fr\/wp-json\/wp\/v2\/pages\/1300","targetHints":{"allow":["GET"]}}],"collection":[{"href":"https:\/\/psoriasiscanada.ca\/fr\/wp-json\/wp\/v2\/pages"}],"about":[{"href":"https:\/\/psoriasiscanada.ca\/fr\/wp-json\/wp\/v2\/types\/page"}],"author":[{"embeddable":true,"href":"https:\/\/psoriasiscanada.ca\/fr\/wp-json\/wp\/v2\/users\/1"}],"replies":[{"embeddable":true,"href":"https:\/\/psoriasiscanada.ca\/fr\/wp-json\/wp\/v2\/comments?post=1300"}],"version-history":[{"count":3,"href":"https:\/\/psoriasiscanada.ca\/fr\/wp-json\/wp\/v2\/pages\/1300\/revisions"}],"predecessor-version":[{"id":1355,"href":"https:\/\/psoriasiscanada.ca\/fr\/wp-json\/wp\/v2\/pages\/1300\/revisions\/1355"}],"up":[{"embeddable":true,"href":"https:\/\/psoriasiscanada.ca\/fr\/wp-json\/wp\/v2\/pages\/1337"}],"wp:attachment":[{"href":"https:\/\/psoriasiscanada.ca\/fr\/wp-json\/wp\/v2\/media?parent=1300"}],"curies":[{"name":"wp","href":"https:\/\/api.w.org\/{rel}","templated":true}]}}