{"id":1291,"date":"2026-01-14T22:53:35","date_gmt":"2026-01-14T22:53:35","guid":{"rendered":"https:\/\/psocan.marketaccess.ca\/a-propos-du-psoriasis\/psoriasis-pediatrique\/"},"modified":"2026-01-27T22:16:35","modified_gmt":"2026-01-27T22:16:35","slug":"psoriasis-pediatrique","status":"publish","type":"page","link":"https:\/\/psoriasiscanada.ca\/fr\/a-propos-du-psoriasis\/psoriasis-pediatrique\/","title":{"rendered":"Psoriasis p\u00e9diatrique"},"content":{"rendered":"\t\t<div data-elementor-type=\"wp-page\" data-elementor-id=\"1291\" class=\"elementor elementor-1291 elementor-593\" data-elementor-post-type=\"page\">\n\t\t\t\t<div class=\"elementor-element elementor-element-610e84e e-flex e-con-boxed e-con e-parent\" data-id=\"610e84e\" data-element_type=\"container\" data-e-type=\"container\">\n\t\t\t\t\t<div class=\"e-con-inner\">\n\t\t\t\t<div class=\"elementor-element elementor-element-2268309 elementor-widget elementor-widget-heading\" data-id=\"2268309\" data-element_type=\"widget\" data-e-type=\"widget\" data-widget_type=\"heading.default\">\n\t\t\t\t\t<h2 class=\"elementor-heading-title elementor-size-default\">Psoriasis p\u00e9diatrique<\/h2>\t\t\t\t<\/div>\n\t\t\t\t<div class=\"elementor-element elementor-element-a7b40c1 elementor-widget elementor-widget-text-editor\" data-id=\"a7b40c1\" data-element_type=\"widget\" data-e-type=\"widget\" data-widget_type=\"text-editor.default\">\n\t\t\t\t\t\t\t\t\t<div class=\"et_pb_row_inner et_pb_row_inner_0\"><div class=\"et_pb_column et_pb_column_4_4 et_pb_column_inner et_pb_column_inner_0 et-last-child\"><div class=\"et_pb_module et_pb_text et_pb_text_0 et_pb_text_align_left et_pb_bg_layout_light\"><div class=\"et_pb_text_inner\"><h3>Enfants et adolescents atteints de psoriasis<\/h3><p>On estime qu\u2019environ 1 % des enfants re\u00e7oivent un diagnostic de psoriasis, mais ce chiffre est largement sous-estim\u00e9. On suppose souvent que les enfants ne pr\u00e9sentant que des sympt\u00f4mes l\u00e9gers renoncent \u00e0 une assistance m\u00e9dicale ou sont mal diagnostiqu\u00e9s, car le psoriasis peut parfois \u00eatre confondu avec l\u2019ecz\u00e9ma ou l\u2019\u00e9ryth\u00e8me fessier chez les enfants. <\/p><p>Le psoriasis peut se manifester chez les enfants \u00e2g\u00e9s de 7 \u00e0 11 ans. Il est probable que les enfants qui re\u00e7oivent un diagnostic de psoriasis aient un parent ou un fr\u00e8re ou une s\u0153ur atteints de la maladie, mais il est toujours possible que des personnes sans ant\u00e9c\u00e9dents familiaux en d\u00e9veloppent. Bien que le taux d\u2019infection soit faible, l\u2019impact peut \u00eatre assez \u00e9lev\u00e9, tant sur le plan physique que mental.  <\/p><\/div><\/div><\/div><\/div><div class=\"et_pb_row_inner et_pb_row_inner_1\"><div class=\"et_pb_column et_pb_column_4_4 et_pb_column_inner et_pb_column_inner_1 et-last-child\"><div class=\"et_pb_module et_pb_text et_pb_text_1 et_pb_text_align_left et_pb_bg_layout_light\"><div class=\"et_pb_text_inner\"><h3>Types de psoriasis chez l\u2019enfant<\/h3><\/div><\/div><\/div><\/div><div class=\"et_pb_row_inner et_pb_row_inner_2\"><div class=\"et_pb_column et_pb_column_4_4 et_pb_column_inner et_pb_column_inner_2 et-last-child\"><div class=\"et_pb_module et_pb_text et_pb_text_2 et_pb_text_align_left et_pb_bg_layout_light\"><div class=\"et_pb_text_inner\">Les types de psoriasis observ\u00e9s chez les enfants sont similaires \u00e0 ceux que l\u2019on trouve chez les adultes, mais ils se manifestent \u00e0 des rythmes diff\u00e9rents. Le psoriasis en plaques, en gouttes, pustuleux et \u00e9rythrodermique sont les plus fr\u00e9quents chez les enfants. Le psoriasis en plaques reste la forme la plus courante de psoriasis, mais les l\u00e9sions cutan\u00e9es sont relativement plus fines, plus douces et moins squameuses chez les enfants que chez les adultes. Le psoriasis est g\u00e9n\u00e9ralement pr\u00e9sent sur les ongles, le cuir chevelu, derri\u00e8re les oreilles, les coudes, les genoux et le nombril des enfants.   <\/div><\/div><\/div><\/div><div class=\"et_pb_row_inner et_pb_row_inner_3\"><div class=\"et_pb_column et_pb_column_4_4 et_pb_column_inner et_pb_column_inner_3 et-last-child\"><div class=\"et_pb_module et_pb_text et_pb_text_3 et_pb_text_align_left et_pb_bg_layout_light\"><div class=\"et_pb_text_inner\"><h3>D\u00e9clencheurs courants<\/h3><p>Le psoriasis p\u00e9diatrique peut \u00eatre associ\u00e9 au stress \u00e9motionnel, \u00e0 une blessure de la peau et \u00e0 la fum\u00e9e secondaire de cigarette. Le psoriasis chez l\u2019enfant est \u00e9galement souvent diagnostiqu\u00e9 \u00e0 la suite d\u2019une infection ou d\u2019une maladie virale, notamment l\u2019angine streptococcique. Les enfants peuvent \u00e9galement conna\u00eetre une pouss\u00e9e apr\u00e8s une otite, une bronchite, une amygdalite ou une infection respiratoire.  <\/p><\/div><\/div><\/div><\/div><div class=\"et_pb_row_inner et_pb_row_inner_4\"><div class=\"et_pb_column et_pb_column_4_4 et_pb_column_inner et_pb_column_inner_4 et-last-child\"><div class=\"et_pb_module et_pb_text et_pb_text_4 et_pb_text_align_left et_pb_bg_layout_light\"><div class=\"et_pb_text_inner\"><h3>Options de traitement<\/h3><p>Lors du premier diagnostic, le m\u00e9decin de votre enfant vous interrogera probablement sur les habitudes et les ant\u00e9c\u00e9dents de votre famille afin de d\u00e9terminer les facteurs de risque que votre enfant pourrait pr\u00e9senter. Ensuite, vous, votre enfant et son m\u00e9decin travaillerez ensemble pour d\u00e9terminer le meilleur traitement pour lui. <\/p><p>Certaines formes courantes de traitement pour les enfants sont des solutions topiques telles que l\u2019anthraline, les corticost\u00e9ro\u00efdes, le goudron de houille et le calcipotri\u00e8ne. Ils se pr\u00e9sentent sous la forme de cr\u00e8mes, d\u2019onguents ou de pommades. Le m\u00e9decin de votre enfant peut recommander une phototh\u00e9rapie ou des m\u00e9dicaments par voie orale s\u2019il ne r\u00e9pond pas bien aux traitements topiques.  <\/p><\/div><\/div><\/div><\/div><div class=\"et_pb_row_inner et_pb_row_inner_5\"><div class=\"et_pb_column et_pb_column_4_4 et_pb_column_inner et_pb_column_inner_5 et-last-child\"><div class=\"et_pb_module et_pb_text et_pb_text_5 et_pb_text_align_left et_pb_bg_layout_light\"><div class=\"et_pb_text_inner\"><h3>Au-del\u00e0 de l\u2019aspect physique<\/h3><p>Que votre enfant vienne d\u2019\u00eatre diagnostiqu\u00e9 ou qu\u2019il souffre de psoriasis depuis longtemps, le fait d\u2019\u00eatre atteint de psoriasis peut \u00eatre un d\u00e9fi pour vous et votre enfant. Pour certains, il ne s\u2019agit que d\u2019un d\u00e9sagr\u00e9ment mineur, mais pour d\u2019autres, cela peut \u00eatre beaucoup plus inqui\u00e9tant. L\u2019impact \u00e9motionnel du psoriasis ne d\u00e9pend pas toujours de sa gravit\u00e9, mais des sentiments de la personne \u00e0 l\u2019\u00e9gard de la maladie et de ses sympt\u00f4mes. Les enfants atteints de psoriasis courent un risque accru de d\u00e9velopper des probl\u00e8mes d\u2019estime de soi, d\u2019anxi\u00e9t\u00e9, de d\u00e9pression et de toxicomanie en vieillissant. Ils peuvent \u00e9prouver des sentiments de honte et d\u2019isolement ou \u00eatre victimes d\u2019intimidation de la part de leurs camarades.    <\/p><p>La maladie psoriasique peut affecter toute la famille. En tant que parent ou prestataire de soins, les sentiments d\u2019inqui\u00e9tude, de pr\u00e9occupation et de frustration peuvent \u00eatre courants. En plus des r\u00e9percussions \u00e9motionnelles du psoriasis, vous pouvez \u00e9galement \u00eatre confront\u00e9 \u00e0 des traitements co\u00fbteux et longs qui peuvent repr\u00e9senter un fardeau financier pour vous et votre famille.  <\/p><p>Il est important de collaborer avec le m\u00e9decin de votre enfant non seulement pour la prise en charge de son psoriasis, mais aussi pour \u00e9viter les r\u00e9percussions psychologiques n\u00e9gatives que le psoriasis peut entra\u00eener. De plus, il existe de nombreuses autres ressources pour vous aider, vous et votre enfant, \u00e0 g\u00e9rer les probl\u00e8mes \u00e9motionnels. Le m\u00e9decin de votre enfant peut vous recommander de travailler avec un th\u00e9rapeute ou de vous joindre \u00e0 un groupe de soutien.  <\/p><\/div><\/div><div class=\"et_pb_module et_pb_text et_pb_text_6 et_pb_text_align_left et_pb_bg_layout_light\"><div class=\"et_pb_text_inner\"><h3>Ressources<\/h3><p>Consultez ici notre liste de questions \u00e0 poser \u00e0 votre m\u00e9decin sur le psoriasis et les options de traitement.<\/p><p>Jeunesse, J\u2019\u00e9coute : <a href=\"https:\/\/jeunessejecoute.ca\" target=\"_blank\" rel=\"noopener\">https:\/\/jeunessejecoute.ca<\/a><\/p><\/div><\/div><\/div><\/div>\t\t\t\t\t\t\t\t<\/div>\n\t\t\t\t<div class=\"elementor-element elementor-element-3adead8 elementor-widget elementor-widget-n-accordion\" data-id=\"3adead8\" data-element_type=\"widget\" data-e-type=\"widget\" data-settings=\"{&quot;default_state&quot;:&quot;all_collapsed&quot;,&quot;max_items_expended&quot;:&quot;one&quot;,&quot;n_accordion_animation_duration&quot;:{&quot;unit&quot;:&quot;ms&quot;,&quot;size&quot;:400,&quot;sizes&quot;:[]}}\" data-widget_type=\"nested-accordion.default\">\n\t\t\t\t\t\t\t<div class=\"e-n-accordion\" aria-label=\"Accordion. Open links with Enter or Space, close with Escape, and navigate with Arrow Keys\">\n\t\t\t\t\t\t<details id=\"e-n-accordion-item-6170\" class=\"e-n-accordion-item\" >\n\t\t\t\t<summary class=\"e-n-accordion-item-title\" data-accordion-index=\"1\" tabindex=\"0\" aria-expanded=\"false\" aria-controls=\"e-n-accordion-item-6170\" >\n\t\t\t\t\t<span class='e-n-accordion-item-title-header'><div class=\"e-n-accordion-item-title-text\"> R\u00e9f\u00e9rences <\/div><\/span>\n\t\t\t\t\t\t\t<span class='e-n-accordion-item-title-icon'>\n\t\t\t<span class='e-opened' ><svg aria-hidden=\"true\" class=\"e-font-icon-svg e-fas-minus\" viewBox=\"0 0 448 512\" xmlns=\"http:\/\/www.w3.org\/2000\/svg\"><path d=\"M416 208H32c-17.67 0-32 14.33-32 32v32c0 17.67 14.33 32 32 32h384c17.67 0 32-14.33 32-32v-32c0-17.67-14.33-32-32-32z\"><\/path><\/svg><\/span>\n\t\t\t<span class='e-closed'><svg aria-hidden=\"true\" class=\"e-font-icon-svg e-fas-plus\" viewBox=\"0 0 448 512\" xmlns=\"http:\/\/www.w3.org\/2000\/svg\"><path d=\"M416 208H272V64c0-17.67-14.33-32-32-32h-32c-17.67 0-32 14.33-32 32v144H32c-17.67 0-32 14.33-32 32v32c0 17.67 14.33 32 32 32h144v144c0 17.67 14.33 32 32 32h32c17.67 0 32-14.33 32-32V304h144c17.67 0 32-14.33 32-32v-32c0-17.67-14.33-32-32-32z\"><\/path><\/svg><\/span>\n\t\t<\/span>\n\n\t\t\t\t\t\t<\/summary>\n\t\t\t\t<div role=\"region\" aria-labelledby=\"e-n-accordion-item-6170\" class=\"elementor-element elementor-element-f4e8e09 e-con-full e-flex e-con e-child\" data-id=\"f4e8e09\" data-element_type=\"container\" data-e-type=\"container\">\n\t\t<div role=\"region\" aria-labelledby=\"e-n-accordion-item-6170\" class=\"elementor-element elementor-element-42cae75 e-flex e-con-boxed e-con e-child\" data-id=\"42cae75\" data-element_type=\"container\" data-e-type=\"container\">\n\t\t\t\t\t<div class=\"e-con-inner\">\n\t\t\t\t<div class=\"elementor-element elementor-element-876824a elementor-widget elementor-widget-text-editor\" data-id=\"876824a\" data-element_type=\"widget\" data-e-type=\"widget\" data-widget_type=\"text-editor.default\">\n\t\t\t\t\t\t\t\t\t<ul><li>2011: <a href=\"https:\/\/www.ncbi.nlm.nih.gov\/pmc\/articles\/PMC3132900\/\" target=\"_blank\" rel=\"noopener\">https:\/\/www.ncbi.nlm.nih.gov\/pmc\/articles\/PMC3132900\/<\/a><\/li><li>2011: <a href=\"https:\/\/onlinelibrary.wiley.com\/doi\/10.1111\/j.1525-1470.2011.01489.x\" target=\"_blank\" rel=\"noopener\">https:\/\/onlinelibrary.wiley.com\/doi\/10.1111\/j.1525-1470.2011.01489.x<\/a><\/li><li>2011, Quality of Life: <a href=\"https:\/\/pubmed.ncbi.nlm.nih.gov\/22101138\/\" target=\"_blank\" rel=\"noopener\">https:\/\/pubmed.ncbi.nlm.nih.gov\/22101138\/<\/a><\/li><li>2016: <a href=\"https:\/\/www.ncbi.nlm.nih.gov\/pmc\/articles\/PMC5683121\/\" target=\"_blank\" rel=\"noopener\">https:\/\/www.ncbi.nlm.nih.gov\/pmc\/articles\/PMC5683121\/<\/a><\/li><li>2017: <a href=\"https:\/\/pubmed.ncbi.nlm.nih.gov\/28540590\/\" target=\"_blank\" rel=\"noopener\">https:\/\/pubmed.ncbi.nlm.nih.gov\/28540590\/<\/a><\/li><li>2018: <a title=\"https:\/\/pubmed.ncbi.nlm.nih.gov\/29314219\/\" href=\"https:\/\/pubmed.ncbi.nlm.nih.gov\/29314219\/\" target=\"_blank\" rel=\"noopener\">https:\/\/pubmed.ncbi.nlm.nih.gov\/29314219\/<\/a><\/li><li>2018, Quality of Life: <a href=\"https:\/\/pubmed.ncbi.nlm.nih.gov\/29984848\/\" target=\"_blank\" rel=\"noopener\">https:\/\/pubmed.ncbi.nlm.nih.gov\/29984848\/<\/a><\/li><li>2020: <a title=\"https:\/\/pubmed.ncbi.nlm.nih.gov\/31703821\/\" href=\"https:\/\/pubmed.ncbi.nlm.nih.gov\/31703821\/\" target=\"_blank\" rel=\"noopener\">https:\/\/pubmed.ncbi.nlm.nih.gov\/31703821\/<\/a><\/li><\/ul>\t\t\t\t\t\t\t\t<\/div>\n\t\t\t\t\t<\/div>\n\t\t\t\t<\/div>\n\t\t\t\t<\/div>\n\t\t\t\t\t<\/details>\n\t\t\t\t\t<\/div>\n\t\t\t\t\t\t<\/div>\n\t\t\t\t\t<\/div>\n\t\t\t\t<\/div>\n\t\t\t\t<\/div>\n\t\t","protected":false},"excerpt":{"rendered":"<p>Psoriasis p\u00e9diatrique Enfants et adolescents atteints de psoriasis On estime qu\u2019environ 1 % des enfants re\u00e7oivent un diagnostic de psoriasis, mais ce chiffre est largement sous-estim\u00e9. On suppose souvent que les enfants ne pr\u00e9sentant que des sympt\u00f4mes l\u00e9gers renoncent \u00e0 une assistance m\u00e9dicale ou sont mal diagnostiqu\u00e9s, car le psoriasis peut parfois \u00eatre confondu avec [&hellip;]<\/p>\n","protected":false},"author":1,"featured_media":0,"parent":1244,"menu_order":0,"comment_status":"closed","ping_status":"closed","template":"","meta":{"website_toolbox_forum_postUrl":"","website_toolbox_forum_category":"","website_toolbox_publish_on_forum":"","footnotes":""},"class_list":["post-1291","page","type-page","status-publish","hentry"],"yoast_head":"<!-- This site is optimized with the Yoast SEO plugin v27.4 - https:\/\/yoast.com\/product\/yoast-seo-wordpress\/ -->\n<title>Psoriasis p\u00e9diatrique - Psoriasis Canada<\/title>\n<meta name=\"robots\" content=\"index, follow, max-snippet:-1, max-image-preview:large, max-video-preview:-1\" \/>\n<link rel=\"canonical\" href=\"https:\/\/psoriasiscanada.ca\/fr\/a-propos-du-psoriasis\/psoriasis-pediatrique\/\" \/>\n<meta property=\"og:locale\" content=\"fr_FR\" \/>\n<meta property=\"og:type\" content=\"article\" \/>\n<meta property=\"og:title\" content=\"Psoriasis p\u00e9diatrique - Psoriasis Canada\" \/>\n<meta property=\"og:description\" content=\"Psoriasis p\u00e9diatrique Enfants et adolescents atteints de psoriasis On estime qu\u2019environ 1 % des enfants re\u00e7oivent un diagnostic de psoriasis, mais ce chiffre est largement sous-estim\u00e9. On suppose souvent que les enfants ne pr\u00e9sentant que des sympt\u00f4mes l\u00e9gers renoncent \u00e0 une assistance m\u00e9dicale ou sont mal diagnostiqu\u00e9s, car le psoriasis peut parfois \u00eatre confondu avec [&hellip;]\" \/>\n<meta property=\"og:url\" content=\"https:\/\/psoriasiscanada.ca\/fr\/a-propos-du-psoriasis\/psoriasis-pediatrique\/\" \/>\n<meta property=\"og:site_name\" content=\"Psoriasis Canada\" \/>\n<meta property=\"article:publisher\" content=\"https:\/\/www.facebook.com\/PsoriasisCan1\" \/>\n<meta property=\"article:modified_time\" content=\"2026-01-27T22:16:35+00:00\" \/>\n<meta name=\"twitter:card\" content=\"summary_large_image\" \/>\n<meta name=\"twitter:label1\" content=\"Dur\u00e9e de lecture estim\u00e9e\" \/>\n\t<meta name=\"twitter:data1\" content=\"4 minutes\" \/>\n<script type=\"application\/ld+json\" class=\"yoast-schema-graph\">{\"@context\":\"https:\\\/\\\/schema.org\",\"@graph\":[{\"@type\":\"WebPage\",\"@id\":\"https:\\\/\\\/psoriasiscanada.ca\\\/fr\\\/a-propos-du-psoriasis\\\/psoriasis-pediatrique\\\/\",\"url\":\"https:\\\/\\\/psoriasiscanada.ca\\\/fr\\\/a-propos-du-psoriasis\\\/psoriasis-pediatrique\\\/\",\"name\":\"Psoriasis p\u00e9diatrique - Psoriasis Canada\",\"isPartOf\":{\"@id\":\"https:\\\/\\\/psoriasiscanada.ca\\\/#website\"},\"datePublished\":\"2026-01-14T22:53:35+00:00\",\"dateModified\":\"2026-01-27T22:16:35+00:00\",\"breadcrumb\":{\"@id\":\"https:\\\/\\\/psoriasiscanada.ca\\\/fr\\\/a-propos-du-psoriasis\\\/psoriasis-pediatrique\\\/#breadcrumb\"},\"inLanguage\":\"fr-FR\",\"potentialAction\":[{\"@type\":\"ReadAction\",\"target\":[\"https:\\\/\\\/psoriasiscanada.ca\\\/fr\\\/a-propos-du-psoriasis\\\/psoriasis-pediatrique\\\/\"]}]},{\"@type\":\"BreadcrumbList\",\"@id\":\"https:\\\/\\\/psoriasiscanada.ca\\\/fr\\\/a-propos-du-psoriasis\\\/psoriasis-pediatrique\\\/#breadcrumb\",\"itemListElement\":[{\"@type\":\"ListItem\",\"position\":1,\"name\":\"Home\",\"item\":\"https:\\\/\\\/psoriasiscanada.ca\\\/fr\\\/home\\\/\"},{\"@type\":\"ListItem\",\"position\":2,\"name\":\"\u00c0 propos du psoriasis\",\"item\":\"https:\\\/\\\/psoriasiscanada.ca\\\/fr\\\/a-propos-du-psoriasis\\\/\"},{\"@type\":\"ListItem\",\"position\":3,\"name\":\"Psoriasis p\u00e9diatrique\"}]},{\"@type\":\"WebSite\",\"@id\":\"https:\\\/\\\/psoriasiscanada.ca\\\/#website\",\"url\":\"https:\\\/\\\/psoriasiscanada.ca\\\/\",\"name\":\"Psoriasis Canada\",\"description\":\"Psoriasis Canada\",\"publisher\":{\"@id\":\"https:\\\/\\\/psoriasiscanada.ca\\\/#organization\"},\"potentialAction\":[{\"@type\":\"SearchAction\",\"target\":{\"@type\":\"EntryPoint\",\"urlTemplate\":\"https:\\\/\\\/psoriasiscanada.ca\\\/?s={search_term_string}\"},\"query-input\":{\"@type\":\"PropertyValueSpecification\",\"valueRequired\":true,\"valueName\":\"search_term_string\"}}],\"inLanguage\":\"fr-FR\"},{\"@type\":\"Organization\",\"@id\":\"https:\\\/\\\/psoriasiscanada.ca\\\/#organization\",\"name\":\"Psoriasis Canada\",\"url\":\"https:\\\/\\\/psoriasiscanada.ca\\\/\",\"logo\":{\"@type\":\"ImageObject\",\"inLanguage\":\"fr-FR\",\"@id\":\"https:\\\/\\\/psoriasiscanada.ca\\\/#\\\/schema\\\/logo\\\/image\\\/\",\"url\":\"https:\\\/\\\/psoriasiscanada.ca\\\/wp-content\\\/uploads\\\/2025\\\/11\\\/logo.png\",\"contentUrl\":\"https:\\\/\\\/psoriasiscanada.ca\\\/wp-content\\\/uploads\\\/2025\\\/11\\\/logo.png\",\"width\":222,\"height\":73,\"caption\":\"Psoriasis Canada\"},\"image\":{\"@id\":\"https:\\\/\\\/psoriasiscanada.ca\\\/#\\\/schema\\\/logo\\\/image\\\/\"},\"sameAs\":[\"https:\\\/\\\/www.facebook.com\\\/PsoriasisCan1\",\"https:\\\/\\\/www.linkedin.com\\\/in\\\/psoriasiscan1\",\"https:\\\/\\\/www.youtube.com\\\/@PsoriasisCan1\"]}]}<\/script>\n<!-- \/ Yoast SEO plugin. -->","yoast_head_json":{"title":"Psoriasis p\u00e9diatrique - Psoriasis Canada","robots":{"index":"index","follow":"follow","max-snippet":"max-snippet:-1","max-image-preview":"max-image-preview:large","max-video-preview":"max-video-preview:-1"},"canonical":"https:\/\/psoriasiscanada.ca\/fr\/a-propos-du-psoriasis\/psoriasis-pediatrique\/","og_locale":"fr_FR","og_type":"article","og_title":"Psoriasis p\u00e9diatrique - Psoriasis Canada","og_description":"Psoriasis p\u00e9diatrique Enfants et adolescents atteints de psoriasis On estime qu\u2019environ 1 % des enfants re\u00e7oivent un diagnostic de psoriasis, mais ce chiffre est largement sous-estim\u00e9. On suppose souvent que les enfants ne pr\u00e9sentant que des sympt\u00f4mes l\u00e9gers renoncent \u00e0 une assistance m\u00e9dicale ou sont mal diagnostiqu\u00e9s, car le psoriasis peut parfois \u00eatre confondu avec [&hellip;]","og_url":"https:\/\/psoriasiscanada.ca\/fr\/a-propos-du-psoriasis\/psoriasis-pediatrique\/","og_site_name":"Psoriasis Canada","article_publisher":"https:\/\/www.facebook.com\/PsoriasisCan1","article_modified_time":"2026-01-27T22:16:35+00:00","twitter_card":"summary_large_image","twitter_misc":{"Dur\u00e9e de lecture estim\u00e9e":"4 minutes"},"schema":{"@context":"https:\/\/schema.org","@graph":[{"@type":"WebPage","@id":"https:\/\/psoriasiscanada.ca\/fr\/a-propos-du-psoriasis\/psoriasis-pediatrique\/","url":"https:\/\/psoriasiscanada.ca\/fr\/a-propos-du-psoriasis\/psoriasis-pediatrique\/","name":"Psoriasis p\u00e9diatrique - Psoriasis Canada","isPartOf":{"@id":"https:\/\/psoriasiscanada.ca\/#website"},"datePublished":"2026-01-14T22:53:35+00:00","dateModified":"2026-01-27T22:16:35+00:00","breadcrumb":{"@id":"https:\/\/psoriasiscanada.ca\/fr\/a-propos-du-psoriasis\/psoriasis-pediatrique\/#breadcrumb"},"inLanguage":"fr-FR","potentialAction":[{"@type":"ReadAction","target":["https:\/\/psoriasiscanada.ca\/fr\/a-propos-du-psoriasis\/psoriasis-pediatrique\/"]}]},{"@type":"BreadcrumbList","@id":"https:\/\/psoriasiscanada.ca\/fr\/a-propos-du-psoriasis\/psoriasis-pediatrique\/#breadcrumb","itemListElement":[{"@type":"ListItem","position":1,"name":"Home","item":"https:\/\/psoriasiscanada.ca\/fr\/home\/"},{"@type":"ListItem","position":2,"name":"\u00c0 propos du psoriasis","item":"https:\/\/psoriasiscanada.ca\/fr\/a-propos-du-psoriasis\/"},{"@type":"ListItem","position":3,"name":"Psoriasis p\u00e9diatrique"}]},{"@type":"WebSite","@id":"https:\/\/psoriasiscanada.ca\/#website","url":"https:\/\/psoriasiscanada.ca\/","name":"Psoriasis Canada","description":"Psoriasis Canada","publisher":{"@id":"https:\/\/psoriasiscanada.ca\/#organization"},"potentialAction":[{"@type":"SearchAction","target":{"@type":"EntryPoint","urlTemplate":"https:\/\/psoriasiscanada.ca\/?s={search_term_string}"},"query-input":{"@type":"PropertyValueSpecification","valueRequired":true,"valueName":"search_term_string"}}],"inLanguage":"fr-FR"},{"@type":"Organization","@id":"https:\/\/psoriasiscanada.ca\/#organization","name":"Psoriasis Canada","url":"https:\/\/psoriasiscanada.ca\/","logo":{"@type":"ImageObject","inLanguage":"fr-FR","@id":"https:\/\/psoriasiscanada.ca\/#\/schema\/logo\/image\/","url":"https:\/\/psoriasiscanada.ca\/wp-content\/uploads\/2025\/11\/logo.png","contentUrl":"https:\/\/psoriasiscanada.ca\/wp-content\/uploads\/2025\/11\/logo.png","width":222,"height":73,"caption":"Psoriasis Canada"},"image":{"@id":"https:\/\/psoriasiscanada.ca\/#\/schema\/logo\/image\/"},"sameAs":["https:\/\/www.facebook.com\/PsoriasisCan1","https:\/\/www.linkedin.com\/in\/psoriasiscan1","https:\/\/www.youtube.com\/@PsoriasisCan1"]}]}},"_links":{"self":[{"href":"https:\/\/psoriasiscanada.ca\/fr\/wp-json\/wp\/v2\/pages\/1291","targetHints":{"allow":["GET"]}}],"collection":[{"href":"https:\/\/psoriasiscanada.ca\/fr\/wp-json\/wp\/v2\/pages"}],"about":[{"href":"https:\/\/psoriasiscanada.ca\/fr\/wp-json\/wp\/v2\/types\/page"}],"author":[{"embeddable":true,"href":"https:\/\/psoriasiscanada.ca\/fr\/wp-json\/wp\/v2\/users\/1"}],"replies":[{"embeddable":true,"href":"https:\/\/psoriasiscanada.ca\/fr\/wp-json\/wp\/v2\/comments?post=1291"}],"version-history":[{"count":1,"href":"https:\/\/psoriasiscanada.ca\/fr\/wp-json\/wp\/v2\/pages\/1291\/revisions"}],"predecessor-version":[{"id":1292,"href":"https:\/\/psoriasiscanada.ca\/fr\/wp-json\/wp\/v2\/pages\/1291\/revisions\/1292"}],"up":[{"embeddable":true,"href":"https:\/\/psoriasiscanada.ca\/fr\/wp-json\/wp\/v2\/pages\/1244"}],"wp:attachment":[{"href":"https:\/\/psoriasiscanada.ca\/fr\/wp-json\/wp\/v2\/media?parent=1291"}],"curies":[{"name":"wp","href":"https:\/\/api.w.org\/{rel}","templated":true}]}}