{"id":1257,"date":"2026-01-14T21:17:37","date_gmt":"2026-01-14T21:17:37","guid":{"rendered":"https:\/\/psocan.marketaccess.ca\/a-propos-du-psoriasis\/gravite\/"},"modified":"2026-03-20T17:45:06","modified_gmt":"2026-03-20T17:45:06","slug":"gravite","status":"publish","type":"page","link":"https:\/\/psoriasiscanada.ca\/fr\/a-propos-du-psoriasis\/gravite\/","title":{"rendered":"Gravit\u00e9"},"content":{"rendered":"\t\t<div data-elementor-type=\"wp-page\" data-elementor-id=\"1257\" class=\"elementor elementor-1257 elementor-486\" data-elementor-post-type=\"page\">\n\t\t\t\t<div class=\"elementor-element elementor-element-8468ca1 e-flex e-con-boxed e-con e-parent\" data-id=\"8468ca1\" data-element_type=\"container\" data-e-type=\"container\">\n\t\t\t\t\t<div class=\"e-con-inner\">\n\t\t\t\t<div class=\"elementor-element elementor-element-d6f544d elementor-widget elementor-widget-heading\" data-id=\"d6f544d\" data-element_type=\"widget\" data-e-type=\"widget\" data-widget_type=\"heading.default\">\n\t\t\t\t\t<h2 class=\"elementor-heading-title elementor-size-default\">Gravit\u00e9<\/h2>\t\t\t\t<\/div>\n\t\t\t\t\t<\/div>\n\t\t\t\t<\/div>\n\t\t<div class=\"elementor-element elementor-element-6a6a410 e-flex e-con-boxed e-con e-parent\" data-id=\"6a6a410\" data-element_type=\"container\" data-e-type=\"container\">\n\t\t\t\t\t<div class=\"e-con-inner\">\n\t\t\t\t<div class=\"elementor-element elementor-element-913d4b0 elementor-widget elementor-widget-text-editor\" data-id=\"913d4b0\" data-element_type=\"widget\" data-e-type=\"widget\" data-widget_type=\"text-editor.default\">\n\t\t\t\t\t\t\t\t\t<p>Quels sont les diff\u00e9rents niveaux de gravit\u00e9 ?<\/p><p>L\u2019\u00e9valuation des niveaux de gravit\u00e9 du psoriasis est g\u00e9n\u00e9ralement faite en utilisant les termes l\u00e9ger, mod\u00e9r\u00e9 et grave, en fonction de la partie du corps qui est touch\u00e9e. Pour estimer la surface totale de la peau affect\u00e9e, consid\u00e9rez que votre paume de main couvre environ 1 % de la surface de la peau et mesurez grossi\u00e8rement combien de fois vos paumes couvrent tout votre psoriasis. Vous pouvez mesurer approximativement le nombre de fois que vos paumes recouvrent l&#8217;ensemble de votre psoriasis, ce qui vous indiquera le pourcentage de couverture de votre corps. <\/p>\t\t\t\t\t\t\t\t<\/div>\n\t\t\t\t<div class=\"elementor-element elementor-element-f0fe2ec elementor-widget elementor-widget-tablepress-table\" data-id=\"f0fe2ec\" data-element_type=\"widget\" data-e-type=\"widget\" data-widget_type=\"tablepress-table.default\">\n\t\t\t\t\t\n<table id=\"tablepress-9\" class=\"tablepress tablepress-id-9 tablepress-responsive\">\n<thead>\n<tr class=\"row-1\">\n\t<th class=\"column-1\">Severity<\/th><th class=\"column-2\">Details<\/th>\n<\/tr>\n<\/thead>\n<tbody class=\"row-striping row-hover\">\n<tr class=\"row-2\">\n\t<td class=\"column-1\"><strong>L\u00e9ger<\/strong><\/td><td class=\"column-2\"><ul><li>Couvre moins de 3 % de la surface corporelle (trois paumes)<\/li><li>Plaques isol\u00e9es g\u00e9n\u00e9ralement sur les genoux, les coudes, le cuir chevelu, les mains et les pieds<\/li><li>Effet minime sur la qualit\u00e9 de vie<\/li><li>Les sympt\u00f4mes peuvent \u00eatre contr\u00f4l\u00e9s par un traitement topique et des soins de routine de la peau<\/li><li>65 % des personnes atteintes de psoriasis souffrent d\u2019un psoriasis l\u00e9ger<\/li><\/ul><\/td>\n<\/tr>\n<tr class=\"row-3\">\n\t<td class=\"column-1\"><strong>Mod\u00e9r\u00e9<\/strong><\/td><td class=\"column-2\"><ul><li>Couvre entre 3 % et 10 % de la surface corporelle (trois \u00e0 dix paumes)<\/li><li>Ne peut \u00eatre contr\u00f4l\u00e9e par une th\u00e9rapie topique et les soins de routine de la peau<\/li><li>Occasionne souvent des inqui\u00e9tudes face aux r\u00e9actions des autres qui voient les l\u00e9sions<\/li><li>Affecte consid\u00e9rablement la qualit\u00e9 de vie<\/li><li>25 % des personnes atteintes de psoriasis souffrent de psoriasis mod\u00e9r\u00e9<\/li><\/ul><\/td>\n<\/tr>\n<tr class=\"row-4\">\n\t<td class=\"column-1\"><strong>Grave<\/strong><\/td><td class=\"column-2\"><ul><li>Couvre plus de 10 % de la surface du corps (10 paumes)<\/li><li>Ne peut pas \u00eatre contr\u00f4l\u00e9 par une th\u00e9rapie topique et des soins de routine de la peau<\/li><li>Impact grave sur la qualit\u00e9 de vie<\/li><li>10 % des personnes atteintes de psoriasis souffrent de psoriasis grave<\/li><\/ul><\/td>\n<\/tr>\n<\/tbody>\n<\/table>\n<!-- #tablepress-9 from cache -->\t\t\t\t<\/div>\n\t\t\t\t<div class=\"elementor-element elementor-element-501e5c1 elementor-hidden-widescreen elementor-hidden-desktop elementor-hidden-laptop elementor-hidden-tablet_extra elementor-hidden-tablet elementor-hidden-mobile_extra elementor-hidden-mobile elementor-widget elementor-widget-responsive_table\" data-id=\"501e5c1\" data-element_type=\"widget\" data-e-type=\"widget\" data-widget_type=\"responsive_table.default\">\n\t\t\t\t<div class=\"elementor-widget-container\">\n\t\t\t\t\t<div class=\"ert-responsive-table-wrapper\"><div class=\"ert-table-container\"><table class=\"ert-table ert-borders\"><thead><tr class=\"ert-title-row\"><th scope=\"col\">Severity<\/th><th scope=\"col\">Details<\/th><\/tr><\/thead><tbody><tr><th scope=\"row\" data-label=\"Severity\"><b>Mild<\/b><\/th><td data-label=\"Details\"><ul> <li>Covers less than 3% of body surface area (three palms)<\/li> <li>Generally isolated plaques on the knees, elbows,&nbsp;<a href=\"https:\/\/canadianpsoriasis.ca\/en\/psoriasis\/types-of-psoriasis\/scalp-psoriasis\">scalp<\/a>, hands and feet<\/li> <li>Minimal effect on quality of life<\/li> <li>Symptoms can be controlled by topical therapy and routine skin measures<\/li> <li>65% of people with psoriasis have mild psoriasis<\/li> <\/ul><\/td><\/tr><tr><th scope=\"row\" data-label=\"Severity\"><b>Moderate<\/b><\/th><td data-label=\"Details\"><ul> <li>Covers between 3% and 10% of body surface area (three to 10 palms)<\/li> <li>Cannot be controlled by topical therapy and routine skincare<\/li> <li>Often results in concern about others\u2019 reaction to visible lesions<\/li> <li>Significantly affects quality of life<\/li> <li>25% of people with psoriasis have moderate psoriasis<\/li> <\/ul><\/td><\/tr><tr><th scope=\"row\" data-label=\"Severity\"><b>Severe<\/b><\/th><td data-label=\"Details\"><ul> <li>Covers more than 10% of body surface area (10 palms)<\/li> <li>Cannot be controlled by topical therapy and routine skincare<\/li> <li>Severe impact on quality of life<\/li> <li>10% of people with psoriasis have severe psoriasis<\/li> <\/ul><\/td><\/tr><\/tbody><\/table><\/div><\/div>\t\t\t\t<\/div>\n\t\t\t\t<\/div>\n\t\t\t\t\t<\/div>\n\t\t\t\t<\/div>\n\t\t<div class=\"elementor-element elementor-element-1a6053a e-flex e-con-boxed e-con e-parent\" data-id=\"1a6053a\" data-element_type=\"container\" data-e-type=\"container\">\n\t\t\t\t\t<div class=\"e-con-inner\">\n\t\t\t\t<div class=\"elementor-element elementor-element-cb18716 elementor-widget elementor-widget-text-editor\" data-id=\"cb18716\" data-element_type=\"widget\" data-e-type=\"widget\" data-widget_type=\"text-editor.default\">\n\t\t\t\t\t\t\t\t\t<p>Information provenant des Lignes directrices canadiennes pour la prise en charge du psoriasis en plaques <em>1<\/em>,2<\/p><hr><p><strong>R\u00e9f\u00e9rences<\/strong><\/p>\t\t\t\t\t\t\t\t<\/div>\n\t\t\t\t<div class=\"elementor-element elementor-element-bf1330b elementor-widget elementor-widget-text-editor\" data-id=\"bf1330b\" data-element_type=\"widget\" data-e-type=\"widget\" data-widget_type=\"text-editor.default\">\n\t\t\t\t\t\t\t\t\t<ol><li>Kim WB, Jerome D, Yeung J. Diagnosis and management of psoriasis. <em>Can Fam Physician<\/em>. 2017;63(4):278. \/pmc\/articles\/PMC5389757\/. Accessed March 25, 2021.<\/li><li>Papp K, Gulliver W, Lynde C, Poulin Y, Ashkenas J. Canadian guidelines for the management of plaque psoriasis: Overview. <em>J Cutan Med Surg<\/em> 2011;15(4):210-219. doi:10.2310\/7750.2011.10066<\/li><\/ol>\t\t\t\t\t\t\t\t<\/div>\n\t\t\t\t\t<\/div>\n\t\t\t\t<\/div>\n\t\t\t\t<\/div>\n\t\t","protected":false},"excerpt":{"rendered":"<p>Gravit\u00e9 Quels sont les diff\u00e9rents niveaux de gravit\u00e9 ? L\u2019\u00e9valuation des niveaux de gravit\u00e9 du psoriasis est g\u00e9n\u00e9ralement faite en utilisant les termes l\u00e9ger, mod\u00e9r\u00e9 et grave, en fonction de la partie du corps qui est touch\u00e9e. Pour estimer la surface totale de la peau affect\u00e9e, consid\u00e9rez que votre paume de main couvre environ 1 [&hellip;]<\/p>\n","protected":false},"author":1,"featured_media":0,"parent":1244,"menu_order":0,"comment_status":"closed","ping_status":"closed","template":"","meta":{"website_toolbox_forum_postUrl":"","website_toolbox_forum_category":"","website_toolbox_publish_on_forum":"","footnotes":""},"class_list":["post-1257","page","type-page","status-publish","hentry"],"yoast_head":"<!-- This site is optimized with the Yoast SEO plugin v27.4 - https:\/\/yoast.com\/product\/yoast-seo-wordpress\/ -->\n<title>Gravit\u00e9 - Psoriasis Canada<\/title>\n<meta name=\"robots\" content=\"index, follow, max-snippet:-1, max-image-preview:large, max-video-preview:-1\" \/>\n<link rel=\"canonical\" href=\"https:\/\/psoriasiscanada.ca\/about-psoriasis\/severity\/\" \/>\n<meta property=\"og:locale\" content=\"fr_FR\" \/>\n<meta property=\"og:type\" content=\"article\" \/>\n<meta property=\"og:title\" content=\"Gravit\u00e9 - Psoriasis Canada\" \/>\n<meta property=\"og:description\" content=\"Gravit\u00e9 Quels sont les diff\u00e9rents niveaux de gravit\u00e9 ? L\u2019\u00e9valuation des niveaux de gravit\u00e9 du psoriasis est g\u00e9n\u00e9ralement faite en utilisant les termes l\u00e9ger, mod\u00e9r\u00e9 et grave, en fonction de la partie du corps qui est touch\u00e9e. Pour estimer la surface totale de la peau affect\u00e9e, consid\u00e9rez que votre paume de main couvre environ 1 [&hellip;]\" \/>\n<meta property=\"og:url\" content=\"https:\/\/psoriasiscanada.ca\/about-psoriasis\/severity\/\" \/>\n<meta property=\"og:site_name\" content=\"Psoriasis Canada\" \/>\n<meta property=\"article:publisher\" content=\"https:\/\/www.facebook.com\/PsoriasisCan1\" \/>\n<meta property=\"article:modified_time\" content=\"2026-03-20T17:45:06+00:00\" \/>\n<meta name=\"twitter:card\" content=\"summary_large_image\" \/>\n<meta name=\"twitter:label1\" content=\"Dur\u00e9e de lecture estim\u00e9e\" \/>\n\t<meta name=\"twitter:data1\" content=\"1 minute\" \/>\n<script type=\"application\/ld+json\" class=\"yoast-schema-graph\">{\"@context\":\"https:\\\/\\\/schema.org\",\"@graph\":[{\"@type\":\"WebPage\",\"@id\":\"https:\\\/\\\/psoriasiscanada.ca\\\/about-psoriasis\\\/severity\\\/\",\"url\":\"https:\\\/\\\/psoriasiscanada.ca\\\/about-psoriasis\\\/severity\\\/\",\"name\":\"Gravit\u00e9 - Psoriasis Canada\",\"isPartOf\":{\"@id\":\"https:\\\/\\\/psoriasiscanada.ca\\\/#website\"},\"datePublished\":\"2026-01-14T21:17:37+00:00\",\"dateModified\":\"2026-03-20T17:45:06+00:00\",\"breadcrumb\":{\"@id\":\"https:\\\/\\\/psoriasiscanada.ca\\\/about-psoriasis\\\/severity\\\/#breadcrumb\"},\"inLanguage\":\"fr-FR\",\"potentialAction\":[{\"@type\":\"ReadAction\",\"target\":[\"https:\\\/\\\/psoriasiscanada.ca\\\/about-psoriasis\\\/severity\\\/\"]}]},{\"@type\":\"BreadcrumbList\",\"@id\":\"https:\\\/\\\/psoriasiscanada.ca\\\/about-psoriasis\\\/severity\\\/#breadcrumb\",\"itemListElement\":[{\"@type\":\"ListItem\",\"position\":1,\"name\":\"Home\",\"item\":\"https:\\\/\\\/psoriasiscanada.ca\\\/fr\\\/home\\\/\"},{\"@type\":\"ListItem\",\"position\":2,\"name\":\"\u00c0 propos du psoriasis\",\"item\":\"https:\\\/\\\/psoriasiscanada.ca\\\/fr\\\/a-propos-du-psoriasis\\\/\"},{\"@type\":\"ListItem\",\"position\":3,\"name\":\"Gravit\u00e9\"}]},{\"@type\":\"WebSite\",\"@id\":\"https:\\\/\\\/psoriasiscanada.ca\\\/#website\",\"url\":\"https:\\\/\\\/psoriasiscanada.ca\\\/\",\"name\":\"Psoriasis Canada\",\"description\":\"Psoriasis Canada\",\"publisher\":{\"@id\":\"https:\\\/\\\/psoriasiscanada.ca\\\/#organization\"},\"potentialAction\":[{\"@type\":\"SearchAction\",\"target\":{\"@type\":\"EntryPoint\",\"urlTemplate\":\"https:\\\/\\\/psoriasiscanada.ca\\\/?s={search_term_string}\"},\"query-input\":{\"@type\":\"PropertyValueSpecification\",\"valueRequired\":true,\"valueName\":\"search_term_string\"}}],\"inLanguage\":\"fr-FR\"},{\"@type\":\"Organization\",\"@id\":\"https:\\\/\\\/psoriasiscanada.ca\\\/#organization\",\"name\":\"Psoriasis Canada\",\"url\":\"https:\\\/\\\/psoriasiscanada.ca\\\/\",\"logo\":{\"@type\":\"ImageObject\",\"inLanguage\":\"fr-FR\",\"@id\":\"https:\\\/\\\/psoriasiscanada.ca\\\/#\\\/schema\\\/logo\\\/image\\\/\",\"url\":\"https:\\\/\\\/psoriasiscanada.ca\\\/wp-content\\\/uploads\\\/2025\\\/11\\\/logo.png\",\"contentUrl\":\"https:\\\/\\\/psoriasiscanada.ca\\\/wp-content\\\/uploads\\\/2025\\\/11\\\/logo.png\",\"width\":222,\"height\":73,\"caption\":\"Psoriasis Canada\"},\"image\":{\"@id\":\"https:\\\/\\\/psoriasiscanada.ca\\\/#\\\/schema\\\/logo\\\/image\\\/\"},\"sameAs\":[\"https:\\\/\\\/www.facebook.com\\\/PsoriasisCan1\",\"https:\\\/\\\/www.linkedin.com\\\/in\\\/psoriasiscan1\",\"https:\\\/\\\/www.youtube.com\\\/@PsoriasisCan1\"]}]}<\/script>\n<!-- \/ Yoast SEO plugin. -->","yoast_head_json":{"title":"Gravit\u00e9 - Psoriasis Canada","robots":{"index":"index","follow":"follow","max-snippet":"max-snippet:-1","max-image-preview":"max-image-preview:large","max-video-preview":"max-video-preview:-1"},"canonical":"https:\/\/psoriasiscanada.ca\/about-psoriasis\/severity\/","og_locale":"fr_FR","og_type":"article","og_title":"Gravit\u00e9 - Psoriasis Canada","og_description":"Gravit\u00e9 Quels sont les diff\u00e9rents niveaux de gravit\u00e9 ? L\u2019\u00e9valuation des niveaux de gravit\u00e9 du psoriasis est g\u00e9n\u00e9ralement faite en utilisant les termes l\u00e9ger, mod\u00e9r\u00e9 et grave, en fonction de la partie du corps qui est touch\u00e9e. Pour estimer la surface totale de la peau affect\u00e9e, consid\u00e9rez que votre paume de main couvre environ 1 [&hellip;]","og_url":"https:\/\/psoriasiscanada.ca\/about-psoriasis\/severity\/","og_site_name":"Psoriasis Canada","article_publisher":"https:\/\/www.facebook.com\/PsoriasisCan1","article_modified_time":"2026-03-20T17:45:06+00:00","twitter_card":"summary_large_image","twitter_misc":{"Dur\u00e9e de lecture estim\u00e9e":"1 minute"},"schema":{"@context":"https:\/\/schema.org","@graph":[{"@type":"WebPage","@id":"https:\/\/psoriasiscanada.ca\/about-psoriasis\/severity\/","url":"https:\/\/psoriasiscanada.ca\/about-psoriasis\/severity\/","name":"Gravit\u00e9 - Psoriasis Canada","isPartOf":{"@id":"https:\/\/psoriasiscanada.ca\/#website"},"datePublished":"2026-01-14T21:17:37+00:00","dateModified":"2026-03-20T17:45:06+00:00","breadcrumb":{"@id":"https:\/\/psoriasiscanada.ca\/about-psoriasis\/severity\/#breadcrumb"},"inLanguage":"fr-FR","potentialAction":[{"@type":"ReadAction","target":["https:\/\/psoriasiscanada.ca\/about-psoriasis\/severity\/"]}]},{"@type":"BreadcrumbList","@id":"https:\/\/psoriasiscanada.ca\/about-psoriasis\/severity\/#breadcrumb","itemListElement":[{"@type":"ListItem","position":1,"name":"Home","item":"https:\/\/psoriasiscanada.ca\/fr\/home\/"},{"@type":"ListItem","position":2,"name":"\u00c0 propos du psoriasis","item":"https:\/\/psoriasiscanada.ca\/fr\/a-propos-du-psoriasis\/"},{"@type":"ListItem","position":3,"name":"Gravit\u00e9"}]},{"@type":"WebSite","@id":"https:\/\/psoriasiscanada.ca\/#website","url":"https:\/\/psoriasiscanada.ca\/","name":"Psoriasis Canada","description":"Psoriasis Canada","publisher":{"@id":"https:\/\/psoriasiscanada.ca\/#organization"},"potentialAction":[{"@type":"SearchAction","target":{"@type":"EntryPoint","urlTemplate":"https:\/\/psoriasiscanada.ca\/?s={search_term_string}"},"query-input":{"@type":"PropertyValueSpecification","valueRequired":true,"valueName":"search_term_string"}}],"inLanguage":"fr-FR"},{"@type":"Organization","@id":"https:\/\/psoriasiscanada.ca\/#organization","name":"Psoriasis Canada","url":"https:\/\/psoriasiscanada.ca\/","logo":{"@type":"ImageObject","inLanguage":"fr-FR","@id":"https:\/\/psoriasiscanada.ca\/#\/schema\/logo\/image\/","url":"https:\/\/psoriasiscanada.ca\/wp-content\/uploads\/2025\/11\/logo.png","contentUrl":"https:\/\/psoriasiscanada.ca\/wp-content\/uploads\/2025\/11\/logo.png","width":222,"height":73,"caption":"Psoriasis Canada"},"image":{"@id":"https:\/\/psoriasiscanada.ca\/#\/schema\/logo\/image\/"},"sameAs":["https:\/\/www.facebook.com\/PsoriasisCan1","https:\/\/www.linkedin.com\/in\/psoriasiscan1","https:\/\/www.youtube.com\/@PsoriasisCan1"]}]}},"_links":{"self":[{"href":"https:\/\/psoriasiscanada.ca\/fr\/wp-json\/wp\/v2\/pages\/1257","targetHints":{"allow":["GET"]}}],"collection":[{"href":"https:\/\/psoriasiscanada.ca\/fr\/wp-json\/wp\/v2\/pages"}],"about":[{"href":"https:\/\/psoriasiscanada.ca\/fr\/wp-json\/wp\/v2\/types\/page"}],"author":[{"embeddable":true,"href":"https:\/\/psoriasiscanada.ca\/fr\/wp-json\/wp\/v2\/users\/1"}],"replies":[{"embeddable":true,"href":"https:\/\/psoriasiscanada.ca\/fr\/wp-json\/wp\/v2\/comments?post=1257"}],"version-history":[{"count":10,"href":"https:\/\/psoriasiscanada.ca\/fr\/wp-json\/wp\/v2\/pages\/1257\/revisions"}],"predecessor-version":[{"id":2767,"href":"https:\/\/psoriasiscanada.ca\/fr\/wp-json\/wp\/v2\/pages\/1257\/revisions\/2767"}],"up":[{"embeddable":true,"href":"https:\/\/psoriasiscanada.ca\/fr\/wp-json\/wp\/v2\/pages\/1244"}],"wp:attachment":[{"href":"https:\/\/psoriasiscanada.ca\/fr\/wp-json\/wp\/v2\/media?parent=1257"}],"curies":[{"name":"wp","href":"https:\/\/api.w.org\/{rel}","templated":true}]}}