{"id":1250,"date":"2026-01-14T21:00:19","date_gmt":"2026-01-14T21:00:19","guid":{"rendered":"https:\/\/psocan.marketaccess.ca\/a-propos-du-psoriasis\/symptomes-du-psoriasis\/"},"modified":"2026-01-27T20:04:21","modified_gmt":"2026-01-27T20:04:21","slug":"symptomes-du-psoriasis","status":"publish","type":"page","link":"https:\/\/psoriasiscanada.ca\/fr\/a-propos-du-psoriasis\/symptomes-du-psoriasis\/","title":{"rendered":"Sympt\u00f4mes du psoriasis"},"content":{"rendered":"\t\t<div data-elementor-type=\"wp-page\" data-elementor-id=\"1250\" class=\"elementor elementor-1250 elementor-472\" data-elementor-post-type=\"page\">\n\t\t\t\t<div class=\"elementor-element elementor-element-56ef769 e-flex e-con-boxed e-con e-parent\" data-id=\"56ef769\" data-element_type=\"container\" data-e-type=\"container\">\n\t\t\t\t\t<div class=\"e-con-inner\">\n\t\t\t\t<div class=\"elementor-element elementor-element-04c1c5c elementor-widget elementor-widget-heading\" data-id=\"04c1c5c\" data-element_type=\"widget\" data-e-type=\"widget\" data-widget_type=\"heading.default\">\n\t\t\t\t\t<h2 class=\"elementor-heading-title elementor-size-default\">Sympt\u00f4mes<\/h2>\t\t\t\t<\/div>\n\t\t\t\t\t<\/div>\n\t\t\t\t<\/div>\n\t\t<div class=\"elementor-element elementor-element-25e34cb e-flex e-con-boxed e-con e-parent\" data-id=\"25e34cb\" data-element_type=\"container\" data-e-type=\"container\">\n\t\t\t\t\t<div class=\"e-con-inner\">\n\t\t<div class=\"elementor-element elementor-element-82382fe e-con-full e-flex e-con e-child\" data-id=\"82382fe\" data-element_type=\"container\" data-e-type=\"container\">\n\t\t\t\t<div class=\"elementor-element elementor-element-0b265a5 elementor-widget elementor-widget-text-editor\" data-id=\"0b265a5\" data-element_type=\"widget\" data-e-type=\"widget\" data-widget_type=\"text-editor.default\">\n\t\t\t\t\t\t\t\t\t<p>Les sympt\u00f4mes du psoriasis peuvent \u00eatre l\u00e9gers, mod\u00e9r\u00e9s ou graves, et peuvent \u00eatre invalidants, particuli\u00e8rement pour les personnes atteintes de psoriasis qui d\u00e9veloppent l\u2019arthrite psoriasique qui provoque des douleurs articulaires. Chez les personnes \u00e0 la peau plus fonc\u00e9e, les zones touch\u00e9es par le psoriasis peuvent \u00eatre violettes, marron fonc\u00e9 ou gris fonc\u00e9, alors qu\u2019elles sont rouges chez les personnes \u00e0 la peau plus claire.<\/p>\n\t\t\t\t\t\t\t\t<\/div>\n\t\t\t\t<\/div>\n\t\t<div class=\"elementor-element elementor-element-925ec06 e-con-full e-flex e-con e-child\" data-id=\"925ec06\" data-element_type=\"container\" data-e-type=\"container\">\n\t\t\t\t<div class=\"elementor-element elementor-element-1f35057 elementor-widget elementor-widget-image\" data-id=\"1f35057\" data-element_type=\"widget\" data-e-type=\"widget\" data-widget_type=\"image.default\">\n\t\t\t\t\t\t\t\t\t\t\t\t\t\t\t<img fetchpriority=\"high\" decoding=\"async\" width=\"624\" height=\"247\" src=\"https:\/\/psoriasiscanada.ca\/wp-content\/uploads\/2026\/01\/psoriasis-symptoms.webp\" class=\"attachment-large size-large wp-image-1246\" alt=\"\" srcset=\"https:\/\/psoriasiscanada.ca\/wp-content\/uploads\/2026\/01\/psoriasis-symptoms.webp 624w, https:\/\/psoriasiscanada.ca\/wp-content\/uploads\/2026\/01\/psoriasis-symptoms-300x119.webp 300w\" sizes=\"(max-width: 624px) 100vw, 624px\" \/>\t\t\t\t\t\t\t\t\t\t\t\t\t\t\t<\/div>\n\t\t\t\t<\/div>\n\t\t<div class=\"elementor-element elementor-element-07e5022 e-con-full e-flex e-con e-child\" data-id=\"07e5022\" data-element_type=\"container\" data-e-type=\"container\">\n\t\t\t\t<div class=\"elementor-element elementor-element-c66390b elementor-widget elementor-widget-text-editor\" data-id=\"c66390b\" data-element_type=\"widget\" data-e-type=\"widget\" data-widget_type=\"text-editor.default\">\n\t\t\t\t\t\t\t\t\t<p>Les signes et sympt\u00f4mes comprennent\u00a0:<\/p>\n<ul>\n<li>Plaques rouges, violettes, brunes ou grises en relief, recouvertes d\u2019\u00e9cailles (squames) argent\u00e9es qui se d\u00e9tachent (desquamation).<\/li>\n<li>Saignement aux endroits o\u00f9 les plaques de la peau se fissurent, s\u2019\u00e9caillent ou s\u2019\u00e9raflent.<\/li>\n<li>D\u00e9mangeaisons<\/li>\n<li>Douleur<\/li>\n<li>S\u00e9cheresse<\/li>\n<li>Probl\u00e8mes d\u2019ongles (petites piq\u00fbres, coloration jaun\u00e2tre, accumulation de peau morte sous les\u00a0<a href=\"https:\/\/canadianpsoriasis.ca\/fr\/psoriasis-fr\/les-types-de-psoriasis\/psoriasis-des-ongles\">ongles<\/a>, d\u00e9logement ou chute des ongles)<\/li>\n<li>Desquamation ou l\u00e9sions au\u00a0<a href=\"https:\/\/canadianpsoriasis.ca\/fr\/psoriasis-fr\/les-types-de-psoriasis\/psoriasis-du-cuir-chevelu\">cuir chevelu<\/a><\/li>\n<li>Apparition du psoriasis environ deux semaines apr\u00e8s une blessure de la peau comme une coupure, une \u00e9raflure ou un coup de soleil (appel\u00e9 ph\u00e9nom\u00e8ne de Koebner)<\/li>\n<li><a href=\"https:\/\/canadianpsoriasis.ca\/fr\/psoriasis-fr\/vivre-avec-psoriasis\/psoriasis-et-douleur-cutanee\">Douleur<\/a>, enflure ou raideur des articulations<\/li>\n<\/ul>\n\t\t\t\t\t\t\t\t<\/div>\n\t\t\t\t<\/div>\n\t\t\t\t\t<\/div>\n\t\t\t\t<\/div>\n\t\t\t\t<\/div>\n\t\t","protected":false},"excerpt":{"rendered":"<p>Sympt\u00f4mes Les sympt\u00f4mes du psoriasis peuvent \u00eatre l\u00e9gers, mod\u00e9r\u00e9s ou graves, et peuvent \u00eatre invalidants, particuli\u00e8rement pour les personnes atteintes de psoriasis qui d\u00e9veloppent l\u2019arthrite psoriasique qui provoque des douleurs articulaires. Chez les personnes \u00e0 la peau plus fonc\u00e9e, les zones touch\u00e9es par le psoriasis peuvent \u00eatre violettes, marron fonc\u00e9 ou gris fonc\u00e9, alors qu\u2019elles [&hellip;]<\/p>\n","protected":false},"author":1,"featured_media":0,"parent":1244,"menu_order":0,"comment_status":"closed","ping_status":"closed","template":"","meta":{"website_toolbox_forum_postUrl":"","website_toolbox_forum_category":"","website_toolbox_publish_on_forum":"","footnotes":""},"class_list":["post-1250","page","type-page","status-publish","hentry"],"yoast_head":"<!-- This site is optimized with the Yoast SEO plugin v27.4 - https:\/\/yoast.com\/product\/yoast-seo-wordpress\/ -->\n<title>Sympt\u00f4mes du psoriasis - Psoriasis Canada<\/title>\n<meta name=\"robots\" content=\"index, follow, max-snippet:-1, max-image-preview:large, max-video-preview:-1\" \/>\n<link rel=\"canonical\" href=\"https:\/\/psoriasiscanada.ca\/fr\/a-propos-du-psoriasis\/symptomes-du-psoriasis\/\" \/>\n<meta property=\"og:locale\" content=\"fr_FR\" \/>\n<meta property=\"og:type\" content=\"article\" \/>\n<meta property=\"og:title\" content=\"Sympt\u00f4mes du psoriasis - Psoriasis Canada\" \/>\n<meta property=\"og:description\" content=\"Sympt\u00f4mes Les sympt\u00f4mes du psoriasis peuvent \u00eatre l\u00e9gers, mod\u00e9r\u00e9s ou graves, et peuvent \u00eatre invalidants, particuli\u00e8rement pour les personnes atteintes de psoriasis qui d\u00e9veloppent l\u2019arthrite psoriasique qui provoque des douleurs articulaires. Chez les personnes \u00e0 la peau plus fonc\u00e9e, les zones touch\u00e9es par le psoriasis peuvent \u00eatre violettes, marron fonc\u00e9 ou gris fonc\u00e9, alors qu\u2019elles [&hellip;]\" \/>\n<meta property=\"og:url\" content=\"https:\/\/psoriasiscanada.ca\/fr\/a-propos-du-psoriasis\/symptomes-du-psoriasis\/\" \/>\n<meta property=\"og:site_name\" content=\"Psoriasis Canada\" \/>\n<meta property=\"article:publisher\" content=\"https:\/\/www.facebook.com\/PsoriasisCan1\" \/>\n<meta property=\"article:modified_time\" content=\"2026-01-27T20:04:21+00:00\" \/>\n<meta property=\"og:image\" content=\"https:\/\/psoriasiscanada.ca\/wp-content\/uploads\/2026\/01\/psoriasis-symptoms.webp\" \/>\n\t<meta property=\"og:image:width\" content=\"624\" \/>\n\t<meta property=\"og:image:height\" content=\"247\" \/>\n\t<meta property=\"og:image:type\" content=\"image\/webp\" \/>\n<meta name=\"twitter:card\" content=\"summary_large_image\" \/>\n<meta name=\"twitter:label1\" content=\"Dur\u00e9e de lecture estim\u00e9e\" \/>\n\t<meta name=\"twitter:data1\" content=\"1 minute\" \/>\n<script type=\"application\/ld+json\" class=\"yoast-schema-graph\">{\"@context\":\"https:\\\/\\\/schema.org\",\"@graph\":[{\"@type\":\"WebPage\",\"@id\":\"https:\\\/\\\/psoriasiscanada.ca\\\/fr\\\/a-propos-du-psoriasis\\\/symptomes-du-psoriasis\\\/\",\"url\":\"https:\\\/\\\/psoriasiscanada.ca\\\/fr\\\/a-propos-du-psoriasis\\\/symptomes-du-psoriasis\\\/\",\"name\":\"Sympt\u00f4mes du psoriasis - Psoriasis Canada\",\"isPartOf\":{\"@id\":\"https:\\\/\\\/psoriasiscanada.ca\\\/#website\"},\"primaryImageOfPage\":{\"@id\":\"https:\\\/\\\/psoriasiscanada.ca\\\/fr\\\/a-propos-du-psoriasis\\\/symptomes-du-psoriasis\\\/#primaryimage\"},\"image\":{\"@id\":\"https:\\\/\\\/psoriasiscanada.ca\\\/fr\\\/a-propos-du-psoriasis\\\/symptomes-du-psoriasis\\\/#primaryimage\"},\"thumbnailUrl\":\"https:\\\/\\\/psoriasiscanada.ca\\\/wp-content\\\/uploads\\\/2026\\\/01\\\/psoriasis-symptoms.webp\",\"datePublished\":\"2026-01-14T21:00:19+00:00\",\"dateModified\":\"2026-01-27T20:04:21+00:00\",\"breadcrumb\":{\"@id\":\"https:\\\/\\\/psoriasiscanada.ca\\\/fr\\\/a-propos-du-psoriasis\\\/symptomes-du-psoriasis\\\/#breadcrumb\"},\"inLanguage\":\"fr-FR\",\"potentialAction\":[{\"@type\":\"ReadAction\",\"target\":[\"https:\\\/\\\/psoriasiscanada.ca\\\/fr\\\/a-propos-du-psoriasis\\\/symptomes-du-psoriasis\\\/\"]}]},{\"@type\":\"ImageObject\",\"inLanguage\":\"fr-FR\",\"@id\":\"https:\\\/\\\/psoriasiscanada.ca\\\/fr\\\/a-propos-du-psoriasis\\\/symptomes-du-psoriasis\\\/#primaryimage\",\"url\":\"https:\\\/\\\/psoriasiscanada.ca\\\/wp-content\\\/uploads\\\/2026\\\/01\\\/psoriasis-symptoms.webp\",\"contentUrl\":\"https:\\\/\\\/psoriasiscanada.ca\\\/wp-content\\\/uploads\\\/2026\\\/01\\\/psoriasis-symptoms.webp\"},{\"@type\":\"BreadcrumbList\",\"@id\":\"https:\\\/\\\/psoriasiscanada.ca\\\/fr\\\/a-propos-du-psoriasis\\\/symptomes-du-psoriasis\\\/#breadcrumb\",\"itemListElement\":[{\"@type\":\"ListItem\",\"position\":1,\"name\":\"Home\",\"item\":\"https:\\\/\\\/psoriasiscanada.ca\\\/fr\\\/home\\\/\"},{\"@type\":\"ListItem\",\"position\":2,\"name\":\"\u00c0 propos du psoriasis\",\"item\":\"https:\\\/\\\/psoriasiscanada.ca\\\/fr\\\/a-propos-du-psoriasis\\\/\"},{\"@type\":\"ListItem\",\"position\":3,\"name\":\"Sympt\u00f4mes du psoriasis\"}]},{\"@type\":\"WebSite\",\"@id\":\"https:\\\/\\\/psoriasiscanada.ca\\\/#website\",\"url\":\"https:\\\/\\\/psoriasiscanada.ca\\\/\",\"name\":\"Psoriasis Canada\",\"description\":\"Psoriasis Canada\",\"publisher\":{\"@id\":\"https:\\\/\\\/psoriasiscanada.ca\\\/#organization\"},\"potentialAction\":[{\"@type\":\"SearchAction\",\"target\":{\"@type\":\"EntryPoint\",\"urlTemplate\":\"https:\\\/\\\/psoriasiscanada.ca\\\/?s={search_term_string}\"},\"query-input\":{\"@type\":\"PropertyValueSpecification\",\"valueRequired\":true,\"valueName\":\"search_term_string\"}}],\"inLanguage\":\"fr-FR\"},{\"@type\":\"Organization\",\"@id\":\"https:\\\/\\\/psoriasiscanada.ca\\\/#organization\",\"name\":\"Psoriasis Canada\",\"url\":\"https:\\\/\\\/psoriasiscanada.ca\\\/\",\"logo\":{\"@type\":\"ImageObject\",\"inLanguage\":\"fr-FR\",\"@id\":\"https:\\\/\\\/psoriasiscanada.ca\\\/#\\\/schema\\\/logo\\\/image\\\/\",\"url\":\"https:\\\/\\\/psoriasiscanada.ca\\\/wp-content\\\/uploads\\\/2025\\\/11\\\/logo.png\",\"contentUrl\":\"https:\\\/\\\/psoriasiscanada.ca\\\/wp-content\\\/uploads\\\/2025\\\/11\\\/logo.png\",\"width\":222,\"height\":73,\"caption\":\"Psoriasis Canada\"},\"image\":{\"@id\":\"https:\\\/\\\/psoriasiscanada.ca\\\/#\\\/schema\\\/logo\\\/image\\\/\"},\"sameAs\":[\"https:\\\/\\\/www.facebook.com\\\/PsoriasisCan1\",\"https:\\\/\\\/www.linkedin.com\\\/in\\\/psoriasiscan1\",\"https:\\\/\\\/www.youtube.com\\\/@PsoriasisCan1\"]}]}<\/script>\n<!-- \/ Yoast SEO plugin. -->","yoast_head_json":{"title":"Sympt\u00f4mes du psoriasis - Psoriasis Canada","robots":{"index":"index","follow":"follow","max-snippet":"max-snippet:-1","max-image-preview":"max-image-preview:large","max-video-preview":"max-video-preview:-1"},"canonical":"https:\/\/psoriasiscanada.ca\/fr\/a-propos-du-psoriasis\/symptomes-du-psoriasis\/","og_locale":"fr_FR","og_type":"article","og_title":"Sympt\u00f4mes du psoriasis - Psoriasis Canada","og_description":"Sympt\u00f4mes Les sympt\u00f4mes du psoriasis peuvent \u00eatre l\u00e9gers, mod\u00e9r\u00e9s ou graves, et peuvent \u00eatre invalidants, particuli\u00e8rement pour les personnes atteintes de psoriasis qui d\u00e9veloppent l\u2019arthrite psoriasique qui provoque des douleurs articulaires. Chez les personnes \u00e0 la peau plus fonc\u00e9e, les zones touch\u00e9es par le psoriasis peuvent \u00eatre violettes, marron fonc\u00e9 ou gris fonc\u00e9, alors qu\u2019elles [&hellip;]","og_url":"https:\/\/psoriasiscanada.ca\/fr\/a-propos-du-psoriasis\/symptomes-du-psoriasis\/","og_site_name":"Psoriasis Canada","article_publisher":"https:\/\/www.facebook.com\/PsoriasisCan1","article_modified_time":"2026-01-27T20:04:21+00:00","og_image":[{"width":624,"height":247,"url":"https:\/\/psoriasiscanada.ca\/wp-content\/uploads\/2026\/01\/psoriasis-symptoms.webp","type":"image\/webp"}],"twitter_card":"summary_large_image","twitter_misc":{"Dur\u00e9e de lecture estim\u00e9e":"1 minute"},"schema":{"@context":"https:\/\/schema.org","@graph":[{"@type":"WebPage","@id":"https:\/\/psoriasiscanada.ca\/fr\/a-propos-du-psoriasis\/symptomes-du-psoriasis\/","url":"https:\/\/psoriasiscanada.ca\/fr\/a-propos-du-psoriasis\/symptomes-du-psoriasis\/","name":"Sympt\u00f4mes du psoriasis - Psoriasis Canada","isPartOf":{"@id":"https:\/\/psoriasiscanada.ca\/#website"},"primaryImageOfPage":{"@id":"https:\/\/psoriasiscanada.ca\/fr\/a-propos-du-psoriasis\/symptomes-du-psoriasis\/#primaryimage"},"image":{"@id":"https:\/\/psoriasiscanada.ca\/fr\/a-propos-du-psoriasis\/symptomes-du-psoriasis\/#primaryimage"},"thumbnailUrl":"https:\/\/psoriasiscanada.ca\/wp-content\/uploads\/2026\/01\/psoriasis-symptoms.webp","datePublished":"2026-01-14T21:00:19+00:00","dateModified":"2026-01-27T20:04:21+00:00","breadcrumb":{"@id":"https:\/\/psoriasiscanada.ca\/fr\/a-propos-du-psoriasis\/symptomes-du-psoriasis\/#breadcrumb"},"inLanguage":"fr-FR","potentialAction":[{"@type":"ReadAction","target":["https:\/\/psoriasiscanada.ca\/fr\/a-propos-du-psoriasis\/symptomes-du-psoriasis\/"]}]},{"@type":"ImageObject","inLanguage":"fr-FR","@id":"https:\/\/psoriasiscanada.ca\/fr\/a-propos-du-psoriasis\/symptomes-du-psoriasis\/#primaryimage","url":"https:\/\/psoriasiscanada.ca\/wp-content\/uploads\/2026\/01\/psoriasis-symptoms.webp","contentUrl":"https:\/\/psoriasiscanada.ca\/wp-content\/uploads\/2026\/01\/psoriasis-symptoms.webp"},{"@type":"BreadcrumbList","@id":"https:\/\/psoriasiscanada.ca\/fr\/a-propos-du-psoriasis\/symptomes-du-psoriasis\/#breadcrumb","itemListElement":[{"@type":"ListItem","position":1,"name":"Home","item":"https:\/\/psoriasiscanada.ca\/fr\/home\/"},{"@type":"ListItem","position":2,"name":"\u00c0 propos du psoriasis","item":"https:\/\/psoriasiscanada.ca\/fr\/a-propos-du-psoriasis\/"},{"@type":"ListItem","position":3,"name":"Sympt\u00f4mes du psoriasis"}]},{"@type":"WebSite","@id":"https:\/\/psoriasiscanada.ca\/#website","url":"https:\/\/psoriasiscanada.ca\/","name":"Psoriasis Canada","description":"Psoriasis Canada","publisher":{"@id":"https:\/\/psoriasiscanada.ca\/#organization"},"potentialAction":[{"@type":"SearchAction","target":{"@type":"EntryPoint","urlTemplate":"https:\/\/psoriasiscanada.ca\/?s={search_term_string}"},"query-input":{"@type":"PropertyValueSpecification","valueRequired":true,"valueName":"search_term_string"}}],"inLanguage":"fr-FR"},{"@type":"Organization","@id":"https:\/\/psoriasiscanada.ca\/#organization","name":"Psoriasis Canada","url":"https:\/\/psoriasiscanada.ca\/","logo":{"@type":"ImageObject","inLanguage":"fr-FR","@id":"https:\/\/psoriasiscanada.ca\/#\/schema\/logo\/image\/","url":"https:\/\/psoriasiscanada.ca\/wp-content\/uploads\/2025\/11\/logo.png","contentUrl":"https:\/\/psoriasiscanada.ca\/wp-content\/uploads\/2025\/11\/logo.png","width":222,"height":73,"caption":"Psoriasis Canada"},"image":{"@id":"https:\/\/psoriasiscanada.ca\/#\/schema\/logo\/image\/"},"sameAs":["https:\/\/www.facebook.com\/PsoriasisCan1","https:\/\/www.linkedin.com\/in\/psoriasiscan1","https:\/\/www.youtube.com\/@PsoriasisCan1"]}]}},"_links":{"self":[{"href":"https:\/\/psoriasiscanada.ca\/fr\/wp-json\/wp\/v2\/pages\/1250","targetHints":{"allow":["GET"]}}],"collection":[{"href":"https:\/\/psoriasiscanada.ca\/fr\/wp-json\/wp\/v2\/pages"}],"about":[{"href":"https:\/\/psoriasiscanada.ca\/fr\/wp-json\/wp\/v2\/types\/page"}],"author":[{"embeddable":true,"href":"https:\/\/psoriasiscanada.ca\/fr\/wp-json\/wp\/v2\/users\/1"}],"replies":[{"embeddable":true,"href":"https:\/\/psoriasiscanada.ca\/fr\/wp-json\/wp\/v2\/comments?post=1250"}],"version-history":[{"count":1,"href":"https:\/\/psoriasiscanada.ca\/fr\/wp-json\/wp\/v2\/pages\/1250\/revisions"}],"predecessor-version":[{"id":1251,"href":"https:\/\/psoriasiscanada.ca\/fr\/wp-json\/wp\/v2\/pages\/1250\/revisions\/1251"}],"up":[{"embeddable":true,"href":"https:\/\/psoriasiscanada.ca\/fr\/wp-json\/wp\/v2\/pages\/1244"}],"wp:attachment":[{"href":"https:\/\/psoriasiscanada.ca\/fr\/wp-json\/wp\/v2\/media?parent=1250"}],"curies":[{"name":"wp","href":"https:\/\/api.w.org\/{rel}","templated":true}]}}