{"id":1244,"date":"2025-12-05T05:03:55","date_gmt":"2025-12-05T05:03:55","guid":{"rendered":"https:\/\/psocan.marketaccess.ca\/a-propos-du-psoriasis\/"},"modified":"2026-02-17T15:56:23","modified_gmt":"2026-02-17T15:56:23","slug":"a-propos-du-psoriasis","status":"publish","type":"page","link":"https:\/\/psoriasiscanada.ca\/fr\/a-propos-du-psoriasis\/","title":{"rendered":"\u00c0 propos du psoriasis"},"content":{"rendered":"\t\t<div data-elementor-type=\"wp-page\" data-elementor-id=\"1244\" class=\"elementor elementor-1244 elementor-345\" data-elementor-post-type=\"page\">\n\t\t\t\t<div class=\"elementor-element elementor-element-1fd397aa e-flex e-con-boxed e-con e-parent\" data-id=\"1fd397aa\" data-element_type=\"container\" data-e-type=\"container\">\n\t\t\t\t\t<div class=\"e-con-inner\">\n\t\t\t\t<div class=\"elementor-element elementor-element-6b3b430 elementor-widget elementor-widget-heading\" data-id=\"6b3b430\" data-element_type=\"widget\" data-e-type=\"widget\" data-widget_type=\"heading.default\">\n\t\t\t\t\t<h2 class=\"elementor-heading-title elementor-size-default\">Qu\u2019est-ce que le psoriasis?<\/h2>\t\t\t\t<\/div>\n\t\t\t\t<div class=\"elementor-element elementor-element-8389ff5 elementor-widget elementor-widget-text-editor\" data-id=\"8389ff5\" data-element_type=\"widget\" data-e-type=\"widget\" data-widget_type=\"text-editor.default\">\n\t\t\t\t\t\t\t\t\t<p>Le psoriasis est une maladie inflammatoire chronique qui se manifeste dans la peau, les articulations et d\u2019autres organes sous forme d\u2019affections associ\u00e9es. C\u2019est plus qu\u2019une simple maladie de la peau. On pense qu\u2019il s\u2019agit d\u2019une maladie inflammatoire chronique avec une composante auto-immune. Il existe cinq formes principales de psoriasis&nbsp;: en plaques, en gouttes, pustuleux (g\u00e9n\u00e9ralis\u00e9 et localis\u00e9), invers\u00e9 et \u00e9rythrodermique. La plupart des personnes atteintes de psoriasis souffriront d\u2019un seul type, mais certaines peuvent \u00eatre touch\u00e9es par plus d\u2019un \u00e0 la fois, ou \u00e0 diff\u00e9rents stades de leur vie. \u00catre inform\u00e9 sur le psoriasis et mieux conna\u00eetre ses effets sur les personnes qui en sont atteintes permettra une meilleure gestion de la maladie et de meilleurs r\u00e9sultats th\u00e9rapeutiques. Le psoriasis n\u2019est PAS contagieux. Ce n\u2019est pas une maladie infectieuse.<\/p>\t\t\t\t\t\t\t\t<\/div>\n\t\t\t\t\t<\/div>\n\t\t\t\t<\/div>\n\t\t<div class=\"elementor-element elementor-element-ae80c26 e-flex e-con-boxed e-con e-parent\" data-id=\"ae80c26\" data-element_type=\"container\" data-e-type=\"container\" data-settings=\"{&quot;background_background&quot;:&quot;classic&quot;}\">\n\t\t\t\t\t<div class=\"e-con-inner\">\n\t\t<div class=\"elementor-element elementor-element-3147139 e-con-full e-flex e-con e-child\" data-id=\"3147139\" data-element_type=\"container\" data-e-type=\"container\" data-settings=\"{&quot;background_background&quot;:&quot;classic&quot;}\">\n\t\t\t\t<div class=\"elementor-element elementor-element-31ce04f elementor-widget elementor-widget-heading\" data-id=\"31ce04f\" data-element_type=\"widget\" data-e-type=\"widget\" data-widget_type=\"heading.default\">\n\t\t\t\t\t<h3 class=\"elementor-heading-title elementor-size-default\">Faits saillants<\/h3>\t\t\t\t<\/div>\n\t\t\t\t<div class=\"elementor-element elementor-element-5489b53 elementor-widget elementor-widget-text-editor\" data-id=\"5489b53\" data-element_type=\"widget\" data-e-type=\"widget\" data-widget_type=\"text-editor.default\">\n\t\t\t\t\t\t\t\t\t<p>On estime que le psoriasis touche de 1 \u00e0 3&nbsp;% de la population canadienne. Le psoriasis n\u2019est PAS contagieux. Il ne peut \u00eatre transmis d\u2019une personne \u00e0 une autre d\u2019aucune fa\u00e7on. La plupart des cas de psoriasis peuvent \u00eatre contr\u00f4l\u00e9s, et la plupart des personnes atteintes de psoriasis peuvent mener une vie normale. Pour certains, le psoriasis peut grandement affecter leur qualit\u00e9 de vie et peut souvent \u00eatre \u00e9motionnellement invalidant. Le psoriasis peut se d\u00e9velopper \u00e0 tout \u00e2ge, bien qu\u2019il soit g\u00e9n\u00e9ralement observ\u00e9 chez les adultes. La majorit\u00e9 des personnes pr\u00e9sentent des sympt\u00f4mes entre 15 et 35&nbsp;ans. Les personnes de toutes races et de tous sexes peuvent \u00eatre atteintes de psoriasis. Bien qu\u2019il n\u2019existe aucun rem\u00e8de contre le psoriasis, il existe une grande vari\u00e9t\u00e9 d\u2019options de traitement pour contr\u00f4ler la maladie et pr\u00e9venir les pouss\u00e9es.<\/p>\t\t\t\t\t\t\t\t<\/div>\n\t\t\t\t<\/div>\n\t\t\t\t\t<\/div>\n\t\t\t\t<\/div>\n\t\t\t\t<\/div>\n\t\t","protected":false},"excerpt":{"rendered":"<p>Qu\u2019est-ce que le psoriasis? Le psoriasis est une maladie inflammatoire chronique qui se manifeste dans la peau, les articulations et d\u2019autres organes sous forme d\u2019affections associ\u00e9es. C\u2019est plus qu\u2019une simple maladie de la peau. On pense qu\u2019il s\u2019agit d\u2019une maladie inflammatoire chronique avec une composante auto-immune. Il existe cinq formes principales de psoriasis&nbsp;: en plaques, [&hellip;]<\/p>\n","protected":false},"author":3,"featured_media":0,"parent":0,"menu_order":0,"comment_status":"closed","ping_status":"closed","template":"","meta":{"website_toolbox_forum_postUrl":"","website_toolbox_forum_category":"","website_toolbox_publish_on_forum":"","footnotes":""},"class_list":["post-1244","page","type-page","status-publish","hentry"],"yoast_head":"<!-- This site is optimized with the Yoast SEO plugin v27.4 - https:\/\/yoast.com\/product\/yoast-seo-wordpress\/ -->\n<title>\u00c0 propos du psoriasis - Psoriasis Canada<\/title>\n<meta name=\"robots\" content=\"index, follow, max-snippet:-1, max-image-preview:large, max-video-preview:-1\" \/>\n<link rel=\"canonical\" href=\"https:\/\/psoriasiscanada.ca\/fr\/a-propos-du-psoriasis\/\" \/>\n<meta property=\"og:locale\" content=\"fr_FR\" \/>\n<meta property=\"og:type\" content=\"article\" \/>\n<meta property=\"og:title\" content=\"\u00c0 propos du psoriasis - Psoriasis Canada\" \/>\n<meta property=\"og:description\" content=\"Qu\u2019est-ce que le psoriasis? Le psoriasis est une maladie inflammatoire chronique qui se manifeste dans la peau, les articulations et d\u2019autres organes sous forme d\u2019affections associ\u00e9es. C\u2019est plus qu\u2019une simple maladie de la peau. On pense qu\u2019il s\u2019agit d\u2019une maladie inflammatoire chronique avec une composante auto-immune. Il existe cinq formes principales de psoriasis&nbsp;: en plaques, [&hellip;]\" \/>\n<meta property=\"og:url\" content=\"https:\/\/psoriasiscanada.ca\/fr\/a-propos-du-psoriasis\/\" \/>\n<meta property=\"og:site_name\" content=\"Psoriasis Canada\" \/>\n<meta property=\"article:publisher\" content=\"https:\/\/www.facebook.com\/PsoriasisCan1\" \/>\n<meta property=\"article:modified_time\" content=\"2026-02-17T15:56:23+00:00\" \/>\n<meta name=\"twitter:card\" content=\"summary_large_image\" \/>\n<meta name=\"twitter:label1\" content=\"Dur\u00e9e de lecture estim\u00e9e\" \/>\n\t<meta name=\"twitter:data1\" content=\"2 minutes\" \/>\n<script type=\"application\/ld+json\" class=\"yoast-schema-graph\">{\"@context\":\"https:\\\/\\\/schema.org\",\"@graph\":[{\"@type\":\"WebPage\",\"@id\":\"https:\\\/\\\/psoriasiscanada.ca\\\/fr\\\/a-propos-du-psoriasis\\\/\",\"url\":\"https:\\\/\\\/psoriasiscanada.ca\\\/fr\\\/a-propos-du-psoriasis\\\/\",\"name\":\"\u00c0 propos du psoriasis - Psoriasis Canada\",\"isPartOf\":{\"@id\":\"https:\\\/\\\/psoriasiscanada.ca\\\/#website\"},\"datePublished\":\"2025-12-05T05:03:55+00:00\",\"dateModified\":\"2026-02-17T15:56:23+00:00\",\"breadcrumb\":{\"@id\":\"https:\\\/\\\/psoriasiscanada.ca\\\/fr\\\/a-propos-du-psoriasis\\\/#breadcrumb\"},\"inLanguage\":\"fr-FR\",\"potentialAction\":[{\"@type\":\"ReadAction\",\"target\":[\"https:\\\/\\\/psoriasiscanada.ca\\\/fr\\\/a-propos-du-psoriasis\\\/\"]}]},{\"@type\":\"BreadcrumbList\",\"@id\":\"https:\\\/\\\/psoriasiscanada.ca\\\/fr\\\/a-propos-du-psoriasis\\\/#breadcrumb\",\"itemListElement\":[{\"@type\":\"ListItem\",\"position\":1,\"name\":\"Home\",\"item\":\"https:\\\/\\\/psoriasiscanada.ca\\\/fr\\\/home\\\/\"},{\"@type\":\"ListItem\",\"position\":2,\"name\":\"\u00c0 propos du psoriasis\"}]},{\"@type\":\"WebSite\",\"@id\":\"https:\\\/\\\/psoriasiscanada.ca\\\/#website\",\"url\":\"https:\\\/\\\/psoriasiscanada.ca\\\/\",\"name\":\"Psoriasis Canada\",\"description\":\"Psoriasis Canada\",\"publisher\":{\"@id\":\"https:\\\/\\\/psoriasiscanada.ca\\\/#organization\"},\"potentialAction\":[{\"@type\":\"SearchAction\",\"target\":{\"@type\":\"EntryPoint\",\"urlTemplate\":\"https:\\\/\\\/psoriasiscanada.ca\\\/?s={search_term_string}\"},\"query-input\":{\"@type\":\"PropertyValueSpecification\",\"valueRequired\":true,\"valueName\":\"search_term_string\"}}],\"inLanguage\":\"fr-FR\"},{\"@type\":\"Organization\",\"@id\":\"https:\\\/\\\/psoriasiscanada.ca\\\/#organization\",\"name\":\"Psoriasis Canada\",\"url\":\"https:\\\/\\\/psoriasiscanada.ca\\\/\",\"logo\":{\"@type\":\"ImageObject\",\"inLanguage\":\"fr-FR\",\"@id\":\"https:\\\/\\\/psoriasiscanada.ca\\\/#\\\/schema\\\/logo\\\/image\\\/\",\"url\":\"https:\\\/\\\/psoriasiscanada.ca\\\/wp-content\\\/uploads\\\/2025\\\/11\\\/logo.png\",\"contentUrl\":\"https:\\\/\\\/psoriasiscanada.ca\\\/wp-content\\\/uploads\\\/2025\\\/11\\\/logo.png\",\"width\":222,\"height\":73,\"caption\":\"Psoriasis Canada\"},\"image\":{\"@id\":\"https:\\\/\\\/psoriasiscanada.ca\\\/#\\\/schema\\\/logo\\\/image\\\/\"},\"sameAs\":[\"https:\\\/\\\/www.facebook.com\\\/PsoriasisCan1\",\"https:\\\/\\\/www.linkedin.com\\\/in\\\/psoriasiscan1\",\"https:\\\/\\\/www.youtube.com\\\/@PsoriasisCan1\"]}]}<\/script>\n<!-- \/ Yoast SEO plugin. -->","yoast_head_json":{"title":"\u00c0 propos du psoriasis - Psoriasis Canada","robots":{"index":"index","follow":"follow","max-snippet":"max-snippet:-1","max-image-preview":"max-image-preview:large","max-video-preview":"max-video-preview:-1"},"canonical":"https:\/\/psoriasiscanada.ca\/fr\/a-propos-du-psoriasis\/","og_locale":"fr_FR","og_type":"article","og_title":"\u00c0 propos du psoriasis - Psoriasis Canada","og_description":"Qu\u2019est-ce que le psoriasis? Le psoriasis est une maladie inflammatoire chronique qui se manifeste dans la peau, les articulations et d\u2019autres organes sous forme d\u2019affections associ\u00e9es. C\u2019est plus qu\u2019une simple maladie de la peau. On pense qu\u2019il s\u2019agit d\u2019une maladie inflammatoire chronique avec une composante auto-immune. Il existe cinq formes principales de psoriasis&nbsp;: en plaques, [&hellip;]","og_url":"https:\/\/psoriasiscanada.ca\/fr\/a-propos-du-psoriasis\/","og_site_name":"Psoriasis Canada","article_publisher":"https:\/\/www.facebook.com\/PsoriasisCan1","article_modified_time":"2026-02-17T15:56:23+00:00","twitter_card":"summary_large_image","twitter_misc":{"Dur\u00e9e de lecture estim\u00e9e":"2 minutes"},"schema":{"@context":"https:\/\/schema.org","@graph":[{"@type":"WebPage","@id":"https:\/\/psoriasiscanada.ca\/fr\/a-propos-du-psoriasis\/","url":"https:\/\/psoriasiscanada.ca\/fr\/a-propos-du-psoriasis\/","name":"\u00c0 propos du psoriasis - Psoriasis Canada","isPartOf":{"@id":"https:\/\/psoriasiscanada.ca\/#website"},"datePublished":"2025-12-05T05:03:55+00:00","dateModified":"2026-02-17T15:56:23+00:00","breadcrumb":{"@id":"https:\/\/psoriasiscanada.ca\/fr\/a-propos-du-psoriasis\/#breadcrumb"},"inLanguage":"fr-FR","potentialAction":[{"@type":"ReadAction","target":["https:\/\/psoriasiscanada.ca\/fr\/a-propos-du-psoriasis\/"]}]},{"@type":"BreadcrumbList","@id":"https:\/\/psoriasiscanada.ca\/fr\/a-propos-du-psoriasis\/#breadcrumb","itemListElement":[{"@type":"ListItem","position":1,"name":"Home","item":"https:\/\/psoriasiscanada.ca\/fr\/home\/"},{"@type":"ListItem","position":2,"name":"\u00c0 propos du psoriasis"}]},{"@type":"WebSite","@id":"https:\/\/psoriasiscanada.ca\/#website","url":"https:\/\/psoriasiscanada.ca\/","name":"Psoriasis Canada","description":"Psoriasis Canada","publisher":{"@id":"https:\/\/psoriasiscanada.ca\/#organization"},"potentialAction":[{"@type":"SearchAction","target":{"@type":"EntryPoint","urlTemplate":"https:\/\/psoriasiscanada.ca\/?s={search_term_string}"},"query-input":{"@type":"PropertyValueSpecification","valueRequired":true,"valueName":"search_term_string"}}],"inLanguage":"fr-FR"},{"@type":"Organization","@id":"https:\/\/psoriasiscanada.ca\/#organization","name":"Psoriasis Canada","url":"https:\/\/psoriasiscanada.ca\/","logo":{"@type":"ImageObject","inLanguage":"fr-FR","@id":"https:\/\/psoriasiscanada.ca\/#\/schema\/logo\/image\/","url":"https:\/\/psoriasiscanada.ca\/wp-content\/uploads\/2025\/11\/logo.png","contentUrl":"https:\/\/psoriasiscanada.ca\/wp-content\/uploads\/2025\/11\/logo.png","width":222,"height":73,"caption":"Psoriasis Canada"},"image":{"@id":"https:\/\/psoriasiscanada.ca\/#\/schema\/logo\/image\/"},"sameAs":["https:\/\/www.facebook.com\/PsoriasisCan1","https:\/\/www.linkedin.com\/in\/psoriasiscan1","https:\/\/www.youtube.com\/@PsoriasisCan1"]}]}},"_links":{"self":[{"href":"https:\/\/psoriasiscanada.ca\/fr\/wp-json\/wp\/v2\/pages\/1244","targetHints":{"allow":["GET"]}}],"collection":[{"href":"https:\/\/psoriasiscanada.ca\/fr\/wp-json\/wp\/v2\/pages"}],"about":[{"href":"https:\/\/psoriasiscanada.ca\/fr\/wp-json\/wp\/v2\/types\/page"}],"author":[{"embeddable":true,"href":"https:\/\/psoriasiscanada.ca\/fr\/wp-json\/wp\/v2\/users\/3"}],"replies":[{"embeddable":true,"href":"https:\/\/psoriasiscanada.ca\/fr\/wp-json\/wp\/v2\/comments?post=1244"}],"version-history":[{"count":4,"href":"https:\/\/psoriasiscanada.ca\/fr\/wp-json\/wp\/v2\/pages\/1244\/revisions"}],"predecessor-version":[{"id":1648,"href":"https:\/\/psoriasiscanada.ca\/fr\/wp-json\/wp\/v2\/pages\/1244\/revisions\/1648"}],"wp:attachment":[{"href":"https:\/\/psoriasiscanada.ca\/fr\/wp-json\/wp\/v2\/media?parent=1244"}],"curies":[{"name":"wp","href":"https:\/\/api.w.org\/{rel}","templated":true}]}}